{"id":6367,"date":"2020-03-23T11:02:20","date_gmt":"2020-03-23T10:02:20","guid":{"rendered":"https:\/\/pergola-agava.si\/cookie\/"},"modified":"2020-03-30T17:57:09","modified_gmt":"2020-03-30T15:57:09","slug":"cookie","status":"publish","type":"page","link":"https:\/\/pergola-agava.si\/it\/cookie\/","title":{"rendered":"Cookie"},"content":{"rendered":"\t\t<div data-elementor-type=\"wp-post\" data-elementor-id=\"6367\" class=\"elementor elementor-6367 elementor-3503\" data-elementor-settings=\"[]\">\n\t\t\t<div class=\"elementor-inner\">\n\t\t\t\t<div class=\"elementor-section-wrap\">\n\t\t\t\t\t\t\t<section class=\"elementor-element elementor-element-3396ed6 elementor-section-boxed elementor-section-height-default elementor-section-height-default elementor-section elementor-top-section\" data-id=\"3396ed6\" data-element_type=\"section\">\n\t\t\t\t\t\t<div class=\"elementor-container elementor-column-gap-default\">\n\t\t\t\t<div class=\"elementor-row\">\n\t\t\t\t<div class=\"elementor-element elementor-element-3e92e2f elementor-column elementor-col-100 elementor-top-column\" data-id=\"3e92e2f\" data-element_type=\"column\">\n\t\t\t<div class=\"elementor-column-wrap  elementor-element-populated\">\n\t\t\t\t\t<div class=\"elementor-widget-wrap\">\n\t\t\t\t<div class=\"elementor-element elementor-element-f9a303e elementor-widget elementor-widget-spacer\" data-id=\"f9a303e\" data-element_type=\"widget\" data-widget_type=\"spacer.default\">\n\t\t\t\t<div class=\"elementor-widget-container\">\n\t\t\t\t\t<div class=\"elementor-spacer\">\n\t\t\t<div class=\"elementor-spacer-inner\"><\/div>\n\t\t<\/div>\n\t\t\t\t<\/div>\n\t\t\t\t<\/div>\n\t\t\t\t\t\t<\/div>\n\t\t\t<\/div>\n\t\t<\/div>\n\t\t\t\t\t\t<\/div>\n\t\t\t<\/div>\n\t\t<\/section>\n\t\t\t\t<section class=\"elementor-element elementor-element-5be44e84 elementor-section-boxed elementor-section-height-default elementor-section-height-default elementor-section elementor-top-section\" data-id=\"5be44e84\" data-element_type=\"section\">\n\t\t\t\t\t\t<div class=\"elementor-container elementor-column-gap-default\">\n\t\t\t\t<div class=\"elementor-row\">\n\t\t\t\t<div class=\"elementor-element elementor-element-92ad2f elementor-column elementor-col-100 elementor-top-column\" data-id=\"92ad2f\" data-element_type=\"column\">\n\t\t\t<div class=\"elementor-column-wrap  elementor-element-populated\">\n\t\t\t\t\t<div class=\"elementor-widget-wrap\">\n\t\t\t\t<div class=\"elementor-element elementor-element-5ab72374 elementor-widget elementor-widget-text-editor\" data-id=\"5ab72374\" data-element_type=\"widget\" data-widget_type=\"text-editor.default\">\n\t\t\t\t<div class=\"elementor-widget-container\">\n\t\t\t\t\t<div class=\"elementor-text-editor elementor-clearfix\"><h4>Cosa sono i cookie?<\/h4>\n<p>I cookie sono piccoli file di testo che la maggior parte dei siti memorizza sui dispositivi con i quali gli utenti accedono a internet, al fine di identificare i singoli dispositivi utilizzati dagli utenti per accedere. La loro memorizzazione \u00e8 sotto il pieno controllo del browser utilizzato dall\u2019utente, il quale se lo desidera pu\u00f2 limitare o disabilitare la memorizzazione dei cookie.<\/p>\n<h4>Perch\u00e9 sono necessari i cookie?<\/h4>\n<p>I cookie sono essenziali per fornire servizi web pi\u00f9 facili da utilizzare. Le funzionalit\u00e0 di e-commerce pi\u00f9 comuni non sarebbero possibili senza i cookie. Con l\u2019aiuto dei cookie, l\u2019interazione tra l\u2019utente e il sito web \u00e8 pi\u00f9 semplice e veloce. Grazie ai cookie il sito web ricorda le preferenze e le esperienze dell\u2019utente, consentendo di risparmiare tempo e rendere la navigazione sul web pi\u00f9 efficiente e piacevole. I cookie vengono utilizzati dalla maggior parte dei siti web; sono uno strumento conveniente per mantenere i contenuti aggiornati e pertinenti, coerenti con gli interessi e le preferenze di ciascun utente. Esistono diversi motivi per utilizzare i cookie: il primo \u00e8 sicuramente la loro capacit\u00e0 di memorizzare informazioni sullo stato di ciascun sito web (dettagli sulle personalizzazioni di ciascun sito), aiutare nell&#8217;implementazione di vari servizi online (negozi online); aiutano nella raccolta di diverse statistiche sulle abitudini dell&#8217;utente &#8211; solo con i cookie \u00e8 possibile monitorare la frequenza delle visite a un determinato sito. Le aziende possono utilizzare i cookie per valutare l&#8217;efficacia delle loro pagine web, nonch\u00e9 la pertinenza del tipo e del numero di annunci che offrono agli utenti sulle loro pagine.<\/p>\n<p>Comunque \u00e8 sempre possibile decidere di accettare o rifiutare i cookie. La maggior parte dei browser web accetta automaticamente i cookie. \u00c8 possibile modificare le impostazioni in modo che il computer rifiuti i cookie o invii un avviso prima del salvataggio del cookie.<\/p>\n<h4>Impostazioni dei cookie nei browser<\/h4>\n<p>Per informazioni sulle impostazioni dei cookie fare clic sul nome del vostro browser:<\/p>\n<p>\n<a href=\"https:\/\/support.mozilla.org\/sl\/kb\/kako-omogocite-onemogocite-piskotke?redirectlocale=sl&amp;redirectslug=Kako+aktivirate+in+deaktivirate+pi%C5%A1kote\">Firefox<\/a><br \/>\n<br \/>\n<a href=\"https:\/\/support.google.com\/chrome\/answer\/95647?hl=sl-sl&amp;p=cpn_cookies\">Chrome<\/a><br \/>\n<br \/>\n<a href=\"https:\/\/support.microsoft.com\/sl-si\/help\/17442\/windows-internet-explorer-delete-manage-cookies\">Internet Explorer<\/a><br \/>\n<br \/>\n<a href=\"https:\/\/www.opera.com\/help\/tutorials\/security\/privacy\/\">Opera<\/a><br \/>\n<br \/>\n<a href=\"https:\/\/support.apple.com\/en-us\/HT201265\">Safari<\/a><\/p>\n<h4>Utilizzo dei cookie sul nostro sito<\/h4>\n<p>Il nostro sito utilizza i cookie per aiutarci a differenziare e contare il numero di visitatori, esclusivamente per finalit\u00e0 aziendali, migliorando cos\u00ec le prestazioni del sito. A tal scopo utilizziamo i pi\u00f9 diffusi strumenti di Google Analytics.<\/p>\n<p>Il nostro sito utilizza anche cookie che garantiscono una migliore esperienza utente, dato che ricordano i dati inseriti nei moduli web e il vostro consenso all&#8217;uso dei cookie. I dati raccolti tramite i cookie non verranno condivisi con terzi.<\/p>\n<\/div>\n\t\t\t\t<\/div>\n\t\t\t\t<\/div>\n\t\t\t\t<div class=\"elementor-element elementor-element-1e6e4f11 elementor-widget elementor-widget-spacer\" data-id=\"1e6e4f11\" data-element_type=\"widget\" data-widget_type=\"spacer.default\">\n\t\t\t\t<div class=\"elementor-widget-container\">\n\t\t\t\t\t<div class=\"elementor-spacer\">\n\t\t\t<div class=\"elementor-spacer-inner\"><\/div>\n\t\t<\/div>\n\t\t\t\t<\/div>\n\t\t\t\t<\/div>\n\t\t\t\t\t\t<\/div>\n\t\t\t<\/div>\n\t\t<\/div>\n\t\t\t\t\t\t<\/div>\n\t\t\t<\/div>\n\t\t<\/section>\n\t\t\t\t<section class=\"elementor-element elementor-element-4e9f2b73 elementor-section-boxed elementor-section-height-default elementor-section-height-default elementor-section elementor-top-section\" data-id=\"4e9f2b73\" data-element_type=\"section\">\n\t\t\t\t\t\t<div class=\"elementor-container elementor-column-gap-default\">\n\t\t\t\t<div class=\"elementor-row\">\n\t\t\t\t<div class=\"elementor-element elementor-element-2074cd71 elementor-column elementor-col-100 elementor-top-column\" data-id=\"2074cd71\" data-element_type=\"column\">\n\t\t\t<div class=\"elementor-column-wrap\">\n\t\t\t\t\t<div class=\"elementor-widget-wrap\">\n\t\t\t\t\t\t<\/div>\n\t\t\t<\/div>\n\t\t<\/div>\n\t\t\t\t\t\t<\/div>\n\t\t\t<\/div>\n\t\t<\/section>\n\t\t\t\t<section class=\"elementor-element elementor-element-35cb21a elementor-section-boxed elementor-section-height-default elementor-section-height-default elementor-section elementor-top-section\" data-id=\"35cb21a\" data-element_type=\"section\">\n\t\t\t\t\t\t<div class=\"elementor-container elementor-column-gap-default\">\n\t\t\t\t<div class=\"elementor-row\">\n\t\t\t\t<div class=\"elementor-element elementor-element-d2a6e21 elementor-column elementor-col-100 elementor-top-column\" data-id=\"d2a6e21\" data-element_type=\"column\">\n\t\t\t<div class=\"elementor-column-wrap  elementor-element-populated\">\n\t\t\t\t\t<div class=\"elementor-widget-wrap\">\n\t\t\t\t<div class=\"elementor-element elementor-element-e849c01 elementor-widget elementor-widget-spacer\" data-id=\"e849c01\" data-element_type=\"widget\" data-widget_type=\"spacer.default\">\n\t\t\t\t<div class=\"elementor-widget-container\">\n\t\t\t\t\t<div class=\"elementor-spacer\">\n\t\t\t<div class=\"elementor-spacer-inner\"><\/div>\n\t\t<\/div>\n\t\t\t\t<\/div>\n\t\t\t\t<\/div>\n\t\t\t\t\t\t<\/div>\n\t\t\t<\/div>\n\t\t<\/div>\n\t\t\t\t\t\t<\/div>\n\t\t\t<\/div>\n\t\t<\/section>\n\t\t\t\t\t\t<\/div>\n\t\t\t<\/div>\n\t\t<\/div>\n\t\t","protected":false},"excerpt":{"rendered":"<p>Cosa sono i cookie? I cookie sono piccoli file di testo che la maggior parte dei siti memorizza sui dispositivi con i quali gli utenti accedono a internet, al fine di identificare i singoli dispositivi utilizzati dagli utenti per accedere. La loro memorizzazione \u00e8 sotto il pieno controllo del browser utilizzato dall\u2019utente, il quale se [&hellip;]<\/p>\n","protected":false},"author":1,"featured_media":0,"parent":0,"menu_order":0,"comment_status":"closed","ping_status":"closed","template":"","meta":{"content-type":"","inline_featured_image":false},"yoast_head":"<!-- This site is optimized with the Yoast SEO plugin v21.6 - https:\/\/yoast.com\/wordpress\/plugins\/seo\/ -->\n<title>Cookie - Bioklimatska pergola Agava<\/title>\n<meta name=\"description\" content=\"Cosa sono i cookie? I cookie sono piccoli file di testo che la maggior parte dei siti memorizza sui dispositivi con i quali gli utenti accedono a\" \/>\n<meta name=\"robots\" content=\"index, follow, max-snippet:-1, max-image-preview:large, max-video-preview:-1\" \/>\n<link rel=\"canonical\" href=\"https:\/\/pergola-agava.si\/it\/cookie\/\" \/>\n<meta property=\"og:locale\" content=\"it_IT\" \/>\n<meta property=\"og:type\" content=\"article\" \/>\n<meta property=\"og:title\" content=\"Cookie - Bioklimatska pergola Agava\" \/>\n<meta property=\"og:description\" content=\"Cosa sono i cookie? I cookie sono piccoli file di testo che la maggior parte dei siti memorizza sui dispositivi con i quali gli utenti accedono a\" \/>\n<meta property=\"og:url\" content=\"https:\/\/pergola-agava.si\/it\/cookie\/\" \/>\n<meta property=\"og:site_name\" content=\"Bioklimatska pergola Agava\" \/>\n<meta property=\"article:modified_time\" content=\"2020-03-30T15:57:09+00:00\" \/>\n<meta name=\"twitter:card\" content=\"summary_large_image\" \/>\n<meta name=\"twitter:label1\" content=\"Tempo di lettura stimato\" \/>\n\t<meta name=\"twitter:data1\" content=\"2 minuti\" \/>\n<script type=\"application\/ld+json\" class=\"yoast-schema-graph\">{\"@context\":\"https:\/\/schema.org\",\"@graph\":[{\"@type\":\"WebPage\",\"@id\":\"https:\/\/pergola-agava.si\/it\/cookie\/\",\"url\":\"https:\/\/pergola-agava.si\/it\/cookie\/\",\"name\":\"Cookie - Bioklimatska pergola Agava\",\"isPartOf\":{\"@id\":\"https:\/\/pergola-agava.si\/it\/#website\"},\"datePublished\":\"2020-03-23T10:02:20+00:00\",\"dateModified\":\"2020-03-30T15:57:09+00:00\",\"description\":\"Cosa sono i cookie? I cookie sono piccoli file di testo che la maggior parte dei siti memorizza sui dispositivi con i quali gli utenti accedono a\",\"breadcrumb\":{\"@id\":\"https:\/\/pergola-agava.si\/it\/cookie\/#breadcrumb\"},\"inLanguage\":\"it-IT\",\"potentialAction\":[{\"@type\":\"ReadAction\",\"target\":[\"https:\/\/pergola-agava.si\/it\/cookie\/\"]}]},{\"@type\":\"BreadcrumbList\",\"@id\":\"https:\/\/pergola-agava.si\/it\/cookie\/#breadcrumb\",\"itemListElement\":[{\"@type\":\"ListItem\",\"position\":1,\"name\":\"Home\",\"item\":\"https:\/\/pergola-agava.si\/it\/\"},{\"@type\":\"ListItem\",\"position\":2,\"name\":\"Cookie\"}]},{\"@type\":\"WebSite\",\"@id\":\"https:\/\/pergola-agava.si\/it\/#website\",\"url\":\"https:\/\/pergola-agava.si\/it\/\",\"name\":\"Bioklimatska pergola Agava\",\"description\":\"\",\"potentialAction\":[{\"@type\":\"SearchAction\",\"target\":{\"@type\":\"EntryPoint\",\"urlTemplate\":\"https:\/\/pergola-agava.si\/it\/?s={search_term_string}\"},\"query-input\":\"required name=search_term_string\"}],\"inLanguage\":\"it-IT\"}]}<\/script>\n<!-- \/ Yoast SEO plugin. -->","yoast_head_json":{"title":"Cookie - Bioklimatska pergola Agava","description":"Cosa sono i cookie? I cookie sono piccoli file di testo che la maggior parte dei siti memorizza sui dispositivi con i quali gli utenti accedono a","robots":{"index":"index","follow":"follow","max-snippet":"max-snippet:-1","max-image-preview":"max-image-preview:large","max-video-preview":"max-video-preview:-1"},"canonical":"https:\/\/pergola-agava.si\/it\/cookie\/","og_locale":"it_IT","og_type":"article","og_title":"Cookie - Bioklimatska pergola Agava","og_description":"Cosa sono i cookie? I cookie sono piccoli file di testo che la maggior parte dei siti memorizza sui dispositivi con i quali gli utenti accedono a","og_url":"https:\/\/pergola-agava.si\/it\/cookie\/","og_site_name":"Bioklimatska pergola Agava","article_modified_time":"2020-03-30T15:57:09+00:00","twitter_card":"summary_large_image","twitter_misc":{"Tempo di lettura stimato":"2 minuti"},"schema":{"@context":"https:\/\/schema.org","@graph":[{"@type":"WebPage","@id":"https:\/\/pergola-agava.si\/it\/cookie\/","url":"https:\/\/pergola-agava.si\/it\/cookie\/","name":"Cookie - Bioklimatska pergola Agava","isPartOf":{"@id":"https:\/\/pergola-agava.si\/it\/#website"},"datePublished":"2020-03-23T10:02:20+00:00","dateModified":"2020-03-30T15:57:09+00:00","description":"Cosa sono i cookie? I cookie sono piccoli file di testo che la maggior parte dei siti memorizza sui dispositivi con i quali gli utenti accedono a","breadcrumb":{"@id":"https:\/\/pergola-agava.si\/it\/cookie\/#breadcrumb"},"inLanguage":"it-IT","potentialAction":[{"@type":"ReadAction","target":["https:\/\/pergola-agava.si\/it\/cookie\/"]}]},{"@type":"BreadcrumbList","@id":"https:\/\/pergola-agava.si\/it\/cookie\/#breadcrumb","itemListElement":[{"@type":"ListItem","position":1,"name":"Home","item":"https:\/\/pergola-agava.si\/it\/"},{"@type":"ListItem","position":2,"name":"Cookie"}]},{"@type":"WebSite","@id":"https:\/\/pergola-agava.si\/it\/#website","url":"https:\/\/pergola-agava.si\/it\/","name":"Bioklimatska pergola Agava","description":"","potentialAction":[{"@type":"SearchAction","target":{"@type":"EntryPoint","urlTemplate":"https:\/\/pergola-agava.si\/it\/?s={search_term_string}"},"query-input":"required name=search_term_string"}],"inLanguage":"it-IT"}]}},"_links":{"self":[{"href":"https:\/\/pergola-agava.si\/it\/wp-json\/wp\/v2\/pages\/6367"}],"collection":[{"href":"https:\/\/pergola-agava.si\/it\/wp-json\/wp\/v2\/pages"}],"about":[{"href":"https:\/\/pergola-agava.si\/it\/wp-json\/wp\/v2\/types\/page"}],"author":[{"embeddable":true,"href":"https:\/\/pergola-agava.si\/it\/wp-json\/wp\/v2\/users\/1"}],"replies":[{"embeddable":true,"href":"https:\/\/pergola-agava.si\/it\/wp-json\/wp\/v2\/comments?post=6367"}],"version-history":[{"count":2,"href":"https:\/\/pergola-agava.si\/it\/wp-json\/wp\/v2\/pages\/6367\/revisions"}],"predecessor-version":[{"id":6914,"href":"https:\/\/pergola-agava.si\/it\/wp-json\/wp\/v2\/pages\/6367\/revisions\/6914"}],"wp:attachment":[{"href":"https:\/\/pergola-agava.si\/it\/wp-json\/wp\/v2\/media?parent=6367"}],"curies":[{"name":"wp","href":"https:\/\/api.w.org\/{rel}","templated":true}]}}