{"id":6293,"date":"2020-03-23T10:52:37","date_gmt":"2020-03-23T09:52:37","guid":{"rendered":"https:\/\/pergola-agava.si\/protezione-dei-dati-personali\/"},"modified":"2020-07-24T13:57:57","modified_gmt":"2020-07-24T11:57:57","slug":"protezione-dei-dati-personali","status":"publish","type":"page","link":"https:\/\/pergola-agava.si\/it\/protezione-dei-dati-personali\/","title":{"rendered":"Protezione dei dati personali"},"content":{"rendered":"\r\n<p>Proprietario e gestore del sito www.pergola-agava.si:<br \/>SOLTEC d.o.o., Obrtna 9, 8257 DOBOVA <br \/>Rappresentante legale:\u00a0Miroslav Po\u017ear<\/p>\r\n\r\n\r\n\r\n<h4 class=\"wp-block-heading\">1. Utilizzo, livello e finalit\u00e0 della conservazione e del trattamento<\/h4>\r\n\r\n\r\n\r\n<p>Conserviamo e trattiamo i dati personali per mantenere i contatti con i clienti, per finalit\u00e0 di email marketing, la promozione delle vendite, la profilazione dei clienti con l&#8217;obiettivo di offrire contenuti e prodotti personalizzati per email e sui siti web. Allo scopo di inviare avvisi per telefono o tramite email conserviamo i seguenti dati: <br \/>&#8211; indirizzo email, <br \/>&#8211; nome, <br \/>&#8211; cognome, <br \/>&#8211; numero di telefono.<\/p>\r\n\r\n\r\n\r\n<p>Raccogliamo dati personali con il consenso esplicito ovvero con il consenso personale. I consensi vengono conservati insieme ai loro contenuti e ai contenuti del modulo con il quale sono stati ottenuti. I dati personali raccolti vengono utilizzati dai seguenti reparti: vendite, marketing.<\/p>\r\n\r\n\r\n\r\n<h4 class=\"wp-block-heading\">2. Conservazione<\/h4>\r\n\r\n\r\n\r\n<p>I dati personali raccolti vengono conservati nel territorio della Repubblica di Slovenia.<\/p>\r\n\r\n\r\n\r\n<h4 class=\"wp-block-heading\">3. Periodo di conservazione<\/h4>\r\n\r\n\r\n\r\n<p>Conserviamo i dati personali raccolti fino a revoca del consenso dell&#8217;interessato alla conservazione e al trattamento dei dati. In caso di revoca del consenso da parte dell\u2019interessato, i suoi dati personali vengono immediatamente eliminati in modo permanente.<\/p>\r\n\r\n\r\n\r\n<h4 class=\"wp-block-heading\">4. Come proteggiamo i dati personali raccolti<\/h4>\r\n\r\n\r\n\r\n<p>Forniamo sempre e soltanto contenuti e informazioni, e non richiediamo mai il numero di carta di credito o altri dati che potrebbero essere utilizzati impropriamente da criminali informatici. Il sito www.pergola-agava.si \u00e8 ospitato in un server sicuro ed \u00e8 soggetto a regolari controlli di sicurezza.<\/p>\r\n\r\n\r\n\r\n<p>Utilizziamo i dati personali raccolti esclusivamente per gli scopi sopra indicati, non li commercializziamo n\u00e9 li divulghiamo a terzi che non siano i partner con cui collaboriamo per la manutenzione del sito, e che sono tenuti alla protezione dei dati personali alle stesse condizioni vigenti per Soltec d.o.o.<\/p>\r\n\r\n\r\n\r\n<p>In casi eccezionali possiamo, ai sensi di legge, fornire i vostri dati personali alle autorit\u00e0 nazionali e di sicurezza, a condizione che queste inviino una richiesta formale relativa alla consegna dei dati personali.<\/p>\r\n\r\n\r\n\r\n<h4 class=\"wp-block-heading\">5. Diritti personali<\/h4>\r\n\r\n\r\n\r\n<p>Chiunque pu\u00f2 in qualsiasi momento, per quanto riguarda i suoi dati, richiedere quanto segue: <br \/>&#8211; visualizzazione, <br \/>&#8211; correzione, <br \/>&#8211; cancellazione totale, <br \/>&#8211; trasferimento a un altro fornitore di servizi simili, <br \/>&#8211; interruzione del trattamento e della conservazione ovvero revoca del consenso per il trattamento e la conservazione, senza che venga inficiata la liceit\u00e0 del trattamento effettuato fino alla revoca del consenso. <br \/><br \/>La richiesta pu\u00f2 essere inviata via email a info@soltec.si o per iscritto tramite posta ordinaria alla sede dell\u2019azienda.<\/p>\r\n\r\n\r\n\r\n<p>Chiunque, qualora ritenga che da parte nostra sia stato violato un suo diritto in materia di protezione dei dati personali, pu\u00f2 in qualsiasi momento presentare un reclamo all&#8217;autorit\u00e0 di controllo &#8211; Commissario responsabile per l&#8217;informazione nella Repubblica di Slovenia:\u2028Republika Slovenija, Informacijski poobla\u0161\u010denec, Zalo\u0161ka 59, 1000 Lubiana, https:\/\/www.ip-rs.si<\/p>\r\n\r\n\r\n\r\n<p>Il team di pergola-agava.si rispetta la vostra privacy in conformit\u00e0 con la legge (Legge sulla protezione dei dati personali ZVOP-1, Gazzetta Ufficiale della Repubblica di Slovenia n. 94\/07 e GDPR), per cui su www.pergola-agava.si vengono effettuate tutte le attivit\u00e0 volte a proteggere e a gestire eticamente i vostri dati personali.\u2028<\/p>\r\n","protected":false},"excerpt":{"rendered":"<p>Proprietario e gestore del sito www.pergola-agava.si:SOLTEC d.o.o., Obrtna 9, 8257 DOBOVA Rappresentante legale:\u00a0Miroslav Po\u017ear 1. Utilizzo, livello e finalit\u00e0 della conservazione e del trattamento Conserviamo e trattiamo i dati personali per mantenere i contatti con i clienti, per finalit\u00e0 di email marketing, la promozione delle vendite, la profilazione dei clienti con l&#8217;obiettivo di offrire contenuti [&hellip;]<\/p>\n","protected":false},"author":1,"featured_media":0,"parent":0,"menu_order":0,"comment_status":"closed","ping_status":"closed","template":"","meta":{"content-type":"","inline_featured_image":false},"yoast_head":"<!-- This site is optimized with the Yoast SEO plugin v21.6 - https:\/\/yoast.com\/wordpress\/plugins\/seo\/ -->\n<title>Protezione dei dati personali - Bioklimatska pergola Agava<\/title>\n<meta name=\"description\" content=\"Proprietario e gestore del sito www.pergola-agava.si:SOLTEC d.o.o., Obrtna 9, 8257 DOBOVA Rappresentante legale:\u00a0Miroslav Po\u017ear 1. Utilizzo, livello e\" \/>\n<meta name=\"robots\" content=\"index, follow, max-snippet:-1, max-image-preview:large, max-video-preview:-1\" \/>\n<link rel=\"canonical\" href=\"https:\/\/pergola-agava.si\/it\/protezione-dei-dati-personali\/\" \/>\n<meta property=\"og:locale\" content=\"it_IT\" \/>\n<meta property=\"og:type\" content=\"article\" \/>\n<meta property=\"og:title\" content=\"Protezione dei dati personali - Bioklimatska pergola Agava\" \/>\n<meta property=\"og:description\" content=\"Proprietario e gestore del sito www.pergola-agava.si:SOLTEC d.o.o., Obrtna 9, 8257 DOBOVA Rappresentante legale:\u00a0Miroslav Po\u017ear 1. Utilizzo, livello e\" \/>\n<meta property=\"og:url\" content=\"https:\/\/pergola-agava.si\/it\/protezione-dei-dati-personali\/\" \/>\n<meta property=\"og:site_name\" content=\"Bioklimatska pergola Agava\" \/>\n<meta property=\"article:modified_time\" content=\"2020-07-24T11:57:57+00:00\" \/>\n<meta name=\"twitter:card\" content=\"summary_large_image\" \/>\n<meta name=\"twitter:label1\" content=\"Tempo di lettura stimato\" \/>\n\t<meta name=\"twitter:data1\" content=\"3 minuti\" \/>\n<script type=\"application\/ld+json\" class=\"yoast-schema-graph\">{\"@context\":\"https:\/\/schema.org\",\"@graph\":[{\"@type\":\"WebPage\",\"@id\":\"https:\/\/pergola-agava.si\/it\/protezione-dei-dati-personali\/\",\"url\":\"https:\/\/pergola-agava.si\/it\/protezione-dei-dati-personali\/\",\"name\":\"Protezione dei dati personali - Bioklimatska pergola Agava\",\"isPartOf\":{\"@id\":\"https:\/\/pergola-agava.si\/it\/#website\"},\"datePublished\":\"2020-03-23T09:52:37+00:00\",\"dateModified\":\"2020-07-24T11:57:57+00:00\",\"description\":\"Proprietario e gestore del sito www.pergola-agava.si:SOLTEC d.o.o., Obrtna 9, 8257 DOBOVA Rappresentante legale:\u00a0Miroslav Po\u017ear 1. Utilizzo, livello e\",\"breadcrumb\":{\"@id\":\"https:\/\/pergola-agava.si\/it\/protezione-dei-dati-personali\/#breadcrumb\"},\"inLanguage\":\"it-IT\",\"potentialAction\":[{\"@type\":\"ReadAction\",\"target\":[\"https:\/\/pergola-agava.si\/it\/protezione-dei-dati-personali\/\"]}]},{\"@type\":\"BreadcrumbList\",\"@id\":\"https:\/\/pergola-agava.si\/it\/protezione-dei-dati-personali\/#breadcrumb\",\"itemListElement\":[{\"@type\":\"ListItem\",\"position\":1,\"name\":\"Home\",\"item\":\"https:\/\/pergola-agava.si\/it\/\"},{\"@type\":\"ListItem\",\"position\":2,\"name\":\"Protezione dei dati personali\"}]},{\"@type\":\"WebSite\",\"@id\":\"https:\/\/pergola-agava.si\/it\/#website\",\"url\":\"https:\/\/pergola-agava.si\/it\/\",\"name\":\"Bioklimatska pergola Agava\",\"description\":\"\",\"potentialAction\":[{\"@type\":\"SearchAction\",\"target\":{\"@type\":\"EntryPoint\",\"urlTemplate\":\"https:\/\/pergola-agava.si\/it\/?s={search_term_string}\"},\"query-input\":\"required name=search_term_string\"}],\"inLanguage\":\"it-IT\"}]}<\/script>\n<!-- \/ Yoast SEO plugin. -->","yoast_head_json":{"title":"Protezione dei dati personali - Bioklimatska pergola Agava","description":"Proprietario e gestore del sito www.pergola-agava.si:SOLTEC d.o.o., Obrtna 9, 8257 DOBOVA Rappresentante legale:\u00a0Miroslav Po\u017ear 1. Utilizzo, livello e","robots":{"index":"index","follow":"follow","max-snippet":"max-snippet:-1","max-image-preview":"max-image-preview:large","max-video-preview":"max-video-preview:-1"},"canonical":"https:\/\/pergola-agava.si\/it\/protezione-dei-dati-personali\/","og_locale":"it_IT","og_type":"article","og_title":"Protezione dei dati personali - Bioklimatska pergola Agava","og_description":"Proprietario e gestore del sito www.pergola-agava.si:SOLTEC d.o.o., Obrtna 9, 8257 DOBOVA Rappresentante legale:\u00a0Miroslav Po\u017ear 1. Utilizzo, livello e","og_url":"https:\/\/pergola-agava.si\/it\/protezione-dei-dati-personali\/","og_site_name":"Bioklimatska pergola Agava","article_modified_time":"2020-07-24T11:57:57+00:00","twitter_card":"summary_large_image","twitter_misc":{"Tempo di lettura stimato":"3 minuti"},"schema":{"@context":"https:\/\/schema.org","@graph":[{"@type":"WebPage","@id":"https:\/\/pergola-agava.si\/it\/protezione-dei-dati-personali\/","url":"https:\/\/pergola-agava.si\/it\/protezione-dei-dati-personali\/","name":"Protezione dei dati personali - Bioklimatska pergola Agava","isPartOf":{"@id":"https:\/\/pergola-agava.si\/it\/#website"},"datePublished":"2020-03-23T09:52:37+00:00","dateModified":"2020-07-24T11:57:57+00:00","description":"Proprietario e gestore del sito www.pergola-agava.si:SOLTEC d.o.o., Obrtna 9, 8257 DOBOVA Rappresentante legale:\u00a0Miroslav Po\u017ear 1. Utilizzo, livello e","breadcrumb":{"@id":"https:\/\/pergola-agava.si\/it\/protezione-dei-dati-personali\/#breadcrumb"},"inLanguage":"it-IT","potentialAction":[{"@type":"ReadAction","target":["https:\/\/pergola-agava.si\/it\/protezione-dei-dati-personali\/"]}]},{"@type":"BreadcrumbList","@id":"https:\/\/pergola-agava.si\/it\/protezione-dei-dati-personali\/#breadcrumb","itemListElement":[{"@type":"ListItem","position":1,"name":"Home","item":"https:\/\/pergola-agava.si\/it\/"},{"@type":"ListItem","position":2,"name":"Protezione dei dati personali"}]},{"@type":"WebSite","@id":"https:\/\/pergola-agava.si\/it\/#website","url":"https:\/\/pergola-agava.si\/it\/","name":"Bioklimatska pergola Agava","description":"","potentialAction":[{"@type":"SearchAction","target":{"@type":"EntryPoint","urlTemplate":"https:\/\/pergola-agava.si\/it\/?s={search_term_string}"},"query-input":"required name=search_term_string"}],"inLanguage":"it-IT"}]}},"_links":{"self":[{"href":"https:\/\/pergola-agava.si\/it\/wp-json\/wp\/v2\/pages\/6293"}],"collection":[{"href":"https:\/\/pergola-agava.si\/it\/wp-json\/wp\/v2\/pages"}],"about":[{"href":"https:\/\/pergola-agava.si\/it\/wp-json\/wp\/v2\/types\/page"}],"author":[{"embeddable":true,"href":"https:\/\/pergola-agava.si\/it\/wp-json\/wp\/v2\/users\/1"}],"replies":[{"embeddable":true,"href":"https:\/\/pergola-agava.si\/it\/wp-json\/wp\/v2\/comments?post=6293"}],"version-history":[{"count":6,"href":"https:\/\/pergola-agava.si\/it\/wp-json\/wp\/v2\/pages\/6293\/revisions"}],"predecessor-version":[{"id":9027,"href":"https:\/\/pergola-agava.si\/it\/wp-json\/wp\/v2\/pages\/6293\/revisions\/9027"}],"wp:attachment":[{"href":"https:\/\/pergola-agava.si\/it\/wp-json\/wp\/v2\/media?parent=6293"}],"curies":[{"name":"wp","href":"https:\/\/api.w.org\/{rel}","templated":true}]}}