{"id":5914,"date":"2020-03-22T08:42:47","date_gmt":"2020-03-22T07:42:47","guid":{"rendered":"https:\/\/pergola-agava.si\/cookie\/"},"modified":"2020-03-25T22:37:42","modified_gmt":"2020-03-25T21:37:42","slug":"cookie","status":"publish","type":"page","link":"https:\/\/pergola-agava.si\/hr\/cookie\/","title":{"rendered":"O kola\u010di\u0107ima"},"content":{"rendered":"\t\t<div data-elementor-type=\"wp-post\" data-elementor-id=\"5914\" class=\"elementor elementor-5914 elementor-3503\" data-elementor-settings=\"[]\">\n\t\t\t<div class=\"elementor-inner\">\n\t\t\t\t<div class=\"elementor-section-wrap\">\n\t\t\t\t\t\t\t<section class=\"elementor-element elementor-element-3396ed6 elementor-section-boxed elementor-section-height-default elementor-section-height-default elementor-section elementor-top-section\" data-id=\"3396ed6\" data-element_type=\"section\">\n\t\t\t\t\t\t<div class=\"elementor-container elementor-column-gap-default\">\n\t\t\t\t<div class=\"elementor-row\">\n\t\t\t\t<div class=\"elementor-element elementor-element-3e92e2f elementor-column elementor-col-100 elementor-top-column\" data-id=\"3e92e2f\" data-element_type=\"column\">\n\t\t\t<div class=\"elementor-column-wrap  elementor-element-populated\">\n\t\t\t\t\t<div class=\"elementor-widget-wrap\">\n\t\t\t\t<div class=\"elementor-element elementor-element-f9a303e elementor-widget elementor-widget-spacer\" data-id=\"f9a303e\" data-element_type=\"widget\" data-widget_type=\"spacer.default\">\n\t\t\t\t<div class=\"elementor-widget-container\">\n\t\t\t\t\t<div class=\"elementor-spacer\">\n\t\t\t<div class=\"elementor-spacer-inner\"><\/div>\n\t\t<\/div>\n\t\t\t\t<\/div>\n\t\t\t\t<\/div>\n\t\t\t\t\t\t<\/div>\n\t\t\t<\/div>\n\t\t<\/div>\n\t\t\t\t\t\t<\/div>\n\t\t\t<\/div>\n\t\t<\/section>\n\t\t\t\t<section class=\"elementor-element elementor-element-5be44e84 elementor-section-boxed elementor-section-height-default elementor-section-height-default elementor-section elementor-top-section\" data-id=\"5be44e84\" data-element_type=\"section\">\n\t\t\t\t\t\t<div class=\"elementor-container elementor-column-gap-default\">\n\t\t\t\t<div class=\"elementor-row\">\n\t\t\t\t<div class=\"elementor-element elementor-element-92ad2f elementor-column elementor-col-100 elementor-top-column\" data-id=\"92ad2f\" data-element_type=\"column\">\n\t\t\t<div class=\"elementor-column-wrap  elementor-element-populated\">\n\t\t\t\t\t<div class=\"elementor-widget-wrap\">\n\t\t\t\t<div class=\"elementor-element elementor-element-5ab72374 elementor-widget elementor-widget-text-editor\" data-id=\"5ab72374\" data-element_type=\"widget\" data-widget_type=\"text-editor.default\">\n\t\t\t\t<div class=\"elementor-widget-container\">\n\t\t\t\t\t<div class=\"elementor-text-editor elementor-clearfix\"><h4>\u0160to su kola\u010di\u0107i?<\/h4>\n<p>Kola\u010di\u0107i su male tekstualne datoteke koje ve\u0107ina mre\u017enih mjesta sprema na ure\u0111aje korisnika kojima pristupaju internetu radi prepoznavanja pojedina\u010dnih ure\u0111aja koje su korisnici upotrijebili prilikom pristupa. Njihovo spremanje pod potpunim je nadzorom pretra\u017eiva\u010da korisnika \u2013 on po \u017eelji mo\u017ee ograni\u010diti ili onemogu\u0107iti spremanje kola\u010di\u0107a.<\/p>\n<h4>Za\u0161to su potrebni kola\u010di\u0107i?<\/h4>\n<p>Kola\u010di\u0107i su od temeljne va\u017enosti za osiguravanje intuitivnih mre\u017enih usluga za korisnike. Naj\u010de\u0161\u0107e funkcije e-poslovanja ne bi bile mogu\u0107e bez kola\u010di\u0107a. Interakcija izme\u0111u korisnika interneta i mre\u017ene stranice uz kola\u010di\u0107e je br\u017ea i jednostavnija. Uz njihovu pomo\u0107, mre\u017ena stranica pamti preferencije i iskustva osobe, \u010dime se \u0161tedi vrijeme, a pretra\u017eivanje mre\u017enih stranica time postaje u\u010dinkovitije i ugodnije. Kola\u010di\u0107e upotrebljava ve\u0107ina mre\u017enih stranica i oni su prakti\u010dno sredstvo za o\u010duvanje svje\u017eeg i prikladnog sadr\u017eaja koji je u skladu s interesima i preferencijama pojedinog korisnika interneta. Razloga za uporabu kola\u010di\u0107a ima vi\u0161e, a prvi je bez dvojbe njihovo svojstvo \u010duvanja kola\u010di\u0107a o stanju pojedinih mre\u017enih stranica (pojedinosti prilago\u0111avanja odre\u0111ene mre\u017ene stranice), a poma\u017eu i u pru\u017eanju raznih mre\u017enih usluga (mre\u017ene trgovine) te u odabiru raznih statistika i informacija o navikama mre\u017enih korisnika, jer se samo putem njih mo\u017ee pratiti u\u010destalost posje\u0107ivanja odre\u0111ene mre\u017ene stranice. Pomo\u0107u kola\u010di\u0107a tvrtke mogu ocijeniti u\u010dinkovitost koncepta svojih mre\u017enih stranica, kao i prikladnost vrste i broja oglasa koje nude svojim korisnicima na mre\u017enim stranicama.<\/p>\n<p>Kola\u010di\u0107e uvijek mo\u017eete prihvatiti ili odbiti. Ve\u0107ina mre\u017enih pretra\u017eiva\u010da automatski prihva\u0107a kola\u010di\u0107e, \u0161to mo\u017eete promijeniti u postavkama tako da ih ra\u010dunalo odbije ili da se prika\u017ee upozorenje prije nego \u0161to se kola\u010di\u0107 spremi.<\/p>\n<h4>Postavke kola\u010di\u0107a u pretra\u017eiva\u010dima<\/h4>\n<p>Za informacije o postavkama kola\u010di\u0107a kliknite na naziv svojeg pretra\u017eiva\u010da:<\/p>\n<p>\n<a href=\"https:\/\/support.mozilla.org\/sl\/kb\/kako-omogocite-onemogocite-piskotke?redirectlocale=sl&amp;redirectslug=Kako+aktivirate+in+deaktivirate+pi%C5%A1kote\">Firefox<\/a><br \/>\n<br \/>\n<a href=\"https:\/\/support.google.com\/chrome\/answer\/95647?hl=sl-sl&amp;p=cpn_cookies\">Chrome<\/a><br \/>\n<br \/>\n<a href=\"https:\/\/support.microsoft.com\/sl-si\/help\/17442\/windows-internet-explorer-delete-manage-cookies\">Internet Explorer<\/a><br \/>\n<br \/>\n<a href=\"https:\/\/www.opera.com\/help\/tutorials\/security\/privacy\/\">Opera<\/a><br \/>\n<br \/>\n<a href=\"https:\/\/support.apple.com\/en-us\/HT201265\">Safari<\/a><\/p>\n<h4>Uporaba kola\u010di\u0107a na na\u0161oj mre\u017enoj stranici<\/h4>\n<p>Na\u0161a mre\u017ena stranica upotrebljava kola\u010di\u0107e kako bi mogla isklju\u010divo za svoje potrebe razlikovati posjetitelje i prebrojavati ih te time pobolj\u0161avati rad stranice. U tu svrhu naj\u010de\u0161\u0107e se upotrebljava alat Google Analytics.<\/p>\n<p>Na\u0161a mre\u017ena stranica upotrebljava i kola\u010di\u0107e koji vam osiguravaju bolje korisni\u010dko iskustvo time \u0161to pamte podatke unesene u mre\u017ene obrasce i va\u0161u suglasnost s uporabom kola\u010di\u0107a. Podatke prikupljene pomo\u0107u kola\u010di\u0107a ne\u0107emo proslje\u0111ivati tre\u0107im osobama.<\/p>\n<\/div>\n\t\t\t\t<\/div>\n\t\t\t\t<\/div>\n\t\t\t\t<div class=\"elementor-element elementor-element-1e6e4f11 elementor-widget elementor-widget-spacer\" data-id=\"1e6e4f11\" data-element_type=\"widget\" data-widget_type=\"spacer.default\">\n\t\t\t\t<div class=\"elementor-widget-container\">\n\t\t\t\t\t<div class=\"elementor-spacer\">\n\t\t\t<div class=\"elementor-spacer-inner\"><\/div>\n\t\t<\/div>\n\t\t\t\t<\/div>\n\t\t\t\t<\/div>\n\t\t\t\t\t\t<\/div>\n\t\t\t<\/div>\n\t\t<\/div>\n\t\t\t\t\t\t<\/div>\n\t\t\t<\/div>\n\t\t<\/section>\n\t\t\t\t<section class=\"elementor-element elementor-element-4e9f2b73 elementor-section-boxed elementor-section-height-default elementor-section-height-default elementor-section elementor-top-section\" data-id=\"4e9f2b73\" data-element_type=\"section\">\n\t\t\t\t\t\t<div class=\"elementor-container elementor-column-gap-default\">\n\t\t\t\t<div class=\"elementor-row\">\n\t\t\t\t<div class=\"elementor-element elementor-element-2074cd71 elementor-column elementor-col-100 elementor-top-column\" data-id=\"2074cd71\" data-element_type=\"column\">\n\t\t\t<div class=\"elementor-column-wrap\">\n\t\t\t\t\t<div class=\"elementor-widget-wrap\">\n\t\t\t\t\t\t<\/div>\n\t\t\t<\/div>\n\t\t<\/div>\n\t\t\t\t\t\t<\/div>\n\t\t\t<\/div>\n\t\t<\/section>\n\t\t\t\t<section class=\"elementor-element elementor-element-35cb21a elementor-section-boxed elementor-section-height-default elementor-section-height-default elementor-section elementor-top-section\" data-id=\"35cb21a\" data-element_type=\"section\">\n\t\t\t\t\t\t<div class=\"elementor-container elementor-column-gap-default\">\n\t\t\t\t<div class=\"elementor-row\">\n\t\t\t\t<div class=\"elementor-element elementor-element-d2a6e21 elementor-column elementor-col-100 elementor-top-column\" data-id=\"d2a6e21\" data-element_type=\"column\">\n\t\t\t<div class=\"elementor-column-wrap  elementor-element-populated\">\n\t\t\t\t\t<div class=\"elementor-widget-wrap\">\n\t\t\t\t<div class=\"elementor-element elementor-element-e849c01 elementor-widget elementor-widget-spacer\" data-id=\"e849c01\" data-element_type=\"widget\" data-widget_type=\"spacer.default\">\n\t\t\t\t<div class=\"elementor-widget-container\">\n\t\t\t\t\t<div class=\"elementor-spacer\">\n\t\t\t<div class=\"elementor-spacer-inner\"><\/div>\n\t\t<\/div>\n\t\t\t\t<\/div>\n\t\t\t\t<\/div>\n\t\t\t\t\t\t<\/div>\n\t\t\t<\/div>\n\t\t<\/div>\n\t\t\t\t\t\t<\/div>\n\t\t\t<\/div>\n\t\t<\/section>\n\t\t\t\t\t\t<\/div>\n\t\t\t<\/div>\n\t\t<\/div>\n\t\t","protected":false},"excerpt":{"rendered":"<p>\u0160to su kola\u010di\u0107i? Kola\u010di\u0107i su male tekstualne datoteke koje ve\u0107ina mre\u017enih mjesta sprema na ure\u0111aje korisnika kojima pristupaju internetu radi prepoznavanja pojedina\u010dnih ure\u0111aja koje su korisnici upotrijebili prilikom pristupa. Njihovo spremanje pod potpunim je nadzorom pretra\u017eiva\u010da korisnika \u2013 on po \u017eelji mo\u017ee ograni\u010diti ili onemogu\u0107iti spremanje kola\u010di\u0107a. Za\u0161to su potrebni kola\u010di\u0107i? Kola\u010di\u0107i su od temeljne [&hellip;]<\/p>\n","protected":false},"author":1,"featured_media":0,"parent":0,"menu_order":0,"comment_status":"closed","ping_status":"closed","template":"","meta":{"content-type":"","inline_featured_image":false},"yoast_head":"<!-- This site is optimized with the Yoast SEO plugin v21.6 - https:\/\/yoast.com\/wordpress\/plugins\/seo\/ -->\n<title>O kola\u010di\u0107ima - Bioklimatska pergola Agava<\/title>\n<meta name=\"description\" content=\"\u0160to su kola\u010di\u0107i? Kola\u010di\u0107i su male tekstualne datoteke koje ve\u0107ina mre\u017enih mjesta sprema na ure\u0111aje korisnika kojima pristupaju internetu radi\" \/>\n<meta name=\"robots\" content=\"index, follow, max-snippet:-1, max-image-preview:large, max-video-preview:-1\" \/>\n<link rel=\"canonical\" href=\"https:\/\/pergola-agava.si\/hr\/cookie\/\" \/>\n<meta property=\"og:locale\" content=\"hr_HR\" \/>\n<meta property=\"og:type\" content=\"article\" \/>\n<meta property=\"og:title\" content=\"O kola\u010di\u0107ima - Bioklimatska pergola Agava\" \/>\n<meta property=\"og:description\" content=\"\u0160to su kola\u010di\u0107i? Kola\u010di\u0107i su male tekstualne datoteke koje ve\u0107ina mre\u017enih mjesta sprema na ure\u0111aje korisnika kojima pristupaju internetu radi\" \/>\n<meta property=\"og:url\" content=\"https:\/\/pergola-agava.si\/hr\/cookie\/\" \/>\n<meta property=\"og:site_name\" content=\"Bioklimatska pergola Agava\" \/>\n<meta property=\"article:modified_time\" content=\"2020-03-25T21:37:42+00:00\" \/>\n<meta name=\"twitter:card\" content=\"summary_large_image\" \/>\n<meta name=\"twitter:label1\" content=\"Est. reading time\" \/>\n\t<meta name=\"twitter:data1\" content=\"2 minutes\" \/>\n<script type=\"application\/ld+json\" class=\"yoast-schema-graph\">{\"@context\":\"https:\/\/schema.org\",\"@graph\":[{\"@type\":\"WebPage\",\"@id\":\"https:\/\/pergola-agava.si\/hr\/cookie\/\",\"url\":\"https:\/\/pergola-agava.si\/hr\/cookie\/\",\"name\":\"O kola\u010di\u0107ima - Bioklimatska pergola Agava\",\"isPartOf\":{\"@id\":\"https:\/\/pergola-agava.si\/hr\/#website\"},\"datePublished\":\"2020-03-22T07:42:47+00:00\",\"dateModified\":\"2020-03-25T21:37:42+00:00\",\"description\":\"\u0160to su kola\u010di\u0107i? Kola\u010di\u0107i su male tekstualne datoteke koje ve\u0107ina mre\u017enih mjesta sprema na ure\u0111aje korisnika kojima pristupaju internetu radi\",\"breadcrumb\":{\"@id\":\"https:\/\/pergola-agava.si\/hr\/cookie\/#breadcrumb\"},\"inLanguage\":\"hr-HR\",\"potentialAction\":[{\"@type\":\"ReadAction\",\"target\":[\"https:\/\/pergola-agava.si\/hr\/cookie\/\"]}]},{\"@type\":\"BreadcrumbList\",\"@id\":\"https:\/\/pergola-agava.si\/hr\/cookie\/#breadcrumb\",\"itemListElement\":[{\"@type\":\"ListItem\",\"position\":1,\"name\":\"Home\",\"item\":\"https:\/\/pergola-agava.si\/hr\/\"},{\"@type\":\"ListItem\",\"position\":2,\"name\":\"O kola\u010di\u0107ima\"}]},{\"@type\":\"WebSite\",\"@id\":\"https:\/\/pergola-agava.si\/hr\/#website\",\"url\":\"https:\/\/pergola-agava.si\/hr\/\",\"name\":\"Bioklimatska pergola Agava\",\"description\":\"\",\"potentialAction\":[{\"@type\":\"SearchAction\",\"target\":{\"@type\":\"EntryPoint\",\"urlTemplate\":\"https:\/\/pergola-agava.si\/hr\/?s={search_term_string}\"},\"query-input\":\"required name=search_term_string\"}],\"inLanguage\":\"hr-HR\"}]}<\/script>\n<!-- \/ Yoast SEO plugin. -->","yoast_head_json":{"title":"O kola\u010di\u0107ima - Bioklimatska pergola Agava","description":"\u0160to su kola\u010di\u0107i? Kola\u010di\u0107i su male tekstualne datoteke koje ve\u0107ina mre\u017enih mjesta sprema na ure\u0111aje korisnika kojima pristupaju internetu radi","robots":{"index":"index","follow":"follow","max-snippet":"max-snippet:-1","max-image-preview":"max-image-preview:large","max-video-preview":"max-video-preview:-1"},"canonical":"https:\/\/pergola-agava.si\/hr\/cookie\/","og_locale":"hr_HR","og_type":"article","og_title":"O kola\u010di\u0107ima - Bioklimatska pergola Agava","og_description":"\u0160to su kola\u010di\u0107i? Kola\u010di\u0107i su male tekstualne datoteke koje ve\u0107ina mre\u017enih mjesta sprema na ure\u0111aje korisnika kojima pristupaju internetu radi","og_url":"https:\/\/pergola-agava.si\/hr\/cookie\/","og_site_name":"Bioklimatska pergola Agava","article_modified_time":"2020-03-25T21:37:42+00:00","twitter_card":"summary_large_image","twitter_misc":{"Est. reading time":"2 minutes"},"schema":{"@context":"https:\/\/schema.org","@graph":[{"@type":"WebPage","@id":"https:\/\/pergola-agava.si\/hr\/cookie\/","url":"https:\/\/pergola-agava.si\/hr\/cookie\/","name":"O kola\u010di\u0107ima - Bioklimatska pergola Agava","isPartOf":{"@id":"https:\/\/pergola-agava.si\/hr\/#website"},"datePublished":"2020-03-22T07:42:47+00:00","dateModified":"2020-03-25T21:37:42+00:00","description":"\u0160to su kola\u010di\u0107i? Kola\u010di\u0107i su male tekstualne datoteke koje ve\u0107ina mre\u017enih mjesta sprema na ure\u0111aje korisnika kojima pristupaju internetu radi","breadcrumb":{"@id":"https:\/\/pergola-agava.si\/hr\/cookie\/#breadcrumb"},"inLanguage":"hr-HR","potentialAction":[{"@type":"ReadAction","target":["https:\/\/pergola-agava.si\/hr\/cookie\/"]}]},{"@type":"BreadcrumbList","@id":"https:\/\/pergola-agava.si\/hr\/cookie\/#breadcrumb","itemListElement":[{"@type":"ListItem","position":1,"name":"Home","item":"https:\/\/pergola-agava.si\/hr\/"},{"@type":"ListItem","position":2,"name":"O kola\u010di\u0107ima"}]},{"@type":"WebSite","@id":"https:\/\/pergola-agava.si\/hr\/#website","url":"https:\/\/pergola-agava.si\/hr\/","name":"Bioklimatska pergola Agava","description":"","potentialAction":[{"@type":"SearchAction","target":{"@type":"EntryPoint","urlTemplate":"https:\/\/pergola-agava.si\/hr\/?s={search_term_string}"},"query-input":"required name=search_term_string"}],"inLanguage":"hr-HR"}]}},"_links":{"self":[{"href":"https:\/\/pergola-agava.si\/hr\/wp-json\/wp\/v2\/pages\/5914"}],"collection":[{"href":"https:\/\/pergola-agava.si\/hr\/wp-json\/wp\/v2\/pages"}],"about":[{"href":"https:\/\/pergola-agava.si\/hr\/wp-json\/wp\/v2\/types\/page"}],"author":[{"embeddable":true,"href":"https:\/\/pergola-agava.si\/hr\/wp-json\/wp\/v2\/users\/1"}],"replies":[{"embeddable":true,"href":"https:\/\/pergola-agava.si\/hr\/wp-json\/wp\/v2\/comments?post=5914"}],"version-history":[{"count":6,"href":"https:\/\/pergola-agava.si\/hr\/wp-json\/wp\/v2\/pages\/5914\/revisions"}],"predecessor-version":[{"id":6460,"href":"https:\/\/pergola-agava.si\/hr\/wp-json\/wp\/v2\/pages\/5914\/revisions\/6460"}],"wp:attachment":[{"href":"https:\/\/pergola-agava.si\/hr\/wp-json\/wp\/v2\/media?parent=5914"}],"curies":[{"name":"wp","href":"https:\/\/api.w.org\/{rel}","templated":true}]}}