{"id":5863,"date":"2020-03-22T08:42:10","date_gmt":"2020-03-22T07:42:10","guid":{"rendered":"https:\/\/pergola-agava.si\/per-i-distributori\/"},"modified":"2020-06-23T17:49:53","modified_gmt":"2020-06-23T15:49:53","slug":"za-distributere","status":"publish","type":"page","link":"https:\/\/pergola-agava.si\/hr\/za-distributere\/","title":{"rendered":"Za distributere"},"content":{"rendered":"\t\t<div data-elementor-type=\"wp-page\" data-elementor-id=\"5863\" class=\"elementor elementor-5863 elementor-3043\" data-elementor-settings=\"[]\">\n\t\t\t<div class=\"elementor-inner\">\n\t\t\t\t<div class=\"elementor-section-wrap\">\n\t\t\t\t\t\t\t<section class=\"elementor-element elementor-element-6689d26 elementor-section-boxed elementor-section-height-default elementor-section-height-default elementor-section elementor-top-section\" data-id=\"6689d26\" data-element_type=\"section\">\n\t\t\t\t\t\t<div class=\"elementor-container elementor-column-gap-default\">\n\t\t\t\t<div class=\"elementor-row\">\n\t\t\t\t<div class=\"elementor-element elementor-element-05db224 elementor-column elementor-col-100 elementor-top-column\" data-id=\"05db224\" data-element_type=\"column\">\n\t\t\t<div class=\"elementor-column-wrap  elementor-element-populated\">\n\t\t\t\t\t<div class=\"elementor-widget-wrap\">\n\t\t\t\t<div class=\"elementor-element elementor-element-896c89d elementor-widget elementor-widget-text-editor\" data-id=\"896c89d\" data-element_type=\"widget\" data-widget_type=\"text-editor.default\">\n\t\t\t\t<div class=\"elementor-widget-container\">\n\t\t\t\t\t<div class=\"elementor-text-editor elementor-clearfix\"><p>Raduje nas \u0161to \u017eelite postati na\u0161 distributer. Osim tehni\u010dkih zna\u010dajki, na\u0161e su odlike i:<\/p>\n<ul>\n<li>raznolikost modela i prilagodljivost kupcima<\/li>\n<li>jednostavan na\u010din naru\u010divanja pomo\u0107u internetskog konfiguratora<\/li>\n<li> jednostavna monta\u017ea standardnih modula pergole<\/li>\n<li>tehni\u010dka podr\u0161ka prilikom naru\u010divanja<\/li>\n<li>tehni\u010dka podr\u0161ka i treninzi monta\u017ee<\/li>\n<\/ul>\n<p>U na\u0161em podru\u010dju za preuzimanje nalaze se cjenici, upute, videozapisi i drugi potrebni dokumenti.<\/p>\n<\/div>\n\t\t\t\t<\/div>\n\t\t\t\t<\/div>\n\t\t\t\t<div class=\"elementor-element elementor-element-5a87b00 elementor-widget elementor-widget-spacer\" data-id=\"5a87b00\" data-element_type=\"widget\" data-widget_type=\"spacer.default\">\n\t\t\t\t<div class=\"elementor-widget-container\">\n\t\t\t\t\t<div class=\"elementor-spacer\">\n\t\t\t<div class=\"elementor-spacer-inner\"><\/div>\n\t\t<\/div>\n\t\t\t\t<\/div>\n\t\t\t\t<\/div>\n\t\t\t\t\t\t<\/div>\n\t\t\t<\/div>\n\t\t<\/div>\n\t\t\t\t\t\t<\/div>\n\t\t\t<\/div>\n\t\t<\/section>\n\t\t\t\t<section class=\"elementor-element elementor-element-7ba4bfe elementor-section-boxed elementor-section-height-default elementor-section-height-default elementor-section elementor-top-section\" data-id=\"7ba4bfe\" data-element_type=\"section\">\n\t\t\t\t\t\t<div class=\"elementor-container elementor-column-gap-default\">\n\t\t\t\t<div class=\"elementor-row\">\n\t\t\t\t<div class=\"elementor-element elementor-element-358499b elementor-column elementor-col-50 elementor-top-column\" data-id=\"358499b\" data-element_type=\"column\">\n\t\t\t<div class=\"elementor-column-wrap  elementor-element-populated\">\n\t\t\t\t\t<div class=\"elementor-widget-wrap\">\n\t\t\t\t<div class=\"elementor-element elementor-element-1c2da33 elementor-widget elementor-widget-heading\" data-id=\"1c2da33\" data-element_type=\"widget\" data-widget_type=\"heading.default\">\n\t\t\t\t<div class=\"elementor-widget-container\">\n\t\t\t<h3 class=\"elementor-heading-title elementor-size-default\"><b>Prijava<\/b> za postoje\u0107e distributere<\/h3>\t\t<\/div>\n\t\t\t\t<\/div>\n\t\t\t\t<div class=\"elementor-element elementor-element-a0ae1ae elementor-widget elementor-widget-spacer\" data-id=\"a0ae1ae\" data-element_type=\"widget\" data-widget_type=\"spacer.default\">\n\t\t\t\t<div class=\"elementor-widget-container\">\n\t\t\t\t\t<div class=\"elementor-spacer\">\n\t\t\t<div class=\"elementor-spacer-inner\"><\/div>\n\t\t<\/div>\n\t\t\t\t<\/div>\n\t\t\t\t<\/div>\n\t\t\t\t<div class=\"elementor-element elementor-element-dedc8af elementor-widget elementor-widget-text-editor\" data-id=\"dedc8af\" data-element_type=\"widget\" data-widget_type=\"text-editor.default\">\n\t\t\t\t<div class=\"elementor-widget-container\">\n\t\t\t\t\t<div class=\"elementor-text-editor elementor-clearfix\"><p><div class=\"swpm-login-widget-form\">\n    <form id=\"swpm-login-form\" name=\"swpm-login-form\" method=\"post\" action=\"\">\n        <div class=\"swpm-login-form-inner\">\n            <div class=\"swpm-username-label\">\n                <label for=\"swpm_user_name\" class=\"swpm-label\">Username or Email<\/label>\n            <\/div>\n            <div class=\"swpm-username-input\">\n                <input type=\"text\" class=\"swpm-text-field swpm-username-field\" id=\"swpm_user_name\" value=\"\" size=\"25\" name=\"swpm_user_name\" \/>\n            <\/div>\n            <div class=\"swpm-password-label\">\n                <label for=\"swpm_password\" class=\"swpm-label\">Password<\/label>\n            <\/div>\n            <div class=\"swpm-password-input\">\n                <input type=\"password\" class=\"swpm-text-field swpm-password-field\" id=\"swpm_password\" value=\"\" size=\"25\" name=\"swpm_password\" \/>\n            <\/div>\n            <div class=\"swpm-remember-me\">\n                <span class=\"swpm-remember-checkbox\"><input type=\"checkbox\" name=\"rememberme\" value=\"checked='checked'\"><\/span>\n                <span class=\"swpm-rember-label\"> Remember Me<\/span>\n            <\/div>\n            \n            <div class=\"swpm-before-login-submit-section\"><\/div>\n            \n            <div class=\"swpm-login-submit\">\n                <input type=\"submit\" class=\"swpm-login-form-submit\" name=\"swpm-login\" value=\"Login\"\/>\n            <\/div>\n            <div class=\"swpm-forgot-pass-link\">\n                <a id=\"forgot_pass\" class=\"swpm-login-form-pw-reset-link\"  href=\"#\">Forgot Password?<\/a>\n            <\/div>\n            <div class=\"swpm-join-us-link\">\n                <a id=\"register\" class=\"swpm-login-form-register-link\" href=\"https:\/\/pergola-agava.si\/za-distributerje\/\">Join Us<\/a>\n            <\/div>\n            <div class=\"swpm-login-action-msg\">\n                <span class=\"swpm-login-widget-action-msg\"><\/span>\n            <\/div>\n        <\/div>\n    <\/form>\n<\/div>\n<\/p>\n<\/div>\n\t\t\t\t<\/div>\n\t\t\t\t<\/div>\n\t\t\t\t\t\t<\/div>\n\t\t\t<\/div>\n\t\t<\/div>\n\t\t\t\t<div class=\"elementor-element elementor-element-b4eab3f elementor-column elementor-col-50 elementor-top-column\" data-id=\"b4eab3f\" data-element_type=\"column\">\n\t\t\t<div class=\"elementor-column-wrap  elementor-element-populated\">\n\t\t\t\t\t<div class=\"elementor-widget-wrap\">\n\t\t\t\t<div class=\"elementor-element elementor-element-086a140 elementor-widget elementor-widget-heading\" data-id=\"086a140\" data-element_type=\"widget\" data-widget_type=\"heading.default\">\n\t\t\t\t<div class=\"elementor-widget-container\">\n\t\t\t<h3 class=\"elementor-heading-title elementor-size-default\"><b>Registracija<\/b> za nove distributere<\/h3>\t\t<\/div>\n\t\t\t\t<\/div>\n\t\t\t\t<div class=\"elementor-element elementor-element-f8391d0 elementor-widget elementor-widget-spacer\" data-id=\"f8391d0\" data-element_type=\"widget\" data-widget_type=\"spacer.default\">\n\t\t\t\t<div class=\"elementor-widget-container\">\n\t\t\t\t\t<div class=\"elementor-spacer\">\n\t\t\t<div class=\"elementor-spacer-inner\"><\/div>\n\t\t<\/div>\n\t\t\t\t<\/div>\n\t\t\t\t<\/div>\n\t\t\t\t<div class=\"elementor-element elementor-element-156efd2 elementor-widget elementor-widget-text-editor\" data-id=\"156efd2\" data-element_type=\"widget\" data-widget_type=\"text-editor.default\">\n\t\t\t\t<div class=\"elementor-widget-container\">\n\t\t\t\t\t<div class=\"elementor-text-editor elementor-clearfix\"><p><div class=\"swpm-registration-widget-form\">\n    <form id=\"swpm-registration-form\" class=\"swpm-validate-form\" name=\"swpm-registration-form\" method=\"post\" action=\"\">\n        <input type =\"hidden\" name=\"level_identifier\" value=\"c81e728d9d4c2f636f067f89cc14862c\" \/>\n        <table>\n            <tr class=\"swpm-registration-username-row\">\n                <td><label for=\"user_name\">Username<\/label><\/td>\n                <td><input type=\"text\" id=\"user_name\" class=\"validate[required,custom[noapostrophe],custom[SWPMUserName],minSize[4],ajax[ajaxUserCall]]\" value=\"\" size=\"50\" name=\"user_name\" \/><\/td>\n            <\/tr>\n            <tr class=\"swpm-registration-email-row\">\n                <td><label for=\"email\">Email<\/label><\/td>\n                <td><input type=\"text\" autocomplete=\"off\" id=\"email\" class=\"validate[required,custom[email],ajax[ajaxEmailCall]]\" value=\"\" size=\"50\" name=\"email\" \/><\/td>\n            <\/tr>\n            <tr class=\"swpm-registration-password-row\">\n                <td><label for=\"password\">Password<\/label><\/td>\n                <td><input type=\"password\" autocomplete=\"off\" id=\"password\" class=\"\" value=\"\" size=\"50\" name=\"password\" \/><\/td>\n            <\/tr>\n            <tr class=\"swpm-registration-password-retype-row\">\n                <td><label for=\"password_re\">Repeat Password<\/label><\/td>\n                <td><input type=\"password\" autocomplete=\"off\" id=\"password_re\" value=\"\" size=\"50\" name=\"password_re\" \/><\/td>\n            <\/tr>\n            <tr class=\"swpm-registration-firstname-row\">\n                <td><label for=\"first_name\">First Name<\/label><\/td>\n                <td><input type=\"text\" id=\"first_name\" class=\"validate[required]\" value=\"\" size=\"50\" name=\"first_name\" \/><\/td>\n            <\/tr>\n            <tr class=\"swpm-registration-lastname-row\">\n                <td><label for=\"last_name\">Last Name<\/label><\/td>\n                <td><input type=\"text\" id=\"last_name\" class=\"validate[required]\" value=\"\" size=\"50\" name=\"last_name\" \/><\/td>\n            <\/tr>\n            <tr class=\"swpm-registration-company-row\">\n                <td><label for=\"company\">Podjetje<\/label><\/td>\n                <td><input type=\"text\" id=\"company\" class=\"validate[required]\" value=\"\" size=\"50\" name=\"company\" \/><\/td>\n            <\/tr>\n            <tr class=\"swpm-registration-phone-row\">\n                <td><label for=\"phone\">Telefonska \u0161tevilka<\/label><\/td>\n                <td><input type=\"text\" id=\"phone\" class=\"validate[required]\" value=\"\" size=\"50\" name=\"phone\" \/><\/td>\n            <\/tr>\n            <tr class=\"swpm-registration-web-row\">\n                <td><label for=\"web\">Dr\u017eava<\/label><\/td>\n                <td><input type=\"text\" id=\"country\" value=\"\" size=\"50\" name=\"web\" \/><\/td>\n            <\/tr>\n            <tr class=\"swpm-registration-web-row\">\n                <td><label for=\"podrocje\">Produkt<\/label><\/td>\n                <td>\n                    <select style='height:80px;' name=\"podrocje\"  id=\"podrocje\" multiple value=\"\">\n                        <option value=\"fizi\u010dne hi\u0161e\">Pergola Agava<\/option>\n                        <option value=\"hoteli\">Carport Agava<\/option>\n                    <\/select>\n                <\/td>\n            <\/tr>\n             <tr class=\"swpm-registration-web-row\">\n                <td><label for=\"web\">Sporo\u010dilo<\/label><\/td>\n                <td><input type=\"text\" id=\"message\" value=\"\" size=\"50\" name=\"message\" \/><\/td>\n            <\/tr>\n            <tr class=\"swpm-registration-membership-level-row\">\n                <td><label for=\"membership_level\">Membership Level<\/label><\/td>\n                <td>\n                    Distributerji<input type=\"hidden\" value=\"2\" size=\"50\" name=\"membership_level\" id=\"membership_level\" \/><input type=\"hidden\" name=\"swpm_level_hash\" value=\"30dd06b43fee8a4226b427ab3ac98ae9\" \/>                <\/td>\n            <\/tr>\n                            <tr>\n                    <td colspan=\"2\" style=\"text-align: center;\">\n                        <label><input type=\"checkbox\" id=\"accept_pt\" name=\"accept_pp\" class=\"validate[required]\" value=\"1\"> I agree to the  <a href=\"https:\/\/pergola-agava.si\/varstvo-osebnih-podatkov\/\" target=\"_blank\">Privacy Policy<\/a><\/label>\n                    <\/td>\n                <\/tr>\n                        <\/table>\n\n        <div class=\"swpm-before-registration-submit-section\" align=\"center\"><\/div>\n\n        <div class=\"swpm-registration-submit-section\" align=\"center\">\n            <input type=\"submit\" value=\"Register\" class=\"swpm-registration-submit\" name=\"swpm_registration_submit\" \/>\n        <\/div>\n\n        <input type=\"hidden\" name=\"action\" value=\"custom_posts\" \/>\n\n    <\/form>\n<\/div>\n<\/p>\n<\/div>\n\t\t\t\t<\/div>\n\t\t\t\t<\/div>\n\t\t\t\t\t\t<\/div>\n\t\t\t<\/div>\n\t\t<\/div>\n\t\t\t\t\t\t<\/div>\n\t\t\t<\/div>\n\t\t<\/section>\n\t\t\t\t\t\t<\/div>\n\t\t\t<\/div>\n\t\t<\/div>\n\t\t","protected":false},"excerpt":{"rendered":"<p>Raduje nas \u0161to \u017eelite postati na\u0161 distributer. Osim tehni\u010dkih zna\u010dajki, na\u0161e su odlike i:<\/p>\n<ul>\n<li>raznolikost modela i prilagodljivost kupcima<\/li>\n<li>jednostavan na\u010din naru\u010divanja pomo\u0107u mre\u017enog konfiguratora<\/li>\n<li>jednostavna monta\u017ea standardnih modula pergole<\/li>\n<li>tehni\u010dka podr\u0161ka prilikom naru\u010divanja<\/li>\n<li>tehni\u010dka podr\u0161ka i treninzi monta\u017ee<\/li>\n<\/ul>\n<p>U na\u0161em podru\u010dju za preuzimanje nalaze se cjenici, upute, videozapisi i drugi potrebni dokumenti.<\/p>\n","protected":false},"author":1,"featured_media":0,"parent":0,"menu_order":0,"comment_status":"closed","ping_status":"closed","template":"","meta":{"content-type":"","inline_featured_image":false},"yoast_head":"<!-- This site is optimized with the Yoast SEO plugin v21.6 - https:\/\/yoast.com\/wordpress\/plugins\/seo\/ -->\n<title>Za distributere - Bioklimatska pergola Agava<\/title>\n<meta name=\"description\" content=\"Drago nam je \u0161to \u017eelite postati na\u0161 prodava\u010d. U na\u0161em podru\u010dju za preuzimanje prona\u0107i \u0107ete cjenike, upute, video zapise i ostale potrebne dokumente.\" \/>\n<meta name=\"robots\" content=\"index, follow, max-snippet:-1, max-image-preview:large, max-video-preview:-1\" \/>\n<link rel=\"canonical\" href=\"https:\/\/pergola-agava.si\/hr\/za-distributere\/\" \/>\n<meta property=\"og:locale\" content=\"hr_HR\" \/>\n<meta property=\"og:type\" content=\"article\" \/>\n<meta property=\"og:title\" content=\"Za distributere - Bioklimatska pergola Agava\" \/>\n<meta property=\"og:description\" content=\"Drago nam je \u0161to \u017eelite postati na\u0161 prodava\u010d. U na\u0161em podru\u010dju za preuzimanje prona\u0107i \u0107ete cjenike, upute, video zapise i ostale potrebne dokumente.\" \/>\n<meta property=\"og:url\" content=\"https:\/\/pergola-agava.si\/hr\/za-distributere\/\" \/>\n<meta property=\"og:site_name\" content=\"Bioklimatska pergola Agava\" \/>\n<meta property=\"article:modified_time\" content=\"2020-06-23T15:49:53+00:00\" \/>\n<meta name=\"twitter:card\" content=\"summary_large_image\" \/>\n<script type=\"application\/ld+json\" class=\"yoast-schema-graph\">{\"@context\":\"https:\/\/schema.org\",\"@graph\":[{\"@type\":\"WebPage\",\"@id\":\"https:\/\/pergola-agava.si\/hr\/za-distributere\/\",\"url\":\"https:\/\/pergola-agava.si\/hr\/za-distributere\/\",\"name\":\"Za distributere - Bioklimatska pergola Agava\",\"isPartOf\":{\"@id\":\"https:\/\/pergola-agava.si\/hr\/#website\"},\"datePublished\":\"2020-03-22T07:42:10+00:00\",\"dateModified\":\"2020-06-23T15:49:53+00:00\",\"description\":\"Drago nam je \u0161to \u017eelite postati na\u0161 prodava\u010d. U na\u0161em podru\u010dju za preuzimanje prona\u0107i \u0107ete cjenike, upute, video zapise i ostale potrebne dokumente.\",\"breadcrumb\":{\"@id\":\"https:\/\/pergola-agava.si\/hr\/za-distributere\/#breadcrumb\"},\"inLanguage\":\"hr-HR\",\"potentialAction\":[{\"@type\":\"ReadAction\",\"target\":[\"https:\/\/pergola-agava.si\/hr\/za-distributere\/\"]}]},{\"@type\":\"BreadcrumbList\",\"@id\":\"https:\/\/pergola-agava.si\/hr\/za-distributere\/#breadcrumb\",\"itemListElement\":[{\"@type\":\"ListItem\",\"position\":1,\"name\":\"Home\",\"item\":\"https:\/\/pergola-agava.si\/hr\/\"},{\"@type\":\"ListItem\",\"position\":2,\"name\":\"Za distributere\"}]},{\"@type\":\"WebSite\",\"@id\":\"https:\/\/pergola-agava.si\/hr\/#website\",\"url\":\"https:\/\/pergola-agava.si\/hr\/\",\"name\":\"Bioklimatska pergola Agava\",\"description\":\"\",\"potentialAction\":[{\"@type\":\"SearchAction\",\"target\":{\"@type\":\"EntryPoint\",\"urlTemplate\":\"https:\/\/pergola-agava.si\/hr\/?s={search_term_string}\"},\"query-input\":\"required name=search_term_string\"}],\"inLanguage\":\"hr-HR\"}]}<\/script>\n<!-- \/ Yoast SEO plugin. -->","yoast_head_json":{"title":"Za distributere - Bioklimatska pergola Agava","description":"Drago nam je \u0161to \u017eelite postati na\u0161 prodava\u010d. U na\u0161em podru\u010dju za preuzimanje prona\u0107i \u0107ete cjenike, upute, video zapise i ostale potrebne dokumente.","robots":{"index":"index","follow":"follow","max-snippet":"max-snippet:-1","max-image-preview":"max-image-preview:large","max-video-preview":"max-video-preview:-1"},"canonical":"https:\/\/pergola-agava.si\/hr\/za-distributere\/","og_locale":"hr_HR","og_type":"article","og_title":"Za distributere - Bioklimatska pergola Agava","og_description":"Drago nam je \u0161to \u017eelite postati na\u0161 prodava\u010d. U na\u0161em podru\u010dju za preuzimanje prona\u0107i \u0107ete cjenike, upute, video zapise i ostale potrebne dokumente.","og_url":"https:\/\/pergola-agava.si\/hr\/za-distributere\/","og_site_name":"Bioklimatska pergola Agava","article_modified_time":"2020-06-23T15:49:53+00:00","twitter_card":"summary_large_image","schema":{"@context":"https:\/\/schema.org","@graph":[{"@type":"WebPage","@id":"https:\/\/pergola-agava.si\/hr\/za-distributere\/","url":"https:\/\/pergola-agava.si\/hr\/za-distributere\/","name":"Za distributere - Bioklimatska pergola Agava","isPartOf":{"@id":"https:\/\/pergola-agava.si\/hr\/#website"},"datePublished":"2020-03-22T07:42:10+00:00","dateModified":"2020-06-23T15:49:53+00:00","description":"Drago nam je \u0161to \u017eelite postati na\u0161 prodava\u010d. U na\u0161em podru\u010dju za preuzimanje prona\u0107i \u0107ete cjenike, upute, video zapise i ostale potrebne dokumente.","breadcrumb":{"@id":"https:\/\/pergola-agava.si\/hr\/za-distributere\/#breadcrumb"},"inLanguage":"hr-HR","potentialAction":[{"@type":"ReadAction","target":["https:\/\/pergola-agava.si\/hr\/za-distributere\/"]}]},{"@type":"BreadcrumbList","@id":"https:\/\/pergola-agava.si\/hr\/za-distributere\/#breadcrumb","itemListElement":[{"@type":"ListItem","position":1,"name":"Home","item":"https:\/\/pergola-agava.si\/hr\/"},{"@type":"ListItem","position":2,"name":"Za distributere"}]},{"@type":"WebSite","@id":"https:\/\/pergola-agava.si\/hr\/#website","url":"https:\/\/pergola-agava.si\/hr\/","name":"Bioklimatska pergola Agava","description":"","potentialAction":[{"@type":"SearchAction","target":{"@type":"EntryPoint","urlTemplate":"https:\/\/pergola-agava.si\/hr\/?s={search_term_string}"},"query-input":"required name=search_term_string"}],"inLanguage":"hr-HR"}]}},"_links":{"self":[{"href":"https:\/\/pergola-agava.si\/hr\/wp-json\/wp\/v2\/pages\/5863"}],"collection":[{"href":"https:\/\/pergola-agava.si\/hr\/wp-json\/wp\/v2\/pages"}],"about":[{"href":"https:\/\/pergola-agava.si\/hr\/wp-json\/wp\/v2\/types\/page"}],"author":[{"embeddable":true,"href":"https:\/\/pergola-agava.si\/hr\/wp-json\/wp\/v2\/users\/1"}],"replies":[{"embeddable":true,"href":"https:\/\/pergola-agava.si\/hr\/wp-json\/wp\/v2\/comments?post=5863"}],"version-history":[{"count":6,"href":"https:\/\/pergola-agava.si\/hr\/wp-json\/wp\/v2\/pages\/5863\/revisions"}],"predecessor-version":[{"id":7384,"href":"https:\/\/pergola-agava.si\/hr\/wp-json\/wp\/v2\/pages\/5863\/revisions\/7384"}],"wp:attachment":[{"href":"https:\/\/pergola-agava.si\/hr\/wp-json\/wp\/v2\/media?parent=5863"}],"curies":[{"name":"wp","href":"https:\/\/api.w.org\/{rel}","templated":true}]}}