{"id":5784,"date":"2020-03-22T08:41:57","date_gmt":"2020-03-22T07:41:57","guid":{"rendered":"https:\/\/pergola-agava.si\/possibilita-lavorative\/"},"modified":"2020-06-23T17:40:32","modified_gmt":"2020-06-23T15:40:32","slug":"slobodna-radna-mjesta","status":"publish","type":"page","link":"https:\/\/pergola-agava.si\/hr\/slobodna-radna-mjesta\/","title":{"rendered":"Zapo\u0161ljavanje"},"content":{"rendered":"\t\t<div data-elementor-type=\"wp-post\" data-elementor-id=\"5784\" class=\"elementor elementor-5784 elementor-3136\" data-elementor-settings=\"[]\">\n\t\t\t<div class=\"elementor-inner\">\n\t\t\t\t<div class=\"elementor-section-wrap\">\n\t\t\t\t\t\t\t<section class=\"elementor-element elementor-element-3396ed6 elementor-section-boxed elementor-section-height-default elementor-section-height-default elementor-section elementor-top-section\" data-id=\"3396ed6\" data-element_type=\"section\">\n\t\t\t\t\t\t<div class=\"elementor-container elementor-column-gap-default\">\n\t\t\t\t<div class=\"elementor-row\">\n\t\t\t\t<div class=\"elementor-element elementor-element-3e92e2f elementor-column elementor-col-100 elementor-top-column\" data-id=\"3e92e2f\" data-element_type=\"column\">\n\t\t\t<div class=\"elementor-column-wrap  elementor-element-populated\">\n\t\t\t\t\t<div class=\"elementor-widget-wrap\">\n\t\t\t\t<div class=\"elementor-element elementor-element-f9a303e elementor-widget elementor-widget-spacer\" data-id=\"f9a303e\" data-element_type=\"widget\" data-widget_type=\"spacer.default\">\n\t\t\t\t<div class=\"elementor-widget-container\">\n\t\t\t\t\t<div class=\"elementor-spacer\">\n\t\t\t<div class=\"elementor-spacer-inner\"><\/div>\n\t\t<\/div>\n\t\t\t\t<\/div>\n\t\t\t\t<\/div>\n\t\t\t\t\t\t<\/div>\n\t\t\t<\/div>\n\t\t<\/div>\n\t\t\t\t\t\t<\/div>\n\t\t\t<\/div>\n\t\t<\/section>\n\t\t\t\t<section class=\"elementor-element elementor-element-5be44e84 elementor-section-boxed elementor-section-height-default elementor-section-height-default elementor-section elementor-top-section\" data-id=\"5be44e84\" data-element_type=\"section\">\n\t\t\t\t\t\t<div class=\"elementor-container elementor-column-gap-default\">\n\t\t\t\t<div class=\"elementor-row\">\n\t\t\t\t<div class=\"elementor-element elementor-element-92ad2f elementor-column elementor-col-100 elementor-top-column\" data-id=\"92ad2f\" data-element_type=\"column\">\n\t\t\t<div class=\"elementor-column-wrap  elementor-element-populated\">\n\t\t\t\t\t<div class=\"elementor-widget-wrap\">\n\t\t\t\t<div class=\"elementor-element elementor-element-5ab72374 elementor-widget elementor-widget-text-editor\" data-id=\"5ab72374\" data-element_type=\"widget\" data-widget_type=\"text-editor.default\">\n\t\t\t\t<div class=\"elementor-widget-container\">\n\t\t\t\t\t<div class=\"elementor-text-editor elementor-clearfix\"><p>Tvrtka Soltec nudi puno prilika za razli\u010dita zanimanja. Cijenimo znanje. Poti\u010demo inovativnost i hrabrost. Brinemo o svojim zaposlenicima. Usmjereni smo u budu\u0107nost.<\/p>\n<\/div>\n\t\t\t\t<\/div>\n\t\t\t\t<\/div>\n\t\t\t\t<div class=\"elementor-element elementor-element-3e4f6b52 aleft elementor-widget elementor-widget-wgl-double-headings\" data-id=\"3e4f6b52\" data-element_type=\"widget\" data-widget_type=\"wgl-double-headings.default\">\n\t\t\t\t<div class=\"elementor-widget-container\">\n\t\t\t<div class=\"wgl-double_heading\">                <h2 class=\"dbl-title_wrapper\"><span class=\"dbl-title dbl-title_1\">Slobodna radna mjesta<\/span>                 <\/h2>        <\/div>\t\t<\/div>\n\t\t\t\t<\/div>\n\t\t\t\t<div class=\"elementor-element elementor-element-593a8bc elementor-widget elementor-widget-text-editor\" data-id=\"593a8bc\" data-element_type=\"widget\" data-widget_type=\"text-editor.default\">\n\t\t\t\t<div class=\"elementor-widget-container\">\n\t\t\t\t\t<div class=\"elementor-text-editor elementor-clearfix\"><p>U svoju ekipu pozivamo osposobljene i zainteresirane pojedince koji u suradni\u010dkom okru\u017eenju \u017eele sukreirati me\u0111unarodnu pri\u010du o tvrtki Soltec na sljede\u0107im radnim mjestima:<\/p>\n<p><strong>PROIZVODNJA<\/strong><\/p>\n<ul>\n<li>Monter \u2013 monta\u017ea bioklimatskih pergola i sustava sjenila<\/li>\n<li>Elektri\u010dar \u2013 sklapanje i monta\u017ea elektroure\u0111aja prilikom izrade bioklimatskih pergola<\/li>\n<\/ul>\n<p>Pozivamo vas da nam se javite e-po\u0161tom na: <a href=\"mailto:sasa.pozar@soltec.si\">sasa.pozar@soltec.si<\/a>.<\/p>\n<\/div>\n\t\t\t\t<\/div>\n\t\t\t\t<\/div>\n\t\t\t\t<div class=\"elementor-element elementor-element-1e6e4f11 elementor-widget elementor-widget-spacer\" data-id=\"1e6e4f11\" data-element_type=\"widget\" data-widget_type=\"spacer.default\">\n\t\t\t\t<div class=\"elementor-widget-container\">\n\t\t\t\t\t<div class=\"elementor-spacer\">\n\t\t\t<div class=\"elementor-spacer-inner\"><\/div>\n\t\t<\/div>\n\t\t\t\t<\/div>\n\t\t\t\t<\/div>\n\t\t\t\t\t\t<\/div>\n\t\t\t<\/div>\n\t\t<\/div>\n\t\t\t\t\t\t<\/div>\n\t\t\t<\/div>\n\t\t<\/section>\n\t\t\t\t<section class=\"elementor-element elementor-element-81f30ce elementor-section-boxed elementor-section-height-default elementor-section-height-default elementor-section elementor-top-section\" data-id=\"81f30ce\" data-element_type=\"section\">\n\t\t\t\t\t\t<div class=\"elementor-container elementor-column-gap-default\">\n\t\t\t\t<div class=\"elementor-row\">\n\t\t\t\t<div class=\"elementor-element elementor-element-ae6009c elementor-column elementor-col-100 elementor-top-column\" data-id=\"ae6009c\" data-element_type=\"column\">\n\t\t\t<div class=\"elementor-column-wrap  elementor-element-populated\">\n\t\t\t\t\t<div class=\"elementor-widget-wrap\">\n\t\t\t\t<div class=\"elementor-element elementor-element-0791b05 elementor-widget elementor-widget-spacer\" data-id=\"0791b05\" data-element_type=\"widget\" data-widget_type=\"spacer.default\">\n\t\t\t\t<div class=\"elementor-widget-container\">\n\t\t\t\t\t<div class=\"elementor-spacer\">\n\t\t\t<div class=\"elementor-spacer-inner\"><\/div>\n\t\t<\/div>\n\t\t\t\t<\/div>\n\t\t\t\t<\/div>\n\t\t\t\t\t\t<\/div>\n\t\t\t<\/div>\n\t\t<\/div>\n\t\t\t\t\t\t<\/div>\n\t\t\t<\/div>\n\t\t<\/section>\n\t\t\t\t\t\t<\/div>\n\t\t\t<\/div>\n\t\t<\/div>\n\t\t","protected":false},"excerpt":{"rendered":"<p>Tvrtka Soltec nudi puno prilika za razli\u010dita zanimanja. Cijenimo znanje. Poti\u010demo inovativnost i hrabrost. Brinemo o svojim zaposlenicima. Usmjereni smo u budu\u0107nost. Slobodna radna mjesta U svoju ekipu pozivamo osposobljene i zainteresirane pojedince koji u suradni\u010dkom okru\u017eenju \u017eele sukreirati me\u0111unarodnu pri\u010du o tvrtki Soltec na sljede\u0107im radnim mjestima: PROIZVODNJA Monter \u2013 monta\u017ea bioklimatskih pergola i [&hellip;]<\/p>\n","protected":false},"author":1,"featured_media":0,"parent":0,"menu_order":0,"comment_status":"closed","ping_status":"closed","template":"","meta":{"content-type":"","inline_featured_image":false},"yoast_head":"<!-- This site is optimized with the Yoast SEO plugin v21.6 - https:\/\/yoast.com\/wordpress\/plugins\/seo\/ -->\n<title>Zapo\u0161ljavanje - Bioklimatska pergola Agava<\/title>\n<meta name=\"description\" content=\"Tvrtka Soltec nudi puno prilika za razli\u010dita zanimanja. Cijenimo znanje. Poti\u010demo inovativnost i hrabrost. Brinemo o svojim zaposlenicima. Usmjereni smo u budu\u0107nost.\" \/>\n<meta name=\"robots\" content=\"index, follow, max-snippet:-1, max-image-preview:large, max-video-preview:-1\" \/>\n<link rel=\"canonical\" href=\"https:\/\/pergola-agava.si\/hr\/slobodna-radna-mjesta\/\" \/>\n<meta property=\"og:locale\" content=\"hr_HR\" \/>\n<meta property=\"og:type\" content=\"article\" \/>\n<meta property=\"og:title\" content=\"Zapo\u0161ljavanje - Bioklimatska pergola Agava\" \/>\n<meta property=\"og:description\" content=\"Tvrtka Soltec nudi puno prilika za razli\u010dita zanimanja. Cijenimo znanje. Poti\u010demo inovativnost i hrabrost. Brinemo o svojim zaposlenicima. Usmjereni smo u budu\u0107nost.\" \/>\n<meta property=\"og:url\" content=\"https:\/\/pergola-agava.si\/hr\/slobodna-radna-mjesta\/\" \/>\n<meta property=\"og:site_name\" content=\"Bioklimatska pergola Agava\" \/>\n<meta property=\"article:modified_time\" content=\"2020-06-23T15:40:32+00:00\" \/>\n<meta name=\"twitter:card\" content=\"summary_large_image\" \/>\n<script type=\"application\/ld+json\" class=\"yoast-schema-graph\">{\"@context\":\"https:\/\/schema.org\",\"@graph\":[{\"@type\":\"WebPage\",\"@id\":\"https:\/\/pergola-agava.si\/hr\/slobodna-radna-mjesta\/\",\"url\":\"https:\/\/pergola-agava.si\/hr\/slobodna-radna-mjesta\/\",\"name\":\"Zapo\u0161ljavanje - Bioklimatska pergola Agava\",\"isPartOf\":{\"@id\":\"https:\/\/pergola-agava.si\/hr\/#website\"},\"datePublished\":\"2020-03-22T07:41:57+00:00\",\"dateModified\":\"2020-06-23T15:40:32+00:00\",\"description\":\"Tvrtka Soltec nudi puno prilika za razli\u010dita zanimanja. Cijenimo znanje. Poti\u010demo inovativnost i hrabrost. Brinemo o svojim zaposlenicima. Usmjereni smo u budu\u0107nost.\",\"breadcrumb\":{\"@id\":\"https:\/\/pergola-agava.si\/hr\/slobodna-radna-mjesta\/#breadcrumb\"},\"inLanguage\":\"hr-HR\",\"potentialAction\":[{\"@type\":\"ReadAction\",\"target\":[\"https:\/\/pergola-agava.si\/hr\/slobodna-radna-mjesta\/\"]}]},{\"@type\":\"BreadcrumbList\",\"@id\":\"https:\/\/pergola-agava.si\/hr\/slobodna-radna-mjesta\/#breadcrumb\",\"itemListElement\":[{\"@type\":\"ListItem\",\"position\":1,\"name\":\"Home\",\"item\":\"https:\/\/pergola-agava.si\/hr\/\"},{\"@type\":\"ListItem\",\"position\":2,\"name\":\"Zapo\u0161ljavanje\"}]},{\"@type\":\"WebSite\",\"@id\":\"https:\/\/pergola-agava.si\/hr\/#website\",\"url\":\"https:\/\/pergola-agava.si\/hr\/\",\"name\":\"Bioklimatska pergola Agava\",\"description\":\"\",\"potentialAction\":[{\"@type\":\"SearchAction\",\"target\":{\"@type\":\"EntryPoint\",\"urlTemplate\":\"https:\/\/pergola-agava.si\/hr\/?s={search_term_string}\"},\"query-input\":\"required name=search_term_string\"}],\"inLanguage\":\"hr-HR\"}]}<\/script>\n<!-- \/ Yoast SEO plugin. -->","yoast_head_json":{"title":"Zapo\u0161ljavanje - Bioklimatska pergola Agava","description":"Tvrtka Soltec nudi puno prilika za razli\u010dita zanimanja. Cijenimo znanje. Poti\u010demo inovativnost i hrabrost. Brinemo o svojim zaposlenicima. Usmjereni smo u budu\u0107nost.","robots":{"index":"index","follow":"follow","max-snippet":"max-snippet:-1","max-image-preview":"max-image-preview:large","max-video-preview":"max-video-preview:-1"},"canonical":"https:\/\/pergola-agava.si\/hr\/slobodna-radna-mjesta\/","og_locale":"hr_HR","og_type":"article","og_title":"Zapo\u0161ljavanje - Bioklimatska pergola Agava","og_description":"Tvrtka Soltec nudi puno prilika za razli\u010dita zanimanja. Cijenimo znanje. Poti\u010demo inovativnost i hrabrost. Brinemo o svojim zaposlenicima. Usmjereni smo u budu\u0107nost.","og_url":"https:\/\/pergola-agava.si\/hr\/slobodna-radna-mjesta\/","og_site_name":"Bioklimatska pergola Agava","article_modified_time":"2020-06-23T15:40:32+00:00","twitter_card":"summary_large_image","schema":{"@context":"https:\/\/schema.org","@graph":[{"@type":"WebPage","@id":"https:\/\/pergola-agava.si\/hr\/slobodna-radna-mjesta\/","url":"https:\/\/pergola-agava.si\/hr\/slobodna-radna-mjesta\/","name":"Zapo\u0161ljavanje - Bioklimatska pergola Agava","isPartOf":{"@id":"https:\/\/pergola-agava.si\/hr\/#website"},"datePublished":"2020-03-22T07:41:57+00:00","dateModified":"2020-06-23T15:40:32+00:00","description":"Tvrtka Soltec nudi puno prilika za razli\u010dita zanimanja. Cijenimo znanje. Poti\u010demo inovativnost i hrabrost. Brinemo o svojim zaposlenicima. Usmjereni smo u budu\u0107nost.","breadcrumb":{"@id":"https:\/\/pergola-agava.si\/hr\/slobodna-radna-mjesta\/#breadcrumb"},"inLanguage":"hr-HR","potentialAction":[{"@type":"ReadAction","target":["https:\/\/pergola-agava.si\/hr\/slobodna-radna-mjesta\/"]}]},{"@type":"BreadcrumbList","@id":"https:\/\/pergola-agava.si\/hr\/slobodna-radna-mjesta\/#breadcrumb","itemListElement":[{"@type":"ListItem","position":1,"name":"Home","item":"https:\/\/pergola-agava.si\/hr\/"},{"@type":"ListItem","position":2,"name":"Zapo\u0161ljavanje"}]},{"@type":"WebSite","@id":"https:\/\/pergola-agava.si\/hr\/#website","url":"https:\/\/pergola-agava.si\/hr\/","name":"Bioklimatska pergola Agava","description":"","potentialAction":[{"@type":"SearchAction","target":{"@type":"EntryPoint","urlTemplate":"https:\/\/pergola-agava.si\/hr\/?s={search_term_string}"},"query-input":"required name=search_term_string"}],"inLanguage":"hr-HR"}]}},"_links":{"self":[{"href":"https:\/\/pergola-agava.si\/hr\/wp-json\/wp\/v2\/pages\/5784"}],"collection":[{"href":"https:\/\/pergola-agava.si\/hr\/wp-json\/wp\/v2\/pages"}],"about":[{"href":"https:\/\/pergola-agava.si\/hr\/wp-json\/wp\/v2\/types\/page"}],"author":[{"embeddable":true,"href":"https:\/\/pergola-agava.si\/hr\/wp-json\/wp\/v2\/users\/1"}],"replies":[{"embeddable":true,"href":"https:\/\/pergola-agava.si\/hr\/wp-json\/wp\/v2\/comments?post=5784"}],"version-history":[{"count":6,"href":"https:\/\/pergola-agava.si\/hr\/wp-json\/wp\/v2\/pages\/5784\/revisions"}],"predecessor-version":[{"id":6235,"href":"https:\/\/pergola-agava.si\/hr\/wp-json\/wp\/v2\/pages\/5784\/revisions\/6235"}],"wp:attachment":[{"href":"https:\/\/pergola-agava.si\/hr\/wp-json\/wp\/v2\/media?parent=5784"}],"curies":[{"name":"wp","href":"https:\/\/api.w.org\/{rel}","templated":true}]}}