{"id":5646,"date":"2020-03-22T08:37:55","date_gmt":"2020-03-22T07:37:55","guid":{"rendered":"https:\/\/pergola-agava.si\/protezione-dei-dati-personali\/"},"modified":"2020-07-24T13:55:14","modified_gmt":"2020-07-24T11:55:14","slug":"zastita-osobnih-podataka","status":"publish","type":"page","link":"https:\/\/pergola-agava.si\/hr\/zastita-osobnih-podataka\/","title":{"rendered":"Za\u0161tita osobnih podataka"},"content":{"rendered":"\r\n<p>Vlasnik i upravitelj mre\u017enog mjesta www.pergola-agava.si:<br \/>SOLTEC d.o.o., Obrtna 9, 8257 DOBOVA <br \/>Zakonski zastupnik:\u00a0Miroslav Po\u017ear<\/p>\r\n\r\n\r\n\r\n<h4 class=\"wp-block-heading\">1. Uporaba, opseg i svrha \u010duvanja i obrade<\/h4>\r\n\r\n\r\n\r\n<p>Osobne podatke \u010duvamo i obra\u0111ujemo u svrhu odr\u017eavanja kontakta s klijentima, marketin\u0161kog obavje\u0161tavanja putem e-po\u0161te, promicanja prodaje, profiliranja klijenata radi prilago\u0111avanja ponude sadr\u017eaja i proizvoda klijentima putem e-po\u0161te i mre\u017enih stranica. U svrhu obavje\u0161tavanja putem telefona i e-po\u0161te \u010duvamo sljede\u0107e podatke: <br \/>&#8211; adresu e-po\u0161te, <br \/>&#8211; ime, <br \/>&#8211; prezime, <br \/>&#8211; telefonski broj.<\/p>\r\n\r\n\r\n\r\n<p>Osobne podatke prikupljamo uz izri\u010ditu privolu, odnosno suglasnost ispitanika. Suglasnosti pohranjujemo zajedno s njihovim sadr\u017eajem i sadr\u017eajem obrasca putem kojeg su pribavljene. Prikupljene osobne podatke upotrebljavaju na\u0161i sljede\u0107i odjeli: prodaja, marketing.<\/p>\r\n\r\n\r\n\r\n<h4 class=\"wp-block-heading\">2. Iznos<\/h4>\r\n\r\n\r\n\r\n<p>Prikupljeni osobni podaci pohranjuju se na teritoriju Republike Slovenije.<\/p>\r\n\r\n\r\n\r\n<h4 class=\"wp-block-heading\">3. Razdoblje pohrane<\/h4>\r\n\r\n\r\n\r\n<p>Prikupljene osobne podatke pohranjujemo do opoziva suglasnosti za pohranu i obradu podataka ispitanika. Nakon opoziva suglasnosti ispitanika bezodlo\u017eno trajno bri\u0161emo njegove osobne podatke.<\/p>\r\n\r\n\r\n\r\n<h4 class=\"wp-block-heading\">4. Kako \u010duvamo prikupljene osobne podatke<\/h4>\r\n\r\n\r\n\r\n<p>Uvijek dostavljamo samo sadr\u017eaj i informacije, a nikada ne tra\u017eimo brojeve kreditnih kartica ili druge podatke koje bi mogli zloupotrijebiti kriminalci na internetu. Mre\u017ena stranica www.pergola-agava.si gostuje na sigurnom mre\u017enom poslu\u017eitelju i podlije\u017ee redovitim sigurnosnim pregledima.<\/p>\r\n\r\n\r\n\r\n<p>Prikupljene osobne podatke upotrebljavamo isklju\u010divo u gore navedene svrhe, ne prodajemo ih i ne dostavljamo ih tre\u0107im osobama, osim partnerima koji nam poma\u017eu odr\u017eavati mre\u017enu stranicu, a koji imaju obvezu \u010duvati osobne podatke pod istim uvjetima kao i tvrtka Soltec d.o.o.<\/p>\r\n\r\n\r\n\r\n<p>U iznimnim slu\u010dajevima, u skladu sa zakonom, va\u0161e osobne podatke mo\u017eemo proslijediti dr\u017eavnim tijelima i tijelima zadu\u017eenima za sigurnost, ako bi oni poslali slu\u017ebeni zahtjev za dostavljanje osobnih podataka.<\/p>\r\n\r\n\r\n\r\n<h4 class=\"wp-block-heading\">5. Prava ispitanika<\/h4>\r\n\r\n\r\n\r\n<p>Svaki ispitanik za svoje podatke mo\u017ee u svakom trenutku zatra\u017eiti sljede\u0107e: <br \/>&#8211; uvid, <br \/>&#8211; ispravak, <br \/>&#8211; potpuno brisanje, <br \/>&#8211; prijenos drugom pru\u017eatelju srodnih usluga, <br \/>&#8211; prekid obrade i pohrane, odnosno opoziv suglasnosti za obradu i pohranu bez utjecaja na zakonitost obrade koja se na temelju privole, odnosno suglasnosti izvodila do njezina opoziva. <br \/><br \/>Zahtjev mo\u017ee poslati putem e-po\u0161te na info@soltec.si\u00a0ili u pisanom obliku po\u0161tom u sjedi\u0161te tvrtke.<\/p>\r\n\r\n\r\n\r\n<p>U slu\u010daju da smatra da su mu s na\u0161e strane na bilo koji na\u010din prekr\u0161ena prava iz naslova za\u0161tite njegovih osobnih podataka, svaka ispitanik mo\u017ee u bilo kojem trenutku predati pritu\u017ebu nadzornom tijelu \u2013 Slu\u017ebeniku za za\u0161titu podataka u Republici Sloveniji:\u2028Republika Slovenija, Informacijski poobla\u0161\u010denec, Zalo\u0161ka 59, 1000 Ljubljana, https:\/\/www.ip-rs.si<\/p>\r\n\r\n\r\n\r\n<p>Tim pergola-agava.si po\u0161tuje va\u0161u privatnost u skladu sa zakonodavstvom (Zakon o za\u0161titi osobnih podataka, ZVOP-1, \u201eUradni list RS\u201c br. 94\/07 i GDPR), stoga na mre\u017enoj stranici www.pergola-agava.si izvodimo sve aktivnosti za za\u0161titu i eti\u010dno postupanje s va\u0161im osobnim podatcima.\u2028<\/p>\r\n","protected":false},"excerpt":{"rendered":"<p>Vlasnik i upravitelj mre\u017enog mjesta www.pergola-agava.si:SOLTEC d.o.o., Obrtna 9, 8257 DOBOVA Zakonski zastupnik:\u00a0Miroslav Po\u017ear 1. Uporaba, opseg i svrha \u010duvanja i obrade Osobne podatke \u010duvamo i obra\u0111ujemo u svrhu odr\u017eavanja kontakta s klijentima, marketin\u0161kog obavje\u0161tavanja putem e-po\u0161te, promicanja prodaje, profiliranja klijenata radi prilago\u0111avanja ponude sadr\u017eaja i proizvoda klijentima putem e-po\u0161te i mre\u017enih stranica. U svrhu [&hellip;]<\/p>\n","protected":false},"author":1,"featured_media":0,"parent":0,"menu_order":0,"comment_status":"closed","ping_status":"closed","template":"","meta":{"content-type":"","inline_featured_image":false},"yoast_head":"<!-- This site is optimized with the Yoast SEO plugin v21.6 - https:\/\/yoast.com\/wordpress\/plugins\/seo\/ -->\n<title>Za\u0161tita osobnih podataka - Bioklimatska pergola Agava<\/title>\n<meta name=\"description\" content=\"Vlasnik i upravitelj mre\u017enog mjesta www.pergola-agava.si:SOLTEC d.o.o., Obrtna 9, 8257 DOBOVA Zakonski zastupnik:\u00a0Miroslav Po\u017ear 1. Uporaba, opseg i svrha\" \/>\n<meta name=\"robots\" content=\"index, follow, max-snippet:-1, max-image-preview:large, max-video-preview:-1\" \/>\n<link rel=\"canonical\" href=\"https:\/\/pergola-agava.si\/hr\/zastita-osobnih-podataka\/\" \/>\n<meta property=\"og:locale\" content=\"hr_HR\" \/>\n<meta property=\"og:type\" content=\"article\" \/>\n<meta property=\"og:title\" content=\"Za\u0161tita osobnih podataka - Bioklimatska pergola Agava\" \/>\n<meta property=\"og:description\" content=\"Vlasnik i upravitelj mre\u017enog mjesta www.pergola-agava.si:SOLTEC d.o.o., Obrtna 9, 8257 DOBOVA Zakonski zastupnik:\u00a0Miroslav Po\u017ear 1. Uporaba, opseg i svrha\" \/>\n<meta property=\"og:url\" content=\"https:\/\/pergola-agava.si\/hr\/zastita-osobnih-podataka\/\" \/>\n<meta property=\"og:site_name\" content=\"Bioklimatska pergola Agava\" \/>\n<meta property=\"article:modified_time\" content=\"2020-07-24T11:55:14+00:00\" \/>\n<meta name=\"twitter:card\" content=\"summary_large_image\" \/>\n<meta name=\"twitter:label1\" content=\"Est. reading time\" \/>\n\t<meta name=\"twitter:data1\" content=\"2 minutes\" \/>\n<script type=\"application\/ld+json\" class=\"yoast-schema-graph\">{\"@context\":\"https:\/\/schema.org\",\"@graph\":[{\"@type\":\"WebPage\",\"@id\":\"https:\/\/pergola-agava.si\/hr\/zastita-osobnih-podataka\/\",\"url\":\"https:\/\/pergola-agava.si\/hr\/zastita-osobnih-podataka\/\",\"name\":\"Za\u0161tita osobnih podataka - Bioklimatska pergola Agava\",\"isPartOf\":{\"@id\":\"https:\/\/pergola-agava.si\/hr\/#website\"},\"datePublished\":\"2020-03-22T07:37:55+00:00\",\"dateModified\":\"2020-07-24T11:55:14+00:00\",\"description\":\"Vlasnik i upravitelj mre\u017enog mjesta www.pergola-agava.si:SOLTEC d.o.o., Obrtna 9, 8257 DOBOVA Zakonski zastupnik:\u00a0Miroslav Po\u017ear 1. Uporaba, opseg i svrha\",\"breadcrumb\":{\"@id\":\"https:\/\/pergola-agava.si\/hr\/zastita-osobnih-podataka\/#breadcrumb\"},\"inLanguage\":\"hr-HR\",\"potentialAction\":[{\"@type\":\"ReadAction\",\"target\":[\"https:\/\/pergola-agava.si\/hr\/zastita-osobnih-podataka\/\"]}]},{\"@type\":\"BreadcrumbList\",\"@id\":\"https:\/\/pergola-agava.si\/hr\/zastita-osobnih-podataka\/#breadcrumb\",\"itemListElement\":[{\"@type\":\"ListItem\",\"position\":1,\"name\":\"Home\",\"item\":\"https:\/\/pergola-agava.si\/hr\/\"},{\"@type\":\"ListItem\",\"position\":2,\"name\":\"Za\u0161tita osobnih podataka\"}]},{\"@type\":\"WebSite\",\"@id\":\"https:\/\/pergola-agava.si\/hr\/#website\",\"url\":\"https:\/\/pergola-agava.si\/hr\/\",\"name\":\"Bioklimatska pergola Agava\",\"description\":\"\",\"potentialAction\":[{\"@type\":\"SearchAction\",\"target\":{\"@type\":\"EntryPoint\",\"urlTemplate\":\"https:\/\/pergola-agava.si\/hr\/?s={search_term_string}\"},\"query-input\":\"required name=search_term_string\"}],\"inLanguage\":\"hr-HR\"}]}<\/script>\n<!-- \/ Yoast SEO plugin. -->","yoast_head_json":{"title":"Za\u0161tita osobnih podataka - Bioklimatska pergola Agava","description":"Vlasnik i upravitelj mre\u017enog mjesta www.pergola-agava.si:SOLTEC d.o.o., Obrtna 9, 8257 DOBOVA Zakonski zastupnik:\u00a0Miroslav Po\u017ear 1. Uporaba, opseg i svrha","robots":{"index":"index","follow":"follow","max-snippet":"max-snippet:-1","max-image-preview":"max-image-preview:large","max-video-preview":"max-video-preview:-1"},"canonical":"https:\/\/pergola-agava.si\/hr\/zastita-osobnih-podataka\/","og_locale":"hr_HR","og_type":"article","og_title":"Za\u0161tita osobnih podataka - Bioklimatska pergola Agava","og_description":"Vlasnik i upravitelj mre\u017enog mjesta www.pergola-agava.si:SOLTEC d.o.o., Obrtna 9, 8257 DOBOVA Zakonski zastupnik:\u00a0Miroslav Po\u017ear 1. Uporaba, opseg i svrha","og_url":"https:\/\/pergola-agava.si\/hr\/zastita-osobnih-podataka\/","og_site_name":"Bioklimatska pergola Agava","article_modified_time":"2020-07-24T11:55:14+00:00","twitter_card":"summary_large_image","twitter_misc":{"Est. reading time":"2 minutes"},"schema":{"@context":"https:\/\/schema.org","@graph":[{"@type":"WebPage","@id":"https:\/\/pergola-agava.si\/hr\/zastita-osobnih-podataka\/","url":"https:\/\/pergola-agava.si\/hr\/zastita-osobnih-podataka\/","name":"Za\u0161tita osobnih podataka - Bioklimatska pergola Agava","isPartOf":{"@id":"https:\/\/pergola-agava.si\/hr\/#website"},"datePublished":"2020-03-22T07:37:55+00:00","dateModified":"2020-07-24T11:55:14+00:00","description":"Vlasnik i upravitelj mre\u017enog mjesta www.pergola-agava.si:SOLTEC d.o.o., Obrtna 9, 8257 DOBOVA Zakonski zastupnik:\u00a0Miroslav Po\u017ear 1. Uporaba, opseg i svrha","breadcrumb":{"@id":"https:\/\/pergola-agava.si\/hr\/zastita-osobnih-podataka\/#breadcrumb"},"inLanguage":"hr-HR","potentialAction":[{"@type":"ReadAction","target":["https:\/\/pergola-agava.si\/hr\/zastita-osobnih-podataka\/"]}]},{"@type":"BreadcrumbList","@id":"https:\/\/pergola-agava.si\/hr\/zastita-osobnih-podataka\/#breadcrumb","itemListElement":[{"@type":"ListItem","position":1,"name":"Home","item":"https:\/\/pergola-agava.si\/hr\/"},{"@type":"ListItem","position":2,"name":"Za\u0161tita osobnih podataka"}]},{"@type":"WebSite","@id":"https:\/\/pergola-agava.si\/hr\/#website","url":"https:\/\/pergola-agava.si\/hr\/","name":"Bioklimatska pergola Agava","description":"","potentialAction":[{"@type":"SearchAction","target":{"@type":"EntryPoint","urlTemplate":"https:\/\/pergola-agava.si\/hr\/?s={search_term_string}"},"query-input":"required name=search_term_string"}],"inLanguage":"hr-HR"}]}},"_links":{"self":[{"href":"https:\/\/pergola-agava.si\/hr\/wp-json\/wp\/v2\/pages\/5646"}],"collection":[{"href":"https:\/\/pergola-agava.si\/hr\/wp-json\/wp\/v2\/pages"}],"about":[{"href":"https:\/\/pergola-agava.si\/hr\/wp-json\/wp\/v2\/types\/page"}],"author":[{"embeddable":true,"href":"https:\/\/pergola-agava.si\/hr\/wp-json\/wp\/v2\/users\/1"}],"replies":[{"embeddable":true,"href":"https:\/\/pergola-agava.si\/hr\/wp-json\/wp\/v2\/comments?post=5646"}],"version-history":[{"count":22,"href":"https:\/\/pergola-agava.si\/hr\/wp-json\/wp\/v2\/pages\/5646\/revisions"}],"predecessor-version":[{"id":9024,"href":"https:\/\/pergola-agava.si\/hr\/wp-json\/wp\/v2\/pages\/5646\/revisions\/9024"}],"wp:attachment":[{"href":"https:\/\/pergola-agava.si\/hr\/wp-json\/wp\/v2\/media?parent=5646"}],"curies":[{"name":"wp","href":"https:\/\/api.w.org\/{rel}","templated":true}]}}