{"id":16969,"date":"2021-12-21T12:41:25","date_gmt":"2021-12-21T11:41:25","guid":{"rendered":"https:\/\/pergola-agava.si\/?page_id=16969"},"modified":"2022-08-04T11:12:47","modified_gmt":"2022-08-04T09:12:47","slug":"katalog","status":"publish","type":"page","link":"https:\/\/pergola-agava.si\/hr\/katalog\/","title":{"rendered":"Katalog"},"content":{"rendered":"\t\t<div data-elementor-type=\"wp-post\" data-elementor-id=\"16969\" class=\"elementor elementor-16969 elementor-16965\" data-elementor-settings=\"[]\">\n\t\t\t<div class=\"elementor-inner\">\n\t\t\t\t<div class=\"elementor-section-wrap\">\n\t\t\t\t\t\t\t<section class=\"elementor-element elementor-element-3396ed6 elementor-section-boxed elementor-section-height-default elementor-section-height-default elementor-section elementor-top-section\" data-id=\"3396ed6\" data-element_type=\"section\">\n\t\t\t\t\t\t<div class=\"elementor-container elementor-column-gap-default\">\n\t\t\t\t<div class=\"elementor-row\">\n\t\t\t\t<div class=\"elementor-element elementor-element-3e92e2f elementor-column elementor-col-100 elementor-top-column\" data-id=\"3e92e2f\" data-element_type=\"column\">\n\t\t\t<div class=\"elementor-column-wrap  elementor-element-populated\">\n\t\t\t\t\t<div class=\"elementor-widget-wrap\">\n\t\t\t\t<div class=\"elementor-element elementor-element-f9a303e elementor-widget elementor-widget-spacer\" data-id=\"f9a303e\" data-element_type=\"widget\" data-widget_type=\"spacer.default\">\n\t\t\t\t<div class=\"elementor-widget-container\">\n\t\t\t\t\t<div class=\"elementor-spacer\">\n\t\t\t<div class=\"elementor-spacer-inner\"><\/div>\n\t\t<\/div>\n\t\t\t\t<\/div>\n\t\t\t\t<\/div>\n\t\t\t\t\t\t<\/div>\n\t\t\t<\/div>\n\t\t<\/div>\n\t\t\t\t\t\t<\/div>\n\t\t\t<\/div>\n\t\t<\/section>\n\t\t\t\t<section class=\"elementor-element elementor-element-5be44e84 elementor-section-boxed elementor-section-height-default elementor-section-height-default elementor-section elementor-top-section\" data-id=\"5be44e84\" data-element_type=\"section\">\n\t\t\t\t\t\t<div class=\"elementor-container elementor-column-gap-default\">\n\t\t\t\t<div class=\"elementor-row\">\n\t\t\t\t<div class=\"elementor-element elementor-element-92ad2f elementor-column elementor-col-50 elementor-top-column\" data-id=\"92ad2f\" data-element_type=\"column\">\n\t\t\t<div class=\"elementor-column-wrap  elementor-element-populated\">\n\t\t\t\t\t<div class=\"elementor-widget-wrap\">\n\t\t\t\t<div class=\"elementor-element elementor-element-3e4f6b52 aleft elementor-widget elementor-widget-wgl-double-headings\" data-id=\"3e4f6b52\" data-element_type=\"widget\" data-widget_type=\"wgl-double-headings.default\">\n\t\t\t\t<div class=\"elementor-widget-container\">\n\t\t\t<div class=\"wgl-double_heading\">                <h2 class=\"dbl-title_wrapper\"><span class=\"dbl-title dbl-title_1\">Prenesite si besplatni katalog!<\/span> <span class=\"dbl-title dbl-title_2\"><\/br>Soltec bioklimatska pergola Agava<\/span>                 <\/h2>        <\/div>\t\t<\/div>\n\t\t\t\t<\/div>\n\t\t\t\t<div class=\"elementor-element elementor-element-5ab72374 elementor-widget elementor-widget-text-editor\" data-id=\"5ab72374\" data-element_type=\"widget\" data-widget_type=\"text-editor.default\">\n\t\t\t\t<div class=\"elementor-widget-container\">\n\t\t\t\t\t<div class=\"elementor-text-editor elementor-clearfix\"><p>U njemu \u0107ete na\u0107i sljede\u0107e odgovore:<\/p><ul><li>Koje su prednosti Soltec bioklimatske pergole Agava<\/li><li>Kakve so mogu\u0107e konfiguracije<\/li><li>Koje boje su na raspolaganju<\/li><li>Kakva je nosivost lamela?<\/li><\/ul><p><strong>Prenesite katalog<\/strong>:<\/p><\/div>\n\t\t\t\t<\/div>\n\t\t\t\t<\/div>\n\t\t\t\t<div class=\"elementor-element elementor-element-9232fc3 elementor-widget elementor-widget-button\" data-id=\"9232fc3\" data-element_type=\"widget\" data-widget_type=\"button.default\">\n\t\t\t\t<div class=\"elementor-widget-container\">\n\t\t\t\t\t<div class=\"elementor-button-wrapper\">\n\t\t\t<a href=\"https:\/\/pergola-agava.si\/wp-content\/uploads\/2022\/08\/en-katalog-soltec-pergola-agava.pdf\" class=\"elementor-button-link elementor-button elementor-size-sm\" role=\"button\">\n\t\t\t\t\t\t<span class=\"elementor-button-content-wrapper\">\n\t\t\t\t\t\t<span class=\"elementor-button-text\">Katalog Pergola Agava<\/span>\n\t\t<\/span>\n\t\t\t\t\t<\/a>\n\t\t<\/div>\n\t\t\t\t<\/div>\n\t\t\t\t<\/div>\n\t\t\t\t<div class=\"elementor-element elementor-element-7115ed4 elementor-widget elementor-widget-button\" data-id=\"7115ed4\" data-element_type=\"widget\" data-widget_type=\"button.default\">\n\t\t\t\t<div class=\"elementor-widget-container\">\n\t\t\t\t\t<div class=\"elementor-button-wrapper\">\n\t\t\t<a href=\"https:\/\/pergola-agava.si\/wp-content\/uploads\/2022\/08\/ENG-Soltec-Agava-SL-Image-2022.pdf\" class=\"elementor-button-link elementor-button elementor-size-sm\" role=\"button\">\n\t\t\t\t\t\t<span class=\"elementor-button-content-wrapper\">\n\t\t\t\t\t\t<span class=\"elementor-button-text\">Lifestyle katalog Pergola Agava<\/span>\n\t\t<\/span>\n\t\t\t\t\t<\/a>\n\t\t<\/div>\n\t\t\t\t<\/div>\n\t\t\t\t<\/div>\n\t\t\t\t<div class=\"elementor-element elementor-element-1e6e4f11 elementor-widget elementor-widget-spacer\" data-id=\"1e6e4f11\" data-element_type=\"widget\" data-widget_type=\"spacer.default\">\n\t\t\t\t<div class=\"elementor-widget-container\">\n\t\t\t\t\t<div class=\"elementor-spacer\">\n\t\t\t<div class=\"elementor-spacer-inner\"><\/div>\n\t\t<\/div>\n\t\t\t\t<\/div>\n\t\t\t\t<\/div>\n\t\t\t\t\t\t<\/div>\n\t\t\t<\/div>\n\t\t<\/div>\n\t\t\t\t<div class=\"elementor-element elementor-element-56783781 elementor-column elementor-col-50 elementor-top-column\" data-id=\"56783781\" data-element_type=\"column\">\n\t\t\t<div class=\"elementor-column-wrap  elementor-element-populated\">\n\t\t\t\t\t<div class=\"elementor-widget-wrap\">\n\t\t\t\t<div class=\"elementor-element elementor-element-dcf44c6 elementor-widget elementor-widget-spacer\" data-id=\"dcf44c6\" data-element_type=\"widget\" data-widget_type=\"spacer.default\">\n\t\t\t\t<div class=\"elementor-widget-container\">\n\t\t\t\t\t<div class=\"elementor-spacer\">\n\t\t\t<div class=\"elementor-spacer-inner\"><\/div>\n\t\t<\/div>\n\t\t\t\t<\/div>\n\t\t\t\t<\/div>\n\t\t\t\t<div class=\"elementor-element elementor-element-e7bf35f elementor-widget elementor-widget-spacer\" data-id=\"e7bf35f\" data-element_type=\"widget\" data-widget_type=\"spacer.default\">\n\t\t\t\t<div class=\"elementor-widget-container\">\n\t\t\t\t\t<div class=\"elementor-spacer\">\n\t\t\t<div class=\"elementor-spacer-inner\"><\/div>\n\t\t<\/div>\n\t\t\t\t<\/div>\n\t\t\t\t<\/div>\n\t\t\t\t<div class=\"elementor-element elementor-element-f32e0dd elementor-widget elementor-widget-spacer\" data-id=\"f32e0dd\" data-element_type=\"widget\" data-widget_type=\"spacer.default\">\n\t\t\t\t<div class=\"elementor-widget-container\">\n\t\t\t\t\t<div class=\"elementor-spacer\">\n\t\t\t<div class=\"elementor-spacer-inner\"><\/div>\n\t\t<\/div>\n\t\t\t\t<\/div>\n\t\t\t\t<\/div>\n\t\t\t\t<div class=\"elementor-element elementor-element-8617e9d elementor-widget elementor-widget-image\" data-id=\"8617e9d\" data-element_type=\"widget\" data-widget_type=\"image.default\">\n\t\t\t\t<div class=\"elementor-widget-container\">\n\t\t\t\t\t<div class=\"elementor-image\">\n\t\t\t\t\t\t\t\t\t\t<img width=\"500\" height=\"500\" src=\"https:\/\/pergola-agava.si\/wp-content\/uploads\/2021\/12\/katalog4.jpg\" class=\"attachment-large size-large\" alt=\"\" decoding=\"async\" loading=\"lazy\" srcset=\"https:\/\/pergola-agava.si\/wp-content\/uploads\/2021\/12\/katalog4.jpg 500w, https:\/\/pergola-agava.si\/wp-content\/uploads\/2021\/12\/katalog4-300x300.jpg 300w, https:\/\/pergola-agava.si\/wp-content\/uploads\/2021\/12\/katalog4-150x150.jpg 150w, https:\/\/pergola-agava.si\/wp-content\/uploads\/2021\/12\/katalog4-440x440.jpg 440w, https:\/\/pergola-agava.si\/wp-content\/uploads\/2021\/12\/katalog4-180x180.jpg 180w, https:\/\/pergola-agava.si\/wp-content\/uploads\/2021\/12\/katalog4-120x120.jpg 120w\" sizes=\"(max-width: 500px) 100vw, 500px\" \/>\t\t\t\t\t\t\t\t\t\t\t<\/div>\n\t\t\t\t<\/div>\n\t\t\t\t<\/div>\n\t\t\t\t\t\t<\/div>\n\t\t\t<\/div>\n\t\t<\/div>\n\t\t\t\t\t\t<\/div>\n\t\t\t<\/div>\n\t\t<\/section>\n\t\t\t\t<section class=\"elementor-element elementor-element-43826d5 elementor-section-boxed elementor-section-height-default elementor-section-height-default elementor-section elementor-top-section\" data-id=\"43826d5\" data-element_type=\"section\">\n\t\t\t\t\t\t<div class=\"elementor-container elementor-column-gap-default\">\n\t\t\t\t<div class=\"elementor-row\">\n\t\t\t\t<div class=\"elementor-element elementor-element-1bf259a elementor-column elementor-col-100 elementor-top-column\" data-id=\"1bf259a\" data-element_type=\"column\">\n\t\t\t<div class=\"elementor-column-wrap  elementor-element-populated\">\n\t\t\t\t\t<div class=\"elementor-widget-wrap\">\n\t\t\t\t<div class=\"elementor-element elementor-element-c8ec3f2 elementor-widget elementor-widget-spacer\" data-id=\"c8ec3f2\" data-element_type=\"widget\" data-widget_type=\"spacer.default\">\n\t\t\t\t<div class=\"elementor-widget-container\">\n\t\t\t\t\t<div class=\"elementor-spacer\">\n\t\t\t<div class=\"elementor-spacer-inner\"><\/div>\n\t\t<\/div>\n\t\t\t\t<\/div>\n\t\t\t\t<\/div>\n\t\t\t\t\t\t<\/div>\n\t\t\t<\/div>\n\t\t<\/div>\n\t\t\t\t\t\t<\/div>\n\t\t\t<\/div>\n\t\t<\/section>\n\t\t\t\t\t\t<\/div>\n\t\t\t<\/div>\n\t\t<\/div>\n\t\t","protected":false},"excerpt":{"rendered":"<p>Prenesite si besplatni katalog! Soltec bioklimatska pergola Agava U njemu \u0107ete na\u0107i sljede\u0107e odgovore: Koje su prednosti Soltec bioklimatske pergole Agava Kakve so mogu\u0107e konfiguracije Koje boje su na raspolaganju Kakva je nosivost lamela? Prenesite katalog: Katalog Pergola Agava Lifestyle katalog Pergola Agava<\/p>\n","protected":false},"author":1,"featured_media":0,"parent":0,"menu_order":0,"comment_status":"closed","ping_status":"closed","template":"","meta":{"content-type":"","inline_featured_image":false},"yoast_head":"<!-- This site is optimized with the Yoast SEO plugin v21.6 - https:\/\/yoast.com\/wordpress\/plugins\/seo\/ -->\n<title>Katalog - Bioklimatska pergola Agava<\/title>\n<meta name=\"description\" content=\"Prenesite si besplatni katalog! Soltec bioklimatska pergola Agava U njemu \u0107ete na\u0107i sljede\u0107e odgovore:Koje su prednosti Soltec bioklimatske pergole\" \/>\n<meta name=\"robots\" content=\"index, follow, max-snippet:-1, max-image-preview:large, max-video-preview:-1\" \/>\n<link rel=\"canonical\" href=\"https:\/\/pergola-agava.si\/hr\/katalog\/\" \/>\n<meta property=\"og:locale\" content=\"hr_HR\" \/>\n<meta property=\"og:type\" content=\"article\" \/>\n<meta property=\"og:title\" content=\"Katalog - Bioklimatska pergola Agava\" \/>\n<meta property=\"og:description\" content=\"Prenesite si besplatni katalog! Soltec bioklimatska pergola Agava U njemu \u0107ete na\u0107i sljede\u0107e odgovore:Koje su prednosti Soltec bioklimatske pergole\" \/>\n<meta property=\"og:url\" content=\"https:\/\/pergola-agava.si\/hr\/katalog\/\" \/>\n<meta property=\"og:site_name\" content=\"Bioklimatska pergola Agava\" \/>\n<meta property=\"article:modified_time\" content=\"2022-08-04T09:12:47+00:00\" \/>\n<meta property=\"og:image\" content=\"https:\/\/pergola-agava.si\/wp-content\/uploads\/2021\/12\/katalog4.jpg\" \/>\n<meta name=\"twitter:card\" content=\"summary_large_image\" \/>\n<meta name=\"twitter:label1\" content=\"Est. reading time\" \/>\n\t<meta name=\"twitter:data1\" content=\"1 minute\" \/>\n<script type=\"application\/ld+json\" class=\"yoast-schema-graph\">{\"@context\":\"https:\/\/schema.org\",\"@graph\":[{\"@type\":\"WebPage\",\"@id\":\"https:\/\/pergola-agava.si\/hr\/katalog\/\",\"url\":\"https:\/\/pergola-agava.si\/hr\/katalog\/\",\"name\":\"Katalog - Bioklimatska pergola Agava\",\"isPartOf\":{\"@id\":\"https:\/\/pergola-agava.si\/hr\/#website\"},\"datePublished\":\"2021-12-21T11:41:25+00:00\",\"dateModified\":\"2022-08-04T09:12:47+00:00\",\"description\":\"Prenesite si besplatni katalog! Soltec bioklimatska pergola Agava U njemu \u0107ete na\u0107i sljede\u0107e odgovore:Koje su prednosti Soltec bioklimatske pergole\",\"breadcrumb\":{\"@id\":\"https:\/\/pergola-agava.si\/hr\/katalog\/#breadcrumb\"},\"inLanguage\":\"hr-HR\",\"potentialAction\":[{\"@type\":\"ReadAction\",\"target\":[\"https:\/\/pergola-agava.si\/hr\/katalog\/\"]}]},{\"@type\":\"BreadcrumbList\",\"@id\":\"https:\/\/pergola-agava.si\/hr\/katalog\/#breadcrumb\",\"itemListElement\":[{\"@type\":\"ListItem\",\"position\":1,\"name\":\"Home\",\"item\":\"https:\/\/pergola-agava.si\/hr\/\"},{\"@type\":\"ListItem\",\"position\":2,\"name\":\"Katalog\"}]},{\"@type\":\"WebSite\",\"@id\":\"https:\/\/pergola-agava.si\/hr\/#website\",\"url\":\"https:\/\/pergola-agava.si\/hr\/\",\"name\":\"Bioklimatska pergola Agava\",\"description\":\"\",\"potentialAction\":[{\"@type\":\"SearchAction\",\"target\":{\"@type\":\"EntryPoint\",\"urlTemplate\":\"https:\/\/pergola-agava.si\/hr\/?s={search_term_string}\"},\"query-input\":\"required name=search_term_string\"}],\"inLanguage\":\"hr-HR\"}]}<\/script>\n<!-- \/ Yoast SEO plugin. -->","yoast_head_json":{"title":"Katalog - Bioklimatska pergola Agava","description":"Prenesite si besplatni katalog! Soltec bioklimatska pergola Agava U njemu \u0107ete na\u0107i sljede\u0107e odgovore:Koje su prednosti Soltec bioklimatske pergole","robots":{"index":"index","follow":"follow","max-snippet":"max-snippet:-1","max-image-preview":"max-image-preview:large","max-video-preview":"max-video-preview:-1"},"canonical":"https:\/\/pergola-agava.si\/hr\/katalog\/","og_locale":"hr_HR","og_type":"article","og_title":"Katalog - Bioklimatska pergola Agava","og_description":"Prenesite si besplatni katalog! Soltec bioklimatska pergola Agava U njemu \u0107ete na\u0107i sljede\u0107e odgovore:Koje su prednosti Soltec bioklimatske pergole","og_url":"https:\/\/pergola-agava.si\/hr\/katalog\/","og_site_name":"Bioklimatska pergola Agava","article_modified_time":"2022-08-04T09:12:47+00:00","og_image":[{"url":"https:\/\/pergola-agava.si\/wp-content\/uploads\/2021\/12\/katalog4.jpg"}],"twitter_card":"summary_large_image","twitter_misc":{"Est. reading time":"1 minute"},"schema":{"@context":"https:\/\/schema.org","@graph":[{"@type":"WebPage","@id":"https:\/\/pergola-agava.si\/hr\/katalog\/","url":"https:\/\/pergola-agava.si\/hr\/katalog\/","name":"Katalog - Bioklimatska pergola Agava","isPartOf":{"@id":"https:\/\/pergola-agava.si\/hr\/#website"},"datePublished":"2021-12-21T11:41:25+00:00","dateModified":"2022-08-04T09:12:47+00:00","description":"Prenesite si besplatni katalog! Soltec bioklimatska pergola Agava U njemu \u0107ete na\u0107i sljede\u0107e odgovore:Koje su prednosti Soltec bioklimatske pergole","breadcrumb":{"@id":"https:\/\/pergola-agava.si\/hr\/katalog\/#breadcrumb"},"inLanguage":"hr-HR","potentialAction":[{"@type":"ReadAction","target":["https:\/\/pergola-agava.si\/hr\/katalog\/"]}]},{"@type":"BreadcrumbList","@id":"https:\/\/pergola-agava.si\/hr\/katalog\/#breadcrumb","itemListElement":[{"@type":"ListItem","position":1,"name":"Home","item":"https:\/\/pergola-agava.si\/hr\/"},{"@type":"ListItem","position":2,"name":"Katalog"}]},{"@type":"WebSite","@id":"https:\/\/pergola-agava.si\/hr\/#website","url":"https:\/\/pergola-agava.si\/hr\/","name":"Bioklimatska pergola Agava","description":"","potentialAction":[{"@type":"SearchAction","target":{"@type":"EntryPoint","urlTemplate":"https:\/\/pergola-agava.si\/hr\/?s={search_term_string}"},"query-input":"required name=search_term_string"}],"inLanguage":"hr-HR"}]}},"_links":{"self":[{"href":"https:\/\/pergola-agava.si\/hr\/wp-json\/wp\/v2\/pages\/16969"}],"collection":[{"href":"https:\/\/pergola-agava.si\/hr\/wp-json\/wp\/v2\/pages"}],"about":[{"href":"https:\/\/pergola-agava.si\/hr\/wp-json\/wp\/v2\/types\/page"}],"author":[{"embeddable":true,"href":"https:\/\/pergola-agava.si\/hr\/wp-json\/wp\/v2\/users\/1"}],"replies":[{"embeddable":true,"href":"https:\/\/pergola-agava.si\/hr\/wp-json\/wp\/v2\/comments?post=16969"}],"version-history":[{"count":5,"href":"https:\/\/pergola-agava.si\/hr\/wp-json\/wp\/v2\/pages\/16969\/revisions"}],"predecessor-version":[{"id":17640,"href":"https:\/\/pergola-agava.si\/hr\/wp-json\/wp\/v2\/pages\/16969\/revisions\/17640"}],"wp:attachment":[{"href":"https:\/\/pergola-agava.si\/hr\/wp-json\/wp\/v2\/media?parent=16969"}],"curies":[{"name":"wp","href":"https:\/\/api.w.org\/{rel}","templated":true}]}}