{"id":15853,"date":"2021-06-08T13:10:54","date_gmt":"2021-06-08T11:10:54","guid":{"rendered":"https:\/\/pergola-agava.si\/tehnicni-opis-sistema-agava\/"},"modified":"2021-06-11T15:06:41","modified_gmt":"2021-06-11T13:06:41","slug":"tehnicni-opis-sistema-agava","status":"publish","type":"page","link":"https:\/\/pergola-agava.si\/hr\/tehnicki-opis-sustava-agava\/","title":{"rendered":"Tehni\u010dki opis sustava Agava"},"content":{"rendered":"\t\t<div data-elementor-type=\"wp-page\" data-elementor-id=\"15853\" class=\"elementor elementor-15853 elementor-15826\" data-elementor-settings=\"[]\">\n\t\t\t<div class=\"elementor-inner\">\n\t\t\t\t<div class=\"elementor-section-wrap\">\n\t\t\t\t\t\t\t<section class=\"elementor-element elementor-element-6882598 elementor-section-boxed elementor-section-height-default elementor-section-height-default elementor-section elementor-top-section\" data-id=\"6882598\" data-element_type=\"section\">\n\t\t\t\t\t\t<div class=\"elementor-container elementor-column-gap-default\">\n\t\t\t\t<div class=\"elementor-row\">\n\t\t\t\t<div class=\"elementor-element elementor-element-5536175 elementor-column elementor-col-100 elementor-top-column\" data-id=\"5536175\" data-element_type=\"column\">\n\t\t\t<div class=\"elementor-column-wrap  elementor-element-populated\">\n\t\t\t\t\t<div class=\"elementor-widget-wrap\">\n\t\t\t\t<div class=\"elementor-element elementor-element-466b94f elementor-widget elementor-widget-text-editor\" data-id=\"466b94f\" data-element_type=\"widget\" data-widget_type=\"text-editor.default\">\n\t\t\t\t<div class=\"elementor-widget-container\">\n\t\t\t\t\t<div class=\"elementor-text-editor elementor-clearfix\"><p>Proizvod Pergola Agava SL predstavlja bioklimatsku pergolu koja se sastoji od aluminijskih sastavnih dijelova, stupova, nosa\u010da i rotiraju\u0107ih lamela. Pergola je izra\u0111ena u skladu s harmoniziranim standardom SIST EN 13561. U skladu s ovim standardom izdajemo tehni\u010dko odobrenje i CE oznaku. Deklarirano svojstvo prema standardu je otpornost na vjetar do klase 3. Izjava o sukladnosti dio je Uputa za uporabu i odr\u017eavanje.<\/p><p>Bioklimatska pergola kao sjenilo, razlikuje se od obi\u010dno izgra\u0111enih nadstre\u0161nica s klasi\u010dnim krovom, koje prema zakonima i propisima o gradnji trebaju biti u stanju podnijeti optere\u0107enja prema propisima i prema mjestu postavljanja. Bioklimatska pergola je sjenilo kod kojeg se lamele trebaju otvoriti u slu\u010daju velikog optere\u0107enja (vjetar, snijeg, ..), \u0161to je navedeno u cjeniku, uputama i katalogu. Nosivost sa zatvorenim lamelama navedena je uz pomo\u0107 pripremljenih grafikona u cjeniku i ovisi o dimenzijama pergole. Grafikoni prikazuju funkcionalnu nosivost lamela (pomak 1\/200 raspona), ovisno o dodatnom optere\u0107enju i odabranoj duljini lamele. Ovisno o \u017eeljenoj nosivosti, mogu se odabrati razli\u010dite vrste pergola (160\/28, 170\/28, 170\/36, 240\/36, 240\/60). Korisnik je du\u017ean po\u0161tovati i primjenjivati Upute za uporabu i odr\u017eavanje te sprije\u010diti optere\u0107enja koja ne bi bila u skladu s grani\u010dnom funkcionalnom nosivo\u0161\u0107u. Soltec stoga pru\u017ea Upute za uporabu i odr\u017eavanje te kao pomo\u0107 nudi elektroni\u010dka rje\u0161enja s vremenskim senzorom koji osigurava automatsko otvaranje lamela u slu\u010daju ve\u0107ih optere\u0107enja snijegom ili vjetra.<\/p><p>Funkcionalna nosivost lamela, koja predstavlja stanje u kojem je ovjes raspona 1\/200, tako\u0111er je u skladu s grani\u010dnim pomakom koji Eurokod preporu\u010duje za nosive elemente krovova (SIST EN 1990). Kada pomaci nisu od klju\u010dne funkcionalne va\u017enosti, oni mogu biti ve\u0107i, u skladu s dogovorom s naru\u010diteljem. Ra\u010dunski pomak zbog vlastite te\u017eine, zajedno s dopu\u0161tenim dodatnim optere\u0107enjem prema grafikonu, iznosi 1\/200 duljine. S ovim uvjetom i u tom pogledu, pergola Agava je dizajnirana i u skladu s odredbama Eurokodova, koji se ina\u010de primjenjuju na izgra\u0111ene krovove.<\/p><\/div>\n\t\t\t\t<\/div>\n\t\t\t\t<\/div>\n\t\t\t\t\t\t<\/div>\n\t\t\t<\/div>\n\t\t<\/div>\n\t\t\t\t\t\t<\/div>\n\t\t\t<\/div>\n\t\t<\/section>\n\t\t\t\t\t\t<\/div>\n\t\t\t<\/div>\n\t\t<\/div>\n\t\t","protected":false},"excerpt":{"rendered":"<p>Proizvod Pergola Agava SL predstavlja bioklimatsku pergolu koja se sastoji od aluminijskih sastavnih dijelova, stupova, nosa\u010da i rotiraju\u0107ih lamela. Pergola je izra\u0111ena u skladu s harmoniziranim standardom SIST EN 13561. U skladu s ovim standardom izdajemo tehni\u010dko odobrenje i CE oznaku. Deklarirano svojstvo prema standardu je otpornost na vjetar do klase 3. Izjava o sukladnosti [&hellip;]<\/p>\n","protected":false},"author":1,"featured_media":0,"parent":0,"menu_order":0,"comment_status":"closed","ping_status":"closed","template":"","meta":{"content-type":"","inline_featured_image":false},"yoast_head":"<!-- This site is optimized with the Yoast SEO plugin v21.6 - https:\/\/yoast.com\/wordpress\/plugins\/seo\/ -->\n<title>Tehni\u010dki opis sustava Agava - Bioklimatska pergola Agava<\/title>\n<meta name=\"description\" content=\"Proizvod Pergola Agava SL predstavlja bioklimatsku pergolu koja se sastoji od aluminijskih sastavnih dijelova, stupova, nosa\u010da i rotiraju\u0107ih lamela.\" \/>\n<meta name=\"robots\" content=\"index, follow, max-snippet:-1, max-image-preview:large, max-video-preview:-1\" \/>\n<link rel=\"canonical\" href=\"https:\/\/pergola-agava.si\/hr\/tehnicki-opis-sustava-agava\/\" \/>\n<meta property=\"og:locale\" content=\"hr_HR\" \/>\n<meta property=\"og:type\" content=\"article\" \/>\n<meta property=\"og:title\" content=\"Tehni\u010dki opis sustava Agava - Bioklimatska pergola Agava\" \/>\n<meta property=\"og:description\" content=\"Proizvod Pergola Agava SL predstavlja bioklimatsku pergolu koja se sastoji od aluminijskih sastavnih dijelova, stupova, nosa\u010da i rotiraju\u0107ih lamela.\" \/>\n<meta property=\"og:url\" content=\"https:\/\/pergola-agava.si\/hr\/tehnicki-opis-sustava-agava\/\" \/>\n<meta property=\"og:site_name\" content=\"Bioklimatska pergola Agava\" \/>\n<meta property=\"article:modified_time\" content=\"2021-06-11T13:06:41+00:00\" \/>\n<meta name=\"twitter:card\" content=\"summary_large_image\" \/>\n<meta name=\"twitter:label1\" content=\"Est. reading time\" \/>\n\t<meta name=\"twitter:data1\" content=\"2 minutes\" \/>\n<script type=\"application\/ld+json\" class=\"yoast-schema-graph\">{\"@context\":\"https:\/\/schema.org\",\"@graph\":[{\"@type\":\"WebPage\",\"@id\":\"https:\/\/pergola-agava.si\/hr\/tehnicki-opis-sustava-agava\/\",\"url\":\"https:\/\/pergola-agava.si\/hr\/tehnicki-opis-sustava-agava\/\",\"name\":\"Tehni\u010dki opis sustava Agava - Bioklimatska pergola Agava\",\"isPartOf\":{\"@id\":\"https:\/\/pergola-agava.si\/hr\/#website\"},\"datePublished\":\"2021-06-08T11:10:54+00:00\",\"dateModified\":\"2021-06-11T13:06:41+00:00\",\"description\":\"Proizvod Pergola Agava SL predstavlja bioklimatsku pergolu koja se sastoji od aluminijskih sastavnih dijelova, stupova, nosa\u010da i rotiraju\u0107ih lamela.\",\"breadcrumb\":{\"@id\":\"https:\/\/pergola-agava.si\/hr\/tehnicki-opis-sustava-agava\/#breadcrumb\"},\"inLanguage\":\"hr-HR\",\"potentialAction\":[{\"@type\":\"ReadAction\",\"target\":[\"https:\/\/pergola-agava.si\/hr\/tehnicki-opis-sustava-agava\/\"]}]},{\"@type\":\"BreadcrumbList\",\"@id\":\"https:\/\/pergola-agava.si\/hr\/tehnicki-opis-sustava-agava\/#breadcrumb\",\"itemListElement\":[{\"@type\":\"ListItem\",\"position\":1,\"name\":\"Home\",\"item\":\"https:\/\/pergola-agava.si\/hr\/\"},{\"@type\":\"ListItem\",\"position\":2,\"name\":\"Tehni\u010dki opis sustava Agava\"}]},{\"@type\":\"WebSite\",\"@id\":\"https:\/\/pergola-agava.si\/hr\/#website\",\"url\":\"https:\/\/pergola-agava.si\/hr\/\",\"name\":\"Bioklimatska pergola Agava\",\"description\":\"\",\"potentialAction\":[{\"@type\":\"SearchAction\",\"target\":{\"@type\":\"EntryPoint\",\"urlTemplate\":\"https:\/\/pergola-agava.si\/hr\/?s={search_term_string}\"},\"query-input\":\"required name=search_term_string\"}],\"inLanguage\":\"hr-HR\"}]}<\/script>\n<!-- \/ Yoast SEO plugin. -->","yoast_head_json":{"title":"Tehni\u010dki opis sustava Agava - Bioklimatska pergola Agava","description":"Proizvod Pergola Agava SL predstavlja bioklimatsku pergolu koja se sastoji od aluminijskih sastavnih dijelova, stupova, nosa\u010da i rotiraju\u0107ih lamela.","robots":{"index":"index","follow":"follow","max-snippet":"max-snippet:-1","max-image-preview":"max-image-preview:large","max-video-preview":"max-video-preview:-1"},"canonical":"https:\/\/pergola-agava.si\/hr\/tehnicki-opis-sustava-agava\/","og_locale":"hr_HR","og_type":"article","og_title":"Tehni\u010dki opis sustava Agava - Bioklimatska pergola Agava","og_description":"Proizvod Pergola Agava SL predstavlja bioklimatsku pergolu koja se sastoji od aluminijskih sastavnih dijelova, stupova, nosa\u010da i rotiraju\u0107ih lamela.","og_url":"https:\/\/pergola-agava.si\/hr\/tehnicki-opis-sustava-agava\/","og_site_name":"Bioklimatska pergola Agava","article_modified_time":"2021-06-11T13:06:41+00:00","twitter_card":"summary_large_image","twitter_misc":{"Est. reading time":"2 minutes"},"schema":{"@context":"https:\/\/schema.org","@graph":[{"@type":"WebPage","@id":"https:\/\/pergola-agava.si\/hr\/tehnicki-opis-sustava-agava\/","url":"https:\/\/pergola-agava.si\/hr\/tehnicki-opis-sustava-agava\/","name":"Tehni\u010dki opis sustava Agava - Bioklimatska pergola Agava","isPartOf":{"@id":"https:\/\/pergola-agava.si\/hr\/#website"},"datePublished":"2021-06-08T11:10:54+00:00","dateModified":"2021-06-11T13:06:41+00:00","description":"Proizvod Pergola Agava SL predstavlja bioklimatsku pergolu koja se sastoji od aluminijskih sastavnih dijelova, stupova, nosa\u010da i rotiraju\u0107ih lamela.","breadcrumb":{"@id":"https:\/\/pergola-agava.si\/hr\/tehnicki-opis-sustava-agava\/#breadcrumb"},"inLanguage":"hr-HR","potentialAction":[{"@type":"ReadAction","target":["https:\/\/pergola-agava.si\/hr\/tehnicki-opis-sustava-agava\/"]}]},{"@type":"BreadcrumbList","@id":"https:\/\/pergola-agava.si\/hr\/tehnicki-opis-sustava-agava\/#breadcrumb","itemListElement":[{"@type":"ListItem","position":1,"name":"Home","item":"https:\/\/pergola-agava.si\/hr\/"},{"@type":"ListItem","position":2,"name":"Tehni\u010dki opis sustava Agava"}]},{"@type":"WebSite","@id":"https:\/\/pergola-agava.si\/hr\/#website","url":"https:\/\/pergola-agava.si\/hr\/","name":"Bioklimatska pergola Agava","description":"","potentialAction":[{"@type":"SearchAction","target":{"@type":"EntryPoint","urlTemplate":"https:\/\/pergola-agava.si\/hr\/?s={search_term_string}"},"query-input":"required name=search_term_string"}],"inLanguage":"hr-HR"}]}},"_links":{"self":[{"href":"https:\/\/pergola-agava.si\/hr\/wp-json\/wp\/v2\/pages\/15853"}],"collection":[{"href":"https:\/\/pergola-agava.si\/hr\/wp-json\/wp\/v2\/pages"}],"about":[{"href":"https:\/\/pergola-agava.si\/hr\/wp-json\/wp\/v2\/types\/page"}],"author":[{"embeddable":true,"href":"https:\/\/pergola-agava.si\/hr\/wp-json\/wp\/v2\/users\/1"}],"replies":[{"embeddable":true,"href":"https:\/\/pergola-agava.si\/hr\/wp-json\/wp\/v2\/comments?post=15853"}],"version-history":[{"count":2,"href":"https:\/\/pergola-agava.si\/hr\/wp-json\/wp\/v2\/pages\/15853\/revisions"}],"predecessor-version":[{"id":15860,"href":"https:\/\/pergola-agava.si\/hr\/wp-json\/wp\/v2\/pages\/15853\/revisions\/15860"}],"wp:attachment":[{"href":"https:\/\/pergola-agava.si\/hr\/wp-json\/wp\/v2\/media?parent=15853"}],"curies":[{"name":"wp","href":"https:\/\/api.w.org\/{rel}","templated":true}]}}