{"id":15727,"date":"2021-05-11T13:25:09","date_gmt":"2021-05-11T11:25:09","guid":{"rendered":"https:\/\/pergola-agava.si\/servis\/"},"modified":"2024-01-19T15:09:47","modified_gmt":"2024-01-19T14:09:47","slug":"servis","status":"publish","type":"page","link":"https:\/\/pergola-agava.si\/hr\/servis\/","title":{"rendered":"Servis"},"content":{"rendered":"\t\t<div data-elementor-type=\"wp-page\" data-elementor-id=\"15727\" class=\"elementor elementor-15727 elementor-15613\" data-elementor-settings=\"[]\">\n\t\t\t<div class=\"elementor-inner\">\n\t\t\t\t<div class=\"elementor-section-wrap\">\n\t\t\t\t\t\t\t<section class=\"elementor-element elementor-element-6882598 elementor-section-boxed elementor-section-height-default elementor-section-height-default elementor-section elementor-top-section\" data-id=\"6882598\" data-element_type=\"section\">\n\t\t\t\t\t\t<div class=\"elementor-container elementor-column-gap-default\">\n\t\t\t\t<div class=\"elementor-row\">\n\t\t\t\t<div class=\"elementor-element elementor-element-5536175 elementor-column elementor-col-100 elementor-top-column\" data-id=\"5536175\" data-element_type=\"column\">\n\t\t\t<div class=\"elementor-column-wrap  elementor-element-populated\">\n\t\t\t\t\t<div class=\"elementor-widget-wrap\">\n\t\t\t\t<div class=\"elementor-element elementor-element-466b94f elementor-widget elementor-widget-text-editor\" data-id=\"466b94f\" data-element_type=\"widget\" data-widget_type=\"text-editor.default\">\n\t\t\t\t<div class=\"elementor-widget-container\">\n\t\t\t\t\t<div class=\"elementor-text-editor elementor-clearfix\"><p><strong>Redovito odr\u017eavanje proizvoda &#8220;Agava outdoor living&#8221; \u2013 pergole, fiksne nadstre\u0161nice i dodatna oprema &#8211; uvjet je za odr\u017eavanje osnovnih svojstava proizvoda i njihov dug vijek trajanja.<\/strong> Najve\u0107a pogre\u0161ka koju mo\u017eemo napraviti kao odgovoran vlasnik je prepu\u0161tanje proizvoda utjecaju okoli\u0161a bez ikakvog odr\u017eavanja.<\/p><p><strong>U tvrtki SOLTEC pru\u017eamo profesionalnu uslugu servisa i redovite preglede u svrhu odr\u017eavanja koje provode na\u0161i serviseri.<\/strong>\u00a0Profesionalno izvr\u0161avanje redovitih pregleda u svrhu odr\u017eavanja i servisa jam\u010di dugotrajno i besprijekorno funkcioniranje proizvoda i povezane u\u0161tede.<\/p><\/div>\n\t\t\t\t<\/div>\n\t\t\t\t<\/div>\n\t\t\t\t\t\t<\/div>\n\t\t\t<\/div>\n\t\t<\/div>\n\t\t\t\t\t\t<\/div>\n\t\t\t<\/div>\n\t\t<\/section>\n\t\t\t\t<section class=\"elementor-element elementor-element-1767510 elementor-section-boxed elementor-section-height-default elementor-section-height-default elementor-section elementor-top-section\" data-id=\"1767510\" data-element_type=\"section\">\n\t\t\t\t\t\t<div class=\"elementor-container elementor-column-gap-default\">\n\t\t\t\t<div class=\"elementor-row\">\n\t\t\t\t<div class=\"elementor-element elementor-element-c89e99a elementor-column elementor-col-100 elementor-top-column\" data-id=\"c89e99a\" data-element_type=\"column\">\n\t\t\t<div class=\"elementor-column-wrap  elementor-element-populated\">\n\t\t\t\t\t<div class=\"elementor-widget-wrap\">\n\t\t\t\t<div class=\"elementor-element elementor-element-b43b356 elementor-widget elementor-widget-spacer\" data-id=\"b43b356\" data-element_type=\"widget\" data-widget_type=\"spacer.default\">\n\t\t\t\t<div class=\"elementor-widget-container\">\n\t\t\t\t\t<div class=\"elementor-spacer\">\n\t\t\t<div class=\"elementor-spacer-inner\"><\/div>\n\t\t<\/div>\n\t\t\t\t<\/div>\n\t\t\t\t<\/div>\n\t\t\t\t<div class=\"elementor-element elementor-element-060cd42 elementor-widget elementor-widget-heading\" data-id=\"060cd42\" data-element_type=\"widget\" data-widget_type=\"heading.default\">\n\t\t\t\t<div class=\"elementor-widget-container\">\n\t\t\t<h3 class=\"elementor-heading-title elementor-size-default\">Cjenik odr\u017eavanja i servisiranja proizvoda \"Agava outdoor living\"<\/h3>\t\t<\/div>\n\t\t\t\t<\/div>\n\t\t\t\t<div class=\"elementor-element elementor-element-9f142e1 elementor-widget elementor-widget-text-editor\" data-id=\"9f142e1\" data-element_type=\"widget\" data-widget_type=\"text-editor.default\">\n\t\t\t\t<div class=\"elementor-widget-container\">\n\t\t\t\t\t<div class=\"elementor-text-editor elementor-clearfix\"><p>Radovi servisa i odr\u017eavanja obavljaju se na temelju pisanog naloga putem elektroni\u010dkog obrasca. <a href=\"https:\/\/pergola-agava.si\/hr\/zahtjeva-za-servis\/\"><strong>ZAHTJEVA ZA SERVIS<\/strong><\/a><\/p><p>Molimo vas da uz nalog obavezno navedete:<\/p><ul><li>Broj projekta proizvoda<\/li><li>Detaljan opis pogre\u0161ke, odnosno kvara<\/li><\/ul><\/div>\n\t\t\t\t<\/div>\n\t\t\t\t<\/div>\n\t\t\t\t<div class=\"elementor-element elementor-element-356a753 elementor-hidden-phone elementor-widget elementor-widget-html\" data-id=\"356a753\" data-element_type=\"widget\" data-widget_type=\"html.default\">\n\t\t\t\t<div class=\"elementor-widget-container\">\n\t\t\t<div >\n  <table style=\"border-collapse: collapse;\n  border-spacing: 0;\n  width: 100%;\n  border: 1px solid #ddd;\">\n    <tr>\n      <th><\/th>\n      <th>OPIS USLUGE<\/th>\n      <th>ZEMLJA<\/th>\n      <th>JEDINICA MJERE<\/th>\n      <th>NETO TRO\u0160AK SATA<\/th>\n      <th>POREZ U %<\/th>\n      <th>VRIJEDNOST POREZA<\/th>\n      <th>UKUPNI BRUTO TRO\u0160AK<\/th>\n    <\/tr>\n    <tr>\n      <td>1<\/td>\n      <td>REDOVITA USLUGA GODI\u0160NJEG<br> ODR\u017dAVANJA ZA JEDNU PERGOLU ILI CARPORTO<\/td>\n      <td>HR<\/td>\n      <td>USLUGA<\/td>\n      <td>259,00 \u20ac<\/td>\n      <td>25 %<\/td>\n      <td>64,75 \u20ac<\/td>\n      <td>323,75 \u20ac<\/td>\n    <\/tr>\n    <tr>\n      <td>2<\/td>\n      <td>RADNI SAT SERVISERA<\/td>\n      <td>HR<\/td>\n      <td>SAT<\/td>\n      <td>49,00 \u20ac<\/td>\n      <td>25 %<\/td>\n      <td>12,25 \u20ac<\/td>\n      <td>61,25 \u20ac<\/td>\n    <\/tr>\n    <tr>\n      <td>3<\/td>\n      <td>VRIJEME PUTOVANJA SERVISERA<\/td>\n      <td>HR<\/td>\n      <td>SAT<\/td>\n      <td>25,00 \u20ac<\/td>\n      <td>25 %<\/td>\n      <td>6,25 \u20ac<\/td>\n      <td>31,25 \u20ac<\/td>\n    <\/tr>\n    <tr>\n      <td>3<\/td>\n      <td>RADNI SAT V RADIONICI<\/td>\n      <td>HR<\/td>\n      <td>SAT<\/td>\n      <td>29,00 \u20ac<\/td>\n      <td>25 %<\/td>\n      <td>7,25 \u20ac<\/td>\n      <td>36,25 \u20ac<\/td>\n    <\/tr>\n    <tr>\n      <td>4<\/td>\n      <td>KILOMETRA\u017dA<\/td>\n      <td>HR<\/td>\n      <td>KM<\/td>\n      <td>0,49 \u20ac<\/td>\n      <td>25 %<\/td>\n      <td>0,12 \u20ac<\/td>\n      <td>0,61 \u20ac<\/td>\n    <\/tr>\n <\/table>\n<\/div>\t\t<\/div>\n\t\t\t\t<\/div>\n\t\t\t\t<div class=\"elementor-element elementor-element-c5b7f03 elementor-hidden-desktop elementor-hidden-tablet elementor-widget elementor-widget-image\" data-id=\"c5b7f03\" data-element_type=\"widget\" data-widget_type=\"image.default\">\n\t\t\t\t<div class=\"elementor-widget-container\">\n\t\t\t\t\t<div class=\"elementor-image\">\n\t\t\t\t\t\t\t\t\t\t\t<a href=\"https:\/\/pergola-agava.si\/wp-content\/uploads\/2024\/01\/servis-2024-hr.png\" data-elementor-open-lightbox=\"yes\" data-elementor-lightbox-title=\"servis-2024-hr\">\n\t\t\t\t\t\t\t<img width=\"1024\" height=\"247\" src=\"https:\/\/pergola-agava.si\/wp-content\/uploads\/2024\/01\/servis-2024-hr-1024x247.png\" class=\"attachment-large size-large\" alt=\"\" decoding=\"async\" loading=\"lazy\" srcset=\"https:\/\/pergola-agava.si\/wp-content\/uploads\/2024\/01\/servis-2024-hr-1024x247.png 1024w, https:\/\/pergola-agava.si\/wp-content\/uploads\/2024\/01\/servis-2024-hr-300x72.png 300w, https:\/\/pergola-agava.si\/wp-content\/uploads\/2024\/01\/servis-2024-hr-768x185.png 768w, https:\/\/pergola-agava.si\/wp-content\/uploads\/2024\/01\/servis-2024-hr.png 1170w\" sizes=\"(max-width: 1024px) 100vw, 1024px\" \/>\t\t\t\t\t\t\t\t<\/a>\n\t\t\t\t\t\t\t\t\t\t\t<\/div>\n\t\t\t\t<\/div>\n\t\t\t\t<\/div>\n\t\t\t\t<div class=\"elementor-element elementor-element-0851f63 elementor-widget elementor-widget-spacer\" data-id=\"0851f63\" data-element_type=\"widget\" data-widget_type=\"spacer.default\">\n\t\t\t\t<div class=\"elementor-widget-container\">\n\t\t\t\t\t<div class=\"elementor-spacer\">\n\t\t\t<div class=\"elementor-spacer-inner\"><\/div>\n\t\t<\/div>\n\t\t\t\t<\/div>\n\t\t\t\t<\/div>\n\t\t\t\t<div class=\"elementor-element elementor-element-a48a212 elementor-widget elementor-widget-text-editor\" data-id=\"a48a212\" data-element_type=\"widget\" data-widget_type=\"text-editor.default\">\n\t\t\t\t<div class=\"elementor-widget-container\">\n\t\t\t\t\t<div class=\"elementor-text-editor elementor-clearfix\"><p><strong>VA\u017dNO!<\/strong><\/p><p><strong>Redovita usluga godi\u0161njeg odr\u017eavanja uklju\u010duje sljede\u0107e radove<\/strong>:<\/p><ul><li>pregled i kontrola funkcioniranja,<\/li><li>pregled mehani\u010dkih dijelova,<\/li><li>pregled elektri\u010dnih dijelova,<\/li><li>pregled i pode\u0161avanje funkcija elektronike,<\/li><li>\u010di\u0161\u0107enje \u017eljebova<\/li><\/ul><p>Prvi radni sat usluge servisa napla\u0107uje se u cijelosti, bez obzira na trajanje intervencije. Uz to, kori\u0161teni materijal napla\u0107uje se prema inventaru i trenutno va\u017ee\u0107em cjeniku. Za nabavu potrebnih rezervnih dijelova i potro\u0161nog materijala odgovoran je izvo\u0111a\u010d, a platitelj rezervnih dijelova, nakon isteka jamstvenog roka i potro\u0161nog materijala za pojedine ure\u0111aje je naru\u010ditelj. <strong>Prilikom izvo\u0111enja ve\u0107ih intervencijskih i redovitih radova (zamjena neispravnih dijelova), naru\u010ditelj \u0107e unaprijed potvrditi vrijednost tih radova prema predra\u010dunu izvo\u0111a\u010da.<\/strong> Izvo\u0111a\u010d \u0107e izdati ra\u010dun za svaku izvedenu intervenciju odr\u017eavanja na temelju stvarnih tro\u0161kova, dostavljenog radnog naloga, odnosno ugra\u0111enog materijala, potpisanog od strane naru\u010ditelja i va\u017ee\u0107eg cjenika izvo\u0111a\u010da. Sve uplate i nalozi podlije\u017eu op\u0107im uvjetima poslovanja tvrtke SOLTEC d.o.o., koji su javno dostupni na: <a href=\"https:\/\/pergola-agava.si\/hr\/opci-uvjeti-poslovanja-za-potrosacke-ugovore\/\"><strong>op\u0107i uvjeti poslovanja<\/strong><\/a>.<\/p><\/div>\n\t\t\t\t<\/div>\n\t\t\t\t<\/div>\n\t\t\t\t\t\t<\/div>\n\t\t\t<\/div>\n\t\t<\/div>\n\t\t\t\t\t\t<\/div>\n\t\t\t<\/div>\n\t\t<\/section>\n\t\t\t\t\t\t<\/div>\n\t\t\t<\/div>\n\t\t<\/div>\n\t\t","protected":false},"excerpt":{"rendered":"<p>Redovito odr\u017eavanje proizvoda &#8220;Agava outdoor living&#8221; \u2013 pergole, fiksne nadstre\u0161nice i dodatna oprema &#8211; uvjet je za odr\u017eavanje osnovnih svojstava proizvoda i njihov dug vijek trajanja. Najve\u0107a pogre\u0161ka koju mo\u017eemo napraviti kao odgovoran vlasnik je prepu\u0161tanje proizvoda utjecaju okoli\u0161a bez ikakvog odr\u017eavanja. U tvrtki SOLTEC pru\u017eamo profesionalnu uslugu servisa i redovite preglede u svrhu odr\u017eavanja [&hellip;]<\/p>\n","protected":false},"author":1,"featured_media":0,"parent":0,"menu_order":0,"comment_status":"closed","ping_status":"closed","template":"","meta":{"content-type":"","inline_featured_image":false},"yoast_head":"<!-- This site is optimized with the Yoast SEO plugin v21.6 - https:\/\/yoast.com\/wordpress\/plugins\/seo\/ -->\n<title>Servis - Bioklimatska pergola Agava<\/title>\n<meta name=\"description\" content=\"Redovito odr\u017eavanje proizvoda &quot;Agava outdoor living&quot; \u2013 pergole, fiksne nadstre\u0161nice i dodatna oprema - uvjet je za odr\u017eavanje osnovnih svojstava proizvoda\" \/>\n<meta name=\"robots\" content=\"index, follow, max-snippet:-1, max-image-preview:large, max-video-preview:-1\" \/>\n<link rel=\"canonical\" href=\"https:\/\/pergola-agava.si\/hr\/servis\/\" \/>\n<meta property=\"og:locale\" content=\"hr_HR\" \/>\n<meta property=\"og:type\" content=\"article\" \/>\n<meta property=\"og:title\" content=\"Servis - Bioklimatska pergola Agava\" \/>\n<meta property=\"og:description\" content=\"Redovito odr\u017eavanje proizvoda &quot;Agava outdoor living&quot; \u2013 pergole, fiksne nadstre\u0161nice i dodatna oprema - uvjet je za odr\u017eavanje osnovnih svojstava proizvoda\" \/>\n<meta property=\"og:url\" content=\"https:\/\/pergola-agava.si\/hr\/servis\/\" \/>\n<meta property=\"og:site_name\" content=\"Bioklimatska pergola Agava\" \/>\n<meta property=\"article:modified_time\" content=\"2024-01-19T14:09:47+00:00\" \/>\n<meta property=\"og:image\" content=\"https:\/\/pergola-agava.si\/wp-content\/uploads\/2024\/01\/servis-2024-hr-1024x247.png\" \/>\n<meta name=\"twitter:card\" content=\"summary_large_image\" \/>\n<meta name=\"twitter:label1\" content=\"Est. reading time\" \/>\n\t<meta name=\"twitter:data1\" content=\"3 minutes\" \/>\n<script type=\"application\/ld+json\" class=\"yoast-schema-graph\">{\"@context\":\"https:\/\/schema.org\",\"@graph\":[{\"@type\":\"WebPage\",\"@id\":\"https:\/\/pergola-agava.si\/hr\/servis\/\",\"url\":\"https:\/\/pergola-agava.si\/hr\/servis\/\",\"name\":\"Servis - Bioklimatska pergola Agava\",\"isPartOf\":{\"@id\":\"https:\/\/pergola-agava.si\/hr\/#website\"},\"datePublished\":\"2021-05-11T11:25:09+00:00\",\"dateModified\":\"2024-01-19T14:09:47+00:00\",\"description\":\"Redovito odr\u017eavanje proizvoda \\\"Agava outdoor living\\\" \u2013 pergole, fiksne nadstre\u0161nice i dodatna oprema - uvjet je za odr\u017eavanje osnovnih svojstava proizvoda\",\"breadcrumb\":{\"@id\":\"https:\/\/pergola-agava.si\/hr\/servis\/#breadcrumb\"},\"inLanguage\":\"hr-HR\",\"potentialAction\":[{\"@type\":\"ReadAction\",\"target\":[\"https:\/\/pergola-agava.si\/hr\/servis\/\"]}]},{\"@type\":\"BreadcrumbList\",\"@id\":\"https:\/\/pergola-agava.si\/hr\/servis\/#breadcrumb\",\"itemListElement\":[{\"@type\":\"ListItem\",\"position\":1,\"name\":\"Home\",\"item\":\"https:\/\/pergola-agava.si\/hr\/\"},{\"@type\":\"ListItem\",\"position\":2,\"name\":\"Servis\"}]},{\"@type\":\"WebSite\",\"@id\":\"https:\/\/pergola-agava.si\/hr\/#website\",\"url\":\"https:\/\/pergola-agava.si\/hr\/\",\"name\":\"Bioklimatska pergola Agava\",\"description\":\"\",\"potentialAction\":[{\"@type\":\"SearchAction\",\"target\":{\"@type\":\"EntryPoint\",\"urlTemplate\":\"https:\/\/pergola-agava.si\/hr\/?s={search_term_string}\"},\"query-input\":\"required name=search_term_string\"}],\"inLanguage\":\"hr-HR\"}]}<\/script>\n<!-- \/ Yoast SEO plugin. -->","yoast_head_json":{"title":"Servis - Bioklimatska pergola Agava","description":"Redovito odr\u017eavanje proizvoda \"Agava outdoor living\" \u2013 pergole, fiksne nadstre\u0161nice i dodatna oprema - uvjet je za odr\u017eavanje osnovnih svojstava proizvoda","robots":{"index":"index","follow":"follow","max-snippet":"max-snippet:-1","max-image-preview":"max-image-preview:large","max-video-preview":"max-video-preview:-1"},"canonical":"https:\/\/pergola-agava.si\/hr\/servis\/","og_locale":"hr_HR","og_type":"article","og_title":"Servis - Bioklimatska pergola Agava","og_description":"Redovito odr\u017eavanje proizvoda \"Agava outdoor living\" \u2013 pergole, fiksne nadstre\u0161nice i dodatna oprema - uvjet je za odr\u017eavanje osnovnih svojstava proizvoda","og_url":"https:\/\/pergola-agava.si\/hr\/servis\/","og_site_name":"Bioklimatska pergola Agava","article_modified_time":"2024-01-19T14:09:47+00:00","og_image":[{"url":"https:\/\/pergola-agava.si\/wp-content\/uploads\/2024\/01\/servis-2024-hr-1024x247.png"}],"twitter_card":"summary_large_image","twitter_misc":{"Est. reading time":"3 minutes"},"schema":{"@context":"https:\/\/schema.org","@graph":[{"@type":"WebPage","@id":"https:\/\/pergola-agava.si\/hr\/servis\/","url":"https:\/\/pergola-agava.si\/hr\/servis\/","name":"Servis - Bioklimatska pergola Agava","isPartOf":{"@id":"https:\/\/pergola-agava.si\/hr\/#website"},"datePublished":"2021-05-11T11:25:09+00:00","dateModified":"2024-01-19T14:09:47+00:00","description":"Redovito odr\u017eavanje proizvoda \"Agava outdoor living\" \u2013 pergole, fiksne nadstre\u0161nice i dodatna oprema - uvjet je za odr\u017eavanje osnovnih svojstava proizvoda","breadcrumb":{"@id":"https:\/\/pergola-agava.si\/hr\/servis\/#breadcrumb"},"inLanguage":"hr-HR","potentialAction":[{"@type":"ReadAction","target":["https:\/\/pergola-agava.si\/hr\/servis\/"]}]},{"@type":"BreadcrumbList","@id":"https:\/\/pergola-agava.si\/hr\/servis\/#breadcrumb","itemListElement":[{"@type":"ListItem","position":1,"name":"Home","item":"https:\/\/pergola-agava.si\/hr\/"},{"@type":"ListItem","position":2,"name":"Servis"}]},{"@type":"WebSite","@id":"https:\/\/pergola-agava.si\/hr\/#website","url":"https:\/\/pergola-agava.si\/hr\/","name":"Bioklimatska pergola Agava","description":"","potentialAction":[{"@type":"SearchAction","target":{"@type":"EntryPoint","urlTemplate":"https:\/\/pergola-agava.si\/hr\/?s={search_term_string}"},"query-input":"required name=search_term_string"}],"inLanguage":"hr-HR"}]}},"_links":{"self":[{"href":"https:\/\/pergola-agava.si\/hr\/wp-json\/wp\/v2\/pages\/15727"}],"collection":[{"href":"https:\/\/pergola-agava.si\/hr\/wp-json\/wp\/v2\/pages"}],"about":[{"href":"https:\/\/pergola-agava.si\/hr\/wp-json\/wp\/v2\/types\/page"}],"author":[{"embeddable":true,"href":"https:\/\/pergola-agava.si\/hr\/wp-json\/wp\/v2\/users\/1"}],"replies":[{"embeddable":true,"href":"https:\/\/pergola-agava.si\/hr\/wp-json\/wp\/v2\/comments?post=15727"}],"version-history":[{"count":7,"href":"https:\/\/pergola-agava.si\/hr\/wp-json\/wp\/v2\/pages\/15727\/revisions"}],"predecessor-version":[{"id":18432,"href":"https:\/\/pergola-agava.si\/hr\/wp-json\/wp\/v2\/pages\/15727\/revisions\/18432"}],"wp:attachment":[{"href":"https:\/\/pergola-agava.si\/hr\/wp-json\/wp\/v2\/media?parent=15727"}],"curies":[{"name":"wp","href":"https:\/\/api.w.org\/{rel}","templated":true}]}}