{"id":7278,"date":"2020-03-18T21:43:15","date_gmt":"2020-03-18T20:43:15","guid":{"rendered":"https:\/\/pergola-agava.si\/za-arhitekte\/"},"modified":"2020-06-23T16:29:04","modified_gmt":"2020-06-23T14:29:04","slug":"pour-les-architectes","status":"publish","type":"page","link":"https:\/\/pergola-agava.si\/fr\/pour-les-architectes\/","title":{"rendered":"Mod\u00e8les de pergola pour architectes"},"content":{"rendered":"\t\t<div data-elementor-type=\"wp-page\" data-elementor-id=\"7278\" class=\"elementor elementor-7278 elementor-5562\" data-elementor-settings=\"[]\">\n\t\t\t<div class=\"elementor-inner\">\n\t\t\t\t<div class=\"elementor-section-wrap\">\n\t\t\t\t\t\t\t<section class=\"elementor-element elementor-element-fb110a2 elementor-section-boxed elementor-section-height-default elementor-section-height-default elementor-section elementor-top-section\" data-id=\"fb110a2\" data-element_type=\"section\">\n\t\t\t\t\t\t<div class=\"elementor-container elementor-column-gap-default\">\n\t\t\t\t<div class=\"elementor-row\">\n\t\t\t\t<div class=\"elementor-element elementor-element-22856d6 elementor-column elementor-col-100 elementor-top-column\" data-id=\"22856d6\" data-element_type=\"column\">\n\t\t\t<div class=\"elementor-column-wrap  elementor-element-populated\">\n\t\t\t\t\t<div class=\"elementor-widget-wrap\">\n\t\t\t\t<div class=\"elementor-element elementor-element-dd44bc0 elementor-widget elementor-widget-text-editor\" data-id=\"dd44bc0\" data-element_type=\"widget\" data-widget_type=\"text-editor.default\">\n\t\t\t\t<div class=\"elementor-widget-container\">\n\t\t\t\t\t<div class=\"elementor-text-editor elementor-clearfix\">Nous sommes ravis que la pergola bioclimatique Agava vous int\u00e9resse. Les mod\u00e8les BIM sont disponibles. Veuillez vous enregistrer ou vous connecter.<\/div>\n\t\t\t\t<\/div>\n\t\t\t\t<\/div>\n\t\t\t\t<div class=\"elementor-element elementor-element-a7440bf elementor-widget elementor-widget-spacer\" data-id=\"a7440bf\" data-element_type=\"widget\" data-widget_type=\"spacer.default\">\n\t\t\t\t<div class=\"elementor-widget-container\">\n\t\t\t\t\t<div class=\"elementor-spacer\">\n\t\t\t<div class=\"elementor-spacer-inner\"><\/div>\n\t\t<\/div>\n\t\t\t\t<\/div>\n\t\t\t\t<\/div>\n\t\t\t\t\t\t<\/div>\n\t\t\t<\/div>\n\t\t<\/div>\n\t\t\t\t\t\t<\/div>\n\t\t\t<\/div>\n\t\t<\/section>\n\t\t\t\t<section class=\"elementor-element elementor-element-882ceee elementor-section-boxed elementor-section-height-default elementor-section-height-default elementor-section elementor-top-section\" data-id=\"882ceee\" data-element_type=\"section\">\n\t\t\t\t\t\t<div class=\"elementor-container elementor-column-gap-default\">\n\t\t\t\t<div class=\"elementor-row\">\n\t\t\t\t<div class=\"elementor-element elementor-element-622d0e6 elementor-column elementor-col-50 elementor-top-column\" data-id=\"622d0e6\" data-element_type=\"column\">\n\t\t\t<div class=\"elementor-column-wrap  elementor-element-populated\">\n\t\t\t\t\t<div class=\"elementor-widget-wrap\">\n\t\t\t\t<div class=\"elementor-element elementor-element-8ffc945 elementor-widget elementor-widget-heading\" data-id=\"8ffc945\" data-element_type=\"widget\" data-widget_type=\"heading.default\">\n\t\t\t\t<div class=\"elementor-widget-container\">\n\t\t\t<h3 class=\"elementor-heading-title elementor-size-default\"><b>Connexion<\/b> pour les architectes existants<\/h3>\t\t<\/div>\n\t\t\t\t<\/div>\n\t\t\t\t<div class=\"elementor-element elementor-element-4df3e4f elementor-widget elementor-widget-spacer\" data-id=\"4df3e4f\" data-element_type=\"widget\" data-widget_type=\"spacer.default\">\n\t\t\t\t<div class=\"elementor-widget-container\">\n\t\t\t\t\t<div class=\"elementor-spacer\">\n\t\t\t<div class=\"elementor-spacer-inner\"><\/div>\n\t\t<\/div>\n\t\t\t\t<\/div>\n\t\t\t\t<\/div>\n\t\t\t\t<div class=\"elementor-element elementor-element-17c38f4 elementor-widget elementor-widget-text-editor\" data-id=\"17c38f4\" data-element_type=\"widget\" data-widget_type=\"text-editor.default\">\n\t\t\t\t<div class=\"elementor-widget-container\">\n\t\t\t\t\t<div class=\"elementor-text-editor elementor-clearfix\"><p><div class=\"swpm-login-widget-form\">\n    <form id=\"swpm-login-form\" name=\"swpm-login-form\" method=\"post\" action=\"\">\n        <div class=\"swpm-login-form-inner\">\n            <div class=\"swpm-username-label\">\n                <label for=\"swpm_user_name\" class=\"swpm-label\">Nom d\u2019utilisateur ou adresse e-mail<\/label>\n            <\/div>\n            <div class=\"swpm-username-input\">\n                <input type=\"text\" class=\"swpm-text-field swpm-username-field\" id=\"swpm_user_name\" value=\"\" size=\"25\" name=\"swpm_user_name\" \/>\n            <\/div>\n            <div class=\"swpm-password-label\">\n                <label for=\"swpm_password\" class=\"swpm-label\">Mot de passe<\/label>\n            <\/div>\n            <div class=\"swpm-password-input\">\n                <input type=\"password\" class=\"swpm-text-field swpm-password-field\" id=\"swpm_password\" value=\"\" size=\"25\" name=\"swpm_password\" \/>\n            <\/div>\n            <div class=\"swpm-remember-me\">\n                <span class=\"swpm-remember-checkbox\"><input type=\"checkbox\" name=\"rememberme\" value=\"checked='checked'\"><\/span>\n                <span class=\"swpm-rember-label\"> Se souvenir de moi<\/span>\n            <\/div>\n            \n            <div class=\"swpm-before-login-submit-section\"><\/div>\n            \n            <div class=\"swpm-login-submit\">\n                <input type=\"submit\" class=\"swpm-login-form-submit\" name=\"swpm-login\" value=\"Connexion\"\/>\n            <\/div>\n            <div class=\"swpm-forgot-pass-link\">\n                <a id=\"forgot_pass\" class=\"swpm-login-form-pw-reset-link\"  href=\"#\">Mot de passe oubli\u00e9?<\/a>\n            <\/div>\n            <div class=\"swpm-join-us-link\">\n                <a id=\"register\" class=\"swpm-login-form-register-link\" href=\"https:\/\/pergola-agava.si\/za-distributerje\/\">Vous abonner<\/a>\n            <\/div>\n            <div class=\"swpm-login-action-msg\">\n                <span class=\"swpm-login-widget-action-msg\"><\/span>\n            <\/div>\n        <\/div>\n    <\/form>\n<\/div>\n<\/p><\/div>\n\t\t\t\t<\/div>\n\t\t\t\t<\/div>\n\t\t\t\t\t\t<\/div>\n\t\t\t<\/div>\n\t\t<\/div>\n\t\t\t\t<div class=\"elementor-element elementor-element-c51a645 elementor-column elementor-col-50 elementor-top-column\" data-id=\"c51a645\" data-element_type=\"column\">\n\t\t\t<div class=\"elementor-column-wrap  elementor-element-populated\">\n\t\t\t\t\t<div class=\"elementor-widget-wrap\">\n\t\t\t\t<div class=\"elementor-element elementor-element-5e7e3d2 elementor-widget elementor-widget-heading\" data-id=\"5e7e3d2\" data-element_type=\"widget\" data-widget_type=\"heading.default\">\n\t\t\t\t<div class=\"elementor-widget-container\">\n\t\t\t<h3 class=\"elementor-heading-title elementor-size-default\"><b>Enregistrement<\/b> pour les nouveaux architectes<\/h3>\t\t<\/div>\n\t\t\t\t<\/div>\n\t\t\t\t<div class=\"elementor-element elementor-element-12a3c86 elementor-widget elementor-widget-spacer\" data-id=\"12a3c86\" data-element_type=\"widget\" data-widget_type=\"spacer.default\">\n\t\t\t\t<div class=\"elementor-widget-container\">\n\t\t\t\t\t<div class=\"elementor-spacer\">\n\t\t\t<div class=\"elementor-spacer-inner\"><\/div>\n\t\t<\/div>\n\t\t\t\t<\/div>\n\t\t\t\t<\/div>\n\t\t\t\t<div class=\"elementor-element elementor-element-174ecf4 elementor-widget elementor-widget-text-editor\" data-id=\"174ecf4\" data-element_type=\"widget\" data-widget_type=\"text-editor.default\">\n\t\t\t\t<div class=\"elementor-widget-container\">\n\t\t\t\t\t<div class=\"elementor-text-editor elementor-clearfix\"><p><div class=\"swpm-registration-widget-form\">\n    <form id=\"swpm-registration-form\" class=\"swpm-validate-form\" name=\"swpm-registration-form\" method=\"post\" action=\"\">\n        <input type =\"hidden\" name=\"level_identifier\" value=\"eccbc87e4b5ce2fe28308fd9f2a7baf3\" \/>\n        <table>\n            <tr class=\"swpm-registration-username-row\">\n                <td><label for=\"user_name\">Nom d\u2019utilisateur<\/label><\/td>\n                <td><input type=\"text\" id=\"user_name\" class=\"validate[required,custom[noapostrophe],custom[SWPMUserName],minSize[4],ajax[ajaxUserCall]]\" value=\"\" size=\"50\" name=\"user_name\" \/><\/td>\n            <\/tr>\n            <tr class=\"swpm-registration-email-row\">\n                <td><label for=\"email\">E-mail<\/label><\/td>\n                <td><input type=\"text\" autocomplete=\"off\" id=\"email\" class=\"validate[required,custom[email],ajax[ajaxEmailCall]]\" value=\"\" size=\"50\" name=\"email\" \/><\/td>\n            <\/tr>\n            <tr class=\"swpm-registration-password-row\">\n                <td><label for=\"password\">Mot de passe<\/label><\/td>\n                <td><input type=\"password\" autocomplete=\"off\" id=\"password\" class=\"\" value=\"\" size=\"50\" name=\"password\" \/><\/td>\n            <\/tr>\n            <tr class=\"swpm-registration-password-retype-row\">\n                <td><label for=\"password_re\">R\u00e9p\u00e9ter le mot de passe<\/label><\/td>\n                <td><input type=\"password\" autocomplete=\"off\" id=\"password_re\" value=\"\" size=\"50\" name=\"password_re\" \/><\/td>\n            <\/tr>\n            <tr class=\"swpm-registration-firstname-row\">\n                <td><label for=\"first_name\">Pr\u00e9nom<\/label><\/td>\n                <td><input type=\"text\" id=\"first_name\" class=\"validate[required]\" value=\"\" size=\"50\" name=\"first_name\" \/><\/td>\n            <\/tr>\n            <tr class=\"swpm-registration-lastname-row\">\n                <td><label for=\"last_name\">Nom<\/label><\/td>\n                <td><input type=\"text\" id=\"last_name\" class=\"validate[required]\" value=\"\" size=\"50\" name=\"last_name\" \/><\/td>\n            <\/tr>\n            <tr class=\"swpm-registration-company-row\">\n                <td><label for=\"company\">Podjetje<\/label><\/td>\n                <td><input type=\"text\" id=\"company\" class=\"validate[required]\" value=\"\" size=\"50\" name=\"company\" \/><\/td>\n            <\/tr>\n            <tr class=\"swpm-registration-phone-row\">\n                <td><label for=\"phone\">Telefonska \u0161tevilka<\/label><\/td>\n                <td><input type=\"text\" id=\"phone\" class=\"validate[required]\" value=\"\" size=\"50\" name=\"phone\" \/><\/td>\n            <\/tr>\n            <tr class=\"swpm-registration-web-row\">\n                <td><label for=\"web\">Dr\u017eava<\/label><\/td>\n                <td><input type=\"text\" id=\"country\" value=\"\" size=\"50\" name=\"web\" \/><\/td>\n            <\/tr>\n            <tr class=\"swpm-registration-web-row\">\n                <td><label for=\"podrocje\">Produkt<\/label><\/td>\n                <td>\n                    <select style='height:80px;' name=\"podrocje\"  id=\"podrocje\" multiple value=\"\">\n                        <option value=\"fizi\u010dne hi\u0161e\">Pergola Agava<\/option>\n                        <option value=\"hoteli\">Carport Agava<\/option>\n                    <\/select>\n                <\/td>\n            <\/tr>\n             <tr class=\"swpm-registration-web-row\">\n                <td><label for=\"web\">Sporo\u010dilo<\/label><\/td>\n                <td><input type=\"text\" id=\"message\" value=\"\" size=\"50\" name=\"message\" \/><\/td>\n            <\/tr>\n            <tr class=\"swpm-registration-membership-level-row\">\n                <td><label for=\"membership_level\">Niveau d&#8217;abonnement<\/label><\/td>\n                <td>\n                    Arhitekti<input type=\"hidden\" value=\"3\" size=\"50\" name=\"membership_level\" id=\"membership_level\" \/><input type=\"hidden\" name=\"swpm_level_hash\" value=\"d325c7d8065b887b47a9f749e2ad834d\" \/>                <\/td>\n            <\/tr>\n                            <tr>\n                    <td colspan=\"2\" style=\"text-align: center;\">\n                        <label><input type=\"checkbox\" id=\"accept_pt\" name=\"accept_pp\" class=\"validate[required]\" value=\"1\"> Je suis d&#8217;accord avec la <a href=\"https:\/\/pergola-agava.si\/varstvo-osebnih-podatkov\/\" target=\"_blank\">Politique de confidentialit\u00e9<\/a><\/label>\n                    <\/td>\n                <\/tr>\n                        <\/table>\n\n        <div class=\"swpm-before-registration-submit-section\" align=\"center\"><\/div>\n\n        <div class=\"swpm-registration-submit-section\" align=\"center\">\n            <input type=\"submit\" value=\"Inscription\" class=\"swpm-registration-submit\" name=\"swpm_registration_submit\" \/>\n        <\/div>\n\n        <input type=\"hidden\" name=\"action\" value=\"custom_posts\" \/>\n\n    <\/form>\n<\/div>\n<\/p><\/div>\n\t\t\t\t<\/div>\n\t\t\t\t<\/div>\n\t\t\t\t\t\t<\/div>\n\t\t\t<\/div>\n\t\t<\/div>\n\t\t\t\t\t\t<\/div>\n\t\t\t<\/div>\n\t\t<\/section>\n\t\t\t\t\t\t<\/div>\n\t\t\t<\/div>\n\t\t<\/div>\n\t\t","protected":false},"excerpt":{"rendered":"<p>Nous sommes ravis que la pergola bioclimatique Agava vous int\u00e9resse. Les mod\u00e8les BIM sont disponibles. Veuillez vous enregistrer ou vous connecter. Connexion pour les architectes existants Enregistrement pour les nouveaux architectes<\/p>\n","protected":false},"author":1,"featured_media":0,"parent":0,"menu_order":0,"comment_status":"closed","ping_status":"closed","template":"","meta":{"content-type":"","inline_featured_image":false},"yoast_head":"<!-- This site is optimized with the Yoast SEO plugin v21.6 - https:\/\/yoast.com\/wordpress\/plugins\/seo\/ -->\n<title>Mod\u00e8les de pergola pour architectes. Mod\u00e8les BIM pour pergola Agava<\/title>\n<meta name=\"description\" content=\"Nous sommes heureux de constater que vous \u00eates int\u00e9ress\u00e9 par nos pergolas bioclimatiques Agava. Vous pouvez choisir parmi les mod\u00e8les BIM. Veuillez vous inscrire ou vous connecter.\" \/>\n<meta name=\"robots\" content=\"index, follow, max-snippet:-1, max-image-preview:large, max-video-preview:-1\" \/>\n<link rel=\"canonical\" href=\"https:\/\/pergola-agava.si\/fr\/pour-les-architectes\/\" \/>\n<meta property=\"og:locale\" content=\"fr_FR\" \/>\n<meta property=\"og:type\" content=\"article\" \/>\n<meta property=\"og:title\" content=\"Mod\u00e8les de pergola pour architectes. Mod\u00e8les BIM pour pergola Agava\" \/>\n<meta property=\"og:description\" content=\"Nous sommes heureux de constater que vous \u00eates int\u00e9ress\u00e9 par nos pergolas bioclimatiques Agava. Vous pouvez choisir parmi les mod\u00e8les BIM. Veuillez vous inscrire ou vous connecter.\" \/>\n<meta property=\"og:url\" content=\"https:\/\/pergola-agava.si\/fr\/pour-les-architectes\/\" \/>\n<meta property=\"og:site_name\" content=\"Bioklimatska pergola Agava\" \/>\n<meta property=\"article:modified_time\" content=\"2020-06-23T14:29:04+00:00\" \/>\n<meta name=\"twitter:card\" content=\"summary_large_image\" \/>\n<script type=\"application\/ld+json\" class=\"yoast-schema-graph\">{\"@context\":\"https:\/\/schema.org\",\"@graph\":[{\"@type\":\"WebPage\",\"@id\":\"https:\/\/pergola-agava.si\/fr\/pour-les-architectes\/\",\"url\":\"https:\/\/pergola-agava.si\/fr\/pour-les-architectes\/\",\"name\":\"Mod\u00e8les de pergola pour architectes. Mod\u00e8les BIM pour pergola Agava\",\"isPartOf\":{\"@id\":\"https:\/\/pergola-agava.si\/fr\/#website\"},\"datePublished\":\"2020-03-18T20:43:15+00:00\",\"dateModified\":\"2020-06-23T14:29:04+00:00\",\"description\":\"Nous sommes heureux de constater que vous \u00eates int\u00e9ress\u00e9 par nos pergolas bioclimatiques Agava. Vous pouvez choisir parmi les mod\u00e8les BIM. Veuillez vous inscrire ou vous connecter.\",\"breadcrumb\":{\"@id\":\"https:\/\/pergola-agava.si\/fr\/pour-les-architectes\/#breadcrumb\"},\"inLanguage\":\"fr-FR\",\"potentialAction\":[{\"@type\":\"ReadAction\",\"target\":[\"https:\/\/pergola-agava.si\/fr\/pour-les-architectes\/\"]}]},{\"@type\":\"BreadcrumbList\",\"@id\":\"https:\/\/pergola-agava.si\/fr\/pour-les-architectes\/#breadcrumb\",\"itemListElement\":[{\"@type\":\"ListItem\",\"position\":1,\"name\":\"Home\",\"item\":\"https:\/\/pergola-agava.si\/fr\/\"},{\"@type\":\"ListItem\",\"position\":2,\"name\":\"Mod\u00e8les de pergola pour architectes\"}]},{\"@type\":\"WebSite\",\"@id\":\"https:\/\/pergola-agava.si\/fr\/#website\",\"url\":\"https:\/\/pergola-agava.si\/fr\/\",\"name\":\"Bioklimatska pergola Agava\",\"description\":\"\",\"potentialAction\":[{\"@type\":\"SearchAction\",\"target\":{\"@type\":\"EntryPoint\",\"urlTemplate\":\"https:\/\/pergola-agava.si\/fr\/?s={search_term_string}\"},\"query-input\":\"required name=search_term_string\"}],\"inLanguage\":\"fr-FR\"}]}<\/script>\n<!-- \/ Yoast SEO plugin. -->","yoast_head_json":{"title":"Mod\u00e8les de pergola pour architectes. Mod\u00e8les BIM pour pergola Agava","description":"Nous sommes heureux de constater que vous \u00eates int\u00e9ress\u00e9 par nos pergolas bioclimatiques Agava. Vous pouvez choisir parmi les mod\u00e8les BIM. Veuillez vous inscrire ou vous connecter.","robots":{"index":"index","follow":"follow","max-snippet":"max-snippet:-1","max-image-preview":"max-image-preview:large","max-video-preview":"max-video-preview:-1"},"canonical":"https:\/\/pergola-agava.si\/fr\/pour-les-architectes\/","og_locale":"fr_FR","og_type":"article","og_title":"Mod\u00e8les de pergola pour architectes. Mod\u00e8les BIM pour pergola Agava","og_description":"Nous sommes heureux de constater que vous \u00eates int\u00e9ress\u00e9 par nos pergolas bioclimatiques Agava. Vous pouvez choisir parmi les mod\u00e8les BIM. Veuillez vous inscrire ou vous connecter.","og_url":"https:\/\/pergola-agava.si\/fr\/pour-les-architectes\/","og_site_name":"Bioklimatska pergola Agava","article_modified_time":"2020-06-23T14:29:04+00:00","twitter_card":"summary_large_image","schema":{"@context":"https:\/\/schema.org","@graph":[{"@type":"WebPage","@id":"https:\/\/pergola-agava.si\/fr\/pour-les-architectes\/","url":"https:\/\/pergola-agava.si\/fr\/pour-les-architectes\/","name":"Mod\u00e8les de pergola pour architectes. Mod\u00e8les BIM pour pergola Agava","isPartOf":{"@id":"https:\/\/pergola-agava.si\/fr\/#website"},"datePublished":"2020-03-18T20:43:15+00:00","dateModified":"2020-06-23T14:29:04+00:00","description":"Nous sommes heureux de constater que vous \u00eates int\u00e9ress\u00e9 par nos pergolas bioclimatiques Agava. Vous pouvez choisir parmi les mod\u00e8les BIM. Veuillez vous inscrire ou vous connecter.","breadcrumb":{"@id":"https:\/\/pergola-agava.si\/fr\/pour-les-architectes\/#breadcrumb"},"inLanguage":"fr-FR","potentialAction":[{"@type":"ReadAction","target":["https:\/\/pergola-agava.si\/fr\/pour-les-architectes\/"]}]},{"@type":"BreadcrumbList","@id":"https:\/\/pergola-agava.si\/fr\/pour-les-architectes\/#breadcrumb","itemListElement":[{"@type":"ListItem","position":1,"name":"Home","item":"https:\/\/pergola-agava.si\/fr\/"},{"@type":"ListItem","position":2,"name":"Mod\u00e8les de pergola pour architectes"}]},{"@type":"WebSite","@id":"https:\/\/pergola-agava.si\/fr\/#website","url":"https:\/\/pergola-agava.si\/fr\/","name":"Bioklimatska pergola Agava","description":"","potentialAction":[{"@type":"SearchAction","target":{"@type":"EntryPoint","urlTemplate":"https:\/\/pergola-agava.si\/fr\/?s={search_term_string}"},"query-input":"required name=search_term_string"}],"inLanguage":"fr-FR"}]}},"_links":{"self":[{"href":"https:\/\/pergola-agava.si\/fr\/wp-json\/wp\/v2\/pages\/7278"}],"collection":[{"href":"https:\/\/pergola-agava.si\/fr\/wp-json\/wp\/v2\/pages"}],"about":[{"href":"https:\/\/pergola-agava.si\/fr\/wp-json\/wp\/v2\/types\/page"}],"author":[{"embeddable":true,"href":"https:\/\/pergola-agava.si\/fr\/wp-json\/wp\/v2\/users\/1"}],"replies":[{"embeddable":true,"href":"https:\/\/pergola-agava.si\/fr\/wp-json\/wp\/v2\/comments?post=7278"}],"version-history":[{"count":3,"href":"https:\/\/pergola-agava.si\/fr\/wp-json\/wp\/v2\/pages\/7278\/revisions"}],"predecessor-version":[{"id":8045,"href":"https:\/\/pergola-agava.si\/fr\/wp-json\/wp\/v2\/pages\/7278\/revisions\/8045"}],"wp:attachment":[{"href":"https:\/\/pergola-agava.si\/fr\/wp-json\/wp\/v2\/media?parent=7278"}],"curies":[{"name":"wp","href":"https:\/\/api.w.org\/{rel}","templated":true}]}}