{"id":4392,"date":"2020-03-06T09:32:44","date_gmt":"2020-03-06T08:32:44","guid":{"rendered":"https:\/\/pergola-agava.si\/embauche\/"},"modified":"2020-06-23T17:38:21","modified_gmt":"2020-06-23T15:38:21","slug":"embauche","status":"publish","type":"page","link":"https:\/\/pergola-agava.si\/fr\/embauche\/","title":{"rendered":"Embauche"},"content":{"rendered":"\t\t<div data-elementor-type=\"wp-post\" data-elementor-id=\"4392\" class=\"elementor elementor-4392 elementor-3136\" data-elementor-settings=\"[]\">\n\t\t\t<div class=\"elementor-inner\">\n\t\t\t\t<div class=\"elementor-section-wrap\">\n\t\t\t\t\t\t\t<section class=\"elementor-element elementor-element-3396ed6 elementor-section-boxed elementor-section-height-default elementor-section-height-default elementor-section elementor-top-section\" data-id=\"3396ed6\" data-element_type=\"section\">\n\t\t\t\t\t\t<div class=\"elementor-container elementor-column-gap-default\">\n\t\t\t\t<div class=\"elementor-row\">\n\t\t\t\t<div class=\"elementor-element elementor-element-3e92e2f elementor-column elementor-col-100 elementor-top-column\" data-id=\"3e92e2f\" data-element_type=\"column\">\n\t\t\t<div class=\"elementor-column-wrap  elementor-element-populated\">\n\t\t\t\t\t<div class=\"elementor-widget-wrap\">\n\t\t\t\t<div class=\"elementor-element elementor-element-f9a303e elementor-widget elementor-widget-spacer\" data-id=\"f9a303e\" data-element_type=\"widget\" data-widget_type=\"spacer.default\">\n\t\t\t\t<div class=\"elementor-widget-container\">\n\t\t\t\t\t<div class=\"elementor-spacer\">\n\t\t\t<div class=\"elementor-spacer-inner\"><\/div>\n\t\t<\/div>\n\t\t\t\t<\/div>\n\t\t\t\t<\/div>\n\t\t\t\t\t\t<\/div>\n\t\t\t<\/div>\n\t\t<\/div>\n\t\t\t\t\t\t<\/div>\n\t\t\t<\/div>\n\t\t<\/section>\n\t\t\t\t<section class=\"elementor-element elementor-element-5be44e84 elementor-section-boxed elementor-section-height-default elementor-section-height-default elementor-section elementor-top-section\" data-id=\"5be44e84\" data-element_type=\"section\">\n\t\t\t\t\t\t<div class=\"elementor-container elementor-column-gap-default\">\n\t\t\t\t<div class=\"elementor-row\">\n\t\t\t\t<div class=\"elementor-element elementor-element-92ad2f elementor-column elementor-col-100 elementor-top-column\" data-id=\"92ad2f\" data-element_type=\"column\">\n\t\t\t<div class=\"elementor-column-wrap  elementor-element-populated\">\n\t\t\t\t\t<div class=\"elementor-widget-wrap\">\n\t\t\t\t<div class=\"elementor-element elementor-element-5ab72374 elementor-widget elementor-widget-text-editor\" data-id=\"5ab72374\" data-element_type=\"widget\" data-widget_type=\"text-editor.default\">\n\t\t\t\t<div class=\"elementor-widget-container\">\n\t\t\t\t\t<div class=\"elementor-text-editor elementor-clearfix\"><p>Soltec est le lieu de nombreuses opportunit\u00e9s pour diverses professions. Nous valorisons la connaissance. Nous encourageons l&#8217;innovation et la t\u00e9m\u00e9rit\u00e9. Nous motivons nos employ\u00e9s. Nous sommes orient\u00e9s vers l&#8217;avenir.<\/p>\n<\/div>\n\t\t\t\t<\/div>\n\t\t\t\t<\/div>\n\t\t\t\t<div class=\"elementor-element elementor-element-3e4f6b52 aleft elementor-widget elementor-widget-wgl-double-headings\" data-id=\"3e4f6b52\" data-element_type=\"widget\" data-widget_type=\"wgl-double-headings.default\">\n\t\t\t\t<div class=\"elementor-widget-container\">\n\t\t\t<div class=\"wgl-double_heading\">                <h2 class=\"dbl-title_wrapper\"><span class=\"dbl-title dbl-title_1\">Postes vacants<\/span>                 <\/h2>        <\/div>\t\t<\/div>\n\t\t\t\t<\/div>\n\t\t\t\t<div class=\"elementor-element elementor-element-593a8bc elementor-widget elementor-widget-text-editor\" data-id=\"593a8bc\" data-element_type=\"widget\" data-widget_type=\"text-editor.default\">\n\t\t\t\t<div class=\"elementor-widget-container\">\n\t\t\t\t\t<div class=\"elementor-text-editor elementor-clearfix\"><p>Nous invitons toute personne comp\u00e9tente et engag\u00e9e, qui souhaite participer dans un environnement collaboratif \u00e0 l&#8217;histoire internationale de Soltec, \u00e0 postuler aux postes suivants :<\/p>\n<p><strong>PRODUCTION<\/strong><\/p>\n<ul>\n<li>Poseur \u2013 installation de pergolas bioclimatiques et de syst\u00e8mes d&#8217;ombrage<\/li>\n<li>\u00c9lectricien &#8211; assemblage et installation d&#8217;appareils \u00e9lectriques pour la production de pergolas bioclimatiques<\/li>\n<\/ul>\n<p>Nous vous invitons \u00e0 nous contacter par courrier \u00e9lectronique : <a href=\"mailto:sasa.pozar@soltec.si\">sasa.pozar@soltec.si<\/a>.<\/p>\n<\/div>\n\t\t\t\t<\/div>\n\t\t\t\t<\/div>\n\t\t\t\t<div class=\"elementor-element elementor-element-1e6e4f11 elementor-widget elementor-widget-spacer\" data-id=\"1e6e4f11\" data-element_type=\"widget\" data-widget_type=\"spacer.default\">\n\t\t\t\t<div class=\"elementor-widget-container\">\n\t\t\t\t\t<div class=\"elementor-spacer\">\n\t\t\t<div class=\"elementor-spacer-inner\"><\/div>\n\t\t<\/div>\n\t\t\t\t<\/div>\n\t\t\t\t<\/div>\n\t\t\t\t\t\t<\/div>\n\t\t\t<\/div>\n\t\t<\/div>\n\t\t\t\t\t\t<\/div>\n\t\t\t<\/div>\n\t\t<\/section>\n\t\t\t\t<section class=\"elementor-element elementor-element-81f30ce elementor-section-boxed elementor-section-height-default elementor-section-height-default elementor-section elementor-top-section\" data-id=\"81f30ce\" data-element_type=\"section\">\n\t\t\t\t\t\t<div class=\"elementor-container elementor-column-gap-default\">\n\t\t\t\t<div class=\"elementor-row\">\n\t\t\t\t<div class=\"elementor-element elementor-element-ae6009c elementor-column elementor-col-100 elementor-top-column\" data-id=\"ae6009c\" data-element_type=\"column\">\n\t\t\t<div class=\"elementor-column-wrap  elementor-element-populated\">\n\t\t\t\t\t<div class=\"elementor-widget-wrap\">\n\t\t\t\t<div class=\"elementor-element elementor-element-0791b05 elementor-widget elementor-widget-spacer\" data-id=\"0791b05\" data-element_type=\"widget\" data-widget_type=\"spacer.default\">\n\t\t\t\t<div class=\"elementor-widget-container\">\n\t\t\t\t\t<div class=\"elementor-spacer\">\n\t\t\t<div class=\"elementor-spacer-inner\"><\/div>\n\t\t<\/div>\n\t\t\t\t<\/div>\n\t\t\t\t<\/div>\n\t\t\t\t\t\t<\/div>\n\t\t\t<\/div>\n\t\t<\/div>\n\t\t\t\t\t\t<\/div>\n\t\t\t<\/div>\n\t\t<\/section>\n\t\t\t\t\t\t<\/div>\n\t\t\t<\/div>\n\t\t<\/div>\n\t\t","protected":false},"excerpt":{"rendered":"<p>Soltec est le lieu de nombreuses opportunit\u00e9s pour diverses professions. Nous valorisons la connaissance. Nous encourageons l&#8217;innovation et la t\u00e9m\u00e9rit\u00e9. Nous motivons nos employ\u00e9s. Nous sommes orient\u00e9s vers l&#8217;avenir. Postes vacants Nous invitons toute personne comp\u00e9tente et engag\u00e9e, qui souhaite participer dans un environnement collaboratif \u00e0 l&#8217;histoire internationale de Soltec, \u00e0 postuler aux postes suivants [&hellip;]<\/p>\n","protected":false},"author":1,"featured_media":0,"parent":0,"menu_order":0,"comment_status":"closed","ping_status":"closed","template":"","meta":{"content-type":"","inline_featured_image":false},"yoast_head":"<!-- This site is optimized with the Yoast SEO plugin v21.6 - https:\/\/yoast.com\/wordpress\/plugins\/seo\/ -->\n<title>Emploi - pergola bioclimatique Agava<\/title>\n<meta name=\"description\" content=\"Soltec est le lieu de nombreuses opportunit\u00e9s pour diverses professions. Nous valorisons la connaissance. Nous encourageons l\u2019innovation et la t\u00e9m\u00e9rit\u00e9. Nous motivons nos employ\u00e9s. Nous sommes orient\u00e9s vers l\u2019avenir.\" \/>\n<meta name=\"robots\" content=\"index, follow, max-snippet:-1, max-image-preview:large, max-video-preview:-1\" \/>\n<link rel=\"canonical\" href=\"https:\/\/pergola-agava.si\/fr\/embauche\/\" \/>\n<meta property=\"og:locale\" content=\"fr_FR\" \/>\n<meta property=\"og:type\" content=\"article\" \/>\n<meta property=\"og:title\" content=\"Emploi - pergola bioclimatique Agava\" \/>\n<meta property=\"og:description\" content=\"Soltec est le lieu de nombreuses opportunit\u00e9s pour diverses professions. Nous valorisons la connaissance. Nous encourageons l\u2019innovation et la t\u00e9m\u00e9rit\u00e9. Nous motivons nos employ\u00e9s. Nous sommes orient\u00e9s vers l\u2019avenir.\" \/>\n<meta property=\"og:url\" content=\"https:\/\/pergola-agava.si\/fr\/embauche\/\" \/>\n<meta property=\"og:site_name\" content=\"Bioklimatska pergola Agava\" \/>\n<meta property=\"article:modified_time\" content=\"2020-06-23T15:38:21+00:00\" \/>\n<meta name=\"twitter:card\" content=\"summary_large_image\" \/>\n<script type=\"application\/ld+json\" class=\"yoast-schema-graph\">{\"@context\":\"https:\/\/schema.org\",\"@graph\":[{\"@type\":\"WebPage\",\"@id\":\"https:\/\/pergola-agava.si\/fr\/embauche\/\",\"url\":\"https:\/\/pergola-agava.si\/fr\/embauche\/\",\"name\":\"Emploi - pergola bioclimatique Agava\",\"isPartOf\":{\"@id\":\"https:\/\/pergola-agava.si\/fr\/#website\"},\"datePublished\":\"2020-03-06T08:32:44+00:00\",\"dateModified\":\"2020-06-23T15:38:21+00:00\",\"description\":\"Soltec est le lieu de nombreuses opportunit\u00e9s pour diverses professions. Nous valorisons la connaissance. Nous encourageons l\u2019innovation et la t\u00e9m\u00e9rit\u00e9. Nous motivons nos employ\u00e9s. Nous sommes orient\u00e9s vers l\u2019avenir.\",\"breadcrumb\":{\"@id\":\"https:\/\/pergola-agava.si\/fr\/embauche\/#breadcrumb\"},\"inLanguage\":\"fr-FR\",\"potentialAction\":[{\"@type\":\"ReadAction\",\"target\":[\"https:\/\/pergola-agava.si\/fr\/embauche\/\"]}]},{\"@type\":\"BreadcrumbList\",\"@id\":\"https:\/\/pergola-agava.si\/fr\/embauche\/#breadcrumb\",\"itemListElement\":[{\"@type\":\"ListItem\",\"position\":1,\"name\":\"Home\",\"item\":\"https:\/\/pergola-agava.si\/fr\/\"},{\"@type\":\"ListItem\",\"position\":2,\"name\":\"Embauche\"}]},{\"@type\":\"WebSite\",\"@id\":\"https:\/\/pergola-agava.si\/fr\/#website\",\"url\":\"https:\/\/pergola-agava.si\/fr\/\",\"name\":\"Bioklimatska pergola Agava\",\"description\":\"\",\"potentialAction\":[{\"@type\":\"SearchAction\",\"target\":{\"@type\":\"EntryPoint\",\"urlTemplate\":\"https:\/\/pergola-agava.si\/fr\/?s={search_term_string}\"},\"query-input\":\"required name=search_term_string\"}],\"inLanguage\":\"fr-FR\"}]}<\/script>\n<!-- \/ Yoast SEO plugin. -->","yoast_head_json":{"title":"Emploi - pergola bioclimatique Agava","description":"Soltec est le lieu de nombreuses opportunit\u00e9s pour diverses professions. Nous valorisons la connaissance. Nous encourageons l\u2019innovation et la t\u00e9m\u00e9rit\u00e9. Nous motivons nos employ\u00e9s. Nous sommes orient\u00e9s vers l\u2019avenir.","robots":{"index":"index","follow":"follow","max-snippet":"max-snippet:-1","max-image-preview":"max-image-preview:large","max-video-preview":"max-video-preview:-1"},"canonical":"https:\/\/pergola-agava.si\/fr\/embauche\/","og_locale":"fr_FR","og_type":"article","og_title":"Emploi - pergola bioclimatique Agava","og_description":"Soltec est le lieu de nombreuses opportunit\u00e9s pour diverses professions. Nous valorisons la connaissance. Nous encourageons l\u2019innovation et la t\u00e9m\u00e9rit\u00e9. Nous motivons nos employ\u00e9s. Nous sommes orient\u00e9s vers l\u2019avenir.","og_url":"https:\/\/pergola-agava.si\/fr\/embauche\/","og_site_name":"Bioklimatska pergola Agava","article_modified_time":"2020-06-23T15:38:21+00:00","twitter_card":"summary_large_image","schema":{"@context":"https:\/\/schema.org","@graph":[{"@type":"WebPage","@id":"https:\/\/pergola-agava.si\/fr\/embauche\/","url":"https:\/\/pergola-agava.si\/fr\/embauche\/","name":"Emploi - pergola bioclimatique Agava","isPartOf":{"@id":"https:\/\/pergola-agava.si\/fr\/#website"},"datePublished":"2020-03-06T08:32:44+00:00","dateModified":"2020-06-23T15:38:21+00:00","description":"Soltec est le lieu de nombreuses opportunit\u00e9s pour diverses professions. Nous valorisons la connaissance. Nous encourageons l\u2019innovation et la t\u00e9m\u00e9rit\u00e9. Nous motivons nos employ\u00e9s. Nous sommes orient\u00e9s vers l\u2019avenir.","breadcrumb":{"@id":"https:\/\/pergola-agava.si\/fr\/embauche\/#breadcrumb"},"inLanguage":"fr-FR","potentialAction":[{"@type":"ReadAction","target":["https:\/\/pergola-agava.si\/fr\/embauche\/"]}]},{"@type":"BreadcrumbList","@id":"https:\/\/pergola-agava.si\/fr\/embauche\/#breadcrumb","itemListElement":[{"@type":"ListItem","position":1,"name":"Home","item":"https:\/\/pergola-agava.si\/fr\/"},{"@type":"ListItem","position":2,"name":"Embauche"}]},{"@type":"WebSite","@id":"https:\/\/pergola-agava.si\/fr\/#website","url":"https:\/\/pergola-agava.si\/fr\/","name":"Bioklimatska pergola Agava","description":"","potentialAction":[{"@type":"SearchAction","target":{"@type":"EntryPoint","urlTemplate":"https:\/\/pergola-agava.si\/fr\/?s={search_term_string}"},"query-input":"required name=search_term_string"}],"inLanguage":"fr-FR"}]}},"_links":{"self":[{"href":"https:\/\/pergola-agava.si\/fr\/wp-json\/wp\/v2\/pages\/4392"}],"collection":[{"href":"https:\/\/pergola-agava.si\/fr\/wp-json\/wp\/v2\/pages"}],"about":[{"href":"https:\/\/pergola-agava.si\/fr\/wp-json\/wp\/v2\/types\/page"}],"author":[{"embeddable":true,"href":"https:\/\/pergola-agava.si\/fr\/wp-json\/wp\/v2\/users\/1"}],"replies":[{"embeddable":true,"href":"https:\/\/pergola-agava.si\/fr\/wp-json\/wp\/v2\/comments?post=4392"}],"version-history":[{"count":5,"href":"https:\/\/pergola-agava.si\/fr\/wp-json\/wp\/v2\/pages\/4392\/revisions"}],"predecessor-version":[{"id":5262,"href":"https:\/\/pergola-agava.si\/fr\/wp-json\/wp\/v2\/pages\/4392\/revisions\/5262"}],"wp:attachment":[{"href":"https:\/\/pergola-agava.si\/fr\/wp-json\/wp\/v2\/media?parent=4392"}],"curies":[{"name":"wp","href":"https:\/\/api.w.org\/{rel}","templated":true}]}}