{"id":4390,"date":"2020-03-06T09:32:21","date_gmt":"2020-03-06T08:32:21","guid":{"rendered":"https:\/\/pergola-agava.si\/pour-les-distributeurs\/"},"modified":"2021-05-07T13:00:51","modified_gmt":"2021-05-07T11:00:51","slug":"pour-les-distributeurs","status":"publish","type":"page","link":"https:\/\/pergola-agava.si\/fr\/pour-les-distributeurs\/","title":{"rendered":"Pour les distributeurs"},"content":{"rendered":"\t\t<div data-elementor-type=\"wp-page\" data-elementor-id=\"4390\" class=\"elementor elementor-4390 elementor-3043\" data-elementor-settings=\"[]\">\n\t\t\t<div class=\"elementor-inner\">\n\t\t\t\t<div class=\"elementor-section-wrap\">\n\t\t\t\t\t\t\t<section class=\"elementor-element elementor-element-6689d26 elementor-section-boxed elementor-section-height-default elementor-section-height-default elementor-section elementor-top-section\" data-id=\"6689d26\" data-element_type=\"section\">\n\t\t\t\t\t\t<div class=\"elementor-container elementor-column-gap-default\">\n\t\t\t\t<div class=\"elementor-row\">\n\t\t\t\t<div class=\"elementor-element elementor-element-05db224 elementor-column elementor-col-100 elementor-top-column\" data-id=\"05db224\" data-element_type=\"column\">\n\t\t\t<div class=\"elementor-column-wrap  elementor-element-populated\">\n\t\t\t\t\t<div class=\"elementor-widget-wrap\">\n\t\t\t\t<div class=\"elementor-element elementor-element-6826f50 elementor-widget elementor-widget-heading\" data-id=\"6826f50\" data-element_type=\"widget\" data-widget_type=\"heading.default\">\n\t\t\t\t<div class=\"elementor-widget-container\">\n\t\t\t<span class=\"elementor-heading-title elementor-size-default\">Merci beaucoup pour votre aimable demande et votre vif int\u00e9r\u00eat \u00e0 devenir distributeur r\u00e9gional des pergolas bioclimatiques Agava et des carports Agava.<\/span>\t\t<\/div>\n\t\t\t\t<\/div>\n\t\t\t\t<div class=\"elementor-element elementor-element-896c89d elementor-widget elementor-widget-text-editor\" data-id=\"896c89d\" data-element_type=\"widget\" data-widget_type=\"text-editor.default\">\n\t\t\t\t<div class=\"elementor-widget-container\">\n\t\t\t\t\t<div class=\"elementor-text-editor elementor-clearfix\"><p>Nous nous r\u00e9jouissons \u00e0 l&#8217;id\u00e9e de vous d\u00e9signer comme distributeur de nos produits dans votre r\u00e9gion. Comme vous vous en doutez, nous souhaitons s\u00e9lectionner des distributeurs qui soient en mesure d&#8217;apporter un soutien de niveau professionnel aux produits de la marque Soltec et qui soient d\u00e9termin\u00e9s \u00e0 assurer leur succ\u00e8s commercial.<\/p><p>Notre objectif est que les distributeurs Soltec soient pleinement impliqu\u00e9s et qu&#8217;ils op\u00e8rent de la m\u00eame mani\u00e8re que Soltec le ferait. Afin d&#8217;assurer une collaboration harmonieuse, nous vous demandons de bien vouloir nous fournir de plus amples informations concernant votre d\u00e9marche.<\/p><p><strong><span style=\"color: #ec9123;\">Et de bien vouloir d\u00e9finir ce que vous recevrez en retour si nous convenons de travailler ensemble.<\/span><\/strong><\/p><ul><li><strong>Concepteur et producteur sp\u00e9cialis\u00e9<\/strong> dans les produits outdoor de haute qualit\u00e9<\/li><li><strong>diversit\u00e9 des mod\u00e8les<\/strong> et souplesse vis-\u00e0-vis des acheteurs<\/li><li>processus de commande simple gr\u00e2ce au <strong>configurateur en ligne<\/strong><\/li><li><strong>installation facile<\/strong> des modules de pergola standard<\/li><li><strong>assistance technique<\/strong> lors de la commande<\/li><li><strong>formation au montage<\/strong><\/li><li><strong>produits approuv\u00e9s et certifi\u00e9s<\/strong> UE et CE<\/li><\/ul><p><strong><span style=\"color: #ec9123;\">Ce dont nous avons besoin de votre part:<\/span><\/strong><\/p><\/div>\n\t\t\t\t<\/div>\n\t\t\t\t<\/div>\n\t\t\t\t<div class=\"elementor-element elementor-element-5cfe0bf elementor-widget elementor-widget-spacer\" data-id=\"5cfe0bf\" data-element_type=\"widget\" data-widget_type=\"spacer.default\">\n\t\t\t\t<div class=\"elementor-widget-container\">\n\t\t\t\t\t<div class=\"elementor-spacer\">\n\t\t\t<div class=\"elementor-spacer-inner\"><\/div>\n\t\t<\/div>\n\t\t\t\t<\/div>\n\t\t\t\t<\/div>\n\t\t\t\t\t\t<\/div>\n\t\t\t<\/div>\n\t\t<\/div>\n\t\t\t\t\t\t<\/div>\n\t\t\t<\/div>\n\t\t<\/section>\n\t\t\t\t<section class=\"elementor-element elementor-element-6370afc elementor-section-boxed elementor-section-height-default elementor-section-height-default elementor-section elementor-top-section\" data-id=\"6370afc\" data-element_type=\"section\">\n\t\t\t\t\t\t<div class=\"elementor-container elementor-column-gap-default\">\n\t\t\t\t<div class=\"elementor-row\">\n\t\t\t\t<div class=\"elementor-element elementor-element-7c6a218 elementor-column elementor-col-50 elementor-top-column\" data-id=\"7c6a218\" data-element_type=\"column\">\n\t\t\t<div class=\"elementor-column-wrap  elementor-element-populated\">\n\t\t\t\t\t<div class=\"elementor-widget-wrap\">\n\t\t\t\t<div class=\"elementor-element elementor-element-191865a elementor-widget elementor-widget-heading\" data-id=\"191865a\" data-element_type=\"widget\" data-widget_type=\"heading.default\">\n\t\t\t\t<div class=\"elementor-widget-container\">\n\t\t\t<h3 class=\"elementor-heading-title elementor-size-default\"><b>Enregistrement<\/b> pour les nouveaux distributeurs<\/h3>\t\t<\/div>\n\t\t\t\t<\/div>\n\t\t\t\t<div class=\"elementor-element elementor-element-c9807c3 hubspot-form elementor-widget elementor-widget-html\" data-id=\"c9807c3\" data-element_type=\"widget\" data-widget_type=\"html.default\">\n\t\t\t\t<div class=\"elementor-widget-container\">\n\t\t\t<!--[if lte IE 8]>\n\n<script charset=\"utf-8\" type=\"text\/javascript\" src=\"\/\/js.hsforms.net\/forms\/v2-legacy.js\"><\/script>\n\n<![endif]-->\n\n<script charset=\"utf-8\" type=\"text\/javascript\" src=\"\/\/js.hsforms.net\/forms\/v2.js\"><\/script>\n\n<script>\n\n  hbspt.forms.create({\n\n               region: \"na1\",\n\n               portalId: \"9040723\",\n\n               formId: \"40809de8-8b62-4dae-ac15-aff7f8d922ee\",\n              \n               target: \".hubspot-form\"\n\n});\n\n<\/script>\n\n \t\t<\/div>\n\t\t\t\t<\/div>\n\t\t\t\t\t\t<\/div>\n\t\t\t<\/div>\n\t\t<\/div>\n\t\t\t\t<div class=\"elementor-element elementor-element-d827fa6 elementor-column elementor-col-50 elementor-top-column\" data-id=\"d827fa6\" data-element_type=\"column\">\n\t\t\t<div class=\"elementor-column-wrap  elementor-element-populated\">\n\t\t\t\t\t<div class=\"elementor-widget-wrap\">\n\t\t\t\t<div class=\"elementor-element elementor-element-0610984 elementor-widget elementor-widget-heading\" data-id=\"0610984\" data-element_type=\"widget\" data-widget_type=\"heading.default\">\n\t\t\t\t<div class=\"elementor-widget-container\">\n\t\t\t<h3 class=\"elementor-heading-title elementor-size-default\"><b>Connexion<\/b> pour les distributeurs existants<\/h3>\t\t<\/div>\n\t\t\t\t<\/div>\n\t\t\t\t<div class=\"elementor-element elementor-element-b72527b elementor-widget elementor-widget-spacer\" data-id=\"b72527b\" data-element_type=\"widget\" data-widget_type=\"spacer.default\">\n\t\t\t\t<div class=\"elementor-widget-container\">\n\t\t\t\t\t<div class=\"elementor-spacer\">\n\t\t\t<div class=\"elementor-spacer-inner\"><\/div>\n\t\t<\/div>\n\t\t\t\t<\/div>\n\t\t\t\t<\/div>\n\t\t\t\t<div class=\"elementor-element elementor-element-399b660 elementor-widget elementor-widget-text-editor\" data-id=\"399b660\" data-element_type=\"widget\" data-widget_type=\"text-editor.default\">\n\t\t\t\t<div class=\"elementor-widget-container\">\n\t\t\t\t\t<div class=\"elementor-text-editor elementor-clearfix\"><p><div class=\"swpm-login-widget-form\">\n    <form id=\"swpm-login-form\" name=\"swpm-login-form\" method=\"post\" action=\"\">\n        <div class=\"swpm-login-form-inner\">\n            <div class=\"swpm-username-label\">\n                <label for=\"swpm_user_name\" class=\"swpm-label\">Nom d\u2019utilisateur ou adresse e-mail<\/label>\n            <\/div>\n            <div class=\"swpm-username-input\">\n                <input type=\"text\" class=\"swpm-text-field swpm-username-field\" id=\"swpm_user_name\" value=\"\" size=\"25\" name=\"swpm_user_name\" \/>\n            <\/div>\n            <div class=\"swpm-password-label\">\n                <label for=\"swpm_password\" class=\"swpm-label\">Mot de passe<\/label>\n            <\/div>\n            <div class=\"swpm-password-input\">\n                <input type=\"password\" class=\"swpm-text-field swpm-password-field\" id=\"swpm_password\" value=\"\" size=\"25\" name=\"swpm_password\" \/>\n            <\/div>\n            <div class=\"swpm-remember-me\">\n                <span class=\"swpm-remember-checkbox\"><input type=\"checkbox\" name=\"rememberme\" value=\"checked='checked'\"><\/span>\n                <span class=\"swpm-rember-label\"> Se souvenir de moi<\/span>\n            <\/div>\n            \n            <div class=\"swpm-before-login-submit-section\"><\/div>\n            \n            <div class=\"swpm-login-submit\">\n                <input type=\"submit\" class=\"swpm-login-form-submit\" name=\"swpm-login\" value=\"Connexion\"\/>\n            <\/div>\n            <div class=\"swpm-forgot-pass-link\">\n                <a id=\"forgot_pass\" class=\"swpm-login-form-pw-reset-link\"  href=\"#\">Mot de passe oubli\u00e9?<\/a>\n            <\/div>\n            <div class=\"swpm-join-us-link\">\n                <a id=\"register\" class=\"swpm-login-form-register-link\" href=\"https:\/\/pergola-agava.si\/za-distributerje\/\">Vous abonner<\/a>\n            <\/div>\n            <div class=\"swpm-login-action-msg\">\n                <span class=\"swpm-login-widget-action-msg\"><\/span>\n            <\/div>\n        <\/div>\n    <\/form>\n<\/div>\n<\/p><\/div>\n\t\t\t\t<\/div>\n\t\t\t\t<\/div>\n\t\t\t\t\t\t<\/div>\n\t\t\t<\/div>\n\t\t<\/div>\n\t\t\t\t\t\t<\/div>\n\t\t\t<\/div>\n\t\t<\/section>\n\t\t\t\t\t\t<\/div>\n\t\t\t<\/div>\n\t\t<\/div>\n\t\t","protected":false},"excerpt":{"rendered":"<p>Nous sommes ravis que vous souhaitiez devenir notre distributeur. En plus des caract\u00e9ristiques techniques, nous nous distinguons \u00e9galement par\u00a0:<\/p>\n<ul>\n<li>la vari\u00e9t\u00e9 de nos mod\u00e8les et notre capacit\u00e9 d&#8217;adaptation aux clients<\/li>\n<li>notre mode de commande simple gr\u00e2ce au configurateur web<\/li>\n<li>l&#8217;installation facile des modules standard de la pergola<\/li>\n<li>notre assistance technique lors de votre commande<\/li>\n<li>notre assistance technique et notre formation au montage<\/li>\n<\/ul>\n<p>Notre zone de t\u00e9l\u00e9chargement contient des listes de prix, des instructions, des vid\u00e9os et d&#8217;autres documents n\u00e9cessaires.<\/p>\n","protected":false},"author":1,"featured_media":0,"parent":0,"menu_order":0,"comment_status":"closed","ping_status":"closed","template":"","meta":{"content-type":"","inline_featured_image":false},"yoast_head":"<!-- This site is optimized with the Yoast SEO plugin v21.6 - https:\/\/yoast.com\/wordpress\/plugins\/seo\/ -->\n<title>Pour les distributeurs - Pergola bioclimatique Agava<\/title>\n<meta name=\"description\" content=\"Nous sommes ravis que vous souhaitiez devenir notre revendeur. Dans notre zone de t\u00e9l\u00e9chargement, vous trouverez les tarifs, les instructions, les vid\u00e9os et autres documents n\u00e9cessaires.\" \/>\n<meta name=\"robots\" content=\"index, follow, max-snippet:-1, max-image-preview:large, max-video-preview:-1\" \/>\n<link rel=\"canonical\" href=\"https:\/\/pergola-agava.si\/fr\/pour-les-distributeurs\/\" \/>\n<meta property=\"og:locale\" content=\"fr_FR\" \/>\n<meta property=\"og:type\" content=\"article\" \/>\n<meta property=\"og:title\" content=\"Pour les distributeurs - Pergola bioclimatique Agava\" \/>\n<meta property=\"og:description\" content=\"Nous sommes ravis que vous souhaitiez devenir notre revendeur. Dans notre zone de t\u00e9l\u00e9chargement, vous trouverez les tarifs, les instructions, les vid\u00e9os et autres documents n\u00e9cessaires.\" \/>\n<meta property=\"og:url\" content=\"https:\/\/pergola-agava.si\/fr\/pour-les-distributeurs\/\" \/>\n<meta property=\"og:site_name\" content=\"Bioklimatska pergola Agava\" \/>\n<meta property=\"article:modified_time\" content=\"2021-05-07T11:00:51+00:00\" \/>\n<meta name=\"twitter:card\" content=\"summary_large_image\" \/>\n<meta name=\"twitter:label1\" content=\"Dur\u00e9e de lecture estim\u00e9e\" \/>\n\t<meta name=\"twitter:data1\" content=\"1 minute\" \/>\n<script type=\"application\/ld+json\" class=\"yoast-schema-graph\">{\"@context\":\"https:\/\/schema.org\",\"@graph\":[{\"@type\":\"WebPage\",\"@id\":\"https:\/\/pergola-agava.si\/fr\/pour-les-distributeurs\/\",\"url\":\"https:\/\/pergola-agava.si\/fr\/pour-les-distributeurs\/\",\"name\":\"Pour les distributeurs - Pergola bioclimatique Agava\",\"isPartOf\":{\"@id\":\"https:\/\/pergola-agava.si\/fr\/#website\"},\"datePublished\":\"2020-03-06T08:32:21+00:00\",\"dateModified\":\"2021-05-07T11:00:51+00:00\",\"description\":\"Nous sommes ravis que vous souhaitiez devenir notre revendeur. Dans notre zone de t\u00e9l\u00e9chargement, vous trouverez les tarifs, les instructions, les vid\u00e9os et autres documents n\u00e9cessaires.\",\"breadcrumb\":{\"@id\":\"https:\/\/pergola-agava.si\/fr\/pour-les-distributeurs\/#breadcrumb\"},\"inLanguage\":\"fr-FR\",\"potentialAction\":[{\"@type\":\"ReadAction\",\"target\":[\"https:\/\/pergola-agava.si\/fr\/pour-les-distributeurs\/\"]}]},{\"@type\":\"BreadcrumbList\",\"@id\":\"https:\/\/pergola-agava.si\/fr\/pour-les-distributeurs\/#breadcrumb\",\"itemListElement\":[{\"@type\":\"ListItem\",\"position\":1,\"name\":\"Home\",\"item\":\"https:\/\/pergola-agava.si\/fr\/\"},{\"@type\":\"ListItem\",\"position\":2,\"name\":\"Pour les distributeurs\"}]},{\"@type\":\"WebSite\",\"@id\":\"https:\/\/pergola-agava.si\/fr\/#website\",\"url\":\"https:\/\/pergola-agava.si\/fr\/\",\"name\":\"Bioklimatska pergola Agava\",\"description\":\"\",\"potentialAction\":[{\"@type\":\"SearchAction\",\"target\":{\"@type\":\"EntryPoint\",\"urlTemplate\":\"https:\/\/pergola-agava.si\/fr\/?s={search_term_string}\"},\"query-input\":\"required name=search_term_string\"}],\"inLanguage\":\"fr-FR\"}]}<\/script>\n<!-- \/ Yoast SEO plugin. -->","yoast_head_json":{"title":"Pour les distributeurs - Pergola bioclimatique Agava","description":"Nous sommes ravis que vous souhaitiez devenir notre revendeur. Dans notre zone de t\u00e9l\u00e9chargement, vous trouverez les tarifs, les instructions, les vid\u00e9os et autres documents n\u00e9cessaires.","robots":{"index":"index","follow":"follow","max-snippet":"max-snippet:-1","max-image-preview":"max-image-preview:large","max-video-preview":"max-video-preview:-1"},"canonical":"https:\/\/pergola-agava.si\/fr\/pour-les-distributeurs\/","og_locale":"fr_FR","og_type":"article","og_title":"Pour les distributeurs - Pergola bioclimatique Agava","og_description":"Nous sommes ravis que vous souhaitiez devenir notre revendeur. Dans notre zone de t\u00e9l\u00e9chargement, vous trouverez les tarifs, les instructions, les vid\u00e9os et autres documents n\u00e9cessaires.","og_url":"https:\/\/pergola-agava.si\/fr\/pour-les-distributeurs\/","og_site_name":"Bioklimatska pergola Agava","article_modified_time":"2021-05-07T11:00:51+00:00","twitter_card":"summary_large_image","twitter_misc":{"Dur\u00e9e de lecture estim\u00e9e":"1 minute"},"schema":{"@context":"https:\/\/schema.org","@graph":[{"@type":"WebPage","@id":"https:\/\/pergola-agava.si\/fr\/pour-les-distributeurs\/","url":"https:\/\/pergola-agava.si\/fr\/pour-les-distributeurs\/","name":"Pour les distributeurs - Pergola bioclimatique Agava","isPartOf":{"@id":"https:\/\/pergola-agava.si\/fr\/#website"},"datePublished":"2020-03-06T08:32:21+00:00","dateModified":"2021-05-07T11:00:51+00:00","description":"Nous sommes ravis que vous souhaitiez devenir notre revendeur. Dans notre zone de t\u00e9l\u00e9chargement, vous trouverez les tarifs, les instructions, les vid\u00e9os et autres documents n\u00e9cessaires.","breadcrumb":{"@id":"https:\/\/pergola-agava.si\/fr\/pour-les-distributeurs\/#breadcrumb"},"inLanguage":"fr-FR","potentialAction":[{"@type":"ReadAction","target":["https:\/\/pergola-agava.si\/fr\/pour-les-distributeurs\/"]}]},{"@type":"BreadcrumbList","@id":"https:\/\/pergola-agava.si\/fr\/pour-les-distributeurs\/#breadcrumb","itemListElement":[{"@type":"ListItem","position":1,"name":"Home","item":"https:\/\/pergola-agava.si\/fr\/"},{"@type":"ListItem","position":2,"name":"Pour les distributeurs"}]},{"@type":"WebSite","@id":"https:\/\/pergola-agava.si\/fr\/#website","url":"https:\/\/pergola-agava.si\/fr\/","name":"Bioklimatska pergola Agava","description":"","potentialAction":[{"@type":"SearchAction","target":{"@type":"EntryPoint","urlTemplate":"https:\/\/pergola-agava.si\/fr\/?s={search_term_string}"},"query-input":"required name=search_term_string"}],"inLanguage":"fr-FR"}]}},"_links":{"self":[{"href":"https:\/\/pergola-agava.si\/fr\/wp-json\/wp\/v2\/pages\/4390"}],"collection":[{"href":"https:\/\/pergola-agava.si\/fr\/wp-json\/wp\/v2\/pages"}],"about":[{"href":"https:\/\/pergola-agava.si\/fr\/wp-json\/wp\/v2\/types\/page"}],"author":[{"embeddable":true,"href":"https:\/\/pergola-agava.si\/fr\/wp-json\/wp\/v2\/users\/1"}],"replies":[{"embeddable":true,"href":"https:\/\/pergola-agava.si\/fr\/wp-json\/wp\/v2\/comments?post=4390"}],"version-history":[{"count":5,"href":"https:\/\/pergola-agava.si\/fr\/wp-json\/wp\/v2\/pages\/4390\/revisions"}],"predecessor-version":[{"id":15583,"href":"https:\/\/pergola-agava.si\/fr\/wp-json\/wp\/v2\/pages\/4390\/revisions\/15583"}],"wp:attachment":[{"href":"https:\/\/pergola-agava.si\/fr\/wp-json\/wp\/v2\/media?parent=4390"}],"curies":[{"name":"wp","href":"https:\/\/api.w.org\/{rel}","templated":true}]}}