{"id":4343,"date":"2020-03-06T09:23:44","date_gmt":"2020-03-06T08:23:44","guid":{"rendered":"https:\/\/pergola-agava.si\/a-propos-des-cookies\/"},"modified":"2020-03-13T12:12:41","modified_gmt":"2020-03-13T11:12:41","slug":"a-propos-des-cookies","status":"publish","type":"page","link":"https:\/\/pergola-agava.si\/fr\/a-propos-des-cookies\/","title":{"rendered":"\u00c0 propos des cookies"},"content":{"rendered":"\t\t<div data-elementor-type=\"wp-post\" data-elementor-id=\"4343\" class=\"elementor elementor-4343 elementor-3503\" data-elementor-settings=\"[]\">\n\t\t\t<div class=\"elementor-inner\">\n\t\t\t\t<div class=\"elementor-section-wrap\">\n\t\t\t\t\t\t\t<section class=\"elementor-element elementor-element-3396ed6 elementor-section-boxed elementor-section-height-default elementor-section-height-default elementor-section elementor-top-section\" data-id=\"3396ed6\" data-element_type=\"section\">\n\t\t\t\t\t\t<div class=\"elementor-container elementor-column-gap-default\">\n\t\t\t\t<div class=\"elementor-row\">\n\t\t\t\t<div class=\"elementor-element elementor-element-3e92e2f elementor-column elementor-col-100 elementor-top-column\" data-id=\"3e92e2f\" data-element_type=\"column\">\n\t\t\t<div class=\"elementor-column-wrap  elementor-element-populated\">\n\t\t\t\t\t<div class=\"elementor-widget-wrap\">\n\t\t\t\t<div class=\"elementor-element elementor-element-f9a303e elementor-widget elementor-widget-spacer\" data-id=\"f9a303e\" data-element_type=\"widget\" data-widget_type=\"spacer.default\">\n\t\t\t\t<div class=\"elementor-widget-container\">\n\t\t\t\t\t<div class=\"elementor-spacer\">\n\t\t\t<div class=\"elementor-spacer-inner\"><\/div>\n\t\t<\/div>\n\t\t\t\t<\/div>\n\t\t\t\t<\/div>\n\t\t\t\t\t\t<\/div>\n\t\t\t<\/div>\n\t\t<\/div>\n\t\t\t\t\t\t<\/div>\n\t\t\t<\/div>\n\t\t<\/section>\n\t\t\t\t<section class=\"elementor-element elementor-element-5be44e84 elementor-section-boxed elementor-section-height-default elementor-section-height-default elementor-section elementor-top-section\" data-id=\"5be44e84\" data-element_type=\"section\">\n\t\t\t\t\t\t<div class=\"elementor-container elementor-column-gap-default\">\n\t\t\t\t<div class=\"elementor-row\">\n\t\t\t\t<div class=\"elementor-element elementor-element-92ad2f elementor-column elementor-col-100 elementor-top-column\" data-id=\"92ad2f\" data-element_type=\"column\">\n\t\t\t<div class=\"elementor-column-wrap  elementor-element-populated\">\n\t\t\t\t\t<div class=\"elementor-widget-wrap\">\n\t\t\t\t<div class=\"elementor-element elementor-element-5ab72374 elementor-widget elementor-widget-text-editor\" data-id=\"5ab72374\" data-element_type=\"widget\" data-widget_type=\"text-editor.default\">\n\t\t\t\t<div class=\"elementor-widget-container\">\n\t\t\t\t\t<div class=\"elementor-text-editor elementor-clearfix\"><h4>Qu&#8217;est-ce qu&#8217;un cookie\u00a0?<\/h4>\n<p>Les cookies sont de petits fichiers texte que la plupart des sites stockent sur les appareils des utilisateurs, par lesquels ils acc\u00e8dent \u00e0 Internet, afin d&#8217;identifier les appareils que les utilisateurs ont utilis\u00e9s pour y acc\u00e9der. Leur stockage est sous le contr\u00f4le complet du navigateur utilis\u00e9 par l&#8217;utilisateur, ce dernier peut limiter ou d\u00e9sactiver le stockage de cookies.<\/p>\n<h4>Pourquoi les cookies sont-ils n\u00e9cessaires\u00a0?<\/h4>\n<p>Les cookies sont essentiels pour fournir des services internet agr\u00e9ables. Les fonctions de commerce \u00e9lectronique les plus courantes ne seraient pas possibles sans cookies. L&#8217;interaction entre l&#8217;internaute et le site Web est plus rapide et plus facile \u00e0 l&#8217;aide de cookies. Avec leur aide, un site Web se souvient de vos pr\u00e9f\u00e9rences et de votre exp\u00e9rience, ce qui permet de gagner du temps et de rendre la navigation sur internet plus efficace et plus agr\u00e9able. Utilis\u00e9s par la plupart des sites Web, les cookies sont un moyen pratique de maintenir les contenus actuels et pertinents, conform\u00e9ment aux int\u00e9r\u00eats et aux pr\u00e9f\u00e9rences de chaque internaute. Il existe de nombreuses raisons d&#8217;utiliser les cookies. La premi\u00e8re est certainement leur capacit\u00e9 \u00e0 stocker des informations sur l&#8217;\u00e9tat de chaque site Web (d\u00e9tails sur les personnalisations de chaque site Web), ils aident \u00e0 la mise en \u0153uvre de divers services en ligne (boutiques en ligne), \u00e0 la collecte de diverses statistiques, des habitudes de l&#8217;internaute puisqu&#8217;ils sont les seuls \u00e0 pouvoir surveiller la fr\u00e9quence de visites d&#8217;un site Web. Gr\u00e2ce aux cookies, les entreprises peuvent \u00e9valuer l&#8217;efficacit\u00e9 de la conception de leur site Web, ainsi que la pertinence du type et du nombre d&#8217;annonces qu&#8217;ils proposent aux utilisateurs sur leurs sites.<\/p>\n<p>Vous avez toujours la possibilit\u00e9 d&#8217;accepter ou de refuser les cookies. La plupart des navigateurs internet acceptent automatiquement les cookies, ce que vous pouvez modifier dans vos param\u00e8tres en refusant les cookies ou en recevant une alerte avant l&#8217;enregistrement du cookie.<\/p>\n<h4>Param\u00e8tres des cookies dans le navigateur<\/h4>\n<p>Pour plus d&#8217;informations sur les param\u00e8tres des cookies, cliquez sur le nom de votre navigateur\u00a0:<\/p>\n<p>\n<a href=\"https:\/\/support.mozilla.org\/sl\/kb\/kako-omogocite-onemogocite-piskotke?redirectlocale=sl&amp;redirectslug=Kako+aktivirate+in+deaktivirate+pi%C5%A1kote\">Firefox<\/a><br \/>\n<br \/>\n<a href=\"https:\/\/support.google.com\/chrome\/answer\/95647?hl=sl-sl&amp;p=cpn_cookies\">Chrome<\/a><br \/>\n<br \/>\n<a href=\"https:\/\/support.microsoft.com\/sl-si\/help\/17442\/windows-internet-explorer-delete-manage-cookies\">Internet Explorer<\/a><br \/>\n<br \/>\n<a href=\"https:\/\/www.opera.com\/help\/tutorials\/security\/privacy\/\">Opera<\/a><br \/>\n<br \/>\n<a href=\"https:\/\/support.apple.com\/en-us\/HT201265\">Safari<\/a><\/p>\n<h4>Utilisation de cookies sur notre site Web<\/h4>\n<p>Notre site utilise des cookies \u00e0 nos propres fins pour nous permettre exclusivement de diff\u00e9rencier les visiteurs et d&#8217;en compter le nombre, pouvant ainsi am\u00e9liorer les performances de notre site. \u00c0 cette fin, nous utilisons Google Analytics, l&#8217;outil le plus courant.<\/p>\n<p>Notre site utilise \u00e9galement des cookies pour vous offrir une meilleure exp\u00e9rience utilisateur gr\u00e2ce \u00e0 la m\u00e9morisation des donn\u00e9es fournies dans les formulaires internet et de votre accord concernant l&#8217;utilisation de cookies. Nous ne partagerons pas avec des tiers les informations collect\u00e9es \u00e0 l&#8217;aide des cookies.<\/p>\n<\/div>\n\t\t\t\t<\/div>\n\t\t\t\t<\/div>\n\t\t\t\t<div class=\"elementor-element elementor-element-1e6e4f11 elementor-widget elementor-widget-spacer\" data-id=\"1e6e4f11\" data-element_type=\"widget\" data-widget_type=\"spacer.default\">\n\t\t\t\t<div class=\"elementor-widget-container\">\n\t\t\t\t\t<div class=\"elementor-spacer\">\n\t\t\t<div class=\"elementor-spacer-inner\"><\/div>\n\t\t<\/div>\n\t\t\t\t<\/div>\n\t\t\t\t<\/div>\n\t\t\t\t\t\t<\/div>\n\t\t\t<\/div>\n\t\t<\/div>\n\t\t\t\t\t\t<\/div>\n\t\t\t<\/div>\n\t\t<\/section>\n\t\t\t\t<section class=\"elementor-element elementor-element-4e9f2b73 elementor-section-boxed elementor-section-height-default elementor-section-height-default elementor-section elementor-top-section\" data-id=\"4e9f2b73\" data-element_type=\"section\">\n\t\t\t\t\t\t<div class=\"elementor-container elementor-column-gap-default\">\n\t\t\t\t<div class=\"elementor-row\">\n\t\t\t\t<div class=\"elementor-element elementor-element-2074cd71 elementor-column elementor-col-100 elementor-top-column\" data-id=\"2074cd71\" data-element_type=\"column\">\n\t\t\t<div class=\"elementor-column-wrap\">\n\t\t\t\t\t<div class=\"elementor-widget-wrap\">\n\t\t\t\t\t\t<\/div>\n\t\t\t<\/div>\n\t\t<\/div>\n\t\t\t\t\t\t<\/div>\n\t\t\t<\/div>\n\t\t<\/section>\n\t\t\t\t<section class=\"elementor-element elementor-element-35cb21a elementor-section-boxed elementor-section-height-default elementor-section-height-default elementor-section elementor-top-section\" data-id=\"35cb21a\" data-element_type=\"section\">\n\t\t\t\t\t\t<div class=\"elementor-container elementor-column-gap-default\">\n\t\t\t\t<div class=\"elementor-row\">\n\t\t\t\t<div class=\"elementor-element elementor-element-d2a6e21 elementor-column elementor-col-100 elementor-top-column\" data-id=\"d2a6e21\" data-element_type=\"column\">\n\t\t\t<div class=\"elementor-column-wrap  elementor-element-populated\">\n\t\t\t\t\t<div class=\"elementor-widget-wrap\">\n\t\t\t\t<div class=\"elementor-element elementor-element-e849c01 elementor-widget elementor-widget-spacer\" data-id=\"e849c01\" data-element_type=\"widget\" data-widget_type=\"spacer.default\">\n\t\t\t\t<div class=\"elementor-widget-container\">\n\t\t\t\t\t<div class=\"elementor-spacer\">\n\t\t\t<div class=\"elementor-spacer-inner\"><\/div>\n\t\t<\/div>\n\t\t\t\t<\/div>\n\t\t\t\t<\/div>\n\t\t\t\t\t\t<\/div>\n\t\t\t<\/div>\n\t\t<\/div>\n\t\t\t\t\t\t<\/div>\n\t\t\t<\/div>\n\t\t<\/section>\n\t\t\t\t\t\t<\/div>\n\t\t\t<\/div>\n\t\t<\/div>\n\t\t","protected":false},"excerpt":{"rendered":"<p>Qu&#8217;est-ce qu&#8217;un cookie&nbsp;? Les cookies sont de petits fichiers texte que la plupart des sites stockent sur les appareils des utilisateurs, par lesquels ils acc\u00e8dent \u00e0 Internet, afin d&#8217;identifier les appareils que les utilisateurs ont utilis\u00e9s pour y acc\u00e9der. Leur stockage est sous le contr\u00f4le complet du navigateur utilis\u00e9 par l&#8217;utilisateur, ce dernier peut limiter [&hellip;]<\/p>\n","protected":false},"author":1,"featured_media":0,"parent":0,"menu_order":0,"comment_status":"closed","ping_status":"closed","template":"","meta":{"content-type":"","inline_featured_image":false},"yoast_head":"<!-- This site is optimized with the Yoast SEO plugin v21.6 - https:\/\/yoast.com\/wordpress\/plugins\/seo\/ -->\n<title>\u00c0 propos des cookies - Bioklimatska pergola Agava<\/title>\n<meta name=\"description\" content=\"Qu&#039;est-ce qu&#039;un cookie&nbsp;? Les cookies sont de petits fichiers texte que la plupart des sites stockent sur les appareils des utilisateurs, par lesquels\" \/>\n<meta name=\"robots\" content=\"index, follow, max-snippet:-1, max-image-preview:large, max-video-preview:-1\" \/>\n<link rel=\"canonical\" href=\"https:\/\/pergola-agava.si\/fr\/a-propos-des-cookies\/\" \/>\n<meta property=\"og:locale\" content=\"fr_FR\" \/>\n<meta property=\"og:type\" content=\"article\" \/>\n<meta property=\"og:title\" content=\"\u00c0 propos des cookies - Bioklimatska pergola Agava\" \/>\n<meta property=\"og:description\" content=\"Qu&#039;est-ce qu&#039;un cookie&nbsp;? Les cookies sont de petits fichiers texte que la plupart des sites stockent sur les appareils des utilisateurs, par lesquels\" \/>\n<meta property=\"og:url\" content=\"https:\/\/pergola-agava.si\/fr\/a-propos-des-cookies\/\" \/>\n<meta property=\"og:site_name\" content=\"Bioklimatska pergola Agava\" \/>\n<meta property=\"article:modified_time\" content=\"2020-03-13T11:12:41+00:00\" \/>\n<meta name=\"twitter:card\" content=\"summary_large_image\" \/>\n<meta name=\"twitter:label1\" content=\"Dur\u00e9e de lecture estim\u00e9e\" \/>\n\t<meta name=\"twitter:data1\" content=\"2 minutes\" \/>\n<script type=\"application\/ld+json\" class=\"yoast-schema-graph\">{\"@context\":\"https:\/\/schema.org\",\"@graph\":[{\"@type\":\"WebPage\",\"@id\":\"https:\/\/pergola-agava.si\/fr\/a-propos-des-cookies\/\",\"url\":\"https:\/\/pergola-agava.si\/fr\/a-propos-des-cookies\/\",\"name\":\"\u00c0 propos des cookies - Bioklimatska pergola Agava\",\"isPartOf\":{\"@id\":\"https:\/\/pergola-agava.si\/fr\/#website\"},\"datePublished\":\"2020-03-06T08:23:44+00:00\",\"dateModified\":\"2020-03-13T11:12:41+00:00\",\"description\":\"Qu'est-ce qu'un cookie&nbsp;? Les cookies sont de petits fichiers texte que la plupart des sites stockent sur les appareils des utilisateurs, par lesquels\",\"breadcrumb\":{\"@id\":\"https:\/\/pergola-agava.si\/fr\/a-propos-des-cookies\/#breadcrumb\"},\"inLanguage\":\"fr-FR\",\"potentialAction\":[{\"@type\":\"ReadAction\",\"target\":[\"https:\/\/pergola-agava.si\/fr\/a-propos-des-cookies\/\"]}]},{\"@type\":\"BreadcrumbList\",\"@id\":\"https:\/\/pergola-agava.si\/fr\/a-propos-des-cookies\/#breadcrumb\",\"itemListElement\":[{\"@type\":\"ListItem\",\"position\":1,\"name\":\"Home\",\"item\":\"https:\/\/pergola-agava.si\/fr\/\"},{\"@type\":\"ListItem\",\"position\":2,\"name\":\"\u00c0 propos des cookies\"}]},{\"@type\":\"WebSite\",\"@id\":\"https:\/\/pergola-agava.si\/fr\/#website\",\"url\":\"https:\/\/pergola-agava.si\/fr\/\",\"name\":\"Bioklimatska pergola Agava\",\"description\":\"\",\"potentialAction\":[{\"@type\":\"SearchAction\",\"target\":{\"@type\":\"EntryPoint\",\"urlTemplate\":\"https:\/\/pergola-agava.si\/fr\/?s={search_term_string}\"},\"query-input\":\"required name=search_term_string\"}],\"inLanguage\":\"fr-FR\"}]}<\/script>\n<!-- \/ Yoast SEO plugin. -->","yoast_head_json":{"title":"\u00c0 propos des cookies - Bioklimatska pergola Agava","description":"Qu'est-ce qu'un cookie&nbsp;? Les cookies sont de petits fichiers texte que la plupart des sites stockent sur les appareils des utilisateurs, par lesquels","robots":{"index":"index","follow":"follow","max-snippet":"max-snippet:-1","max-image-preview":"max-image-preview:large","max-video-preview":"max-video-preview:-1"},"canonical":"https:\/\/pergola-agava.si\/fr\/a-propos-des-cookies\/","og_locale":"fr_FR","og_type":"article","og_title":"\u00c0 propos des cookies - Bioklimatska pergola Agava","og_description":"Qu'est-ce qu'un cookie&nbsp;? Les cookies sont de petits fichiers texte que la plupart des sites stockent sur les appareils des utilisateurs, par lesquels","og_url":"https:\/\/pergola-agava.si\/fr\/a-propos-des-cookies\/","og_site_name":"Bioklimatska pergola Agava","article_modified_time":"2020-03-13T11:12:41+00:00","twitter_card":"summary_large_image","twitter_misc":{"Dur\u00e9e de lecture estim\u00e9e":"2 minutes"},"schema":{"@context":"https:\/\/schema.org","@graph":[{"@type":"WebPage","@id":"https:\/\/pergola-agava.si\/fr\/a-propos-des-cookies\/","url":"https:\/\/pergola-agava.si\/fr\/a-propos-des-cookies\/","name":"\u00c0 propos des cookies - Bioklimatska pergola Agava","isPartOf":{"@id":"https:\/\/pergola-agava.si\/fr\/#website"},"datePublished":"2020-03-06T08:23:44+00:00","dateModified":"2020-03-13T11:12:41+00:00","description":"Qu'est-ce qu'un cookie&nbsp;? Les cookies sont de petits fichiers texte que la plupart des sites stockent sur les appareils des utilisateurs, par lesquels","breadcrumb":{"@id":"https:\/\/pergola-agava.si\/fr\/a-propos-des-cookies\/#breadcrumb"},"inLanguage":"fr-FR","potentialAction":[{"@type":"ReadAction","target":["https:\/\/pergola-agava.si\/fr\/a-propos-des-cookies\/"]}]},{"@type":"BreadcrumbList","@id":"https:\/\/pergola-agava.si\/fr\/a-propos-des-cookies\/#breadcrumb","itemListElement":[{"@type":"ListItem","position":1,"name":"Home","item":"https:\/\/pergola-agava.si\/fr\/"},{"@type":"ListItem","position":2,"name":"\u00c0 propos des cookies"}]},{"@type":"WebSite","@id":"https:\/\/pergola-agava.si\/fr\/#website","url":"https:\/\/pergola-agava.si\/fr\/","name":"Bioklimatska pergola Agava","description":"","potentialAction":[{"@type":"SearchAction","target":{"@type":"EntryPoint","urlTemplate":"https:\/\/pergola-agava.si\/fr\/?s={search_term_string}"},"query-input":"required name=search_term_string"}],"inLanguage":"fr-FR"}]}},"_links":{"self":[{"href":"https:\/\/pergola-agava.si\/fr\/wp-json\/wp\/v2\/pages\/4343"}],"collection":[{"href":"https:\/\/pergola-agava.si\/fr\/wp-json\/wp\/v2\/pages"}],"about":[{"href":"https:\/\/pergola-agava.si\/fr\/wp-json\/wp\/v2\/types\/page"}],"author":[{"embeddable":true,"href":"https:\/\/pergola-agava.si\/fr\/wp-json\/wp\/v2\/users\/1"}],"replies":[{"embeddable":true,"href":"https:\/\/pergola-agava.si\/fr\/wp-json\/wp\/v2\/comments?post=4343"}],"version-history":[{"count":2,"href":"https:\/\/pergola-agava.si\/fr\/wp-json\/wp\/v2\/pages\/4343\/revisions"}],"predecessor-version":[{"id":5268,"href":"https:\/\/pergola-agava.si\/fr\/wp-json\/wp\/v2\/pages\/4343\/revisions\/5268"}],"wp:attachment":[{"href":"https:\/\/pergola-agava.si\/fr\/wp-json\/wp\/v2\/media?parent=4343"}],"curies":[{"name":"wp","href":"https:\/\/api.w.org\/{rel}","templated":true}]}}