{"id":4292,"date":"2020-03-06T09:09:08","date_gmt":"2020-03-06T08:09:08","guid":{"rendered":"https:\/\/pergola-agava.si\/protection-des-donnees-personnelles\/"},"modified":"2020-07-24T13:56:01","modified_gmt":"2020-07-24T11:56:01","slug":"protection-des-donnees-personnelles","status":"publish","type":"page","link":"https:\/\/pergola-agava.si\/fr\/protection-des-donnees-personnelles\/","title":{"rendered":"Protection des donn\u00e9es personnelles"},"content":{"rendered":"\r\n<p>Propri\u00e9taire et exploitant du site www.pergola-agava.si\u00a0:<br \/>SOLTEC d.o.o., Obrtna 9, 8257 DOBOVA <br \/>Repr\u00e9sentant l\u00e9gal\u00a0:\u00a0Miroslav Po\u017ear<\/p>\r\n\r\n\r\n\r\n<h4 class=\"wp-block-heading\">1. Utilisation, volume et objectif du stockage et du traitement<\/h4>\r\n\r\n\r\n\r\n<p>Nous stockons et traitons les donn\u00e9es personnelles \u00e0 des fins de communication avec nos clients, de marketing par courrier \u00e9lectronique, de promotions, de profilage des clients dans le but de leur offrir, par courrier \u00e9lectronique et sur le site Web, un contenu et des offres de produits adapt\u00e9s \u00e0 leurs besoins. \u00c0 des fins d&#8217;informations par t\u00e9l\u00e9phone et par courrier \u00e9lectronique, nous conservons les informations suivantes\u00a0: <br \/>&#8211; adresse \u00e9lectronique, <br \/>&#8211; pr\u00e9nom, <br \/>&#8211; nom, <br \/>&#8211; num\u00e9ro de t\u00e9l\u00e9phone.<\/p>\r\n\r\n\r\n\r\n<p>Nous collectons les donn\u00e9es personnelles apr\u00e8s consentement ou accord expr\u00e8s du particulier. Nous conservons votre consentement avec son contenu et son formulaire rempli. Les donn\u00e9es personnelles collect\u00e9es sont utilis\u00e9es par nos services suivants\u00a0: vente, marketing.<\/p>\r\n\r\n\r\n\r\n<h4 class=\"wp-block-heading\">2. Transfert<\/h4>\r\n\r\n\r\n\r\n<p>Les donn\u00e9es personnelles collect\u00e9es sont stock\u00e9es sur le territoire de la R\u00e9publique de Slov\u00e9nie.<\/p>\r\n\r\n\r\n\r\n<h4 class=\"wp-block-heading\">3. P\u00e9riode de conservation<\/h4>\r\n\r\n\r\n\r\n<p>Nous collectons les donn\u00e9es personnelles jusqu&#8217;\u00e0 r\u00e9vocation par la personne du consentement au stockage et au traitement de ses donn\u00e9es. Apr\u00e8s r\u00e9vocation du consentement, les donn\u00e9es personnelles seront imm\u00e9diatement supprim\u00e9es de mani\u00e8re d\u00e9finitive.<\/p>\r\n\r\n\r\n\r\n<h4 class=\"wp-block-heading\">4. Comment prot\u00e9geons-nous les donn\u00e9es personnelles collect\u00e9es\u00a0?<\/h4>\r\n\r\n\r\n\r\n<p>Nous transmettons uniquement des contenus et des informations, et n&#8217;exigeons jamais de num\u00e9ros de carte de cr\u00e9dit ou d&#8217;autres informations qui pourraient \u00eatre utilis\u00e9s \u00e0 mauvais escient par des criminels en ligne. Le site www.pergola-agava.si est sur un serveur web s\u00e9curis\u00e9 et fait l&#8217;objet de contr\u00f4les de s\u00e9curit\u00e9 r\u00e9guliers.<\/p>\r\n\r\n\r\n\r\n<p>Nous utilisons les donn\u00e9es personnelles collect\u00e9es uniquement aux fins mentionn\u00e9es ci-dessus, nous ne les commercialisons ni ne les transmettons \u00e0 des tiers autres que nos partenaires qui nous aident \u00e0 maintenir le site Web, mais qui sont tenus de prot\u00e9ger les donn\u00e9es personnelles dans les m\u00eames conditions que Soltec d.o.o.<\/p>\r\n\r\n\r\n\r\n<p>Dans des cas exceptionnels, nous pouvons, conform\u00e9ment \u00e0 la loi, transmettre vos donn\u00e9es personnelles aux autorit\u00e9s de l&#8217;\u00c9tat et aux organes de s\u00e9curit\u00e9, en cas de demande officielle de communication de donn\u00e9es personnelles.<\/p>\r\n\r\n\r\n\r\n<h4 class=\"wp-block-heading\">5. Droits de la personne<\/h4>\r\n\r\n\r\n\r\n<p>\u00c0 tout moment, toute personne peut demander concernant ses donn\u00e9es personnelles\u00a0: <br \/>&#8211; l&#8217;acc\u00e8s \u00e0 ces donn\u00e9es, <br \/>&#8211; une correction, <br \/>&#8211; un effacement complet, <br \/>&#8211; un transfert vers un autre prestataire de services similaires, <br \/>&#8211; l&#8217;interruption du traitement et du stockage ou l&#8217;annulation du consentement au traitement et au stockage, sans pr\u00e9judice de la lic\u00e9it\u00e9 du traitement, qui \u00e9tait en vigueur sur la base du consentement ou de l&#8217;accord jusqu&#8217;\u00e0 sa r\u00e9vocation. <br \/><br \/>La demande peut \u00eatre envoy\u00e9e par e-mail \u00e0 info@soltec.si ou par courrier postal au si\u00e8ge de la soci\u00e9t\u00e9.<\/p>\r\n\r\n\r\n\r\n<p>Dans le cas o\u00f9 une personne estime que ses droits en mati\u00e8re de protection des donn\u00e9es personnelles ont \u00e9t\u00e9 viol\u00e9s par notre entreprise, elle peut \u00e0 tout moment d\u00e9poser une plainte aupr\u00e8s de l&#8217;autorit\u00e9 de contr\u00f4le &#8211; Commissaire \u00e0 l&#8217;information en R\u00e9publique de Slov\u00e9nie\u00a0:\u2028Republika Slovenija, Informacijski poobla\u0161\u010denec, Zalo\u0161ka 59, 1000 Ljubljana, https:\/\/www.ip-rs.si<\/p>\r\n\r\n\r\n\r\n<p>L&#8217;\u00e9quipe pergola-agava.si respecte votre vie priv\u00e9e conform\u00e9ment \u00e0 la loi (loi ZVOP-1 sur la protection des donn\u00e9es personnelles, Journal officiel de la R\u00e9publique de Slov\u00e9nie n\u00b0 94\/07 et RGPD). C&#8217;est pourquoi, nous mettons en place sur le site www.pergola-agava.si toutes les activit\u00e9s de protection et de traitement \u00e9thique de vos donn\u00e9es personnelles.\u2028<\/p>\r\n","protected":false},"excerpt":{"rendered":"<p>Propri\u00e9taire et exploitant du site www.pergola-agava.si\u00a0:SOLTEC d.o.o., Obrtna 9, 8257 DOBOVA Repr\u00e9sentant l\u00e9gal\u00a0:\u00a0Miroslav Po\u017ear 1. Utilisation, volume et objectif du stockage et du traitement Nous stockons et traitons les donn\u00e9es personnelles \u00e0 des fins de communication avec nos clients, de marketing par courrier \u00e9lectronique, de promotions, de profilage des clients dans le but de leur [&hellip;]<\/p>\n","protected":false},"author":1,"featured_media":0,"parent":0,"menu_order":0,"comment_status":"closed","ping_status":"closed","template":"","meta":{"content-type":"","inline_featured_image":false},"yoast_head":"<!-- This site is optimized with the Yoast SEO plugin v21.6 - https:\/\/yoast.com\/wordpress\/plugins\/seo\/ -->\n<title>Protection des donn\u00e9es personnelles - Bioklimatska pergola Agava<\/title>\n<meta name=\"description\" content=\"Propri\u00e9taire et exploitant du site www.pergola-agava.si\u00a0:SOLTEC d.o.o., Obrtna 9, 8257 DOBOVA Repr\u00e9sentant l\u00e9gal\u00a0:\u00a0Miroslav Po\u017ear 1. Utilisation, volume\" \/>\n<meta name=\"robots\" content=\"index, follow, max-snippet:-1, max-image-preview:large, max-video-preview:-1\" \/>\n<link rel=\"canonical\" href=\"https:\/\/pergola-agava.si\/fr\/protection-des-donnees-personnelles\/\" \/>\n<meta property=\"og:locale\" content=\"fr_FR\" \/>\n<meta property=\"og:type\" content=\"article\" \/>\n<meta property=\"og:title\" content=\"Protection des donn\u00e9es personnelles - Bioklimatska pergola Agava\" \/>\n<meta property=\"og:description\" content=\"Propri\u00e9taire et exploitant du site www.pergola-agava.si\u00a0:SOLTEC d.o.o., Obrtna 9, 8257 DOBOVA Repr\u00e9sentant l\u00e9gal\u00a0:\u00a0Miroslav Po\u017ear 1. Utilisation, volume\" \/>\n<meta property=\"og:url\" content=\"https:\/\/pergola-agava.si\/fr\/protection-des-donnees-personnelles\/\" \/>\n<meta property=\"og:site_name\" content=\"Bioklimatska pergola Agava\" \/>\n<meta property=\"article:modified_time\" content=\"2020-07-24T11:56:01+00:00\" \/>\n<meta name=\"twitter:card\" content=\"summary_large_image\" \/>\n<meta name=\"twitter:label1\" content=\"Dur\u00e9e de lecture estim\u00e9e\" \/>\n\t<meta name=\"twitter:data1\" content=\"3 minutes\" \/>\n<script type=\"application\/ld+json\" class=\"yoast-schema-graph\">{\"@context\":\"https:\/\/schema.org\",\"@graph\":[{\"@type\":\"WebPage\",\"@id\":\"https:\/\/pergola-agava.si\/fr\/protection-des-donnees-personnelles\/\",\"url\":\"https:\/\/pergola-agava.si\/fr\/protection-des-donnees-personnelles\/\",\"name\":\"Protection des donn\u00e9es personnelles - Bioklimatska pergola Agava\",\"isPartOf\":{\"@id\":\"https:\/\/pergola-agava.si\/fr\/#website\"},\"datePublished\":\"2020-03-06T08:09:08+00:00\",\"dateModified\":\"2020-07-24T11:56:01+00:00\",\"description\":\"Propri\u00e9taire et exploitant du site www.pergola-agava.si\u00a0:SOLTEC d.o.o., Obrtna 9, 8257 DOBOVA Repr\u00e9sentant l\u00e9gal\u00a0:\u00a0Miroslav Po\u017ear 1. Utilisation, volume\",\"breadcrumb\":{\"@id\":\"https:\/\/pergola-agava.si\/fr\/protection-des-donnees-personnelles\/#breadcrumb\"},\"inLanguage\":\"fr-FR\",\"potentialAction\":[{\"@type\":\"ReadAction\",\"target\":[\"https:\/\/pergola-agava.si\/fr\/protection-des-donnees-personnelles\/\"]}]},{\"@type\":\"BreadcrumbList\",\"@id\":\"https:\/\/pergola-agava.si\/fr\/protection-des-donnees-personnelles\/#breadcrumb\",\"itemListElement\":[{\"@type\":\"ListItem\",\"position\":1,\"name\":\"Home\",\"item\":\"https:\/\/pergola-agava.si\/fr\/\"},{\"@type\":\"ListItem\",\"position\":2,\"name\":\"Protection des donn\u00e9es personnelles\"}]},{\"@type\":\"WebSite\",\"@id\":\"https:\/\/pergola-agava.si\/fr\/#website\",\"url\":\"https:\/\/pergola-agava.si\/fr\/\",\"name\":\"Bioklimatska pergola Agava\",\"description\":\"\",\"potentialAction\":[{\"@type\":\"SearchAction\",\"target\":{\"@type\":\"EntryPoint\",\"urlTemplate\":\"https:\/\/pergola-agava.si\/fr\/?s={search_term_string}\"},\"query-input\":\"required name=search_term_string\"}],\"inLanguage\":\"fr-FR\"}]}<\/script>\n<!-- \/ Yoast SEO plugin. -->","yoast_head_json":{"title":"Protection des donn\u00e9es personnelles - Bioklimatska pergola Agava","description":"Propri\u00e9taire et exploitant du site www.pergola-agava.si\u00a0:SOLTEC d.o.o., Obrtna 9, 8257 DOBOVA Repr\u00e9sentant l\u00e9gal\u00a0:\u00a0Miroslav Po\u017ear 1. Utilisation, volume","robots":{"index":"index","follow":"follow","max-snippet":"max-snippet:-1","max-image-preview":"max-image-preview:large","max-video-preview":"max-video-preview:-1"},"canonical":"https:\/\/pergola-agava.si\/fr\/protection-des-donnees-personnelles\/","og_locale":"fr_FR","og_type":"article","og_title":"Protection des donn\u00e9es personnelles - Bioklimatska pergola Agava","og_description":"Propri\u00e9taire et exploitant du site www.pergola-agava.si\u00a0:SOLTEC d.o.o., Obrtna 9, 8257 DOBOVA Repr\u00e9sentant l\u00e9gal\u00a0:\u00a0Miroslav Po\u017ear 1. Utilisation, volume","og_url":"https:\/\/pergola-agava.si\/fr\/protection-des-donnees-personnelles\/","og_site_name":"Bioklimatska pergola Agava","article_modified_time":"2020-07-24T11:56:01+00:00","twitter_card":"summary_large_image","twitter_misc":{"Dur\u00e9e de lecture estim\u00e9e":"3 minutes"},"schema":{"@context":"https:\/\/schema.org","@graph":[{"@type":"WebPage","@id":"https:\/\/pergola-agava.si\/fr\/protection-des-donnees-personnelles\/","url":"https:\/\/pergola-agava.si\/fr\/protection-des-donnees-personnelles\/","name":"Protection des donn\u00e9es personnelles - Bioklimatska pergola Agava","isPartOf":{"@id":"https:\/\/pergola-agava.si\/fr\/#website"},"datePublished":"2020-03-06T08:09:08+00:00","dateModified":"2020-07-24T11:56:01+00:00","description":"Propri\u00e9taire et exploitant du site www.pergola-agava.si\u00a0:SOLTEC d.o.o., Obrtna 9, 8257 DOBOVA Repr\u00e9sentant l\u00e9gal\u00a0:\u00a0Miroslav Po\u017ear 1. Utilisation, volume","breadcrumb":{"@id":"https:\/\/pergola-agava.si\/fr\/protection-des-donnees-personnelles\/#breadcrumb"},"inLanguage":"fr-FR","potentialAction":[{"@type":"ReadAction","target":["https:\/\/pergola-agava.si\/fr\/protection-des-donnees-personnelles\/"]}]},{"@type":"BreadcrumbList","@id":"https:\/\/pergola-agava.si\/fr\/protection-des-donnees-personnelles\/#breadcrumb","itemListElement":[{"@type":"ListItem","position":1,"name":"Home","item":"https:\/\/pergola-agava.si\/fr\/"},{"@type":"ListItem","position":2,"name":"Protection des donn\u00e9es personnelles"}]},{"@type":"WebSite","@id":"https:\/\/pergola-agava.si\/fr\/#website","url":"https:\/\/pergola-agava.si\/fr\/","name":"Bioklimatska pergola Agava","description":"","potentialAction":[{"@type":"SearchAction","target":{"@type":"EntryPoint","urlTemplate":"https:\/\/pergola-agava.si\/fr\/?s={search_term_string}"},"query-input":"required name=search_term_string"}],"inLanguage":"fr-FR"}]}},"_links":{"self":[{"href":"https:\/\/pergola-agava.si\/fr\/wp-json\/wp\/v2\/pages\/4292"}],"collection":[{"href":"https:\/\/pergola-agava.si\/fr\/wp-json\/wp\/v2\/pages"}],"about":[{"href":"https:\/\/pergola-agava.si\/fr\/wp-json\/wp\/v2\/types\/page"}],"author":[{"embeddable":true,"href":"https:\/\/pergola-agava.si\/fr\/wp-json\/wp\/v2\/users\/1"}],"replies":[{"embeddable":true,"href":"https:\/\/pergola-agava.si\/fr\/wp-json\/wp\/v2\/comments?post=4292"}],"version-history":[{"count":7,"href":"https:\/\/pergola-agava.si\/fr\/wp-json\/wp\/v2\/pages\/4292\/revisions"}],"predecessor-version":[{"id":9025,"href":"https:\/\/pergola-agava.si\/fr\/wp-json\/wp\/v2\/pages\/4292\/revisions\/9025"}],"wp:attachment":[{"href":"https:\/\/pergola-agava.si\/fr\/wp-json\/wp\/v2\/media?parent=4292"}],"curies":[{"name":"wp","href":"https:\/\/api.w.org\/{rel}","templated":true}]}}