{"id":10236,"date":"2020-08-28T12:42:14","date_gmt":"2020-08-28T10:42:14","guid":{"rendered":"https:\/\/pergola-agava.si\/video-reference-1\/"},"modified":"2020-08-28T13:52:42","modified_gmt":"2020-08-28T11:52:42","slug":"video-reference-1","status":"publish","type":"page","link":"https:\/\/pergola-agava.si\/fr\/reference-video\/","title":{"rendered":"R\u00e9f\u00e9rence vid\u00e9o"},"content":{"rendered":"\t\t<div data-elementor-type=\"wp-page\" data-elementor-id=\"10236\" class=\"elementor elementor-10236 elementor-10223\" data-elementor-settings=\"[]\">\n\t\t\t<div class=\"elementor-inner\">\n\t\t\t\t<div class=\"elementor-section-wrap\">\n\t\t\t\t\t\t\t<section class=\"elementor-element elementor-element-4e2ff5c elementor-section-boxed elementor-section-height-default elementor-section-height-default elementor-section elementor-top-section\" data-id=\"4e2ff5c\" data-element_type=\"section\">\n\t\t\t\t\t\t<div class=\"elementor-container elementor-column-gap-default\">\n\t\t\t\t<div class=\"elementor-row\">\n\t\t\t\t<div class=\"elementor-element elementor-element-4523cbb elementor-column elementor-col-100 elementor-top-column\" data-id=\"4523cbb\" data-element_type=\"column\">\n\t\t\t<div class=\"elementor-column-wrap  elementor-element-populated\">\n\t\t\t\t\t<div class=\"elementor-widget-wrap\">\n\t\t\t\t<div class=\"elementor-element elementor-element-548914e acenter elementor-widget elementor-widget-wgl-double-headings\" data-id=\"548914e\" data-element_type=\"widget\" data-widget_type=\"wgl-double-headings.default\">\n\t\t\t\t<div class=\"elementor-widget-container\">\n\t\t\t<div class=\"wgl-double_heading\">                <h2 class=\"dbl-title_wrapper\"><span class=\"dbl-title dbl-title_1\">La plus grande pergola d'Europe<\/span>                 <\/h2>        <\/div>\t\t<\/div>\n\t\t\t\t<\/div>\n\t\t\t\t<div class=\"elementor-element elementor-element-bed18ed elementor-aspect-ratio-169 elementor-widget elementor-widget-video\" data-id=\"bed18ed\" data-element_type=\"widget\" data-settings=\"{&quot;aspect_ratio&quot;:&quot;169&quot;}\" data-widget_type=\"video.default\">\n\t\t\t\t<div class=\"elementor-widget-container\">\n\t\t\t\t\t<div class=\"elementor-wrapper elementor-fit-aspect-ratio elementor-open-inline\">\n\t\t\t<iframe class=\"elementor-video-iframe\" allowfullscreen title=\"Lecteur vid\u00e9o youtube\" src=\"https:\/\/www.youtube.com\/embed\/ctJSYes9T3A?feature=oembed&amp;start&amp;end&amp;wmode=opaque&amp;loop=0&amp;controls=1&amp;mute=0&amp;rel=0&amp;modestbranding=0\"><\/iframe>\t\t<\/div>\n\t\t\t\t<\/div>\n\t\t\t\t<\/div>\n\t\t\t\t<div class=\"elementor-element elementor-element-a8a5068 elementor-widget elementor-widget-spacer\" data-id=\"a8a5068\" data-element_type=\"widget\" data-widget_type=\"spacer.default\">\n\t\t\t\t<div class=\"elementor-widget-container\">\n\t\t\t\t\t<div class=\"elementor-spacer\">\n\t\t\t<div class=\"elementor-spacer-inner\"><\/div>\n\t\t<\/div>\n\t\t\t\t<\/div>\n\t\t\t\t<\/div>\n\t\t\t\t\t\t<\/div>\n\t\t\t<\/div>\n\t\t<\/div>\n\t\t\t\t\t\t<\/div>\n\t\t\t<\/div>\n\t\t<\/section>\n\t\t\t\t<section class=\"elementor-element elementor-element-770afac elementor-section-boxed elementor-section-height-default elementor-section-height-default elementor-section elementor-top-section\" data-id=\"770afac\" data-element_type=\"section\">\n\t\t\t\t\t\t<div class=\"elementor-container elementor-column-gap-default\">\n\t\t\t\t<div class=\"elementor-row\">\n\t\t\t\t<div class=\"elementor-element elementor-element-0eaebfa elementor-column elementor-col-50 elementor-top-column\" data-id=\"0eaebfa\" data-element_type=\"column\">\n\t\t\t<div class=\"elementor-column-wrap  elementor-element-populated\">\n\t\t\t\t\t<div class=\"elementor-widget-wrap\">\n\t\t\t\t<div class=\"elementor-element elementor-element-738aa3b acenter elementor-widget elementor-widget-wgl-double-headings\" data-id=\"738aa3b\" data-element_type=\"widget\" data-widget_type=\"wgl-double-headings.default\">\n\t\t\t\t<div class=\"elementor-widget-container\">\n\t\t\t<div class=\"wgl-double_heading\">                <h2 class=\"dbl-title_wrapper\"><span class=\"dbl-title dbl-title_1\">Restaurant<\/span>                 <\/h2>        <\/div>\t\t<\/div>\n\t\t\t\t<\/div>\n\t\t\t\t<div class=\"elementor-element elementor-element-56c6654 elementor-aspect-ratio-169 elementor-widget elementor-widget-video\" data-id=\"56c6654\" data-element_type=\"widget\" data-settings=\"{&quot;aspect_ratio&quot;:&quot;169&quot;}\" data-widget_type=\"video.default\">\n\t\t\t\t<div class=\"elementor-widget-container\">\n\t\t\t\t\t<div class=\"elementor-wrapper elementor-fit-aspect-ratio elementor-open-inline\">\n\t\t\t<iframe class=\"elementor-video-iframe\" allowfullscreen title=\"Lecteur vid\u00e9o youtube\" src=\"https:\/\/www.youtube.com\/embed\/5DUFykBgyE0?feature=oembed&amp;start&amp;end&amp;wmode=opaque&amp;loop=0&amp;controls=1&amp;mute=0&amp;rel=0&amp;modestbranding=0\"><\/iframe>\t\t<\/div>\n\t\t\t\t<\/div>\n\t\t\t\t<\/div>\n\t\t\t\t<div class=\"elementor-element elementor-element-ef7862d elementor-widget elementor-widget-spacer\" data-id=\"ef7862d\" data-element_type=\"widget\" data-widget_type=\"spacer.default\">\n\t\t\t\t<div class=\"elementor-widget-container\">\n\t\t\t\t\t<div class=\"elementor-spacer\">\n\t\t\t<div class=\"elementor-spacer-inner\"><\/div>\n\t\t<\/div>\n\t\t\t\t<\/div>\n\t\t\t\t<\/div>\n\t\t\t\t\t\t<\/div>\n\t\t\t<\/div>\n\t\t<\/div>\n\t\t\t\t<div class=\"elementor-element elementor-element-a57957b elementor-column elementor-col-50 elementor-top-column\" data-id=\"a57957b\" data-element_type=\"column\">\n\t\t\t<div class=\"elementor-column-wrap  elementor-element-populated\">\n\t\t\t\t\t<div class=\"elementor-widget-wrap\">\n\t\t\t\t<div class=\"elementor-element elementor-element-d9ba090 acenter elementor-widget elementor-widget-wgl-double-headings\" data-id=\"d9ba090\" data-element_type=\"widget\" data-widget_type=\"wgl-double-headings.default\">\n\t\t\t\t<div class=\"elementor-widget-container\">\n\t\t\t<div class=\"wgl-double_heading\">                <h2 class=\"dbl-title_wrapper\"><span class=\"dbl-title dbl-title_1\">Camping<\/span>                 <\/h2>        <\/div>\t\t<\/div>\n\t\t\t\t<\/div>\n\t\t\t\t<div class=\"elementor-element elementor-element-7018f81 elementor-aspect-ratio-169 elementor-widget elementor-widget-video\" data-id=\"7018f81\" data-element_type=\"widget\" data-settings=\"{&quot;aspect_ratio&quot;:&quot;169&quot;}\" data-widget_type=\"video.default\">\n\t\t\t\t<div class=\"elementor-widget-container\">\n\t\t\t\t\t<div class=\"elementor-wrapper elementor-fit-aspect-ratio elementor-open-inline\">\n\t\t\t<iframe class=\"elementor-video-iframe\" allowfullscreen title=\"Lecteur vid\u00e9o youtube\" src=\"https:\/\/www.youtube.com\/embed\/U5r6B594zcs?feature=oembed&amp;start&amp;end&amp;wmode=opaque&amp;loop=0&amp;controls=1&amp;mute=0&amp;rel=0&amp;modestbranding=0\"><\/iframe>\t\t<\/div>\n\t\t\t\t<\/div>\n\t\t\t\t<\/div>\n\t\t\t\t<div class=\"elementor-element elementor-element-1810023 elementor-widget elementor-widget-spacer\" data-id=\"1810023\" data-element_type=\"widget\" data-widget_type=\"spacer.default\">\n\t\t\t\t<div class=\"elementor-widget-container\">\n\t\t\t\t\t<div class=\"elementor-spacer\">\n\t\t\t<div class=\"elementor-spacer-inner\"><\/div>\n\t\t<\/div>\n\t\t\t\t<\/div>\n\t\t\t\t<\/div>\n\t\t\t\t\t\t<\/div>\n\t\t\t<\/div>\n\t\t<\/div>\n\t\t\t\t\t\t<\/div>\n\t\t\t<\/div>\n\t\t<\/section>\n\t\t\t\t<section class=\"elementor-element elementor-element-871b00c elementor-section-boxed elementor-section-height-default elementor-section-height-default elementor-section elementor-top-section\" data-id=\"871b00c\" data-element_type=\"section\">\n\t\t\t\t\t\t<div class=\"elementor-container elementor-column-gap-default\">\n\t\t\t\t<div class=\"elementor-row\">\n\t\t\t\t<div class=\"elementor-element elementor-element-f448a31 elementor-column elementor-col-50 elementor-top-column\" data-id=\"f448a31\" data-element_type=\"column\">\n\t\t\t<div class=\"elementor-column-wrap  elementor-element-populated\">\n\t\t\t\t\t<div class=\"elementor-widget-wrap\">\n\t\t\t\t<div class=\"elementor-element elementor-element-aa86ba6 acenter elementor-widget elementor-widget-wgl-double-headings\" data-id=\"aa86ba6\" data-element_type=\"widget\" data-widget_type=\"wgl-double-headings.default\">\n\t\t\t\t<div class=\"elementor-widget-container\">\n\t\t\t<div class=\"wgl-double_heading\">                <h2 class=\"dbl-title_wrapper\"><span class=\"dbl-title dbl-title_1\">Pergola Agava \u00e0 midi<\/span>                 <\/h2>        <\/div>\t\t<\/div>\n\t\t\t\t<\/div>\n\t\t\t\t<div class=\"elementor-element elementor-element-9a89e50 elementor-aspect-ratio-169 elementor-widget elementor-widget-video\" data-id=\"9a89e50\" data-element_type=\"widget\" data-settings=\"{&quot;aspect_ratio&quot;:&quot;169&quot;}\" data-widget_type=\"video.default\">\n\t\t\t\t<div class=\"elementor-widget-container\">\n\t\t\t\t\t<div class=\"elementor-wrapper elementor-fit-aspect-ratio elementor-open-inline\">\n\t\t\t<iframe class=\"elementor-video-iframe\" allowfullscreen title=\"Lecteur vid\u00e9o youtube\" src=\"https:\/\/www.youtube.com\/embed\/xyRCBkES7TM?feature=oembed&amp;start&amp;end&amp;wmode=opaque&amp;loop=0&amp;controls=1&amp;mute=0&amp;rel=0&amp;modestbranding=0\"><\/iframe>\t\t<\/div>\n\t\t\t\t<\/div>\n\t\t\t\t<\/div>\n\t\t\t\t\t\t<\/div>\n\t\t\t<\/div>\n\t\t<\/div>\n\t\t\t\t<div class=\"elementor-element elementor-element-b027738 elementor-column elementor-col-50 elementor-top-column\" data-id=\"b027738\" data-element_type=\"column\">\n\t\t\t<div class=\"elementor-column-wrap  elementor-element-populated\">\n\t\t\t\t\t<div class=\"elementor-widget-wrap\">\n\t\t\t\t<div class=\"elementor-element elementor-element-7bbda90 acenter elementor-widget elementor-widget-wgl-double-headings\" data-id=\"7bbda90\" data-element_type=\"widget\" data-widget_type=\"wgl-double-headings.default\">\n\t\t\t\t<div class=\"elementor-widget-container\">\n\t\t\t<div class=\"wgl-double_heading\">                <h2 class=\"dbl-title_wrapper\"><span class=\"dbl-title dbl-title_1\">Pergola Agava la nuit<\/span>                 <\/h2>        <\/div>\t\t<\/div>\n\t\t\t\t<\/div>\n\t\t\t\t<div class=\"elementor-element elementor-element-eb11d82 elementor-aspect-ratio-169 elementor-widget elementor-widget-video\" data-id=\"eb11d82\" data-element_type=\"widget\" data-settings=\"{&quot;aspect_ratio&quot;:&quot;169&quot;}\" data-widget_type=\"video.default\">\n\t\t\t\t<div class=\"elementor-widget-container\">\n\t\t\t\t\t<div class=\"elementor-wrapper elementor-fit-aspect-ratio elementor-open-inline\">\n\t\t\t<iframe class=\"elementor-video-iframe\" allowfullscreen title=\"Lecteur vid\u00e9o youtube\" src=\"https:\/\/www.youtube.com\/embed\/43QylPhthi4?feature=oembed&amp;start&amp;end&amp;wmode=opaque&amp;loop=0&amp;controls=1&amp;mute=0&amp;rel=0&amp;modestbranding=0\"><\/iframe>\t\t<\/div>\n\t\t\t\t<\/div>\n\t\t\t\t<\/div>\n\t\t\t\t\t\t<\/div>\n\t\t\t<\/div>\n\t\t<\/div>\n\t\t\t\t\t\t<\/div>\n\t\t\t<\/div>\n\t\t<\/section>\n\t\t\t\t\t\t<\/div>\n\t\t\t<\/div>\n\t\t<\/div>\n\t\t","protected":false},"excerpt":{"rendered":"<p>La plus grande pergola d&#8217;Europe Restaurant Camping Pergola Agava \u00e0 midi Pergola Agava la nuit<\/p>\n","protected":false},"author":1,"featured_media":0,"parent":0,"menu_order":0,"comment_status":"closed","ping_status":"closed","template":"","meta":{"content-type":"","inline_featured_image":false},"yoast_head":"<!-- This site is optimized with the Yoast SEO plugin v21.6 - https:\/\/yoast.com\/wordpress\/plugins\/seo\/ -->\n<title>R\u00e9f\u00e9rence vid\u00e9o - Bioklimatska pergola Agava<\/title>\n<meta name=\"description\" content=\"R\u00e9f\u00e9rences vid\u00e9o tr\u00e8s int\u00e9ressantes de la pergola bioclimatique Agava.\" \/>\n<meta name=\"robots\" content=\"index, follow, max-snippet:-1, max-image-preview:large, max-video-preview:-1\" \/>\n<link rel=\"canonical\" href=\"https:\/\/pergola-agava.si\/fr\/reference-video\/\" \/>\n<meta property=\"og:locale\" content=\"fr_FR\" \/>\n<meta property=\"og:type\" content=\"article\" \/>\n<meta property=\"og:title\" content=\"R\u00e9f\u00e9rence vid\u00e9o - Bioklimatska pergola Agava\" \/>\n<meta property=\"og:description\" content=\"R\u00e9f\u00e9rences vid\u00e9o tr\u00e8s int\u00e9ressantes de la pergola bioclimatique Agava.\" \/>\n<meta property=\"og:url\" content=\"https:\/\/pergola-agava.si\/fr\/reference-video\/\" \/>\n<meta property=\"og:site_name\" content=\"Bioklimatska pergola Agava\" \/>\n<meta property=\"article:modified_time\" content=\"2020-08-28T11:52:42+00:00\" \/>\n<meta name=\"twitter:card\" content=\"summary_large_image\" \/>\n<script type=\"application\/ld+json\" class=\"yoast-schema-graph\">{\"@context\":\"https:\/\/schema.org\",\"@graph\":[{\"@type\":\"WebPage\",\"@id\":\"https:\/\/pergola-agava.si\/fr\/reference-video\/\",\"url\":\"https:\/\/pergola-agava.si\/fr\/reference-video\/\",\"name\":\"R\u00e9f\u00e9rence vid\u00e9o - Bioklimatska pergola Agava\",\"isPartOf\":{\"@id\":\"https:\/\/pergola-agava.si\/fr\/#website\"},\"datePublished\":\"2020-08-28T10:42:14+00:00\",\"dateModified\":\"2020-08-28T11:52:42+00:00\",\"description\":\"R\u00e9f\u00e9rences vid\u00e9o tr\u00e8s int\u00e9ressantes de la pergola bioclimatique Agava.\",\"breadcrumb\":{\"@id\":\"https:\/\/pergola-agava.si\/fr\/reference-video\/#breadcrumb\"},\"inLanguage\":\"fr-FR\",\"potentialAction\":[{\"@type\":\"ReadAction\",\"target\":[\"https:\/\/pergola-agava.si\/fr\/reference-video\/\"]}]},{\"@type\":\"BreadcrumbList\",\"@id\":\"https:\/\/pergola-agava.si\/fr\/reference-video\/#breadcrumb\",\"itemListElement\":[{\"@type\":\"ListItem\",\"position\":1,\"name\":\"Home\",\"item\":\"https:\/\/pergola-agava.si\/fr\/\"},{\"@type\":\"ListItem\",\"position\":2,\"name\":\"R\u00e9f\u00e9rence vid\u00e9o\"}]},{\"@type\":\"WebSite\",\"@id\":\"https:\/\/pergola-agava.si\/fr\/#website\",\"url\":\"https:\/\/pergola-agava.si\/fr\/\",\"name\":\"Bioklimatska pergola Agava\",\"description\":\"\",\"potentialAction\":[{\"@type\":\"SearchAction\",\"target\":{\"@type\":\"EntryPoint\",\"urlTemplate\":\"https:\/\/pergola-agava.si\/fr\/?s={search_term_string}\"},\"query-input\":\"required name=search_term_string\"}],\"inLanguage\":\"fr-FR\"}]}<\/script>\n<!-- \/ Yoast SEO plugin. -->","yoast_head_json":{"title":"R\u00e9f\u00e9rence vid\u00e9o - Bioklimatska pergola Agava","description":"R\u00e9f\u00e9rences vid\u00e9o tr\u00e8s int\u00e9ressantes de la pergola bioclimatique Agava.","robots":{"index":"index","follow":"follow","max-snippet":"max-snippet:-1","max-image-preview":"max-image-preview:large","max-video-preview":"max-video-preview:-1"},"canonical":"https:\/\/pergola-agava.si\/fr\/reference-video\/","og_locale":"fr_FR","og_type":"article","og_title":"R\u00e9f\u00e9rence vid\u00e9o - Bioklimatska pergola Agava","og_description":"R\u00e9f\u00e9rences vid\u00e9o tr\u00e8s int\u00e9ressantes de la pergola bioclimatique Agava.","og_url":"https:\/\/pergola-agava.si\/fr\/reference-video\/","og_site_name":"Bioklimatska pergola Agava","article_modified_time":"2020-08-28T11:52:42+00:00","twitter_card":"summary_large_image","schema":{"@context":"https:\/\/schema.org","@graph":[{"@type":"WebPage","@id":"https:\/\/pergola-agava.si\/fr\/reference-video\/","url":"https:\/\/pergola-agava.si\/fr\/reference-video\/","name":"R\u00e9f\u00e9rence vid\u00e9o - Bioklimatska pergola Agava","isPartOf":{"@id":"https:\/\/pergola-agava.si\/fr\/#website"},"datePublished":"2020-08-28T10:42:14+00:00","dateModified":"2020-08-28T11:52:42+00:00","description":"R\u00e9f\u00e9rences vid\u00e9o tr\u00e8s int\u00e9ressantes de la pergola bioclimatique Agava.","breadcrumb":{"@id":"https:\/\/pergola-agava.si\/fr\/reference-video\/#breadcrumb"},"inLanguage":"fr-FR","potentialAction":[{"@type":"ReadAction","target":["https:\/\/pergola-agava.si\/fr\/reference-video\/"]}]},{"@type":"BreadcrumbList","@id":"https:\/\/pergola-agava.si\/fr\/reference-video\/#breadcrumb","itemListElement":[{"@type":"ListItem","position":1,"name":"Home","item":"https:\/\/pergola-agava.si\/fr\/"},{"@type":"ListItem","position":2,"name":"R\u00e9f\u00e9rence vid\u00e9o"}]},{"@type":"WebSite","@id":"https:\/\/pergola-agava.si\/fr\/#website","url":"https:\/\/pergola-agava.si\/fr\/","name":"Bioklimatska pergola Agava","description":"","potentialAction":[{"@type":"SearchAction","target":{"@type":"EntryPoint","urlTemplate":"https:\/\/pergola-agava.si\/fr\/?s={search_term_string}"},"query-input":"required name=search_term_string"}],"inLanguage":"fr-FR"}]}},"_links":{"self":[{"href":"https:\/\/pergola-agava.si\/fr\/wp-json\/wp\/v2\/pages\/10236"}],"collection":[{"href":"https:\/\/pergola-agava.si\/fr\/wp-json\/wp\/v2\/pages"}],"about":[{"href":"https:\/\/pergola-agava.si\/fr\/wp-json\/wp\/v2\/types\/page"}],"author":[{"embeddable":true,"href":"https:\/\/pergola-agava.si\/fr\/wp-json\/wp\/v2\/users\/1"}],"replies":[{"embeddable":true,"href":"https:\/\/pergola-agava.si\/fr\/wp-json\/wp\/v2\/comments?post=10236"}],"version-history":[{"count":3,"href":"https:\/\/pergola-agava.si\/fr\/wp-json\/wp\/v2\/pages\/10236\/revisions"}],"predecessor-version":[{"id":10250,"href":"https:\/\/pergola-agava.si\/fr\/wp-json\/wp\/v2\/pages\/10236\/revisions\/10250"}],"wp:attachment":[{"href":"https:\/\/pergola-agava.si\/fr\/wp-json\/wp\/v2\/media?parent=10236"}],"curies":[{"name":"wp","href":"https:\/\/api.w.org\/{rel}","templated":true}]}}