{"id":7279,"date":"2020-03-18T21:43:15","date_gmt":"2020-03-18T20:43:15","guid":{"rendered":"https:\/\/pergola-agava.si\/za-arhitekte\/"},"modified":"2020-06-23T16:29:44","modified_gmt":"2020-06-23T14:29:44","slug":"fuer-architekten","status":"publish","type":"page","link":"https:\/\/pergola-agava.si\/de\/fuer-architekten\/","title":{"rendered":"Pergola-Modelle f\u00fcr Architekten"},"content":{"rendered":"\t\t<div data-elementor-type=\"wp-page\" data-elementor-id=\"7279\" class=\"elementor elementor-7279 elementor-5562\" data-elementor-settings=\"[]\">\n\t\t\t<div class=\"elementor-inner\">\n\t\t\t\t<div class=\"elementor-section-wrap\">\n\t\t\t\t\t\t\t<section class=\"elementor-element elementor-element-fb110a2 elementor-section-boxed elementor-section-height-default elementor-section-height-default elementor-section elementor-top-section\" data-id=\"fb110a2\" data-element_type=\"section\">\n\t\t\t\t\t\t<div class=\"elementor-container elementor-column-gap-default\">\n\t\t\t\t<div class=\"elementor-row\">\n\t\t\t\t<div class=\"elementor-element elementor-element-22856d6 elementor-column elementor-col-100 elementor-top-column\" data-id=\"22856d6\" data-element_type=\"column\">\n\t\t\t<div class=\"elementor-column-wrap  elementor-element-populated\">\n\t\t\t\t\t<div class=\"elementor-widget-wrap\">\n\t\t\t\t<div class=\"elementor-element elementor-element-dd44bc0 elementor-widget elementor-widget-text-editor\" data-id=\"dd44bc0\" data-element_type=\"widget\" data-widget_type=\"text-editor.default\">\n\t\t\t\t<div class=\"elementor-widget-container\">\n\t\t\t\t\t<div class=\"elementor-text-editor elementor-clearfix\">Es freut uns, dass Sie sich f\u00fcr unsere bioklimatische Pergolen Agava interessieren. Es stehen BIM-Modelle zur Auswahl. Bitte registrieren Sie sich oder melden Sie sich an.<\/div>\n\t\t\t\t<\/div>\n\t\t\t\t<\/div>\n\t\t\t\t<div class=\"elementor-element elementor-element-a7440bf elementor-widget elementor-widget-spacer\" data-id=\"a7440bf\" data-element_type=\"widget\" data-widget_type=\"spacer.default\">\n\t\t\t\t<div class=\"elementor-widget-container\">\n\t\t\t\t\t<div class=\"elementor-spacer\">\n\t\t\t<div class=\"elementor-spacer-inner\"><\/div>\n\t\t<\/div>\n\t\t\t\t<\/div>\n\t\t\t\t<\/div>\n\t\t\t\t\t\t<\/div>\n\t\t\t<\/div>\n\t\t<\/div>\n\t\t\t\t\t\t<\/div>\n\t\t\t<\/div>\n\t\t<\/section>\n\t\t\t\t<section class=\"elementor-element elementor-element-882ceee elementor-section-boxed elementor-section-height-default elementor-section-height-default elementor-section elementor-top-section\" data-id=\"882ceee\" data-element_type=\"section\">\n\t\t\t\t\t\t<div class=\"elementor-container elementor-column-gap-default\">\n\t\t\t\t<div class=\"elementor-row\">\n\t\t\t\t<div class=\"elementor-element elementor-element-622d0e6 elementor-column elementor-col-50 elementor-top-column\" data-id=\"622d0e6\" data-element_type=\"column\">\n\t\t\t<div class=\"elementor-column-wrap  elementor-element-populated\">\n\t\t\t\t\t<div class=\"elementor-widget-wrap\">\n\t\t\t\t<div class=\"elementor-element elementor-element-8ffc945 elementor-widget elementor-widget-heading\" data-id=\"8ffc945\" data-element_type=\"widget\" data-widget_type=\"heading.default\">\n\t\t\t\t<div class=\"elementor-widget-container\">\n\t\t\t<h3 class=\"elementor-heading-title elementor-size-default\"><b>Anmeldung<\/b> f\u00fcr bestehende Architekten<\/h3>\t\t<\/div>\n\t\t\t\t<\/div>\n\t\t\t\t<div class=\"elementor-element elementor-element-4df3e4f elementor-widget elementor-widget-spacer\" data-id=\"4df3e4f\" data-element_type=\"widget\" data-widget_type=\"spacer.default\">\n\t\t\t\t<div class=\"elementor-widget-container\">\n\t\t\t\t\t<div class=\"elementor-spacer\">\n\t\t\t<div class=\"elementor-spacer-inner\"><\/div>\n\t\t<\/div>\n\t\t\t\t<\/div>\n\t\t\t\t<\/div>\n\t\t\t\t<div class=\"elementor-element elementor-element-17c38f4 elementor-widget elementor-widget-text-editor\" data-id=\"17c38f4\" data-element_type=\"widget\" data-widget_type=\"text-editor.default\">\n\t\t\t\t<div class=\"elementor-widget-container\">\n\t\t\t\t\t<div class=\"elementor-text-editor elementor-clearfix\"><p><div class=\"swpm-login-widget-form\">\n    <form id=\"swpm-login-form\" name=\"swpm-login-form\" method=\"post\" action=\"\">\n        <div class=\"swpm-login-form-inner\">\n            <div class=\"swpm-username-label\">\n                <label for=\"swpm_user_name\" class=\"swpm-label\">Benutzername oder E-Mail<\/label>\n            <\/div>\n            <div class=\"swpm-username-input\">\n                <input type=\"text\" class=\"swpm-text-field swpm-username-field\" id=\"swpm_user_name\" value=\"\" size=\"25\" name=\"swpm_user_name\" \/>\n            <\/div>\n            <div class=\"swpm-password-label\">\n                <label for=\"swpm_password\" class=\"swpm-label\">Passwort<\/label>\n            <\/div>\n            <div class=\"swpm-password-input\">\n                <input type=\"password\" class=\"swpm-text-field swpm-password-field\" id=\"swpm_password\" value=\"\" size=\"25\" name=\"swpm_password\" \/>\n            <\/div>\n            <div class=\"swpm-remember-me\">\n                <span class=\"swpm-remember-checkbox\"><input type=\"checkbox\" name=\"rememberme\" value=\"checked='checked'\"><\/span>\n                <span class=\"swpm-rember-label\"> Remember Me<\/span>\n            <\/div>\n            \n            <div class=\"swpm-before-login-submit-section\"><\/div>\n            \n            <div class=\"swpm-login-submit\">\n                <input type=\"submit\" class=\"swpm-login-form-submit\" name=\"swpm-login\" value=\"Anmelden\"\/>\n            <\/div>\n            <div class=\"swpm-forgot-pass-link\">\n                <a id=\"forgot_pass\" class=\"swpm-login-form-pw-reset-link\"  href=\"#\">Haben Sie Ihr Passwort vergessen?<\/a>\n            <\/div>\n            <div class=\"swpm-join-us-link\">\n                <a id=\"register\" class=\"swpm-login-form-register-link\" href=\"https:\/\/pergola-agava.si\/za-distributerje\/\">Werden Sie Mitglied bei uns<\/a>\n            <\/div>\n            <div class=\"swpm-login-action-msg\">\n                <span class=\"swpm-login-widget-action-msg\"><\/span>\n            <\/div>\n        <\/div>\n    <\/form>\n<\/div>\n<\/p><\/div>\n\t\t\t\t<\/div>\n\t\t\t\t<\/div>\n\t\t\t\t\t\t<\/div>\n\t\t\t<\/div>\n\t\t<\/div>\n\t\t\t\t<div class=\"elementor-element elementor-element-c51a645 elementor-column elementor-col-50 elementor-top-column\" data-id=\"c51a645\" data-element_type=\"column\">\n\t\t\t<div class=\"elementor-column-wrap  elementor-element-populated\">\n\t\t\t\t\t<div class=\"elementor-widget-wrap\">\n\t\t\t\t<div class=\"elementor-element elementor-element-5e7e3d2 elementor-widget elementor-widget-heading\" data-id=\"5e7e3d2\" data-element_type=\"widget\" data-widget_type=\"heading.default\">\n\t\t\t\t<div class=\"elementor-widget-container\">\n\t\t\t<h3 class=\"elementor-heading-title elementor-size-default\"><b>Registrierung<\/b> f\u00fcr neue Architekten<\/h3>\t\t<\/div>\n\t\t\t\t<\/div>\n\t\t\t\t<div class=\"elementor-element elementor-element-12a3c86 elementor-widget elementor-widget-spacer\" data-id=\"12a3c86\" data-element_type=\"widget\" data-widget_type=\"spacer.default\">\n\t\t\t\t<div class=\"elementor-widget-container\">\n\t\t\t\t\t<div class=\"elementor-spacer\">\n\t\t\t<div class=\"elementor-spacer-inner\"><\/div>\n\t\t<\/div>\n\t\t\t\t<\/div>\n\t\t\t\t<\/div>\n\t\t\t\t<div class=\"elementor-element elementor-element-174ecf4 elementor-widget elementor-widget-text-editor\" data-id=\"174ecf4\" data-element_type=\"widget\" data-widget_type=\"text-editor.default\">\n\t\t\t\t<div class=\"elementor-widget-container\">\n\t\t\t\t\t<div class=\"elementor-text-editor elementor-clearfix\"><p><div class=\"swpm-registration-widget-form\">\n    <form id=\"swpm-registration-form\" class=\"swpm-validate-form\" name=\"swpm-registration-form\" method=\"post\" action=\"\">\n        <input type =\"hidden\" name=\"level_identifier\" value=\"eccbc87e4b5ce2fe28308fd9f2a7baf3\" \/>\n        <table>\n            <tr class=\"swpm-registration-username-row\">\n                <td><label for=\"user_name\">Benutzername<\/label><\/td>\n                <td><input type=\"text\" id=\"user_name\" class=\"validate[required,custom[noapostrophe],custom[SWPMUserName],minSize[4],ajax[ajaxUserCall]]\" value=\"\" size=\"50\" name=\"user_name\" \/><\/td>\n            <\/tr>\n            <tr class=\"swpm-registration-email-row\">\n                <td><label for=\"email\">E-Mail Adresse<\/label><\/td>\n                <td><input type=\"text\" autocomplete=\"off\" id=\"email\" class=\"validate[required,custom[email],ajax[ajaxEmailCall]]\" value=\"\" size=\"50\" name=\"email\" \/><\/td>\n            <\/tr>\n            <tr class=\"swpm-registration-password-row\">\n                <td><label for=\"password\">Passwort<\/label><\/td>\n                <td><input type=\"password\" autocomplete=\"off\" id=\"password\" class=\"\" value=\"\" size=\"50\" name=\"password\" \/><\/td>\n            <\/tr>\n            <tr class=\"swpm-registration-password-retype-row\">\n                <td><label for=\"password_re\">Passwort wiederholen<\/label><\/td>\n                <td><input type=\"password\" autocomplete=\"off\" id=\"password_re\" value=\"\" size=\"50\" name=\"password_re\" \/><\/td>\n            <\/tr>\n            <tr class=\"swpm-registration-firstname-row\">\n                <td><label for=\"first_name\">Vorname<\/label><\/td>\n                <td><input type=\"text\" id=\"first_name\" class=\"validate[required]\" value=\"\" size=\"50\" name=\"first_name\" \/><\/td>\n            <\/tr>\n            <tr class=\"swpm-registration-lastname-row\">\n                <td><label for=\"last_name\">Nachname<\/label><\/td>\n                <td><input type=\"text\" id=\"last_name\" class=\"validate[required]\" value=\"\" size=\"50\" name=\"last_name\" \/><\/td>\n            <\/tr>\n            <tr class=\"swpm-registration-company-row\">\n                <td><label for=\"company\">Podjetje<\/label><\/td>\n                <td><input type=\"text\" id=\"company\" class=\"validate[required]\" value=\"\" size=\"50\" name=\"company\" \/><\/td>\n            <\/tr>\n            <tr class=\"swpm-registration-phone-row\">\n                <td><label for=\"phone\">Telefonska \u0161tevilka<\/label><\/td>\n                <td><input type=\"text\" id=\"phone\" class=\"validate[required]\" value=\"\" size=\"50\" name=\"phone\" \/><\/td>\n            <\/tr>\n            <tr class=\"swpm-registration-web-row\">\n                <td><label for=\"web\">Dr\u017eava<\/label><\/td>\n                <td><input type=\"text\" id=\"country\" value=\"\" size=\"50\" name=\"web\" \/><\/td>\n            <\/tr>\n            <tr class=\"swpm-registration-web-row\">\n                <td><label for=\"podrocje\">Produkt<\/label><\/td>\n                <td>\n                    <select style='height:80px;' name=\"podrocje\"  id=\"podrocje\" multiple value=\"\">\n                        <option value=\"fizi\u010dne hi\u0161e\">Pergola Agava<\/option>\n                        <option value=\"hoteli\">Carport Agava<\/option>\n                    <\/select>\n                <\/td>\n            <\/tr>\n             <tr class=\"swpm-registration-web-row\">\n                <td><label for=\"web\">Sporo\u010dilo<\/label><\/td>\n                <td><input type=\"text\" id=\"message\" value=\"\" size=\"50\" name=\"message\" \/><\/td>\n            <\/tr>\n            <tr class=\"swpm-registration-membership-level-row\">\n                <td><label for=\"membership_level\">Mitgliedschaftsstufe<\/label><\/td>\n                <td>\n                    Arhitekti<input type=\"hidden\" value=\"3\" size=\"50\" name=\"membership_level\" id=\"membership_level\" \/><input type=\"hidden\" name=\"swpm_level_hash\" value=\"d325c7d8065b887b47a9f749e2ad834d\" \/>                <\/td>\n            <\/tr>\n                            <tr>\n                    <td colspan=\"2\" style=\"text-align: center;\">\n                        <label><input type=\"checkbox\" id=\"accept_pt\" name=\"accept_pp\" class=\"validate[required]\" value=\"1\"> Ich bin einverstanden mit der  <a href=\"https:\/\/pergola-agava.si\/varstvo-osebnih-podatkov\/\" target=\"_blank\">Datenschutzerkl\u00e4rung<\/a><\/label>\n                    <\/td>\n                <\/tr>\n                        <\/table>\n\n        <div class=\"swpm-before-registration-submit-section\" align=\"center\"><\/div>\n\n        <div class=\"swpm-registration-submit-section\" align=\"center\">\n            <input type=\"submit\" value=\"Registrieren\" class=\"swpm-registration-submit\" name=\"swpm_registration_submit\" \/>\n        <\/div>\n\n        <input type=\"hidden\" name=\"action\" value=\"custom_posts\" \/>\n\n    <\/form>\n<\/div>\n<\/p><\/div>\n\t\t\t\t<\/div>\n\t\t\t\t<\/div>\n\t\t\t\t\t\t<\/div>\n\t\t\t<\/div>\n\t\t<\/div>\n\t\t\t\t\t\t<\/div>\n\t\t\t<\/div>\n\t\t<\/section>\n\t\t\t\t\t\t<\/div>\n\t\t\t<\/div>\n\t\t<\/div>\n\t\t","protected":false},"excerpt":{"rendered":"<p>Es freut uns, dass Sie sich f\u00fcr unsere bioklimatische Pergolen Agava interessieren. Es stehen BIM-Modelle zur Auswahl. Bitte registrieren Sie sich oder melden Sie sich an. Anmeldung f\u00fcr bestehende Architekten Registrierung f\u00fcr neue Architekten<\/p>\n","protected":false},"author":1,"featured_media":0,"parent":0,"menu_order":0,"comment_status":"closed","ping_status":"closed","template":"","meta":{"content-type":"","inline_featured_image":false},"yoast_head":"<!-- This site is optimized with the Yoast SEO plugin v21.6 - https:\/\/yoast.com\/wordpress\/plugins\/seo\/ -->\n<title>Pergola-Modelle f\u00fcr Architekten. Agava Pergola BIM Modelle<\/title>\n<meta name=\"description\" content=\"Wir freuen uns, dass Sie sich f\u00fcr unsere bioklimatischen Agava-Pergolen interessieren. Sie k\u00f6nnen aus BIM-Modellen w\u00e4hlen. Bitte registrieren Sie sich oder melden Sie sich an.\" \/>\n<meta name=\"robots\" content=\"index, follow, max-snippet:-1, max-image-preview:large, max-video-preview:-1\" \/>\n<link rel=\"canonical\" href=\"https:\/\/pergola-agava.si\/de\/fuer-architekten\/\" \/>\n<meta property=\"og:locale\" content=\"de_DE\" \/>\n<meta property=\"og:type\" content=\"article\" \/>\n<meta property=\"og:title\" content=\"Pergola-Modelle f\u00fcr Architekten. Agava Pergola BIM Modelle\" \/>\n<meta property=\"og:description\" content=\"Wir freuen uns, dass Sie sich f\u00fcr unsere bioklimatischen Agava-Pergolen interessieren. Sie k\u00f6nnen aus BIM-Modellen w\u00e4hlen. Bitte registrieren Sie sich oder melden Sie sich an.\" \/>\n<meta property=\"og:url\" content=\"https:\/\/pergola-agava.si\/de\/fuer-architekten\/\" \/>\n<meta property=\"og:site_name\" content=\"Bioklimatska pergola Agava\" \/>\n<meta property=\"article:modified_time\" content=\"2020-06-23T14:29:44+00:00\" \/>\n<meta name=\"twitter:card\" content=\"summary_large_image\" \/>\n<script type=\"application\/ld+json\" class=\"yoast-schema-graph\">{\"@context\":\"https:\/\/schema.org\",\"@graph\":[{\"@type\":\"WebPage\",\"@id\":\"https:\/\/pergola-agava.si\/de\/fuer-architekten\/\",\"url\":\"https:\/\/pergola-agava.si\/de\/fuer-architekten\/\",\"name\":\"Pergola-Modelle f\u00fcr Architekten. Agava Pergola BIM Modelle\",\"isPartOf\":{\"@id\":\"https:\/\/pergola-agava.si\/de\/#website\"},\"datePublished\":\"2020-03-18T20:43:15+00:00\",\"dateModified\":\"2020-06-23T14:29:44+00:00\",\"description\":\"Wir freuen uns, dass Sie sich f\u00fcr unsere bioklimatischen Agava-Pergolen interessieren. Sie k\u00f6nnen aus BIM-Modellen w\u00e4hlen. Bitte registrieren Sie sich oder melden Sie sich an.\",\"breadcrumb\":{\"@id\":\"https:\/\/pergola-agava.si\/de\/fuer-architekten\/#breadcrumb\"},\"inLanguage\":\"de\",\"potentialAction\":[{\"@type\":\"ReadAction\",\"target\":[\"https:\/\/pergola-agava.si\/de\/fuer-architekten\/\"]}]},{\"@type\":\"BreadcrumbList\",\"@id\":\"https:\/\/pergola-agava.si\/de\/fuer-architekten\/#breadcrumb\",\"itemListElement\":[{\"@type\":\"ListItem\",\"position\":1,\"name\":\"Home\",\"item\":\"https:\/\/pergola-agava.si\/de\/\"},{\"@type\":\"ListItem\",\"position\":2,\"name\":\"Pergola-Modelle f\u00fcr Architekten\"}]},{\"@type\":\"WebSite\",\"@id\":\"https:\/\/pergola-agava.si\/de\/#website\",\"url\":\"https:\/\/pergola-agava.si\/de\/\",\"name\":\"Bioklimatska pergola Agava\",\"description\":\"\",\"potentialAction\":[{\"@type\":\"SearchAction\",\"target\":{\"@type\":\"EntryPoint\",\"urlTemplate\":\"https:\/\/pergola-agava.si\/de\/?s={search_term_string}\"},\"query-input\":\"required name=search_term_string\"}],\"inLanguage\":\"de\"}]}<\/script>\n<!-- \/ Yoast SEO plugin. -->","yoast_head_json":{"title":"Pergola-Modelle f\u00fcr Architekten. Agava Pergola BIM Modelle","description":"Wir freuen uns, dass Sie sich f\u00fcr unsere bioklimatischen Agava-Pergolen interessieren. Sie k\u00f6nnen aus BIM-Modellen w\u00e4hlen. Bitte registrieren Sie sich oder melden Sie sich an.","robots":{"index":"index","follow":"follow","max-snippet":"max-snippet:-1","max-image-preview":"max-image-preview:large","max-video-preview":"max-video-preview:-1"},"canonical":"https:\/\/pergola-agava.si\/de\/fuer-architekten\/","og_locale":"de_DE","og_type":"article","og_title":"Pergola-Modelle f\u00fcr Architekten. Agava Pergola BIM Modelle","og_description":"Wir freuen uns, dass Sie sich f\u00fcr unsere bioklimatischen Agava-Pergolen interessieren. Sie k\u00f6nnen aus BIM-Modellen w\u00e4hlen. Bitte registrieren Sie sich oder melden Sie sich an.","og_url":"https:\/\/pergola-agava.si\/de\/fuer-architekten\/","og_site_name":"Bioklimatska pergola Agava","article_modified_time":"2020-06-23T14:29:44+00:00","twitter_card":"summary_large_image","schema":{"@context":"https:\/\/schema.org","@graph":[{"@type":"WebPage","@id":"https:\/\/pergola-agava.si\/de\/fuer-architekten\/","url":"https:\/\/pergola-agava.si\/de\/fuer-architekten\/","name":"Pergola-Modelle f\u00fcr Architekten. Agava Pergola BIM Modelle","isPartOf":{"@id":"https:\/\/pergola-agava.si\/de\/#website"},"datePublished":"2020-03-18T20:43:15+00:00","dateModified":"2020-06-23T14:29:44+00:00","description":"Wir freuen uns, dass Sie sich f\u00fcr unsere bioklimatischen Agava-Pergolen interessieren. Sie k\u00f6nnen aus BIM-Modellen w\u00e4hlen. Bitte registrieren Sie sich oder melden Sie sich an.","breadcrumb":{"@id":"https:\/\/pergola-agava.si\/de\/fuer-architekten\/#breadcrumb"},"inLanguage":"de","potentialAction":[{"@type":"ReadAction","target":["https:\/\/pergola-agava.si\/de\/fuer-architekten\/"]}]},{"@type":"BreadcrumbList","@id":"https:\/\/pergola-agava.si\/de\/fuer-architekten\/#breadcrumb","itemListElement":[{"@type":"ListItem","position":1,"name":"Home","item":"https:\/\/pergola-agava.si\/de\/"},{"@type":"ListItem","position":2,"name":"Pergola-Modelle f\u00fcr Architekten"}]},{"@type":"WebSite","@id":"https:\/\/pergola-agava.si\/de\/#website","url":"https:\/\/pergola-agava.si\/de\/","name":"Bioklimatska pergola Agava","description":"","potentialAction":[{"@type":"SearchAction","target":{"@type":"EntryPoint","urlTemplate":"https:\/\/pergola-agava.si\/de\/?s={search_term_string}"},"query-input":"required name=search_term_string"}],"inLanguage":"de"}]}},"_links":{"self":[{"href":"https:\/\/pergola-agava.si\/de\/wp-json\/wp\/v2\/pages\/7279"}],"collection":[{"href":"https:\/\/pergola-agava.si\/de\/wp-json\/wp\/v2\/pages"}],"about":[{"href":"https:\/\/pergola-agava.si\/de\/wp-json\/wp\/v2\/types\/page"}],"author":[{"embeddable":true,"href":"https:\/\/pergola-agava.si\/de\/wp-json\/wp\/v2\/users\/1"}],"replies":[{"embeddable":true,"href":"https:\/\/pergola-agava.si\/de\/wp-json\/wp\/v2\/comments?post=7279"}],"version-history":[{"count":3,"href":"https:\/\/pergola-agava.si\/de\/wp-json\/wp\/v2\/pages\/7279\/revisions"}],"predecessor-version":[{"id":8046,"href":"https:\/\/pergola-agava.si\/de\/wp-json\/wp\/v2\/pages\/7279\/revisions\/8046"}],"wp:attachment":[{"href":"https:\/\/pergola-agava.si\/de\/wp-json\/wp\/v2\/media?parent=7279"}],"curies":[{"name":"wp","href":"https:\/\/api.w.org\/{rel}","templated":true}]}}