{"id":4172,"date":"2020-03-03T08:28:56","date_gmt":"2020-03-03T07:28:56","guid":{"rendered":"https:\/\/pergola-agava.si\/ueber-cookies\/"},"modified":"2020-03-11T12:18:34","modified_gmt":"2020-03-11T11:18:34","slug":"ueber-cookies","status":"publish","type":"page","link":"https:\/\/pergola-agava.si\/de\/ueber-cookies\/","title":{"rendered":"\u00dcber Cookies"},"content":{"rendered":"\t\t<div data-elementor-type=\"wp-post\" data-elementor-id=\"4172\" class=\"elementor elementor-4172 elementor-3503\" data-elementor-settings=\"[]\">\n\t\t\t<div class=\"elementor-inner\">\n\t\t\t\t<div class=\"elementor-section-wrap\">\n\t\t\t\t\t\t\t<section class=\"elementor-element elementor-element-3396ed6 elementor-section-boxed elementor-section-height-default elementor-section-height-default elementor-section elementor-top-section\" data-id=\"3396ed6\" data-element_type=\"section\">\n\t\t\t\t\t\t<div class=\"elementor-container elementor-column-gap-default\">\n\t\t\t\t<div class=\"elementor-row\">\n\t\t\t\t<div class=\"elementor-element elementor-element-3e92e2f elementor-column elementor-col-100 elementor-top-column\" data-id=\"3e92e2f\" data-element_type=\"column\">\n\t\t\t<div class=\"elementor-column-wrap  elementor-element-populated\">\n\t\t\t\t\t<div class=\"elementor-widget-wrap\">\n\t\t\t\t<div class=\"elementor-element elementor-element-f9a303e elementor-widget elementor-widget-spacer\" data-id=\"f9a303e\" data-element_type=\"widget\" data-widget_type=\"spacer.default\">\n\t\t\t\t<div class=\"elementor-widget-container\">\n\t\t\t\t\t<div class=\"elementor-spacer\">\n\t\t\t<div class=\"elementor-spacer-inner\"><\/div>\n\t\t<\/div>\n\t\t\t\t<\/div>\n\t\t\t\t<\/div>\n\t\t\t\t\t\t<\/div>\n\t\t\t<\/div>\n\t\t<\/div>\n\t\t\t\t\t\t<\/div>\n\t\t\t<\/div>\n\t\t<\/section>\n\t\t\t\t<section class=\"elementor-element elementor-element-5be44e84 elementor-section-boxed elementor-section-height-default elementor-section-height-default elementor-section elementor-top-section\" data-id=\"5be44e84\" data-element_type=\"section\">\n\t\t\t\t\t\t<div class=\"elementor-container elementor-column-gap-default\">\n\t\t\t\t<div class=\"elementor-row\">\n\t\t\t\t<div class=\"elementor-element elementor-element-92ad2f elementor-column elementor-col-100 elementor-top-column\" data-id=\"92ad2f\" data-element_type=\"column\">\n\t\t\t<div class=\"elementor-column-wrap  elementor-element-populated\">\n\t\t\t\t\t<div class=\"elementor-widget-wrap\">\n\t\t\t\t<div class=\"elementor-element elementor-element-5ab72374 elementor-widget elementor-widget-text-editor\" data-id=\"5ab72374\" data-element_type=\"widget\" data-widget_type=\"text-editor.default\">\n\t\t\t\t<div class=\"elementor-widget-container\">\n\t\t\t\t\t<div class=\"elementor-text-editor elementor-clearfix\"><h4>Was ist ein Cookie?<\/h4>\n<p>Cookies sind kleine Textdateien, die die meisten Websites auf den Ger\u00e4ten der Benutzer gespeichert, mit denen der Benutzer auf das Internet zugreift, um die einzelnen Ger\u00e4te zu identifizieren, mit denen der Zugriff stattgefunden hat. Ihre Speicherung unterliegt der vollst\u00e4ndigen Kontrolle des Browsers der vom Benutzer verwendet wird. Dieser kann die Cookie-Speicherung einschr\u00e4nken oder deaktivieren.<\/p>\n<h4>Warum sind Cookies erforderlich?<\/h4>\n<p>Cookies sind f\u00fcr die Bereitstellung benutzerfreundlicher Online-Dienste unerl\u00e4sslich. Die g\u00e4ngigsten E-Commerce-Funktionen w\u00e4ren ohne Cookies nicht m\u00f6glich. Die Interaktion zwischen dem Webbenutzer und der Website ist mithilfe von Cookies schneller und einfacher. Mit ihrer Hilfe merkt sich eine Website ihre Vorlieben und Erfahrungen, spart Zeit und macht das Surfen im Internet effizienter und angenehmer. Cookies werden von den meisten Websites verwendet und sind ein handliches Mittel, um den Inhalt auf dem neusten Stand und relevant zu halten und den Interessen und Vorlieben jedes Webbenutzers nachzukommen. Es gibt mehrere Gr\u00fcnde f\u00fcr die Verwendung von Cookies, als erstes sicherlich die F\u00e4higkeit, Informationen \u00fcber den Status einzelner Website zu speichern (Details zu Anpassungen einzelner Websites), sie helfen bei der Ausf\u00fchrung verschiedener Onlinedienste (Online-Shops) und bei der Erfassung verschiedener Statistiken und Gewohnheiten des Webbenutzers &#8211; da nur durch sie die H\u00e4ufigkeit der Besuche einer bestimmten Website \u00fcberwacht werden kann. Unternehmen verwenden Cookies um die Effektivit\u00e4t ihres Website-Designs sowie die Eignung der Art und Anzahl der Anzeigen zu bewerten, die sie Nutzern auf ihren Websites anbieten.<\/p>\n<p>Sie haben immer die M\u00f6glichkeit, Cookies zu akzeptieren oder abzulehnen. Die meisten Webbrowser akzeptieren Cookies automatisch, was Sie aber in den Einstellungen \u00e4ndert k\u00f6nnen, indem der Computer die Cookies entweder ablehnt oder sie erhalten eine Warnung, bevor das Cookie gespeichert wird.<\/p>\n<h4>Cookie-Einstellungen in Browsern <\/h4>\n<p>F\u00fcr Informationen zu Cookie-Einstellungen klicken Sie auf den Namen Ihres Browsers:<\/p>\n<p>\n<a href=\"https:\/\/support.mozilla.org\/sl\/kb\/kako-omogocite-onemogocite-piskotke?redirectlocale=sl&amp;redirectslug=Kako+aktivirate+in+deaktivirate+pi%C5%A1kote\">Firefox<\/a><br \/>\n<br \/>\n<a href=\"https:\/\/support.google.com\/chrome\/answer\/95647?hl=sl-sl&amp;p=cpn_cookies\">Chrome<\/a><br \/>\n<br \/>\n<a href=\"https:\/\/support.microsoft.com\/sl-si\/help\/17442\/windows-internet-explorer-delete-manage-cookies\">Internet Explorer<\/a><br \/>\n<br \/>\n<a href=\"https:\/\/www.opera.com\/help\/tutorials\/security\/privacy\/\">Opera<\/a><br \/>\n<br \/>\n<a href=\"https:\/\/support.apple.com\/en-us\/HT201265\">Safari<\/a><\/p>\n<h4>Verwendung von Cookies auf unserer Website<\/h4>\n<p>Unsere Website verwendet Cookies ausschlie\u00dflich f\u00fcr unseren eigenen Gebrauch, um zwischen den Besuchern zu differenzieren, deren Anzahl zu z\u00e4hlen, womit wir die Leistung der Website verbessern k\u00f6nnen. Zu diesem Zweck verwenden wir das am h\u00e4ufigsten verwendete Tool Google Analytics.<\/p>\n<p>Unsere Website verwendet auch Cookies, die Ihnen eine bessere Benutzererfahrung bieten, indem sie die eingetragenen Daten und Ihre Zustimmung zur Verwendung von Cookies in Webformulare eingeben. Daten, die durch Cookies gesammelten werden, werden nicht an Dritte weitergegeben.<\/p>\n<\/div>\n\t\t\t\t<\/div>\n\t\t\t\t<\/div>\n\t\t\t\t<div class=\"elementor-element elementor-element-1e6e4f11 elementor-widget elementor-widget-spacer\" data-id=\"1e6e4f11\" data-element_type=\"widget\" data-widget_type=\"spacer.default\">\n\t\t\t\t<div class=\"elementor-widget-container\">\n\t\t\t\t\t<div class=\"elementor-spacer\">\n\t\t\t<div class=\"elementor-spacer-inner\"><\/div>\n\t\t<\/div>\n\t\t\t\t<\/div>\n\t\t\t\t<\/div>\n\t\t\t\t\t\t<\/div>\n\t\t\t<\/div>\n\t\t<\/div>\n\t\t\t\t\t\t<\/div>\n\t\t\t<\/div>\n\t\t<\/section>\n\t\t\t\t<section class=\"elementor-element elementor-element-4e9f2b73 elementor-section-boxed elementor-section-height-default elementor-section-height-default elementor-section elementor-top-section\" data-id=\"4e9f2b73\" data-element_type=\"section\">\n\t\t\t\t\t\t<div class=\"elementor-container elementor-column-gap-default\">\n\t\t\t\t<div class=\"elementor-row\">\n\t\t\t\t<div class=\"elementor-element elementor-element-2074cd71 elementor-column elementor-col-100 elementor-top-column\" data-id=\"2074cd71\" data-element_type=\"column\">\n\t\t\t<div class=\"elementor-column-wrap\">\n\t\t\t\t\t<div class=\"elementor-widget-wrap\">\n\t\t\t\t\t\t<\/div>\n\t\t\t<\/div>\n\t\t<\/div>\n\t\t\t\t\t\t<\/div>\n\t\t\t<\/div>\n\t\t<\/section>\n\t\t\t\t<section class=\"elementor-element elementor-element-35cb21a elementor-section-boxed elementor-section-height-default elementor-section-height-default elementor-section elementor-top-section\" data-id=\"35cb21a\" data-element_type=\"section\">\n\t\t\t\t\t\t<div class=\"elementor-container elementor-column-gap-default\">\n\t\t\t\t<div class=\"elementor-row\">\n\t\t\t\t<div class=\"elementor-element elementor-element-d2a6e21 elementor-column elementor-col-100 elementor-top-column\" data-id=\"d2a6e21\" data-element_type=\"column\">\n\t\t\t<div class=\"elementor-column-wrap  elementor-element-populated\">\n\t\t\t\t\t<div class=\"elementor-widget-wrap\">\n\t\t\t\t<div class=\"elementor-element elementor-element-e849c01 elementor-widget elementor-widget-spacer\" data-id=\"e849c01\" data-element_type=\"widget\" data-widget_type=\"spacer.default\">\n\t\t\t\t<div class=\"elementor-widget-container\">\n\t\t\t\t\t<div class=\"elementor-spacer\">\n\t\t\t<div class=\"elementor-spacer-inner\"><\/div>\n\t\t<\/div>\n\t\t\t\t<\/div>\n\t\t\t\t<\/div>\n\t\t\t\t\t\t<\/div>\n\t\t\t<\/div>\n\t\t<\/div>\n\t\t\t\t\t\t<\/div>\n\t\t\t<\/div>\n\t\t<\/section>\n\t\t\t\t\t\t<\/div>\n\t\t\t<\/div>\n\t\t<\/div>\n\t\t","protected":false},"excerpt":{"rendered":"<p>Was ist ein Cookie? Cookies sind kleine Textdateien, die die meisten Websites auf den Ger\u00e4ten der Benutzer gespeichert, mit denen der Benutzer auf das Internet zugreift, um die einzelnen Ger\u00e4te zu identifizieren, mit denen der Zugriff stattgefunden hat. Ihre Speicherung unterliegt der vollst\u00e4ndigen Kontrolle des Browsers der vom Benutzer verwendet wird. Dieser kann die Cookie-Speicherung [&hellip;]<\/p>\n","protected":false},"author":1,"featured_media":0,"parent":0,"menu_order":0,"comment_status":"closed","ping_status":"closed","template":"","meta":{"content-type":"","inline_featured_image":false},"yoast_head":"<!-- This site is optimized with the Yoast SEO plugin v21.6 - https:\/\/yoast.com\/wordpress\/plugins\/seo\/ -->\n<title>\u00dcber Cookies - Bioklimatska pergola Agava<\/title>\n<meta name=\"description\" content=\"Was ist ein Cookie? Cookies sind kleine Textdateien, die die meisten Websites auf den Ger\u00e4ten der Benutzer gespeichert, mit denen der Benutzer auf das\" \/>\n<meta name=\"robots\" content=\"index, follow, max-snippet:-1, max-image-preview:large, max-video-preview:-1\" \/>\n<link rel=\"canonical\" href=\"https:\/\/pergola-agava.si\/de\/ueber-cookies\/\" \/>\n<meta property=\"og:locale\" content=\"de_DE\" \/>\n<meta property=\"og:type\" content=\"article\" \/>\n<meta property=\"og:title\" content=\"\u00dcber Cookies - Bioklimatska pergola Agava\" \/>\n<meta property=\"og:description\" content=\"Was ist ein Cookie? Cookies sind kleine Textdateien, die die meisten Websites auf den Ger\u00e4ten der Benutzer gespeichert, mit denen der Benutzer auf das\" \/>\n<meta property=\"og:url\" content=\"https:\/\/pergola-agava.si\/de\/ueber-cookies\/\" \/>\n<meta property=\"og:site_name\" content=\"Bioklimatska pergola Agava\" \/>\n<meta property=\"article:modified_time\" content=\"2020-03-11T11:18:34+00:00\" \/>\n<meta name=\"twitter:card\" content=\"summary_large_image\" \/>\n<meta name=\"twitter:label1\" content=\"Gesch\u00e4tzte Lesezeit\" \/>\n\t<meta name=\"twitter:data1\" content=\"2\u00a0Minuten\" \/>\n<script type=\"application\/ld+json\" class=\"yoast-schema-graph\">{\"@context\":\"https:\/\/schema.org\",\"@graph\":[{\"@type\":\"WebPage\",\"@id\":\"https:\/\/pergola-agava.si\/de\/ueber-cookies\/\",\"url\":\"https:\/\/pergola-agava.si\/de\/ueber-cookies\/\",\"name\":\"\u00dcber Cookies - Bioklimatska pergola Agava\",\"isPartOf\":{\"@id\":\"https:\/\/pergola-agava.si\/de\/#website\"},\"datePublished\":\"2020-03-03T07:28:56+00:00\",\"dateModified\":\"2020-03-11T11:18:34+00:00\",\"description\":\"Was ist ein Cookie? Cookies sind kleine Textdateien, die die meisten Websites auf den Ger\u00e4ten der Benutzer gespeichert, mit denen der Benutzer auf das\",\"breadcrumb\":{\"@id\":\"https:\/\/pergola-agava.si\/de\/ueber-cookies\/#breadcrumb\"},\"inLanguage\":\"de\",\"potentialAction\":[{\"@type\":\"ReadAction\",\"target\":[\"https:\/\/pergola-agava.si\/de\/ueber-cookies\/\"]}]},{\"@type\":\"BreadcrumbList\",\"@id\":\"https:\/\/pergola-agava.si\/de\/ueber-cookies\/#breadcrumb\",\"itemListElement\":[{\"@type\":\"ListItem\",\"position\":1,\"name\":\"Home\",\"item\":\"https:\/\/pergola-agava.si\/de\/\"},{\"@type\":\"ListItem\",\"position\":2,\"name\":\"\u00dcber Cookies\"}]},{\"@type\":\"WebSite\",\"@id\":\"https:\/\/pergola-agava.si\/de\/#website\",\"url\":\"https:\/\/pergola-agava.si\/de\/\",\"name\":\"Bioklimatska pergola Agava\",\"description\":\"\",\"potentialAction\":[{\"@type\":\"SearchAction\",\"target\":{\"@type\":\"EntryPoint\",\"urlTemplate\":\"https:\/\/pergola-agava.si\/de\/?s={search_term_string}\"},\"query-input\":\"required name=search_term_string\"}],\"inLanguage\":\"de\"}]}<\/script>\n<!-- \/ Yoast SEO plugin. -->","yoast_head_json":{"title":"\u00dcber Cookies - Bioklimatska pergola Agava","description":"Was ist ein Cookie? Cookies sind kleine Textdateien, die die meisten Websites auf den Ger\u00e4ten der Benutzer gespeichert, mit denen der Benutzer auf das","robots":{"index":"index","follow":"follow","max-snippet":"max-snippet:-1","max-image-preview":"max-image-preview:large","max-video-preview":"max-video-preview:-1"},"canonical":"https:\/\/pergola-agava.si\/de\/ueber-cookies\/","og_locale":"de_DE","og_type":"article","og_title":"\u00dcber Cookies - Bioklimatska pergola Agava","og_description":"Was ist ein Cookie? Cookies sind kleine Textdateien, die die meisten Websites auf den Ger\u00e4ten der Benutzer gespeichert, mit denen der Benutzer auf das","og_url":"https:\/\/pergola-agava.si\/de\/ueber-cookies\/","og_site_name":"Bioklimatska pergola Agava","article_modified_time":"2020-03-11T11:18:34+00:00","twitter_card":"summary_large_image","twitter_misc":{"Gesch\u00e4tzte Lesezeit":"2\u00a0Minuten"},"schema":{"@context":"https:\/\/schema.org","@graph":[{"@type":"WebPage","@id":"https:\/\/pergola-agava.si\/de\/ueber-cookies\/","url":"https:\/\/pergola-agava.si\/de\/ueber-cookies\/","name":"\u00dcber Cookies - Bioklimatska pergola Agava","isPartOf":{"@id":"https:\/\/pergola-agava.si\/de\/#website"},"datePublished":"2020-03-03T07:28:56+00:00","dateModified":"2020-03-11T11:18:34+00:00","description":"Was ist ein Cookie? Cookies sind kleine Textdateien, die die meisten Websites auf den Ger\u00e4ten der Benutzer gespeichert, mit denen der Benutzer auf das","breadcrumb":{"@id":"https:\/\/pergola-agava.si\/de\/ueber-cookies\/#breadcrumb"},"inLanguage":"de","potentialAction":[{"@type":"ReadAction","target":["https:\/\/pergola-agava.si\/de\/ueber-cookies\/"]}]},{"@type":"BreadcrumbList","@id":"https:\/\/pergola-agava.si\/de\/ueber-cookies\/#breadcrumb","itemListElement":[{"@type":"ListItem","position":1,"name":"Home","item":"https:\/\/pergola-agava.si\/de\/"},{"@type":"ListItem","position":2,"name":"\u00dcber Cookies"}]},{"@type":"WebSite","@id":"https:\/\/pergola-agava.si\/de\/#website","url":"https:\/\/pergola-agava.si\/de\/","name":"Bioklimatska pergola Agava","description":"","potentialAction":[{"@type":"SearchAction","target":{"@type":"EntryPoint","urlTemplate":"https:\/\/pergola-agava.si\/de\/?s={search_term_string}"},"query-input":"required name=search_term_string"}],"inLanguage":"de"}]}},"_links":{"self":[{"href":"https:\/\/pergola-agava.si\/de\/wp-json\/wp\/v2\/pages\/4172"}],"collection":[{"href":"https:\/\/pergola-agava.si\/de\/wp-json\/wp\/v2\/pages"}],"about":[{"href":"https:\/\/pergola-agava.si\/de\/wp-json\/wp\/v2\/types\/page"}],"author":[{"embeddable":true,"href":"https:\/\/pergola-agava.si\/de\/wp-json\/wp\/v2\/users\/1"}],"replies":[{"embeddable":true,"href":"https:\/\/pergola-agava.si\/de\/wp-json\/wp\/v2\/comments?post=4172"}],"version-history":[{"count":2,"href":"https:\/\/pergola-agava.si\/de\/wp-json\/wp\/v2\/pages\/4172\/revisions"}],"predecessor-version":[{"id":4190,"href":"https:\/\/pergola-agava.si\/de\/wp-json\/wp\/v2\/pages\/4172\/revisions\/4190"}],"wp:attachment":[{"href":"https:\/\/pergola-agava.si\/de\/wp-json\/wp\/v2\/media?parent=4172"}],"curies":[{"name":"wp","href":"https:\/\/api.w.org\/{rel}","templated":true}]}}