{"id":4078,"date":"2020-03-03T08:23:42","date_gmt":"2020-03-03T07:23:42","guid":{"rendered":"https:\/\/pergola-agava.si\/karriere\/"},"modified":"2020-06-23T17:36:48","modified_gmt":"2020-06-23T15:36:48","slug":"karriere","status":"publish","type":"page","link":"https:\/\/pergola-agava.si\/de\/karriere\/","title":{"rendered":"Karriere"},"content":{"rendered":"\t\t<div data-elementor-type=\"wp-post\" data-elementor-id=\"4078\" class=\"elementor elementor-4078 elementor-3136\" data-elementor-settings=\"[]\">\n\t\t\t<div class=\"elementor-inner\">\n\t\t\t\t<div class=\"elementor-section-wrap\">\n\t\t\t\t\t\t\t<section class=\"elementor-element elementor-element-3396ed6 elementor-section-boxed elementor-section-height-default elementor-section-height-default elementor-section elementor-top-section\" data-id=\"3396ed6\" data-element_type=\"section\">\n\t\t\t\t\t\t<div class=\"elementor-container elementor-column-gap-default\">\n\t\t\t\t<div class=\"elementor-row\">\n\t\t\t\t<div class=\"elementor-element elementor-element-3e92e2f elementor-column elementor-col-100 elementor-top-column\" data-id=\"3e92e2f\" data-element_type=\"column\">\n\t\t\t<div class=\"elementor-column-wrap  elementor-element-populated\">\n\t\t\t\t\t<div class=\"elementor-widget-wrap\">\n\t\t\t\t<div class=\"elementor-element elementor-element-f9a303e elementor-widget elementor-widget-spacer\" data-id=\"f9a303e\" data-element_type=\"widget\" data-widget_type=\"spacer.default\">\n\t\t\t\t<div class=\"elementor-widget-container\">\n\t\t\t\t\t<div class=\"elementor-spacer\">\n\t\t\t<div class=\"elementor-spacer-inner\"><\/div>\n\t\t<\/div>\n\t\t\t\t<\/div>\n\t\t\t\t<\/div>\n\t\t\t\t\t\t<\/div>\n\t\t\t<\/div>\n\t\t<\/div>\n\t\t\t\t\t\t<\/div>\n\t\t\t<\/div>\n\t\t<\/section>\n\t\t\t\t<section class=\"elementor-element elementor-element-5be44e84 elementor-section-boxed elementor-section-height-default elementor-section-height-default elementor-section elementor-top-section\" data-id=\"5be44e84\" data-element_type=\"section\">\n\t\t\t\t\t\t<div class=\"elementor-container elementor-column-gap-default\">\n\t\t\t\t<div class=\"elementor-row\">\n\t\t\t\t<div class=\"elementor-element elementor-element-92ad2f elementor-column elementor-col-100 elementor-top-column\" data-id=\"92ad2f\" data-element_type=\"column\">\n\t\t\t<div class=\"elementor-column-wrap  elementor-element-populated\">\n\t\t\t\t\t<div class=\"elementor-widget-wrap\">\n\t\t\t\t<div class=\"elementor-element elementor-element-5ab72374 elementor-widget elementor-widget-text-editor\" data-id=\"5ab72374\" data-element_type=\"widget\" data-widget_type=\"text-editor.default\">\n\t\t\t\t<div class=\"elementor-widget-container\">\n\t\t\t\t\t<div class=\"elementor-text-editor elementor-clearfix\"><p>Soltec ist ein Ort mit vielen M\u00f6glichkeiten f\u00fcr verschiedene Berufe. Wir sch\u00e4tzen das Wissen. Wir f\u00f6rdern Innovation und Mut. Wir k\u00fcmmern uns um unsere Mitarbeiter. Wir konzentrieren uns auf die Zukunft.<\/p>\n<\/div>\n\t\t\t\t<\/div>\n\t\t\t\t<\/div>\n\t\t\t\t<div class=\"elementor-element elementor-element-3e4f6b52 aleft elementor-widget elementor-widget-wgl-double-headings\" data-id=\"3e4f6b52\" data-element_type=\"widget\" data-widget_type=\"wgl-double-headings.default\">\n\t\t\t\t<div class=\"elementor-widget-container\">\n\t\t\t<div class=\"wgl-double_heading\">                <h2 class=\"dbl-title_wrapper\"><span class=\"dbl-title dbl-title_1\">Freie Arbeitsstellen<\/span>                 <\/h2>        <\/div>\t\t<\/div>\n\t\t\t\t<\/div>\n\t\t\t\t<div class=\"elementor-element elementor-element-593a8bc elementor-widget elementor-widget-text-editor\" data-id=\"593a8bc\" data-element_type=\"widget\" data-widget_type=\"text-editor.default\">\n\t\t\t\t<div class=\"elementor-widget-container\">\n\t\t\t\t\t<div class=\"elementor-text-editor elementor-clearfix\"><p>In unsere Mitte laden wir qualifizierte und eingenommene Personen ein, die die internationale Geschichte von Soltec in einer kooperativen Umgebung an folgenden Arbeitsstellen mitgestalten m\u00f6chten:<\/p>\n<p><strong>PRODUKTION<\/strong><\/p>\n<ul>\n<li>Monteur \u2013 Montage von bioklimatischen Pergolen und Beschattungssystemen<\/li>\n<li>Elektriker \u2013 Zusammensetzung und Montage von Elektroanlagen bei der Herstellung von bioklimatischen Pergolen<\/li>\n<\/ul>\n<p>Wir laden Sie ein, uns eine E-Mail zu senden: <a href=\"mailto:sasa.pozar@soltec.si\">sasa.pozar@soltec.si<\/a>.<\/p>\n<\/div>\n\t\t\t\t<\/div>\n\t\t\t\t<\/div>\n\t\t\t\t<div class=\"elementor-element elementor-element-1e6e4f11 elementor-widget elementor-widget-spacer\" data-id=\"1e6e4f11\" data-element_type=\"widget\" data-widget_type=\"spacer.default\">\n\t\t\t\t<div class=\"elementor-widget-container\">\n\t\t\t\t\t<div class=\"elementor-spacer\">\n\t\t\t<div class=\"elementor-spacer-inner\"><\/div>\n\t\t<\/div>\n\t\t\t\t<\/div>\n\t\t\t\t<\/div>\n\t\t\t\t\t\t<\/div>\n\t\t\t<\/div>\n\t\t<\/div>\n\t\t\t\t\t\t<\/div>\n\t\t\t<\/div>\n\t\t<\/section>\n\t\t\t\t<section class=\"elementor-element elementor-element-81f30ce elementor-section-boxed elementor-section-height-default elementor-section-height-default elementor-section elementor-top-section\" data-id=\"81f30ce\" data-element_type=\"section\">\n\t\t\t\t\t\t<div class=\"elementor-container elementor-column-gap-default\">\n\t\t\t\t<div class=\"elementor-row\">\n\t\t\t\t<div class=\"elementor-element elementor-element-ae6009c elementor-column elementor-col-100 elementor-top-column\" data-id=\"ae6009c\" data-element_type=\"column\">\n\t\t\t<div class=\"elementor-column-wrap  elementor-element-populated\">\n\t\t\t\t\t<div class=\"elementor-widget-wrap\">\n\t\t\t\t<div class=\"elementor-element elementor-element-0791b05 elementor-widget elementor-widget-spacer\" data-id=\"0791b05\" data-element_type=\"widget\" data-widget_type=\"spacer.default\">\n\t\t\t\t<div class=\"elementor-widget-container\">\n\t\t\t\t\t<div class=\"elementor-spacer\">\n\t\t\t<div class=\"elementor-spacer-inner\"><\/div>\n\t\t<\/div>\n\t\t\t\t<\/div>\n\t\t\t\t<\/div>\n\t\t\t\t\t\t<\/div>\n\t\t\t<\/div>\n\t\t<\/div>\n\t\t\t\t\t\t<\/div>\n\t\t\t<\/div>\n\t\t<\/section>\n\t\t\t\t\t\t<\/div>\n\t\t\t<\/div>\n\t\t<\/div>\n\t\t","protected":false},"excerpt":{"rendered":"<p>Soltec ist ein Ort mit vielen M\u00f6glichkeiten f\u00fcr verschiedene Berufe. Wir sch\u00e4tzen das Wissen. Wir f\u00f6rdern Innovation und Mut. Wir k\u00fcmmern uns um unsere Mitarbeiter. Wir konzentrieren uns auf die Zukunft. Freie Arbeitsstellen In unsere Mitte laden wir qualifizierte und eingenommene Personen ein, die die internationale Geschichte von Soltec in einer kooperativen Umgebung an folgenden [&hellip;]<\/p>\n","protected":false},"author":1,"featured_media":0,"parent":0,"menu_order":0,"comment_status":"closed","ping_status":"closed","template":"","meta":{"content-type":"","inline_featured_image":false},"yoast_head":"<!-- This site is optimized with the Yoast SEO plugin v21.6 - https:\/\/yoast.com\/wordpress\/plugins\/seo\/ -->\n<title>Karriere - bioklimatische Pergola Agava<\/title>\n<meta name=\"description\" content=\"Soltec ist ein Ort mit vielen M\u00f6glichkeiten f\u00fcr verschiedene Berufe. Wir sch\u00e4tzen das Wissen. Wir f\u00f6rdern Innovation und Mut. Wir k\u00fcmmern uns um unsere Mitarbeiter. Wir konzentrieren uns auf die Zukunft.\" \/>\n<meta name=\"robots\" content=\"index, follow, max-snippet:-1, max-image-preview:large, max-video-preview:-1\" \/>\n<link rel=\"canonical\" href=\"https:\/\/pergola-agava.si\/de\/karriere\/\" \/>\n<meta property=\"og:locale\" content=\"de_DE\" \/>\n<meta property=\"og:type\" content=\"article\" \/>\n<meta property=\"og:title\" content=\"Karriere - bioklimatische Pergola Agava\" \/>\n<meta property=\"og:description\" content=\"Soltec ist ein Ort mit vielen M\u00f6glichkeiten f\u00fcr verschiedene Berufe. Wir sch\u00e4tzen das Wissen. Wir f\u00f6rdern Innovation und Mut. Wir k\u00fcmmern uns um unsere Mitarbeiter. Wir konzentrieren uns auf die Zukunft.\" \/>\n<meta property=\"og:url\" content=\"https:\/\/pergola-agava.si\/de\/karriere\/\" \/>\n<meta property=\"og:site_name\" content=\"Bioklimatska pergola Agava\" \/>\n<meta property=\"article:modified_time\" content=\"2020-06-23T15:36:48+00:00\" \/>\n<meta name=\"twitter:card\" content=\"summary_large_image\" \/>\n<script type=\"application\/ld+json\" class=\"yoast-schema-graph\">{\"@context\":\"https:\/\/schema.org\",\"@graph\":[{\"@type\":\"WebPage\",\"@id\":\"https:\/\/pergola-agava.si\/de\/karriere\/\",\"url\":\"https:\/\/pergola-agava.si\/de\/karriere\/\",\"name\":\"Karriere - bioklimatische Pergola Agava\",\"isPartOf\":{\"@id\":\"https:\/\/pergola-agava.si\/de\/#website\"},\"datePublished\":\"2020-03-03T07:23:42+00:00\",\"dateModified\":\"2020-06-23T15:36:48+00:00\",\"description\":\"Soltec ist ein Ort mit vielen M\u00f6glichkeiten f\u00fcr verschiedene Berufe. Wir sch\u00e4tzen das Wissen. Wir f\u00f6rdern Innovation und Mut. Wir k\u00fcmmern uns um unsere Mitarbeiter. Wir konzentrieren uns auf die Zukunft.\",\"breadcrumb\":{\"@id\":\"https:\/\/pergola-agava.si\/de\/karriere\/#breadcrumb\"},\"inLanguage\":\"de\",\"potentialAction\":[{\"@type\":\"ReadAction\",\"target\":[\"https:\/\/pergola-agava.si\/de\/karriere\/\"]}]},{\"@type\":\"BreadcrumbList\",\"@id\":\"https:\/\/pergola-agava.si\/de\/karriere\/#breadcrumb\",\"itemListElement\":[{\"@type\":\"ListItem\",\"position\":1,\"name\":\"Home\",\"item\":\"https:\/\/pergola-agava.si\/de\/\"},{\"@type\":\"ListItem\",\"position\":2,\"name\":\"Karriere\"}]},{\"@type\":\"WebSite\",\"@id\":\"https:\/\/pergola-agava.si\/de\/#website\",\"url\":\"https:\/\/pergola-agava.si\/de\/\",\"name\":\"Bioklimatska pergola Agava\",\"description\":\"\",\"potentialAction\":[{\"@type\":\"SearchAction\",\"target\":{\"@type\":\"EntryPoint\",\"urlTemplate\":\"https:\/\/pergola-agava.si\/de\/?s={search_term_string}\"},\"query-input\":\"required name=search_term_string\"}],\"inLanguage\":\"de\"}]}<\/script>\n<!-- \/ Yoast SEO plugin. -->","yoast_head_json":{"title":"Karriere - bioklimatische Pergola Agava","description":"Soltec ist ein Ort mit vielen M\u00f6glichkeiten f\u00fcr verschiedene Berufe. Wir sch\u00e4tzen das Wissen. Wir f\u00f6rdern Innovation und Mut. Wir k\u00fcmmern uns um unsere Mitarbeiter. Wir konzentrieren uns auf die Zukunft.","robots":{"index":"index","follow":"follow","max-snippet":"max-snippet:-1","max-image-preview":"max-image-preview:large","max-video-preview":"max-video-preview:-1"},"canonical":"https:\/\/pergola-agava.si\/de\/karriere\/","og_locale":"de_DE","og_type":"article","og_title":"Karriere - bioklimatische Pergola Agava","og_description":"Soltec ist ein Ort mit vielen M\u00f6glichkeiten f\u00fcr verschiedene Berufe. Wir sch\u00e4tzen das Wissen. Wir f\u00f6rdern Innovation und Mut. Wir k\u00fcmmern uns um unsere Mitarbeiter. Wir konzentrieren uns auf die Zukunft.","og_url":"https:\/\/pergola-agava.si\/de\/karriere\/","og_site_name":"Bioklimatska pergola Agava","article_modified_time":"2020-06-23T15:36:48+00:00","twitter_card":"summary_large_image","schema":{"@context":"https:\/\/schema.org","@graph":[{"@type":"WebPage","@id":"https:\/\/pergola-agava.si\/de\/karriere\/","url":"https:\/\/pergola-agava.si\/de\/karriere\/","name":"Karriere - bioklimatische Pergola Agava","isPartOf":{"@id":"https:\/\/pergola-agava.si\/de\/#website"},"datePublished":"2020-03-03T07:23:42+00:00","dateModified":"2020-06-23T15:36:48+00:00","description":"Soltec ist ein Ort mit vielen M\u00f6glichkeiten f\u00fcr verschiedene Berufe. Wir sch\u00e4tzen das Wissen. Wir f\u00f6rdern Innovation und Mut. Wir k\u00fcmmern uns um unsere Mitarbeiter. Wir konzentrieren uns auf die Zukunft.","breadcrumb":{"@id":"https:\/\/pergola-agava.si\/de\/karriere\/#breadcrumb"},"inLanguage":"de","potentialAction":[{"@type":"ReadAction","target":["https:\/\/pergola-agava.si\/de\/karriere\/"]}]},{"@type":"BreadcrumbList","@id":"https:\/\/pergola-agava.si\/de\/karriere\/#breadcrumb","itemListElement":[{"@type":"ListItem","position":1,"name":"Home","item":"https:\/\/pergola-agava.si\/de\/"},{"@type":"ListItem","position":2,"name":"Karriere"}]},{"@type":"WebSite","@id":"https:\/\/pergola-agava.si\/de\/#website","url":"https:\/\/pergola-agava.si\/de\/","name":"Bioklimatska pergola Agava","description":"","potentialAction":[{"@type":"SearchAction","target":{"@type":"EntryPoint","urlTemplate":"https:\/\/pergola-agava.si\/de\/?s={search_term_string}"},"query-input":"required name=search_term_string"}],"inLanguage":"de"}]}},"_links":{"self":[{"href":"https:\/\/pergola-agava.si\/de\/wp-json\/wp\/v2\/pages\/4078"}],"collection":[{"href":"https:\/\/pergola-agava.si\/de\/wp-json\/wp\/v2\/pages"}],"about":[{"href":"https:\/\/pergola-agava.si\/de\/wp-json\/wp\/v2\/types\/page"}],"author":[{"embeddable":true,"href":"https:\/\/pergola-agava.si\/de\/wp-json\/wp\/v2\/users\/1"}],"replies":[{"embeddable":true,"href":"https:\/\/pergola-agava.si\/de\/wp-json\/wp\/v2\/comments?post=4078"}],"version-history":[{"count":3,"href":"https:\/\/pergola-agava.si\/de\/wp-json\/wp\/v2\/pages\/4078\/revisions"}],"predecessor-version":[{"id":5117,"href":"https:\/\/pergola-agava.si\/de\/wp-json\/wp\/v2\/pages\/4078\/revisions\/5117"}],"wp:attachment":[{"href":"https:\/\/pergola-agava.si\/de\/wp-json\/wp\/v2\/media?parent=4078"}],"curies":[{"name":"wp","href":"https:\/\/api.w.org\/{rel}","templated":true}]}}