{"id":4076,"date":"2020-03-03T08:23:19","date_gmt":"2020-03-03T07:23:19","guid":{"rendered":"https:\/\/pergola-agava.si\/fuer-haendler\/"},"modified":"2021-05-07T13:01:40","modified_gmt":"2021-05-07T11:01:40","slug":"fuer-haendler","status":"publish","type":"page","link":"https:\/\/pergola-agava.si\/de\/fuer-haendler\/","title":{"rendered":"F\u00fcr H\u00e4ndler"},"content":{"rendered":"\t\t<div data-elementor-type=\"wp-page\" data-elementor-id=\"4076\" class=\"elementor elementor-4076 elementor-3043\" data-elementor-settings=\"[]\">\n\t\t\t<div class=\"elementor-inner\">\n\t\t\t\t<div class=\"elementor-section-wrap\">\n\t\t\t\t\t\t\t<section class=\"elementor-element elementor-element-6689d26 elementor-section-boxed elementor-section-height-default elementor-section-height-default elementor-section elementor-top-section\" data-id=\"6689d26\" data-element_type=\"section\">\n\t\t\t\t\t\t<div class=\"elementor-container elementor-column-gap-default\">\n\t\t\t\t<div class=\"elementor-row\">\n\t\t\t\t<div class=\"elementor-element elementor-element-05db224 elementor-column elementor-col-100 elementor-top-column\" data-id=\"05db224\" data-element_type=\"column\">\n\t\t\t<div class=\"elementor-column-wrap  elementor-element-populated\">\n\t\t\t\t\t<div class=\"elementor-widget-wrap\">\n\t\t\t\t<div class=\"elementor-element elementor-element-926a7d5 elementor-widget elementor-widget-heading\" data-id=\"926a7d5\" data-element_type=\"widget\" data-widget_type=\"heading.default\">\n\t\t\t\t<div class=\"elementor-widget-container\">\n\t\t\t<span class=\"elementor-heading-title elementor-size-default\">Vielen Dank f\u00fcr Ihre gesch\u00e4tzte Anfrage und Ihr gro\u00dfes Interesse, ein regionaler Vertriebsh\u00e4ndler f\u00fcr bioklimatische Pergola-Agava- und Carport-Agava-Produkte zu werden.<\/span>\t\t<\/div>\n\t\t\t\t<\/div>\n\t\t\t\t<div class=\"elementor-element elementor-element-896c89d elementor-widget elementor-widget-text-editor\" data-id=\"896c89d\" data-element_type=\"widget\" data-widget_type=\"text-editor.default\">\n\t\t\t\t<div class=\"elementor-widget-container\">\n\t\t\t\t\t<div class=\"elementor-text-editor elementor-clearfix\"><p>Wir freuen uns sehr \u00fcber die Aussicht, Sie als Vertriebsh\u00e4ndler f\u00fcr unsere Produkte in Ihrer Region zu ernennen. Wie von Ihnen wahrscheinlich erwartet, m\u00f6chten wir Vertriebsh\u00e4ndler ernennen, die in der Lage sind, die Marke der Soltec-Produkte professionell zu erweitern und die auf kommerziellen Erfolg ausgerichtet sind.<\/p><p>Unser Ziel ist es, dass die Soltec-Vertriebsh\u00e4ndler sich voll und ganz engagieren und genauso arbeiten wie Soltec selbst. Um sicherzustellen, dass eine vollst\u00e4ndige \u00dcbereinstimmung zwischen uns besteht, bitten wir Sie, uns einige weitere Informationen zu Ihrer Anfrage zur Verf\u00fcgung zu stellen.<\/p><p><strong><span style=\"color: #ec9123;\">Und das erhalten Sie als Gegenleistung, wenn wir uns auf eine Zusammenarbeit einigen!<\/span><\/strong><\/p><ul><li><strong>einen engagierten Entwickler und Hersteller<\/strong> hochwertiger Outdoor-Produkte<\/li><li>die <strong>Vielfalt der Modelle<\/strong> und Flexibilit\u00e4t in Bezug auf Kunden<\/li><li>einfache Bestellung mit dem <strong>Online-Konfigurator<\/strong><\/li><li><strong>einfache Montage<\/strong> von Standard-Pergola-Modulen<\/li><li><strong>technische Unterst\u00fctzung<\/strong> bei der Bestellung<\/li><li><strong>Montageschulung<\/strong><\/li><li>EU- und CE-<strong>zugelassene und zertifizierte Produkte<\/strong><\/li><\/ul><p><strong><span style=\"color: #ec9123;\">Was wir von Ihnen ben\u00f6tigen:<\/span><\/strong><\/p><\/div>\n\t\t\t\t<\/div>\n\t\t\t\t<\/div>\n\t\t\t\t<div class=\"elementor-element elementor-element-dab60ea elementor-widget elementor-widget-spacer\" data-id=\"dab60ea\" data-element_type=\"widget\" data-widget_type=\"spacer.default\">\n\t\t\t\t<div class=\"elementor-widget-container\">\n\t\t\t\t\t<div class=\"elementor-spacer\">\n\t\t\t<div class=\"elementor-spacer-inner\"><\/div>\n\t\t<\/div>\n\t\t\t\t<\/div>\n\t\t\t\t<\/div>\n\t\t\t\t\t\t<\/div>\n\t\t\t<\/div>\n\t\t<\/div>\n\t\t\t\t\t\t<\/div>\n\t\t\t<\/div>\n\t\t<\/section>\n\t\t\t\t<section class=\"elementor-element elementor-element-b6e61f6 elementor-section-boxed elementor-section-height-default elementor-section-height-default elementor-section elementor-top-section\" data-id=\"b6e61f6\" data-element_type=\"section\">\n\t\t\t\t\t\t<div class=\"elementor-container elementor-column-gap-default\">\n\t\t\t\t<div class=\"elementor-row\">\n\t\t\t\t<div class=\"elementor-element elementor-element-71fca5b elementor-column elementor-col-50 elementor-top-column\" data-id=\"71fca5b\" data-element_type=\"column\">\n\t\t\t<div class=\"elementor-column-wrap  elementor-element-populated\">\n\t\t\t\t\t<div class=\"elementor-widget-wrap\">\n\t\t\t\t<div class=\"elementor-element elementor-element-d0c0cde elementor-widget elementor-widget-heading\" data-id=\"d0c0cde\" data-element_type=\"widget\" data-widget_type=\"heading.default\">\n\t\t\t\t<div class=\"elementor-widget-container\">\n\t\t\t<h3 class=\"elementor-heading-title elementor-size-default\"><b>Registrierung<\/b> f\u00fcr neue Distribuenten<\/h3>\t\t<\/div>\n\t\t\t\t<\/div>\n\t\t\t\t<div class=\"elementor-element elementor-element-5432e6e hubspot-form elementor-widget elementor-widget-html\" data-id=\"5432e6e\" data-element_type=\"widget\" data-widget_type=\"html.default\">\n\t\t\t\t<div class=\"elementor-widget-container\">\n\t\t\t<!--[if lte IE 8]>\n\n<script charset=\"utf-8\" type=\"text\/javascript\" src=\"\/\/js.hsforms.net\/forms\/v2-legacy.js\"><\/script>\n\n<![endif]-->\n\n<script charset=\"utf-8\" type=\"text\/javascript\" src=\"\/\/js.hsforms.net\/forms\/v2.js\"><\/script>\n\n<script>\n\n  hbspt.forms.create({\n\n               region: \"na1\",\n\n               portalId: \"9040723\",\n\n               formId: \"991870b1-d5ac-456d-bc6d-e4dfd4ebadf8\",\n               \n               target: \".hubspot-form\"\n\n});\n\n<\/script>\t\t<\/div>\n\t\t\t\t<\/div>\n\t\t\t\t\t\t<\/div>\n\t\t\t<\/div>\n\t\t<\/div>\n\t\t\t\t<div class=\"elementor-element elementor-element-18fc70b elementor-column elementor-col-50 elementor-top-column\" data-id=\"18fc70b\" data-element_type=\"column\">\n\t\t\t<div class=\"elementor-column-wrap  elementor-element-populated\">\n\t\t\t\t\t<div class=\"elementor-widget-wrap\">\n\t\t\t\t<div class=\"elementor-element elementor-element-5b308b3 elementor-widget elementor-widget-heading\" data-id=\"5b308b3\" data-element_type=\"widget\" data-widget_type=\"heading.default\">\n\t\t\t\t<div class=\"elementor-widget-container\">\n\t\t\t<h3 class=\"elementor-heading-title elementor-size-default\"><b>Anmeldung<\/b> f\u00fcr bestehende Distribuenten<\/h3>\t\t<\/div>\n\t\t\t\t<\/div>\n\t\t\t\t<div class=\"elementor-element elementor-element-4e81c0a elementor-widget elementor-widget-spacer\" data-id=\"4e81c0a\" data-element_type=\"widget\" data-widget_type=\"spacer.default\">\n\t\t\t\t<div class=\"elementor-widget-container\">\n\t\t\t\t\t<div class=\"elementor-spacer\">\n\t\t\t<div class=\"elementor-spacer-inner\"><\/div>\n\t\t<\/div>\n\t\t\t\t<\/div>\n\t\t\t\t<\/div>\n\t\t\t\t<div class=\"elementor-element elementor-element-86f8a25 elementor-widget elementor-widget-text-editor\" data-id=\"86f8a25\" data-element_type=\"widget\" data-widget_type=\"text-editor.default\">\n\t\t\t\t<div class=\"elementor-widget-container\">\n\t\t\t\t\t<div class=\"elementor-text-editor elementor-clearfix\"><p><div class=\"swpm-login-widget-form\">\n    <form id=\"swpm-login-form\" name=\"swpm-login-form\" method=\"post\" action=\"\">\n        <div class=\"swpm-login-form-inner\">\n            <div class=\"swpm-username-label\">\n                <label for=\"swpm_user_name\" class=\"swpm-label\">Benutzername oder E-Mail<\/label>\n            <\/div>\n            <div class=\"swpm-username-input\">\n                <input type=\"text\" class=\"swpm-text-field swpm-username-field\" id=\"swpm_user_name\" value=\"\" size=\"25\" name=\"swpm_user_name\" \/>\n            <\/div>\n            <div class=\"swpm-password-label\">\n                <label for=\"swpm_password\" class=\"swpm-label\">Passwort<\/label>\n            <\/div>\n            <div class=\"swpm-password-input\">\n                <input type=\"password\" class=\"swpm-text-field swpm-password-field\" id=\"swpm_password\" value=\"\" size=\"25\" name=\"swpm_password\" \/>\n            <\/div>\n            <div class=\"swpm-remember-me\">\n                <span class=\"swpm-remember-checkbox\"><input type=\"checkbox\" name=\"rememberme\" value=\"checked='checked'\"><\/span>\n                <span class=\"swpm-rember-label\"> Remember Me<\/span>\n            <\/div>\n            \n            <div class=\"swpm-before-login-submit-section\"><\/div>\n            \n            <div class=\"swpm-login-submit\">\n                <input type=\"submit\" class=\"swpm-login-form-submit\" name=\"swpm-login\" value=\"Anmelden\"\/>\n            <\/div>\n            <div class=\"swpm-forgot-pass-link\">\n                <a id=\"forgot_pass\" class=\"swpm-login-form-pw-reset-link\"  href=\"#\">Haben Sie Ihr Passwort vergessen?<\/a>\n            <\/div>\n            <div class=\"swpm-join-us-link\">\n                <a id=\"register\" class=\"swpm-login-form-register-link\" href=\"https:\/\/pergola-agava.si\/za-distributerje\/\">Werden Sie Mitglied bei uns<\/a>\n            <\/div>\n            <div class=\"swpm-login-action-msg\">\n                <span class=\"swpm-login-widget-action-msg\"><\/span>\n            <\/div>\n        <\/div>\n    <\/form>\n<\/div>\n<\/p><\/div>\n\t\t\t\t<\/div>\n\t\t\t\t<\/div>\n\t\t\t\t\t\t<\/div>\n\t\t\t<\/div>\n\t\t<\/div>\n\t\t\t\t\t\t<\/div>\n\t\t\t<\/div>\n\t\t<\/section>\n\t\t\t\t\t\t<\/div>\n\t\t\t<\/div>\n\t\t<\/div>\n\t\t","protected":false},"excerpt":{"rendered":"<p>Es freut uns, dass Sie unser H\u00e4ndler werden m\u00f6chten. Neben den technischen Merkmalen, zeichnet uns auch folgendes aus:<\/p>\n<ul>\n<li>Modellvielfalt und Anpassungsf\u00e4higkeit an Kundenw\u00fcnsche<\/li>\n<li>einfache Bestellweise anhand eines Web-Konfigurators<\/li>\n<li>einfache Montage von Standard-Pergolamodulen<\/li>\n<li>Technische Unterst\u00fctzung bei der Beschaffung<\/li>\n<li>Technische Unterst\u00fctzung und Schulungen in Bezug auf die Montage<\/li>\n<\/ul>\n<p>in unserem Download-Bereich finden Sie die Preislisten, Anleitungen, Videos und andere notwendige Dokumente.<\/p>\n","protected":false},"author":1,"featured_media":0,"parent":0,"menu_order":0,"comment_status":"closed","ping_status":"closed","template":"","meta":{"content-type":"","inline_featured_image":false},"yoast_head":"<!-- This site is optimized with the Yoast SEO plugin v21.6 - https:\/\/yoast.com\/wordpress\/plugins\/seo\/ -->\n<title>F\u00fcr H\u00e4ndler - bioklimatische Pergola Agava<\/title>\n<meta name=\"description\" content=\"Es freut uns, dass Sie unser H\u00e4ndler werden m\u00f6chten. In unserem Download-Bereich finden Sie die Preislisten, Anleitungen, Videos und andere notwendige Dokumente.\" \/>\n<meta name=\"robots\" content=\"index, follow, max-snippet:-1, max-image-preview:large, max-video-preview:-1\" \/>\n<link rel=\"canonical\" href=\"https:\/\/pergola-agava.si\/de\/fuer-haendler\/\" \/>\n<meta property=\"og:locale\" content=\"de_DE\" \/>\n<meta property=\"og:type\" content=\"article\" \/>\n<meta property=\"og:title\" content=\"F\u00fcr H\u00e4ndler - bioklimatische Pergola Agava\" \/>\n<meta property=\"og:description\" content=\"Es freut uns, dass Sie unser H\u00e4ndler werden m\u00f6chten. In unserem Download-Bereich finden Sie die Preislisten, Anleitungen, Videos und andere notwendige Dokumente.\" \/>\n<meta property=\"og:url\" content=\"https:\/\/pergola-agava.si\/de\/fuer-haendler\/\" \/>\n<meta property=\"og:site_name\" content=\"Bioklimatska pergola Agava\" \/>\n<meta property=\"article:modified_time\" content=\"2021-05-07T11:01:40+00:00\" \/>\n<meta name=\"twitter:card\" content=\"summary_large_image\" \/>\n<meta name=\"twitter:label1\" content=\"Gesch\u00e4tzte Lesezeit\" \/>\n\t<meta name=\"twitter:data1\" content=\"1\u00a0Minute\" \/>\n<script type=\"application\/ld+json\" class=\"yoast-schema-graph\">{\"@context\":\"https:\/\/schema.org\",\"@graph\":[{\"@type\":\"WebPage\",\"@id\":\"https:\/\/pergola-agava.si\/de\/fuer-haendler\/\",\"url\":\"https:\/\/pergola-agava.si\/de\/fuer-haendler\/\",\"name\":\"F\u00fcr H\u00e4ndler - bioklimatische Pergola Agava\",\"isPartOf\":{\"@id\":\"https:\/\/pergola-agava.si\/de\/#website\"},\"datePublished\":\"2020-03-03T07:23:19+00:00\",\"dateModified\":\"2021-05-07T11:01:40+00:00\",\"description\":\"Es freut uns, dass Sie unser H\u00e4ndler werden m\u00f6chten. In unserem Download-Bereich finden Sie die Preislisten, Anleitungen, Videos und andere notwendige Dokumente.\",\"breadcrumb\":{\"@id\":\"https:\/\/pergola-agava.si\/de\/fuer-haendler\/#breadcrumb\"},\"inLanguage\":\"de\",\"potentialAction\":[{\"@type\":\"ReadAction\",\"target\":[\"https:\/\/pergola-agava.si\/de\/fuer-haendler\/\"]}]},{\"@type\":\"BreadcrumbList\",\"@id\":\"https:\/\/pergola-agava.si\/de\/fuer-haendler\/#breadcrumb\",\"itemListElement\":[{\"@type\":\"ListItem\",\"position\":1,\"name\":\"Home\",\"item\":\"https:\/\/pergola-agava.si\/de\/\"},{\"@type\":\"ListItem\",\"position\":2,\"name\":\"F\u00fcr H\u00e4ndler\"}]},{\"@type\":\"WebSite\",\"@id\":\"https:\/\/pergola-agava.si\/de\/#website\",\"url\":\"https:\/\/pergola-agava.si\/de\/\",\"name\":\"Bioklimatska pergola Agava\",\"description\":\"\",\"potentialAction\":[{\"@type\":\"SearchAction\",\"target\":{\"@type\":\"EntryPoint\",\"urlTemplate\":\"https:\/\/pergola-agava.si\/de\/?s={search_term_string}\"},\"query-input\":\"required name=search_term_string\"}],\"inLanguage\":\"de\"}]}<\/script>\n<!-- \/ Yoast SEO plugin. -->","yoast_head_json":{"title":"F\u00fcr H\u00e4ndler - bioklimatische Pergola Agava","description":"Es freut uns, dass Sie unser H\u00e4ndler werden m\u00f6chten. In unserem Download-Bereich finden Sie die Preislisten, Anleitungen, Videos und andere notwendige Dokumente.","robots":{"index":"index","follow":"follow","max-snippet":"max-snippet:-1","max-image-preview":"max-image-preview:large","max-video-preview":"max-video-preview:-1"},"canonical":"https:\/\/pergola-agava.si\/de\/fuer-haendler\/","og_locale":"de_DE","og_type":"article","og_title":"F\u00fcr H\u00e4ndler - bioklimatische Pergola Agava","og_description":"Es freut uns, dass Sie unser H\u00e4ndler werden m\u00f6chten. In unserem Download-Bereich finden Sie die Preislisten, Anleitungen, Videos und andere notwendige Dokumente.","og_url":"https:\/\/pergola-agava.si\/de\/fuer-haendler\/","og_site_name":"Bioklimatska pergola Agava","article_modified_time":"2021-05-07T11:01:40+00:00","twitter_card":"summary_large_image","twitter_misc":{"Gesch\u00e4tzte Lesezeit":"1\u00a0Minute"},"schema":{"@context":"https:\/\/schema.org","@graph":[{"@type":"WebPage","@id":"https:\/\/pergola-agava.si\/de\/fuer-haendler\/","url":"https:\/\/pergola-agava.si\/de\/fuer-haendler\/","name":"F\u00fcr H\u00e4ndler - bioklimatische Pergola Agava","isPartOf":{"@id":"https:\/\/pergola-agava.si\/de\/#website"},"datePublished":"2020-03-03T07:23:19+00:00","dateModified":"2021-05-07T11:01:40+00:00","description":"Es freut uns, dass Sie unser H\u00e4ndler werden m\u00f6chten. In unserem Download-Bereich finden Sie die Preislisten, Anleitungen, Videos und andere notwendige Dokumente.","breadcrumb":{"@id":"https:\/\/pergola-agava.si\/de\/fuer-haendler\/#breadcrumb"},"inLanguage":"de","potentialAction":[{"@type":"ReadAction","target":["https:\/\/pergola-agava.si\/de\/fuer-haendler\/"]}]},{"@type":"BreadcrumbList","@id":"https:\/\/pergola-agava.si\/de\/fuer-haendler\/#breadcrumb","itemListElement":[{"@type":"ListItem","position":1,"name":"Home","item":"https:\/\/pergola-agava.si\/de\/"},{"@type":"ListItem","position":2,"name":"F\u00fcr H\u00e4ndler"}]},{"@type":"WebSite","@id":"https:\/\/pergola-agava.si\/de\/#website","url":"https:\/\/pergola-agava.si\/de\/","name":"Bioklimatska pergola Agava","description":"","potentialAction":[{"@type":"SearchAction","target":{"@type":"EntryPoint","urlTemplate":"https:\/\/pergola-agava.si\/de\/?s={search_term_string}"},"query-input":"required name=search_term_string"}],"inLanguage":"de"}]}},"_links":{"self":[{"href":"https:\/\/pergola-agava.si\/de\/wp-json\/wp\/v2\/pages\/4076"}],"collection":[{"href":"https:\/\/pergola-agava.si\/de\/wp-json\/wp\/v2\/pages"}],"about":[{"href":"https:\/\/pergola-agava.si\/de\/wp-json\/wp\/v2\/types\/page"}],"author":[{"embeddable":true,"href":"https:\/\/pergola-agava.si\/de\/wp-json\/wp\/v2\/users\/1"}],"replies":[{"embeddable":true,"href":"https:\/\/pergola-agava.si\/de\/wp-json\/wp\/v2\/comments?post=4076"}],"version-history":[{"count":5,"href":"https:\/\/pergola-agava.si\/de\/wp-json\/wp\/v2\/pages\/4076\/revisions"}],"predecessor-version":[{"id":15585,"href":"https:\/\/pergola-agava.si\/de\/wp-json\/wp\/v2\/pages\/4076\/revisions\/15585"}],"wp:attachment":[{"href":"https:\/\/pergola-agava.si\/de\/wp-json\/wp\/v2\/media?parent=4076"}],"curies":[{"name":"wp","href":"https:\/\/api.w.org\/{rel}","templated":true}]}}