{"id":3809,"date":"2020-03-03T08:09:27","date_gmt":"2020-03-03T07:09:27","guid":{"rendered":"https:\/\/pergola-agava.si\/schutz-personenbezogener-daten\/"},"modified":"2020-07-24T13:52:48","modified_gmt":"2020-07-24T11:52:48","slug":"schutz-personenbezogener-daten","status":"publish","type":"page","link":"https:\/\/pergola-agava.si\/de\/schutz-personenbezogener-daten\/","title":{"rendered":"Schutz personenbezogener Daten"},"content":{"rendered":"\r\n<p>Eigent\u00fcmer und Betreiber der Website www.pergola-agava.si:<br \/>SOLTEC d.o.o., \u00a0Obrtna 9, 8257 DOBOVA <br \/>Gesetzlicher Vertreter:\u00a0Miroslav Po\u017ear<\/p>\r\n\r\n\r\n\r\n<h4 class=\"wp-block-heading\">1. Verwendung, Umfang und Zweck der Aufbewahrung und Verarbeitung<\/h4>\r\n\r\n\r\n\r\n<p>Wir speichern und verarbeiten personenbezogene Daten, um den Kundenkontakt aufrechtzuerhalten, E-Mail-Marketing zu betreiben, den Verkauf zu f\u00f6rdern und Kundenprofile zu erstellen, mit dem Ziel, Kunden in E-Mails und auf Websites ma\u00dfgeschneiderte Inhalte und Produktangebote anzubieten. Zum Zwecke der Telefon- und E-Mail-Benachrichtigung speichern wir folgende Daten: <br \/>&#8211; E-Mail-Adresse <br \/>&#8211; Vorname, <br \/>&#8211; Nachname, <br \/>&#8211; Telefonnummer.<\/p>\r\n\r\n\r\n\r\n<p>Wir sammeln personenbezogene Daten mit ausdr\u00fccklicher Zustimmung bzw. Einwilligung von Einzelpersonen. Wir bewahren die Einwilligungen zusammen mit ihrem Inhalt und dem Inhalt des Formulars auf, mit dem sie erhalten wurden. Die gesammelten pers\u00f6nlichen Daten werden von unseren folgenden Abteilungen verwendet: Vertrieb, Marketing.<\/p>\r\n\r\n\r\n\r\n<h4 class=\"wp-block-heading\">2. Datenausgabe<\/h4>\r\n\r\n\r\n\r\n<p>Die gesammelten personenbezogenen Daten werden im Gebiet der Republik Slowenien gespeichert.<\/p>\r\n\r\n\r\n\r\n<h4 class=\"wp-block-heading\">3. Aufbewahrungsfrist<\/h4>\r\n\r\n\r\n\r\n<p>Wir speichern die gesammelten personenbezogenen Daten von Personen bis zum Widerruf der Einwilligung zur Speicherung und Verarbeitung der Daten der Person. Nach Widerruf der Einwilligung seitens des Einzelnen werden seine personenbezogenen Daten unverz\u00fcglich endg\u00fcltig gel\u00f6scht.<\/p>\r\n\r\n\r\n\r\n<h4 class=\"wp-block-heading\">4. Wie werden die gesammelten pers\u00f6nlichen Daten gesch\u00fctzt.<\/h4>\r\n\r\n\r\n\r\n<p>Wir \u00fcbermitteln immer nur Inhalte und Informationen, und fragen niemals nach einer Kreditkartennummer oder anderen Daten nach, die von Online-Kriminellen missbraucht werden k\u00f6nnten. Die Website www.pergola-agava.si wird auf einem sicheren Webserver gehostet und unterliegt regelm\u00e4\u00dfigen Sicherheits\u00fcberpr\u00fcfungen.<\/p>\r\n\r\n\r\n\r\n<p>Wir verwenden die gesammelten pers\u00f6nlichen Daten ausschlie\u00dflich f\u00fcr die oben genannten Zwecke, vermarkten oder \u00fcbertragen sie nicht an Dritte au\u00dfer Partnern, die uns bei der Aufrechterhaltung der Website helfen, aber verpflichtet sind, die pers\u00f6nlichen Daten unter den gleichen Bedingungen wie Soltec d.o.o. zu sch\u00fctzen.<\/p>\r\n\r\n\r\n\r\n<p>In Ausnahmef\u00e4llen k\u00f6nnen wir Ihre personenbezogenen Daten gem\u00e4\u00df dem Gesetz an nationale und Sicherheitsbeh\u00f6rden weitergeben, sofern Sie uns eine formelle Anfrage zur Bereitstellung personenbezogener Daten stellen.<\/p>\r\n\r\n\r\n\r\n<h4 class=\"wp-block-heading\">5. Rechte des Einzelnen<\/h4>\r\n\r\n\r\n\r\n<p>Jeder Einzelne kann in Hinsicht auf seine Daten jederzeit Folgendes anfordern: <br \/>&#8211; Einsicht, <br \/>&#8211; Korrektur, <br \/>&#8211; vollst\u00e4ndige L\u00f6schung, <br \/>&#8211; \u00dcbertragung an einen anderen Anbieter verwandter Dienste, <br \/>&#8211; Unterbrechung der Verarbeitung und Speicherung bzw. Widerruf der Einwilligung zur Verarbeitung und Speicherung, ohne Auswirkung auf die Rechtm\u00e4\u00dfigkeit der Verarbeitung, die auf der Grundlage der Einwilligung bzw. Zustimmung bis zu ihrem Widerruf ausgef\u00fchrt wurde. <br \/><br \/>Sie k\u00f6nnen den Antrag per E-Mail an info@soltec.si oder schriftlich per Post an die Adresse des Unternehmens senden.<\/p>\r\n\r\n\r\n\r\n<p>Jede einzelne Person kann, falls sie der Ansicht ist, dass Verst\u00f6\u00dfe gegen ihre Rechte hinsichtlich des Schutzes ihrer pers\u00f6nlichen Daten von unserer Seite verletzt wurden, jederzeit eine Beschwerde bei der Aufsichtsbeh\u00f6rde &#8211; Informationsbevollm\u00e4chtigter in der Republik Slowenien &#8211; einreichen:\u2028Republika Slovenija, Informacijski poobla\u0161\u010denec, Zalo\u0161ka 59, 1000 Ljubljana, https:\/\/www.ip-rs.si<\/p>\r\n\r\n\r\n\r\n<p>Das Team pergola-agava.si respektiert Ihre Privatsph\u00e4re in \u00dcbereinstimmung mit dem Gesetz (ZVOP-1-UPB1 UL RS 94\/07, Gesetz zum Schutz personenbezogener Daten, Amtsblatt der RS-Nr. 94\/07 und DSGVO), weshalb wir auf der Website www.pergola-agava.si alle Aktivit\u00e4ten zum Schutz und zur ethischen Behandlung Ihrer personenbezogenen Daten durchf\u00fchren.\u2028<\/p>\r\n","protected":false},"excerpt":{"rendered":"<p>Eigent\u00fcmer und Betreiber der Website www.pergola-agava.si:SOLTEC d.o.o., \u00a0Obrtna 9, 8257 DOBOVA Gesetzlicher Vertreter:\u00a0Miroslav Po\u017ear 1. Verwendung, Umfang und Zweck der Aufbewahrung und Verarbeitung Wir speichern und verarbeiten personenbezogene Daten, um den Kundenkontakt aufrechtzuerhalten, E-Mail-Marketing zu betreiben, den Verkauf zu f\u00f6rdern und Kundenprofile zu erstellen, mit dem Ziel, Kunden in E-Mails und auf Websites ma\u00dfgeschneiderte Inhalte [&hellip;]<\/p>\n","protected":false},"author":1,"featured_media":0,"parent":0,"menu_order":0,"comment_status":"closed","ping_status":"closed","template":"","meta":{"content-type":"","inline_featured_image":false},"yoast_head":"<!-- This site is optimized with the Yoast SEO plugin v21.6 - https:\/\/yoast.com\/wordpress\/plugins\/seo\/ -->\n<title>Schutz personenbezogener Daten - Bioklimatska pergola Agava<\/title>\n<meta name=\"description\" content=\"Eigent\u00fcmer und Betreiber der Website www.pergola-agava.si:SOLTEC d.o.o., \u00a0Obrtna 9, 8257 DOBOVA Gesetzlicher Vertreter:\u00a0Miroslav Po\u017ear 1. Verwendung,\" \/>\n<meta name=\"robots\" content=\"index, follow, max-snippet:-1, max-image-preview:large, max-video-preview:-1\" \/>\n<link rel=\"canonical\" href=\"https:\/\/pergola-agava.si\/de\/schutz-personenbezogener-daten\/\" \/>\n<meta property=\"og:locale\" content=\"de_DE\" \/>\n<meta property=\"og:type\" content=\"article\" \/>\n<meta property=\"og:title\" content=\"Schutz personenbezogener Daten - Bioklimatska pergola Agava\" \/>\n<meta property=\"og:description\" content=\"Eigent\u00fcmer und Betreiber der Website www.pergola-agava.si:SOLTEC d.o.o., \u00a0Obrtna 9, 8257 DOBOVA Gesetzlicher Vertreter:\u00a0Miroslav Po\u017ear 1. Verwendung,\" \/>\n<meta property=\"og:url\" content=\"https:\/\/pergola-agava.si\/de\/schutz-personenbezogener-daten\/\" \/>\n<meta property=\"og:site_name\" content=\"Bioklimatska pergola Agava\" \/>\n<meta property=\"article:modified_time\" content=\"2020-07-24T11:52:48+00:00\" \/>\n<meta name=\"twitter:card\" content=\"summary_large_image\" \/>\n<meta name=\"twitter:label1\" content=\"Gesch\u00e4tzte Lesezeit\" \/>\n\t<meta name=\"twitter:data1\" content=\"3\u00a0Minuten\" \/>\n<script type=\"application\/ld+json\" class=\"yoast-schema-graph\">{\"@context\":\"https:\/\/schema.org\",\"@graph\":[{\"@type\":\"WebPage\",\"@id\":\"https:\/\/pergola-agava.si\/de\/schutz-personenbezogener-daten\/\",\"url\":\"https:\/\/pergola-agava.si\/de\/schutz-personenbezogener-daten\/\",\"name\":\"Schutz personenbezogener Daten - Bioklimatska pergola Agava\",\"isPartOf\":{\"@id\":\"https:\/\/pergola-agava.si\/de\/#website\"},\"datePublished\":\"2020-03-03T07:09:27+00:00\",\"dateModified\":\"2020-07-24T11:52:48+00:00\",\"description\":\"Eigent\u00fcmer und Betreiber der Website www.pergola-agava.si:SOLTEC d.o.o., \u00a0Obrtna 9, 8257 DOBOVA Gesetzlicher Vertreter:\u00a0Miroslav Po\u017ear 1. Verwendung,\",\"breadcrumb\":{\"@id\":\"https:\/\/pergola-agava.si\/de\/schutz-personenbezogener-daten\/#breadcrumb\"},\"inLanguage\":\"de\",\"potentialAction\":[{\"@type\":\"ReadAction\",\"target\":[\"https:\/\/pergola-agava.si\/de\/schutz-personenbezogener-daten\/\"]}]},{\"@type\":\"BreadcrumbList\",\"@id\":\"https:\/\/pergola-agava.si\/de\/schutz-personenbezogener-daten\/#breadcrumb\",\"itemListElement\":[{\"@type\":\"ListItem\",\"position\":1,\"name\":\"Home\",\"item\":\"https:\/\/pergola-agava.si\/de\/\"},{\"@type\":\"ListItem\",\"position\":2,\"name\":\"Schutz personenbezogener Daten\"}]},{\"@type\":\"WebSite\",\"@id\":\"https:\/\/pergola-agava.si\/de\/#website\",\"url\":\"https:\/\/pergola-agava.si\/de\/\",\"name\":\"Bioklimatska pergola Agava\",\"description\":\"\",\"potentialAction\":[{\"@type\":\"SearchAction\",\"target\":{\"@type\":\"EntryPoint\",\"urlTemplate\":\"https:\/\/pergola-agava.si\/de\/?s={search_term_string}\"},\"query-input\":\"required name=search_term_string\"}],\"inLanguage\":\"de\"}]}<\/script>\n<!-- \/ Yoast SEO plugin. -->","yoast_head_json":{"title":"Schutz personenbezogener Daten - Bioklimatska pergola Agava","description":"Eigent\u00fcmer und Betreiber der Website www.pergola-agava.si:SOLTEC d.o.o., \u00a0Obrtna 9, 8257 DOBOVA Gesetzlicher Vertreter:\u00a0Miroslav Po\u017ear 1. Verwendung,","robots":{"index":"index","follow":"follow","max-snippet":"max-snippet:-1","max-image-preview":"max-image-preview:large","max-video-preview":"max-video-preview:-1"},"canonical":"https:\/\/pergola-agava.si\/de\/schutz-personenbezogener-daten\/","og_locale":"de_DE","og_type":"article","og_title":"Schutz personenbezogener Daten - Bioklimatska pergola Agava","og_description":"Eigent\u00fcmer und Betreiber der Website www.pergola-agava.si:SOLTEC d.o.o., \u00a0Obrtna 9, 8257 DOBOVA Gesetzlicher Vertreter:\u00a0Miroslav Po\u017ear 1. Verwendung,","og_url":"https:\/\/pergola-agava.si\/de\/schutz-personenbezogener-daten\/","og_site_name":"Bioklimatska pergola Agava","article_modified_time":"2020-07-24T11:52:48+00:00","twitter_card":"summary_large_image","twitter_misc":{"Gesch\u00e4tzte Lesezeit":"3\u00a0Minuten"},"schema":{"@context":"https:\/\/schema.org","@graph":[{"@type":"WebPage","@id":"https:\/\/pergola-agava.si\/de\/schutz-personenbezogener-daten\/","url":"https:\/\/pergola-agava.si\/de\/schutz-personenbezogener-daten\/","name":"Schutz personenbezogener Daten - Bioklimatska pergola Agava","isPartOf":{"@id":"https:\/\/pergola-agava.si\/de\/#website"},"datePublished":"2020-03-03T07:09:27+00:00","dateModified":"2020-07-24T11:52:48+00:00","description":"Eigent\u00fcmer und Betreiber der Website www.pergola-agava.si:SOLTEC d.o.o., \u00a0Obrtna 9, 8257 DOBOVA Gesetzlicher Vertreter:\u00a0Miroslav Po\u017ear 1. Verwendung,","breadcrumb":{"@id":"https:\/\/pergola-agava.si\/de\/schutz-personenbezogener-daten\/#breadcrumb"},"inLanguage":"de","potentialAction":[{"@type":"ReadAction","target":["https:\/\/pergola-agava.si\/de\/schutz-personenbezogener-daten\/"]}]},{"@type":"BreadcrumbList","@id":"https:\/\/pergola-agava.si\/de\/schutz-personenbezogener-daten\/#breadcrumb","itemListElement":[{"@type":"ListItem","position":1,"name":"Home","item":"https:\/\/pergola-agava.si\/de\/"},{"@type":"ListItem","position":2,"name":"Schutz personenbezogener Daten"}]},{"@type":"WebSite","@id":"https:\/\/pergola-agava.si\/de\/#website","url":"https:\/\/pergola-agava.si\/de\/","name":"Bioklimatska pergola Agava","description":"","potentialAction":[{"@type":"SearchAction","target":{"@type":"EntryPoint","urlTemplate":"https:\/\/pergola-agava.si\/de\/?s={search_term_string}"},"query-input":"required name=search_term_string"}],"inLanguage":"de"}]}},"_links":{"self":[{"href":"https:\/\/pergola-agava.si\/de\/wp-json\/wp\/v2\/pages\/3809"}],"collection":[{"href":"https:\/\/pergola-agava.si\/de\/wp-json\/wp\/v2\/pages"}],"about":[{"href":"https:\/\/pergola-agava.si\/de\/wp-json\/wp\/v2\/types\/page"}],"author":[{"embeddable":true,"href":"https:\/\/pergola-agava.si\/de\/wp-json\/wp\/v2\/users\/1"}],"replies":[{"embeddable":true,"href":"https:\/\/pergola-agava.si\/de\/wp-json\/wp\/v2\/comments?post=3809"}],"version-history":[{"count":3,"href":"https:\/\/pergola-agava.si\/de\/wp-json\/wp\/v2\/pages\/3809\/revisions"}],"predecessor-version":[{"id":9022,"href":"https:\/\/pergola-agava.si\/de\/wp-json\/wp\/v2\/pages\/3809\/revisions\/9022"}],"wp:attachment":[{"href":"https:\/\/pergola-agava.si\/de\/wp-json\/wp\/v2\/media?parent=3809"}],"curies":[{"name":"wp","href":"https:\/\/api.w.org\/{rel}","templated":true}]}}