{"id":16966,"date":"2021-12-21T12:11:13","date_gmt":"2021-12-21T11:11:13","guid":{"rendered":"https:\/\/pergola-agava.si\/?page_id=16966"},"modified":"2022-08-04T11:19:39","modified_gmt":"2022-08-04T09:19:39","slug":"katalog","status":"publish","type":"page","link":"https:\/\/pergola-agava.si\/de\/katalog\/","title":{"rendered":"Katalog"},"content":{"rendered":"\t\t<div data-elementor-type=\"wp-post\" data-elementor-id=\"16966\" class=\"elementor elementor-16966 elementor-16965\" data-elementor-settings=\"[]\">\n\t\t\t<div class=\"elementor-inner\">\n\t\t\t\t<div class=\"elementor-section-wrap\">\n\t\t\t\t\t\t\t<section class=\"elementor-element elementor-element-3396ed6 elementor-section-boxed elementor-section-height-default elementor-section-height-default elementor-section elementor-top-section\" data-id=\"3396ed6\" data-element_type=\"section\">\n\t\t\t\t\t\t<div class=\"elementor-container elementor-column-gap-default\">\n\t\t\t\t<div class=\"elementor-row\">\n\t\t\t\t<div class=\"elementor-element elementor-element-3e92e2f elementor-column elementor-col-100 elementor-top-column\" data-id=\"3e92e2f\" data-element_type=\"column\">\n\t\t\t<div class=\"elementor-column-wrap  elementor-element-populated\">\n\t\t\t\t\t<div class=\"elementor-widget-wrap\">\n\t\t\t\t<div class=\"elementor-element elementor-element-f9a303e elementor-widget elementor-widget-spacer\" data-id=\"f9a303e\" data-element_type=\"widget\" data-widget_type=\"spacer.default\">\n\t\t\t\t<div class=\"elementor-widget-container\">\n\t\t\t\t\t<div class=\"elementor-spacer\">\n\t\t\t<div class=\"elementor-spacer-inner\"><\/div>\n\t\t<\/div>\n\t\t\t\t<\/div>\n\t\t\t\t<\/div>\n\t\t\t\t\t\t<\/div>\n\t\t\t<\/div>\n\t\t<\/div>\n\t\t\t\t\t\t<\/div>\n\t\t\t<\/div>\n\t\t<\/section>\n\t\t\t\t<section class=\"elementor-element elementor-element-5be44e84 elementor-section-boxed elementor-section-height-default elementor-section-height-default elementor-section elementor-top-section\" data-id=\"5be44e84\" data-element_type=\"section\">\n\t\t\t\t\t\t<div class=\"elementor-container elementor-column-gap-default\">\n\t\t\t\t<div class=\"elementor-row\">\n\t\t\t\t<div class=\"elementor-element elementor-element-92ad2f elementor-column elementor-col-50 elementor-top-column\" data-id=\"92ad2f\" data-element_type=\"column\">\n\t\t\t<div class=\"elementor-column-wrap  elementor-element-populated\">\n\t\t\t\t\t<div class=\"elementor-widget-wrap\">\n\t\t\t\t<div class=\"elementor-element elementor-element-3e4f6b52 aleft elementor-widget elementor-widget-wgl-double-headings\" data-id=\"3e4f6b52\" data-element_type=\"widget\" data-widget_type=\"wgl-double-headings.default\">\n\t\t\t\t<div class=\"elementor-widget-container\">\n\t\t\t<div class=\"wgl-double_heading\">                <h2 class=\"dbl-title_wrapper\"><span class=\"dbl-title dbl-title_1\">Downloaden Sie den kostenlosen Katalog!<\/span> <span class=\"dbl-title dbl-title_2\"><br>Soltec Lamellendach Agava<\/span>                 <\/h2>        <\/div>\t\t<\/div>\n\t\t\t\t<\/div>\n\t\t\t\t<div class=\"elementor-element elementor-element-5ab72374 elementor-widget elementor-widget-text-editor\" data-id=\"5ab72374\" data-element_type=\"widget\" data-widget_type=\"text-editor.default\">\n\t\t\t\t<div class=\"elementor-widget-container\">\n\t\t\t\t\t<div class=\"elementor-text-editor elementor-clearfix\"><p>Sie finden darin Antworten auf Fragen wie diese:<\/p><ul><li>Was sind die Vorteile der bioklimatischen Pergola Agava von Soltec?<\/li><li>Welche Gestaltungsm\u00f6glichkeiten gibt es f\u00fcr die Pergola?<\/li><li>Welche Farben gibt es?<\/li><li>Wie hoch ist die Tragf\u00e4higkeit der Lamellen?<\/li><\/ul><p><strong>Hier Downloaden<\/strong>:<\/p><\/div>\n\t\t\t\t<\/div>\n\t\t\t\t<\/div>\n\t\t\t\t<div class=\"elementor-element elementor-element-db2e7e0 elementor-widget elementor-widget-button\" data-id=\"db2e7e0\" data-element_type=\"widget\" data-widget_type=\"button.default\">\n\t\t\t\t<div class=\"elementor-widget-container\">\n\t\t\t\t\t<div class=\"elementor-button-wrapper\">\n\t\t\t<a href=\"https:\/\/pergola-agava.si\/wp-content\/uploads\/2022\/08\/de-katalog-soltec-lamellendach-agava.pdf\" class=\"elementor-button-link elementor-button elementor-size-sm\" role=\"button\">\n\t\t\t\t\t\t<span class=\"elementor-button-content-wrapper\">\n\t\t\t\t\t\t<span class=\"elementor-button-text\">Katalog Pergola Agava<\/span>\n\t\t<\/span>\n\t\t\t\t\t<\/a>\n\t\t<\/div>\n\t\t\t\t<\/div>\n\t\t\t\t<\/div>\n\t\t\t\t<div class=\"elementor-element elementor-element-d93299a elementor-widget elementor-widget-button\" data-id=\"d93299a\" data-element_type=\"widget\" data-widget_type=\"button.default\">\n\t\t\t\t<div class=\"elementor-widget-container\">\n\t\t\t\t\t<div class=\"elementor-button-wrapper\">\n\t\t\t<a href=\"https:\/\/pergola-agava.si\/wp-content\/uploads\/2022\/08\/Soltec-Agava-SL-Bildkatalog-DE-2022-02.pdf\" class=\"elementor-button-link elementor-button elementor-size-sm\" role=\"button\">\n\t\t\t\t\t\t<span class=\"elementor-button-content-wrapper\">\n\t\t\t\t\t\t<span class=\"elementor-button-text\">Lifestyle Katalog Pergola Agava<\/span>\n\t\t<\/span>\n\t\t\t\t\t<\/a>\n\t\t<\/div>\n\t\t\t\t<\/div>\n\t\t\t\t<\/div>\n\t\t\t\t<div class=\"elementor-element elementor-element-1e6e4f11 elementor-widget elementor-widget-spacer\" data-id=\"1e6e4f11\" data-element_type=\"widget\" data-widget_type=\"spacer.default\">\n\t\t\t\t<div class=\"elementor-widget-container\">\n\t\t\t\t\t<div class=\"elementor-spacer\">\n\t\t\t<div class=\"elementor-spacer-inner\"><\/div>\n\t\t<\/div>\n\t\t\t\t<\/div>\n\t\t\t\t<\/div>\n\t\t\t\t\t\t<\/div>\n\t\t\t<\/div>\n\t\t<\/div>\n\t\t\t\t<div class=\"elementor-element elementor-element-56783781 elementor-column elementor-col-50 elementor-top-column\" data-id=\"56783781\" data-element_type=\"column\">\n\t\t\t<div class=\"elementor-column-wrap  elementor-element-populated\">\n\t\t\t\t\t<div class=\"elementor-widget-wrap\">\n\t\t\t\t<div class=\"elementor-element elementor-element-dcf44c6 elementor-widget elementor-widget-spacer\" data-id=\"dcf44c6\" data-element_type=\"widget\" data-widget_type=\"spacer.default\">\n\t\t\t\t<div class=\"elementor-widget-container\">\n\t\t\t\t\t<div class=\"elementor-spacer\">\n\t\t\t<div class=\"elementor-spacer-inner\"><\/div>\n\t\t<\/div>\n\t\t\t\t<\/div>\n\t\t\t\t<\/div>\n\t\t\t\t<div class=\"elementor-element elementor-element-e7bf35f elementor-widget elementor-widget-spacer\" data-id=\"e7bf35f\" data-element_type=\"widget\" data-widget_type=\"spacer.default\">\n\t\t\t\t<div class=\"elementor-widget-container\">\n\t\t\t\t\t<div class=\"elementor-spacer\">\n\t\t\t<div class=\"elementor-spacer-inner\"><\/div>\n\t\t<\/div>\n\t\t\t\t<\/div>\n\t\t\t\t<\/div>\n\t\t\t\t<div class=\"elementor-element elementor-element-1c97249 elementor-widget elementor-widget-image\" data-id=\"1c97249\" data-element_type=\"widget\" data-widget_type=\"image.default\">\n\t\t\t\t<div class=\"elementor-widget-container\">\n\t\t\t\t\t<div class=\"elementor-image\">\n\t\t\t\t\t\t\t\t\t\t<img width=\"500\" height=\"500\" src=\"https:\/\/pergola-agava.si\/wp-content\/uploads\/2021\/12\/katalog2.jpg\" class=\"attachment-large size-large\" alt=\"\" decoding=\"async\" loading=\"lazy\" srcset=\"https:\/\/pergola-agava.si\/wp-content\/uploads\/2021\/12\/katalog2.jpg 500w, https:\/\/pergola-agava.si\/wp-content\/uploads\/2021\/12\/katalog2-300x300.jpg 300w, https:\/\/pergola-agava.si\/wp-content\/uploads\/2021\/12\/katalog2-150x150.jpg 150w, https:\/\/pergola-agava.si\/wp-content\/uploads\/2021\/12\/katalog2-440x440.jpg 440w, https:\/\/pergola-agava.si\/wp-content\/uploads\/2021\/12\/katalog2-180x180.jpg 180w, https:\/\/pergola-agava.si\/wp-content\/uploads\/2021\/12\/katalog2-120x120.jpg 120w\" sizes=\"(max-width: 500px) 100vw, 500px\" \/>\t\t\t\t\t\t\t\t\t\t\t<\/div>\n\t\t\t\t<\/div>\n\t\t\t\t<\/div>\n\t\t\t\t<div class=\"elementor-element elementor-element-f32e0dd elementor-widget elementor-widget-spacer\" data-id=\"f32e0dd\" data-element_type=\"widget\" data-widget_type=\"spacer.default\">\n\t\t\t\t<div class=\"elementor-widget-container\">\n\t\t\t\t\t<div class=\"elementor-spacer\">\n\t\t\t<div class=\"elementor-spacer-inner\"><\/div>\n\t\t<\/div>\n\t\t\t\t<\/div>\n\t\t\t\t<\/div>\n\t\t\t\t\t\t<\/div>\n\t\t\t<\/div>\n\t\t<\/div>\n\t\t\t\t\t\t<\/div>\n\t\t\t<\/div>\n\t\t<\/section>\n\t\t\t\t<section class=\"elementor-element elementor-element-81f30ce elementor-section-boxed elementor-section-height-default elementor-section-height-default elementor-section elementor-top-section\" data-id=\"81f30ce\" data-element_type=\"section\">\n\t\t\t\t\t\t<div class=\"elementor-container elementor-column-gap-default\">\n\t\t\t\t<div class=\"elementor-row\">\n\t\t\t\t<div class=\"elementor-element elementor-element-ae6009c elementor-column elementor-col-100 elementor-top-column\" data-id=\"ae6009c\" data-element_type=\"column\">\n\t\t\t<div class=\"elementor-column-wrap  elementor-element-populated\">\n\t\t\t\t\t<div class=\"elementor-widget-wrap\">\n\t\t\t\t<div class=\"elementor-element elementor-element-0791b05 elementor-widget elementor-widget-spacer\" data-id=\"0791b05\" data-element_type=\"widget\" data-widget_type=\"spacer.default\">\n\t\t\t\t<div class=\"elementor-widget-container\">\n\t\t\t\t\t<div class=\"elementor-spacer\">\n\t\t\t<div class=\"elementor-spacer-inner\"><\/div>\n\t\t<\/div>\n\t\t\t\t<\/div>\n\t\t\t\t<\/div>\n\t\t\t\t\t\t<\/div>\n\t\t\t<\/div>\n\t\t<\/div>\n\t\t\t\t\t\t<\/div>\n\t\t\t<\/div>\n\t\t<\/section>\n\t\t\t\t\t\t<\/div>\n\t\t\t<\/div>\n\t\t<\/div>\n\t\t","protected":false},"excerpt":{"rendered":"<p>Downloaden Sie den kostenlosen Katalog! Soltec Lamellendach Agava Sie finden darin Antworten auf Fragen wie diese: Was sind die Vorteile der bioklimatischen Pergola Agava von Soltec? Welche Gestaltungsm\u00f6glichkeiten gibt es f\u00fcr die Pergola? Welche Farben gibt es? Wie hoch ist die Tragf\u00e4higkeit der Lamellen? Hier Downloaden: Katalog Pergola Agava Lifestyle Katalog Pergola Agava<\/p>\n","protected":false},"author":1,"featured_media":0,"parent":0,"menu_order":0,"comment_status":"closed","ping_status":"closed","template":"","meta":{"content-type":"","inline_featured_image":false},"yoast_head":"<!-- This site is optimized with the Yoast SEO plugin v21.6 - https:\/\/yoast.com\/wordpress\/plugins\/seo\/ -->\n<title>Soltec Lamellendach Agava Katalog<\/title>\n<meta name=\"description\" content=\"Downloaden Sie den kostenlosen Katalog! Soltec Lamellendach Agava Sie finden darin Antworten auf Fragen wie diese:Was sind die Vorteile der\" \/>\n<meta name=\"robots\" content=\"index, follow, max-snippet:-1, max-image-preview:large, max-video-preview:-1\" \/>\n<link rel=\"canonical\" href=\"https:\/\/pergola-agava.si\/de\/katalog\/\" \/>\n<meta property=\"og:locale\" content=\"de_DE\" \/>\n<meta property=\"og:type\" content=\"article\" \/>\n<meta property=\"og:title\" content=\"Soltec Lamellendach Agava Katalog\" \/>\n<meta property=\"og:description\" content=\"Downloaden Sie den kostenlosen Katalog! Soltec Lamellendach Agava Sie finden darin Antworten auf Fragen wie diese:Was sind die Vorteile der\" \/>\n<meta property=\"og:url\" content=\"https:\/\/pergola-agava.si\/de\/katalog\/\" \/>\n<meta property=\"og:site_name\" content=\"Bioklimatska pergola Agava\" \/>\n<meta property=\"article:modified_time\" content=\"2022-08-04T09:19:39+00:00\" \/>\n<meta property=\"og:image\" content=\"https:\/\/pergola-agava.si\/wp-content\/uploads\/2021\/12\/katalog2.jpg\" \/>\n<meta name=\"twitter:card\" content=\"summary_large_image\" \/>\n<meta name=\"twitter:label1\" content=\"Gesch\u00e4tzte Lesezeit\" \/>\n\t<meta name=\"twitter:data1\" content=\"1\u00a0Minute\" \/>\n<script type=\"application\/ld+json\" class=\"yoast-schema-graph\">{\"@context\":\"https:\/\/schema.org\",\"@graph\":[{\"@type\":\"WebPage\",\"@id\":\"https:\/\/pergola-agava.si\/de\/katalog\/\",\"url\":\"https:\/\/pergola-agava.si\/de\/katalog\/\",\"name\":\"Soltec Lamellendach Agava Katalog\",\"isPartOf\":{\"@id\":\"https:\/\/pergola-agava.si\/de\/#website\"},\"datePublished\":\"2021-12-21T11:11:13+00:00\",\"dateModified\":\"2022-08-04T09:19:39+00:00\",\"description\":\"Downloaden Sie den kostenlosen Katalog! Soltec Lamellendach Agava Sie finden darin Antworten auf Fragen wie diese:Was sind die Vorteile der\",\"breadcrumb\":{\"@id\":\"https:\/\/pergola-agava.si\/de\/katalog\/#breadcrumb\"},\"inLanguage\":\"de\",\"potentialAction\":[{\"@type\":\"ReadAction\",\"target\":[\"https:\/\/pergola-agava.si\/de\/katalog\/\"]}]},{\"@type\":\"BreadcrumbList\",\"@id\":\"https:\/\/pergola-agava.si\/de\/katalog\/#breadcrumb\",\"itemListElement\":[{\"@type\":\"ListItem\",\"position\":1,\"name\":\"Home\",\"item\":\"https:\/\/pergola-agava.si\/de\/\"},{\"@type\":\"ListItem\",\"position\":2,\"name\":\"Katalog\"}]},{\"@type\":\"WebSite\",\"@id\":\"https:\/\/pergola-agava.si\/de\/#website\",\"url\":\"https:\/\/pergola-agava.si\/de\/\",\"name\":\"Bioklimatska pergola Agava\",\"description\":\"\",\"potentialAction\":[{\"@type\":\"SearchAction\",\"target\":{\"@type\":\"EntryPoint\",\"urlTemplate\":\"https:\/\/pergola-agava.si\/de\/?s={search_term_string}\"},\"query-input\":\"required name=search_term_string\"}],\"inLanguage\":\"de\"}]}<\/script>\n<!-- \/ Yoast SEO plugin. -->","yoast_head_json":{"title":"Soltec Lamellendach Agava Katalog","description":"Downloaden Sie den kostenlosen Katalog! Soltec Lamellendach Agava Sie finden darin Antworten auf Fragen wie diese:Was sind die Vorteile der","robots":{"index":"index","follow":"follow","max-snippet":"max-snippet:-1","max-image-preview":"max-image-preview:large","max-video-preview":"max-video-preview:-1"},"canonical":"https:\/\/pergola-agava.si\/de\/katalog\/","og_locale":"de_DE","og_type":"article","og_title":"Soltec Lamellendach Agava Katalog","og_description":"Downloaden Sie den kostenlosen Katalog! Soltec Lamellendach Agava Sie finden darin Antworten auf Fragen wie diese:Was sind die Vorteile der","og_url":"https:\/\/pergola-agava.si\/de\/katalog\/","og_site_name":"Bioklimatska pergola Agava","article_modified_time":"2022-08-04T09:19:39+00:00","og_image":[{"url":"https:\/\/pergola-agava.si\/wp-content\/uploads\/2021\/12\/katalog2.jpg"}],"twitter_card":"summary_large_image","twitter_misc":{"Gesch\u00e4tzte Lesezeit":"1\u00a0Minute"},"schema":{"@context":"https:\/\/schema.org","@graph":[{"@type":"WebPage","@id":"https:\/\/pergola-agava.si\/de\/katalog\/","url":"https:\/\/pergola-agava.si\/de\/katalog\/","name":"Soltec Lamellendach Agava Katalog","isPartOf":{"@id":"https:\/\/pergola-agava.si\/de\/#website"},"datePublished":"2021-12-21T11:11:13+00:00","dateModified":"2022-08-04T09:19:39+00:00","description":"Downloaden Sie den kostenlosen Katalog! Soltec Lamellendach Agava Sie finden darin Antworten auf Fragen wie diese:Was sind die Vorteile der","breadcrumb":{"@id":"https:\/\/pergola-agava.si\/de\/katalog\/#breadcrumb"},"inLanguage":"de","potentialAction":[{"@type":"ReadAction","target":["https:\/\/pergola-agava.si\/de\/katalog\/"]}]},{"@type":"BreadcrumbList","@id":"https:\/\/pergola-agava.si\/de\/katalog\/#breadcrumb","itemListElement":[{"@type":"ListItem","position":1,"name":"Home","item":"https:\/\/pergola-agava.si\/de\/"},{"@type":"ListItem","position":2,"name":"Katalog"}]},{"@type":"WebSite","@id":"https:\/\/pergola-agava.si\/de\/#website","url":"https:\/\/pergola-agava.si\/de\/","name":"Bioklimatska pergola Agava","description":"","potentialAction":[{"@type":"SearchAction","target":{"@type":"EntryPoint","urlTemplate":"https:\/\/pergola-agava.si\/de\/?s={search_term_string}"},"query-input":"required name=search_term_string"}],"inLanguage":"de"}]}},"_links":{"self":[{"href":"https:\/\/pergola-agava.si\/de\/wp-json\/wp\/v2\/pages\/16966"}],"collection":[{"href":"https:\/\/pergola-agava.si\/de\/wp-json\/wp\/v2\/pages"}],"about":[{"href":"https:\/\/pergola-agava.si\/de\/wp-json\/wp\/v2\/types\/page"}],"author":[{"embeddable":true,"href":"https:\/\/pergola-agava.si\/de\/wp-json\/wp\/v2\/users\/1"}],"replies":[{"embeddable":true,"href":"https:\/\/pergola-agava.si\/de\/wp-json\/wp\/v2\/comments?post=16966"}],"version-history":[{"count":5,"href":"https:\/\/pergola-agava.si\/de\/wp-json\/wp\/v2\/pages\/16966\/revisions"}],"predecessor-version":[{"id":17654,"href":"https:\/\/pergola-agava.si\/de\/wp-json\/wp\/v2\/pages\/16966\/revisions\/17654"}],"wp:attachment":[{"href":"https:\/\/pergola-agava.si\/de\/wp-json\/wp\/v2\/media?parent=16966"}],"curies":[{"name":"wp","href":"https:\/\/api.w.org\/{rel}","templated":true}]}}