{"id":15855,"date":"2021-06-08T13:10:54","date_gmt":"2021-06-08T11:10:54","guid":{"rendered":"https:\/\/pergola-agava.si\/tehnicni-opis-sistema-agava\/"},"modified":"2021-06-11T15:09:53","modified_gmt":"2021-06-11T13:09:53","slug":"tehnicni-opis-sistema-agava","status":"publish","type":"page","link":"https:\/\/pergola-agava.si\/de\/technische-beschreibung-agava\/","title":{"rendered":"Technische Beschreibung des Agava-Systems"},"content":{"rendered":"\t\t<div data-elementor-type=\"wp-page\" data-elementor-id=\"15855\" class=\"elementor elementor-15855 elementor-15826\" data-elementor-settings=\"[]\">\n\t\t\t<div class=\"elementor-inner\">\n\t\t\t\t<div class=\"elementor-section-wrap\">\n\t\t\t\t\t\t\t<section class=\"elementor-element elementor-element-6882598 elementor-section-boxed elementor-section-height-default elementor-section-height-default elementor-section elementor-top-section\" data-id=\"6882598\" data-element_type=\"section\">\n\t\t\t\t\t\t<div class=\"elementor-container elementor-column-gap-default\">\n\t\t\t\t<div class=\"elementor-row\">\n\t\t\t\t<div class=\"elementor-element elementor-element-5536175 elementor-column elementor-col-100 elementor-top-column\" data-id=\"5536175\" data-element_type=\"column\">\n\t\t\t<div class=\"elementor-column-wrap  elementor-element-populated\">\n\t\t\t\t\t<div class=\"elementor-widget-wrap\">\n\t\t\t\t<div class=\"elementor-element elementor-element-466b94f elementor-widget elementor-widget-text-editor\" data-id=\"466b94f\" data-element_type=\"widget\" data-widget_type=\"text-editor.default\">\n\t\t\t\t<div class=\"elementor-widget-container\">\n\t\t\t\t\t<div class=\"elementor-text-editor elementor-clearfix\"><p>Das Produkt Pergola Agava SL ist eine bioklimatische Pergola bestehend aus Aluminiumkomponenten, S\u00e4ulen, Tr\u00e4gern und rotierenden Lamellen. Die Pergola wird gem\u00e4\u00df der harmonisierten Norm SIST EN 13561 hergestellt. Nach dieser Norm stellen wir die technische Zulassung und das CE-Zeichen aus. Die deklarierte Eigenschaft laut Norm ist Windwiderstand bis Klasse 3. Die Konformit\u00e4tserkl\u00e4rung ist Teil der Gebrauchs- und Wartungsanleitung.<\/p><p>Die bioklimatische Pergola als Sonnendach unterscheidet sich von den \u00fcblicherweise gebauten Vord\u00e4chern mit einem klassischen Dach, die laut Baugesetzen und Bauverordnungen Belastungen gem\u00e4\u00df Vorschriften und je nach Aufstellungsort standhalten m\u00fcssen. Die bioklimatische Pergola ist ein Sonnendach, bei der die Lamellen bei starker Belastung (Wind, Schnee, &#8230;) ge\u00f6ffnet werden m\u00fcssen, was in Preisliste, Anleitung und Katalog angegeben ist. Die Tragf\u00e4higkeit bei geschlossenen Lamellen wird anhand vorbereiteter Grafiken in der Preisliste angegeben und ist abh\u00e4ngig von den Abmessungen der Pergola. Die Grafiken zeigen die funktionale Tragf\u00e4higkeit der Lamellen (Verschiebung von 1\/200 der Spannweite) in Abh\u00e4ngigkeit von der Zusatzlast und der gew\u00e4hlten Lamellenl\u00e4nge. Je nach gew\u00fcnschter Tragf\u00e4higkeit k\u00f6nnen verschiedene Pergola-Typen gew\u00e4hlt werden (160\/28, 170\/28, 170\/36, 240\/36, 240\/60). Der Benutzer ist verpflichtet, die Gebrauchs- und Wartungsanleitungen zu beachten und anzuwenden sowie Belastungen zu vermeiden, die den Grenzwert der funktionalen Tragf\u00e4higkeit \u00fcbersteigen. Soltec bietet daher Gebrauchs- und Wartungsanleitungen und als Hilfestellung elektronische L\u00f6sungen mit einem Wettersensor, der daf\u00fcr sorgt, dass sich die Lamellen bei starker Schneelast oder Wind automatisch \u00f6ffnen.<\/p><p>Die funktionale Tragf\u00e4higkeit der Lamellen, bei der die Entfernung 1\/200 der Spannweite betr\u00e4gt, entspricht auch der vom Eurocode empfohlenen Grenzverschiebung f\u00fcr Dachtragelemente (SIST EN 1990). Wenn die Verschiebungen nicht von wesentlicher funktionaler Bedeutung sind, k\u00f6nnen sie nach Vereinbarung mit dem Auftraggeber gr\u00f6\u00dfer sein. Die berechnete Verschiebung durch das Eigengewicht betr\u00e4gt zusammen mit der zul\u00e4ssigen Zusatzlast laut Diagramm 1\/200 der L\u00e4nge. Mit dieser Bedingung und in dieser Hinsicht ist die Agava Pergola ausgelegt und entspricht den Bestimmungen der Eurocodes, die ansonsten f\u00fcr gebaute D\u00e4cher gelten.<\/p><\/div>\n\t\t\t\t<\/div>\n\t\t\t\t<\/div>\n\t\t\t\t\t\t<\/div>\n\t\t\t<\/div>\n\t\t<\/div>\n\t\t\t\t\t\t<\/div>\n\t\t\t<\/div>\n\t\t<\/section>\n\t\t\t\t\t\t<\/div>\n\t\t\t<\/div>\n\t\t<\/div>\n\t\t","protected":false},"excerpt":{"rendered":"<p>Das Produkt Pergola Agava SL ist eine bioklimatische Pergola bestehend aus Aluminiumkomponenten, S\u00e4ulen, Tr\u00e4gern und rotierenden Lamellen. Die Pergola wird gem\u00e4\u00df der harmonisierten Norm SIST EN 13561 hergestellt. Nach dieser Norm stellen wir die technische Zulassung und das CE-Zeichen aus. Die deklarierte Eigenschaft laut Norm ist Windwiderstand bis Klasse 3. Die Konformit\u00e4tserkl\u00e4rung ist Teil der [&hellip;]<\/p>\n","protected":false},"author":1,"featured_media":0,"parent":0,"menu_order":0,"comment_status":"closed","ping_status":"closed","template":"","meta":{"content-type":"","inline_featured_image":false},"yoast_head":"<!-- This site is optimized with the Yoast SEO plugin v21.6 - https:\/\/yoast.com\/wordpress\/plugins\/seo\/ -->\n<title>Technische Beschreibung des Agava-Systems - Bioklimatska pergola Agava<\/title>\n<meta name=\"description\" content=\"Das Produkt Pergola Agava SL ist eine bioklimatische Pergola bestehend aus Aluminiumkomponenten, S\u00e4ulen, Tr\u00e4gern und rotierenden Lamellen. Die Pergola\" \/>\n<meta name=\"robots\" content=\"index, follow, max-snippet:-1, max-image-preview:large, max-video-preview:-1\" \/>\n<link rel=\"canonical\" href=\"https:\/\/pergola-agava.si\/de\/technische-beschreibung-agava\/\" \/>\n<meta property=\"og:locale\" content=\"de_DE\" \/>\n<meta property=\"og:type\" content=\"article\" \/>\n<meta property=\"og:title\" content=\"Technische Beschreibung des Agava-Systems - Bioklimatska pergola Agava\" \/>\n<meta property=\"og:description\" content=\"Das Produkt Pergola Agava SL ist eine bioklimatische Pergola bestehend aus Aluminiumkomponenten, S\u00e4ulen, Tr\u00e4gern und rotierenden Lamellen. Die Pergola\" \/>\n<meta property=\"og:url\" content=\"https:\/\/pergola-agava.si\/de\/technische-beschreibung-agava\/\" \/>\n<meta property=\"og:site_name\" content=\"Bioklimatska pergola Agava\" \/>\n<meta property=\"article:modified_time\" content=\"2021-06-11T13:09:53+00:00\" \/>\n<meta name=\"twitter:card\" content=\"summary_large_image\" \/>\n<meta name=\"twitter:label1\" content=\"Gesch\u00e4tzte Lesezeit\" \/>\n\t<meta name=\"twitter:data1\" content=\"2\u00a0Minuten\" \/>\n<script type=\"application\/ld+json\" class=\"yoast-schema-graph\">{\"@context\":\"https:\/\/schema.org\",\"@graph\":[{\"@type\":\"WebPage\",\"@id\":\"https:\/\/pergola-agava.si\/de\/technische-beschreibung-agava\/\",\"url\":\"https:\/\/pergola-agava.si\/de\/technische-beschreibung-agava\/\",\"name\":\"Technische Beschreibung des Agava-Systems - Bioklimatska pergola Agava\",\"isPartOf\":{\"@id\":\"https:\/\/pergola-agava.si\/de\/#website\"},\"datePublished\":\"2021-06-08T11:10:54+00:00\",\"dateModified\":\"2021-06-11T13:09:53+00:00\",\"description\":\"Das Produkt Pergola Agava SL ist eine bioklimatische Pergola bestehend aus Aluminiumkomponenten, S\u00e4ulen, Tr\u00e4gern und rotierenden Lamellen. Die Pergola\",\"breadcrumb\":{\"@id\":\"https:\/\/pergola-agava.si\/de\/technische-beschreibung-agava\/#breadcrumb\"},\"inLanguage\":\"de\",\"potentialAction\":[{\"@type\":\"ReadAction\",\"target\":[\"https:\/\/pergola-agava.si\/de\/technische-beschreibung-agava\/\"]}]},{\"@type\":\"BreadcrumbList\",\"@id\":\"https:\/\/pergola-agava.si\/de\/technische-beschreibung-agava\/#breadcrumb\",\"itemListElement\":[{\"@type\":\"ListItem\",\"position\":1,\"name\":\"Home\",\"item\":\"https:\/\/pergola-agava.si\/de\/\"},{\"@type\":\"ListItem\",\"position\":2,\"name\":\"Technische Beschreibung des Agava-Systems\"}]},{\"@type\":\"WebSite\",\"@id\":\"https:\/\/pergola-agava.si\/de\/#website\",\"url\":\"https:\/\/pergola-agava.si\/de\/\",\"name\":\"Bioklimatska pergola Agava\",\"description\":\"\",\"potentialAction\":[{\"@type\":\"SearchAction\",\"target\":{\"@type\":\"EntryPoint\",\"urlTemplate\":\"https:\/\/pergola-agava.si\/de\/?s={search_term_string}\"},\"query-input\":\"required name=search_term_string\"}],\"inLanguage\":\"de\"}]}<\/script>\n<!-- \/ Yoast SEO plugin. -->","yoast_head_json":{"title":"Technische Beschreibung des Agava-Systems - Bioklimatska pergola Agava","description":"Das Produkt Pergola Agava SL ist eine bioklimatische Pergola bestehend aus Aluminiumkomponenten, S\u00e4ulen, Tr\u00e4gern und rotierenden Lamellen. Die Pergola","robots":{"index":"index","follow":"follow","max-snippet":"max-snippet:-1","max-image-preview":"max-image-preview:large","max-video-preview":"max-video-preview:-1"},"canonical":"https:\/\/pergola-agava.si\/de\/technische-beschreibung-agava\/","og_locale":"de_DE","og_type":"article","og_title":"Technische Beschreibung des Agava-Systems - Bioklimatska pergola Agava","og_description":"Das Produkt Pergola Agava SL ist eine bioklimatische Pergola bestehend aus Aluminiumkomponenten, S\u00e4ulen, Tr\u00e4gern und rotierenden Lamellen. Die Pergola","og_url":"https:\/\/pergola-agava.si\/de\/technische-beschreibung-agava\/","og_site_name":"Bioklimatska pergola Agava","article_modified_time":"2021-06-11T13:09:53+00:00","twitter_card":"summary_large_image","twitter_misc":{"Gesch\u00e4tzte Lesezeit":"2\u00a0Minuten"},"schema":{"@context":"https:\/\/schema.org","@graph":[{"@type":"WebPage","@id":"https:\/\/pergola-agava.si\/de\/technische-beschreibung-agava\/","url":"https:\/\/pergola-agava.si\/de\/technische-beschreibung-agava\/","name":"Technische Beschreibung des Agava-Systems - Bioklimatska pergola Agava","isPartOf":{"@id":"https:\/\/pergola-agava.si\/de\/#website"},"datePublished":"2021-06-08T11:10:54+00:00","dateModified":"2021-06-11T13:09:53+00:00","description":"Das Produkt Pergola Agava SL ist eine bioklimatische Pergola bestehend aus Aluminiumkomponenten, S\u00e4ulen, Tr\u00e4gern und rotierenden Lamellen. Die Pergola","breadcrumb":{"@id":"https:\/\/pergola-agava.si\/de\/technische-beschreibung-agava\/#breadcrumb"},"inLanguage":"de","potentialAction":[{"@type":"ReadAction","target":["https:\/\/pergola-agava.si\/de\/technische-beschreibung-agava\/"]}]},{"@type":"BreadcrumbList","@id":"https:\/\/pergola-agava.si\/de\/technische-beschreibung-agava\/#breadcrumb","itemListElement":[{"@type":"ListItem","position":1,"name":"Home","item":"https:\/\/pergola-agava.si\/de\/"},{"@type":"ListItem","position":2,"name":"Technische Beschreibung des Agava-Systems"}]},{"@type":"WebSite","@id":"https:\/\/pergola-agava.si\/de\/#website","url":"https:\/\/pergola-agava.si\/de\/","name":"Bioklimatska pergola Agava","description":"","potentialAction":[{"@type":"SearchAction","target":{"@type":"EntryPoint","urlTemplate":"https:\/\/pergola-agava.si\/de\/?s={search_term_string}"},"query-input":"required name=search_term_string"}],"inLanguage":"de"}]}},"_links":{"self":[{"href":"https:\/\/pergola-agava.si\/de\/wp-json\/wp\/v2\/pages\/15855"}],"collection":[{"href":"https:\/\/pergola-agava.si\/de\/wp-json\/wp\/v2\/pages"}],"about":[{"href":"https:\/\/pergola-agava.si\/de\/wp-json\/wp\/v2\/types\/page"}],"author":[{"embeddable":true,"href":"https:\/\/pergola-agava.si\/de\/wp-json\/wp\/v2\/users\/1"}],"replies":[{"embeddable":true,"href":"https:\/\/pergola-agava.si\/de\/wp-json\/wp\/v2\/comments?post=15855"}],"version-history":[{"count":2,"href":"https:\/\/pergola-agava.si\/de\/wp-json\/wp\/v2\/pages\/15855\/revisions"}],"predecessor-version":[{"id":15862,"href":"https:\/\/pergola-agava.si\/de\/wp-json\/wp\/v2\/pages\/15855\/revisions\/15862"}],"wp:attachment":[{"href":"https:\/\/pergola-agava.si\/de\/wp-json\/wp\/v2\/media?parent=15855"}],"curies":[{"name":"wp","href":"https:\/\/api.w.org\/{rel}","templated":true}]}}