{"id":15696,"date":"2021-05-11T13:25:09","date_gmt":"2021-05-11T11:25:09","guid":{"rendered":"https:\/\/pergola-agava.si\/servis\/"},"modified":"2024-01-19T15:23:42","modified_gmt":"2024-01-19T14:23:42","slug":"servis","status":"publish","type":"page","link":"https:\/\/pergola-agava.si\/de\/service\/","title":{"rendered":"Service"},"content":{"rendered":"\t\t<div data-elementor-type=\"wp-page\" data-elementor-id=\"15696\" class=\"elementor elementor-15696 elementor-15613\" data-elementor-settings=\"[]\">\n\t\t\t<div class=\"elementor-inner\">\n\t\t\t\t<div class=\"elementor-section-wrap\">\n\t\t\t\t\t\t\t<section class=\"elementor-element elementor-element-6882598 elementor-section-boxed elementor-section-height-default elementor-section-height-default elementor-section elementor-top-section\" data-id=\"6882598\" data-element_type=\"section\">\n\t\t\t\t\t\t<div class=\"elementor-container elementor-column-gap-default\">\n\t\t\t\t<div class=\"elementor-row\">\n\t\t\t\t<div class=\"elementor-element elementor-element-5536175 elementor-column elementor-col-100 elementor-top-column\" data-id=\"5536175\" data-element_type=\"column\">\n\t\t\t<div class=\"elementor-column-wrap  elementor-element-populated\">\n\t\t\t\t\t<div class=\"elementor-widget-wrap\">\n\t\t\t\t<div class=\"elementor-element elementor-element-466b94f elementor-widget elementor-widget-text-editor\" data-id=\"466b94f\" data-element_type=\"widget\" data-widget_type=\"text-editor.default\">\n\t\t\t\t<div class=\"elementor-widget-container\">\n\t\t\t\t\t<div class=\"elementor-text-editor elementor-clearfix\"><p><strong>Die regelm\u00e4\u00dfige Wartung von \u201eAgava outdoor living\u201c Produkten &#8211; Pergolen, feststehende \u00dcberdachungen und Zubeh\u00f6r &#8211; ist eine Voraussetzung f\u00fcr die Aufrechterhaltung der grundlegenden Produkteigenschaften und ihrer langen Lebensdauer.<\/strong> Der gr\u00f6\u00dfte Fehler, den wir als verantwortungsbewusster Eigent\u00fcmer machen k\u00f6nnen, besteht darin, die Produkte ohne Wartung der Umwelt zu \u00fcberlassen.<\/p><p><strong>Bei SOLTEC gew\u00e4hrleisten wir durch unsere Servicetechniker einen professionellen Service und regelm\u00e4\u00dfige Wartungsinspektionen.<\/strong>\u00a0Die professionelle Durchf\u00fchrung regelm\u00e4\u00dfiger Wartungsinspektionen und Serviceleistungen gew\u00e4hrleistet einen langdauernden und fehlerfreien Betrieb der Produkte und die damit verbundenen Einsparungen.<\/p><\/div>\n\t\t\t\t<\/div>\n\t\t\t\t<\/div>\n\t\t\t\t\t\t<\/div>\n\t\t\t<\/div>\n\t\t<\/div>\n\t\t\t\t\t\t<\/div>\n\t\t\t<\/div>\n\t\t<\/section>\n\t\t\t\t<section class=\"elementor-element elementor-element-1767510 elementor-section-boxed elementor-section-height-default elementor-section-height-default elementor-section elementor-top-section\" data-id=\"1767510\" data-element_type=\"section\">\n\t\t\t\t\t\t<div class=\"elementor-container elementor-column-gap-default\">\n\t\t\t\t<div class=\"elementor-row\">\n\t\t\t\t<div class=\"elementor-element elementor-element-c89e99a elementor-column elementor-col-100 elementor-top-column\" data-id=\"c89e99a\" data-element_type=\"column\">\n\t\t\t<div class=\"elementor-column-wrap  elementor-element-populated\">\n\t\t\t\t\t<div class=\"elementor-widget-wrap\">\n\t\t\t\t<div class=\"elementor-element elementor-element-b43b356 elementor-widget elementor-widget-spacer\" data-id=\"b43b356\" data-element_type=\"widget\" data-widget_type=\"spacer.default\">\n\t\t\t\t<div class=\"elementor-widget-container\">\n\t\t\t\t\t<div class=\"elementor-spacer\">\n\t\t\t<div class=\"elementor-spacer-inner\"><\/div>\n\t\t<\/div>\n\t\t\t\t<\/div>\n\t\t\t\t<\/div>\n\t\t\t\t<div class=\"elementor-element elementor-element-060cd42 elementor-widget elementor-widget-heading\" data-id=\"060cd42\" data-element_type=\"widget\" data-widget_type=\"heading.default\">\n\t\t\t\t<div class=\"elementor-widget-container\">\n\t\t\t<h3 class=\"elementor-heading-title elementor-size-default\">DIe Preisliste f\u00fcr die Wartung und das Service von \u201eAgava outdoor living\u201c Produkten<\/h3>\t\t<\/div>\n\t\t\t\t<\/div>\n\t\t\t\t<div class=\"elementor-element elementor-element-9f142e1 elementor-widget elementor-widget-text-editor\" data-id=\"9f142e1\" data-element_type=\"widget\" data-widget_type=\"text-editor.default\">\n\t\t\t\t<div class=\"elementor-widget-container\">\n\t\t\t\t\t<div class=\"elementor-text-editor elementor-clearfix\"><p>Service- und Wartungsarbeiten werden aufgrund eines schriftlichen Auftrags \u00fcber ein elektronisches Formular durchgef\u00fchrt. <a href=\"https:\/\/pergola-agava.si\/de\/service-anfrage\/\"><strong>DAS FORMULAR<\/strong><\/a><\/p><p>Bitte geben Sie bei der Bestellung Folgendes an:<\/p><ul><li>die Produktprojektnummer<\/li><li>die detaillierte Fehlerbeschreibung bzw. den Schaden<\/li><\/ul><\/div>\n\t\t\t\t<\/div>\n\t\t\t\t<\/div>\n\t\t\t\t<div class=\"elementor-element elementor-element-356a753 elementor-hidden-phone elementor-widget elementor-widget-html\" data-id=\"356a753\" data-element_type=\"widget\" data-widget_type=\"html.default\">\n\t\t\t\t<div class=\"elementor-widget-container\">\n\t\t\t<div >\n  <table style=\"border-collapse: collapse;\n  border-spacing: 0;\n  width: 100%;\n  border: 1px solid #ddd;\">\n    <tr>\n      <th><\/th>\n      <th>DIENSTLEISTUNGSBESCHREIBUNG<\/th>\n      <th>LAND<\/th>\n      <th>MA\u00dfEINHEIT<\/th>\n      <th>NETTOKOSTEN PRO STUNDE<\/th>\n      <th>STEUER IN %<\/th>\n      <th>STEUERWERT<\/th>\n      <th>GESAMTE BRUTTKOSTEN<\/th>\n    <\/tr>\n    <tr>\n      <td>1<\/td>\n      <td>REGELM\u00c4SSIGER J\u00c4HRLICHER<br> WARTUNGSSERVICE F\u00dcR<br> EINE PERGOLA ODER EINEN CARPORT<\/td>\n      <td>AT<\/td>\n      <td>DIENSTLEISTUNG<\/td>\n      <td>349,00 \u20ac<\/td>\n      <td>20 %<\/td>\n      <td>69,80 \u20ac<\/td>\n      <td>418,80 \u20ac<\/td>\n    <\/tr>\n    <tr>\n      <td>2<\/td>\n      <td>ARBEITSSTUNDE DES DIENSTLEISTERS<\/td>\n      <td>AT<\/td>\n      <td>UHRZEIT<\/td>\n      <td>63,00 \u20ac<\/td>\n      <td>20 %<\/td>\n      <td>12,60 \u20ac<\/td>\n      <td>75,60 \u20ac<\/td>\n    <\/tr>\n    <tr>\n      <td>3<\/td>\n      <td>REISESTUNDE DES DIENSTLEISTERS<\/td>\n      <td>AT<\/td>\n      <td>UHRZEIT<\/td>\n      <td>25,00 \u20ac<\/td>\n      <td>20 %<\/td>\n      <td>5,00 \u20ac<\/td>\n      <td>30,00 \u20ac<\/td>\n    <\/tr>\n        <tr>\n      <td>4<\/td>\n      <td>ARBEITSSTUNDE IN DER WERKSTATT<\/td>\n      <td>AT<\/td>\n      <td>UHRZEIT<\/td>\n      <td>29,00 \u20ac<\/td>\n      <td>20 %<\/td>\n      <td>5,80 \u20ac<\/td>\n      <td>34,80 \u20ac<\/td>\n    <\/tr>\n    <tr>\n      <td>5<\/td>\n      <td>KILOMETERGELD<\/td>\n      <td>AT<\/td>\n      <td>KM<\/td>\n      <td>0,49 \u20ac<\/td>\n      <td>20 %<\/td>\n      <td>0,10 \u20ac<\/td>\n      <td>0,59 \u20ac<\/td>\n    <\/tr>\n <\/table>\n<\/div>\t\t<\/div>\n\t\t\t\t<\/div>\n\t\t\t\t<div class=\"elementor-element elementor-element-c5b7f03 elementor-hidden-desktop elementor-hidden-tablet elementor-widget elementor-widget-image\" data-id=\"c5b7f03\" data-element_type=\"widget\" data-widget_type=\"image.default\">\n\t\t\t\t<div class=\"elementor-widget-container\">\n\t\t\t\t\t<div class=\"elementor-image\">\n\t\t\t\t\t\t\t\t\t\t\t<a href=\"https:\/\/pergola-agava.si\/wp-content\/uploads\/2024\/01\/servis-2024-de.png\" data-elementor-open-lightbox=\"yes\" data-elementor-lightbox-title=\"servis-2024-de\">\n\t\t\t\t\t\t\t<img width=\"1024\" height=\"223\" src=\"https:\/\/pergola-agava.si\/wp-content\/uploads\/2024\/01\/servis-2024-de-1024x223.png\" class=\"attachment-large size-large\" alt=\"\" decoding=\"async\" loading=\"lazy\" srcset=\"https:\/\/pergola-agava.si\/wp-content\/uploads\/2024\/01\/servis-2024-de-1024x223.png 1024w, https:\/\/pergola-agava.si\/wp-content\/uploads\/2024\/01\/servis-2024-de-300x65.png 300w, https:\/\/pergola-agava.si\/wp-content\/uploads\/2024\/01\/servis-2024-de-768x167.png 768w, https:\/\/pergola-agava.si\/wp-content\/uploads\/2024\/01\/servis-2024-de.png 1167w\" sizes=\"(max-width: 1024px) 100vw, 1024px\" \/>\t\t\t\t\t\t\t\t<\/a>\n\t\t\t\t\t\t\t\t\t\t\t<\/div>\n\t\t\t\t<\/div>\n\t\t\t\t<\/div>\n\t\t\t\t<div class=\"elementor-element elementor-element-0851f63 elementor-widget elementor-widget-spacer\" data-id=\"0851f63\" data-element_type=\"widget\" data-widget_type=\"spacer.default\">\n\t\t\t\t<div class=\"elementor-widget-container\">\n\t\t\t\t\t<div class=\"elementor-spacer\">\n\t\t\t<div class=\"elementor-spacer-inner\"><\/div>\n\t\t<\/div>\n\t\t\t\t<\/div>\n\t\t\t\t<\/div>\n\t\t\t\t<div class=\"elementor-element elementor-element-a48a212 elementor-widget elementor-widget-text-editor\" data-id=\"a48a212\" data-element_type=\"widget\" data-widget_type=\"text-editor.default\">\n\t\t\t\t<div class=\"elementor-widget-container\">\n\t\t\t\t\t<div class=\"elementor-text-editor elementor-clearfix\"><p><strong>WICHTIG!<\/strong><\/p><p><strong>Der regelm\u00e4\u00dfige j\u00e4hrliche Wartungsservice umfasst folgende Arbeiten<\/strong>:<\/p><ul><li>Pr\u00fcfung und Kontrolle des Betriebs,<\/li><li>Pr\u00fcfungvon mechanischen Teilen,<\/li><li>Pr\u00fcfung der elektrischen Teilen,<\/li><li>Pr\u00fcfung und Einstellung der Elektronikfunktionen,<\/li><li>Dachrinnenreinigung<\/li><\/ul><p>Die erste Arbeitsstunde wird unabh\u00e4ngig von der Dauer des Eingriffs vollst\u00e4ndig berechnet. Zus\u00e4tzlich wird das verwendete Material gem\u00e4\u00df dem Inventar und der aktuell g\u00fcltigen Preisliste berechnet. Die Beschaffung der erforderlichen Ersatzteile und Verbrauchsmaterialien liegt in der Verantwortung des Auftragnehmers, des Zahlers der Ersatzteile, und nach dem Ablauf der Garantiezeit und bei Verbrauchsmaterialien f\u00fcr einzelne Ger\u00e4te ist aber daf\u00fcr der Auftraggeber verantwortlich. <strong>Bei gr\u00f6\u00dferen Interventionsarbeiten und regelm\u00e4\u00dfigen Arbeiten (Austausch defekter Teile) best\u00e4tigt der Auftraggeber den Wert dieser Arbeiten gem\u00e4\u00df dem Kostenvoranschlag des Auftragnehmers.<\/strong> Der Auftragnehmer stellt f\u00fcr jeden durchgef\u00fchrten Wartungseingriff eine Rechnung auf der Grundlage der tats\u00e4chlichen Kosten, des eingereichten Arbeitsauftrags oder des vom Auftraggeber unterzeichneten installierten Materials und der g\u00fcltigen Preisliste des Auftragnehmers aus. Alle Zahlungen und Auftr\u00e4ge unterliegen den allgemeinen Gesch\u00e4ftsbedingungen von SOLTEC d.o.o., die unter <strong><a href=\"https:\/\/pergola-agava.si\/de\/allgemeine-geschaftbedingungen-fuer-verbrauchervertraege\/\">UMSTELLUNG AUF DIE ALLGEMEINEN GESCH\u00c4FTSBEDINGUNGEN<\/a><\/strong> \u00f6ffentlich zug\u00e4nglich sind.<\/p><\/div>\n\t\t\t\t<\/div>\n\t\t\t\t<\/div>\n\t\t\t\t\t\t<\/div>\n\t\t\t<\/div>\n\t\t<\/div>\n\t\t\t\t\t\t<\/div>\n\t\t\t<\/div>\n\t\t<\/section>\n\t\t\t\t\t\t<\/div>\n\t\t\t<\/div>\n\t\t<\/div>\n\t\t","protected":false},"excerpt":{"rendered":"<p>Die regelm\u00e4\u00dfige Wartung von \u201eAgava outdoor living\u201c Produkten &#8211; Pergolen, feststehende \u00dcberdachungen und Zubeh\u00f6r &#8211; ist eine Voraussetzung f\u00fcr die Aufrechterhaltung der grundlegenden Produkteigenschaften und ihrer langen Lebensdauer. Der gr\u00f6\u00dfte Fehler, den wir als verantwortungsbewusster Eigent\u00fcmer machen k\u00f6nnen, besteht darin, die Produkte ohne Wartung der Umwelt zu \u00fcberlassen. Bei SOLTEC gew\u00e4hrleisten wir durch unsere Servicetechniker [&hellip;]<\/p>\n","protected":false},"author":1,"featured_media":0,"parent":0,"menu_order":0,"comment_status":"closed","ping_status":"closed","template":"","meta":{"content-type":"","inline_featured_image":false},"yoast_head":"<!-- This site is optimized with the Yoast SEO plugin v21.6 - https:\/\/yoast.com\/wordpress\/plugins\/seo\/ -->\n<title>Service - Bioklimatska pergola Agava<\/title>\n<meta name=\"description\" content=\"Die regelm\u00e4\u00dfige Wartung von \u201eAgava outdoor living\u201c Produkten - Pergolen, feststehende \u00dcberdachungen und Zubeh\u00f6r - ist eine Voraussetzung f\u00fcr die\" \/>\n<meta name=\"robots\" content=\"index, follow, max-snippet:-1, max-image-preview:large, max-video-preview:-1\" \/>\n<link rel=\"canonical\" href=\"https:\/\/pergola-agava.si\/de\/service\/\" \/>\n<meta property=\"og:locale\" content=\"de_DE\" \/>\n<meta property=\"og:type\" content=\"article\" \/>\n<meta property=\"og:title\" content=\"Service - Bioklimatska pergola Agava\" \/>\n<meta property=\"og:description\" content=\"Die regelm\u00e4\u00dfige Wartung von \u201eAgava outdoor living\u201c Produkten - Pergolen, feststehende \u00dcberdachungen und Zubeh\u00f6r - ist eine Voraussetzung f\u00fcr die\" \/>\n<meta property=\"og:url\" content=\"https:\/\/pergola-agava.si\/de\/service\/\" \/>\n<meta property=\"og:site_name\" content=\"Bioklimatska pergola Agava\" \/>\n<meta property=\"article:modified_time\" content=\"2024-01-19T14:23:42+00:00\" \/>\n<meta property=\"og:image\" content=\"https:\/\/pergola-agava.si\/wp-content\/uploads\/2024\/01\/servis-2024-de-1024x223.png\" \/>\n<meta name=\"twitter:card\" content=\"summary_large_image\" \/>\n<meta name=\"twitter:label1\" content=\"Gesch\u00e4tzte Lesezeit\" \/>\n\t<meta name=\"twitter:data1\" content=\"3\u00a0Minuten\" \/>\n<script type=\"application\/ld+json\" class=\"yoast-schema-graph\">{\"@context\":\"https:\/\/schema.org\",\"@graph\":[{\"@type\":\"WebPage\",\"@id\":\"https:\/\/pergola-agava.si\/de\/service\/\",\"url\":\"https:\/\/pergola-agava.si\/de\/service\/\",\"name\":\"Service - Bioklimatska pergola Agava\",\"isPartOf\":{\"@id\":\"https:\/\/pergola-agava.si\/de\/#website\"},\"datePublished\":\"2021-05-11T11:25:09+00:00\",\"dateModified\":\"2024-01-19T14:23:42+00:00\",\"description\":\"Die regelm\u00e4\u00dfige Wartung von \u201eAgava outdoor living\u201c Produkten - Pergolen, feststehende \u00dcberdachungen und Zubeh\u00f6r - ist eine Voraussetzung f\u00fcr die\",\"breadcrumb\":{\"@id\":\"https:\/\/pergola-agava.si\/de\/service\/#breadcrumb\"},\"inLanguage\":\"de\",\"potentialAction\":[{\"@type\":\"ReadAction\",\"target\":[\"https:\/\/pergola-agava.si\/de\/service\/\"]}]},{\"@type\":\"BreadcrumbList\",\"@id\":\"https:\/\/pergola-agava.si\/de\/service\/#breadcrumb\",\"itemListElement\":[{\"@type\":\"ListItem\",\"position\":1,\"name\":\"Home\",\"item\":\"https:\/\/pergola-agava.si\/de\/\"},{\"@type\":\"ListItem\",\"position\":2,\"name\":\"Service\"}]},{\"@type\":\"WebSite\",\"@id\":\"https:\/\/pergola-agava.si\/de\/#website\",\"url\":\"https:\/\/pergola-agava.si\/de\/\",\"name\":\"Bioklimatska pergola Agava\",\"description\":\"\",\"potentialAction\":[{\"@type\":\"SearchAction\",\"target\":{\"@type\":\"EntryPoint\",\"urlTemplate\":\"https:\/\/pergola-agava.si\/de\/?s={search_term_string}\"},\"query-input\":\"required name=search_term_string\"}],\"inLanguage\":\"de\"}]}<\/script>\n<!-- \/ Yoast SEO plugin. -->","yoast_head_json":{"title":"Service - Bioklimatska pergola Agava","description":"Die regelm\u00e4\u00dfige Wartung von \u201eAgava outdoor living\u201c Produkten - Pergolen, feststehende \u00dcberdachungen und Zubeh\u00f6r - ist eine Voraussetzung f\u00fcr die","robots":{"index":"index","follow":"follow","max-snippet":"max-snippet:-1","max-image-preview":"max-image-preview:large","max-video-preview":"max-video-preview:-1"},"canonical":"https:\/\/pergola-agava.si\/de\/service\/","og_locale":"de_DE","og_type":"article","og_title":"Service - Bioklimatska pergola Agava","og_description":"Die regelm\u00e4\u00dfige Wartung von \u201eAgava outdoor living\u201c Produkten - Pergolen, feststehende \u00dcberdachungen und Zubeh\u00f6r - ist eine Voraussetzung f\u00fcr die","og_url":"https:\/\/pergola-agava.si\/de\/service\/","og_site_name":"Bioklimatska pergola Agava","article_modified_time":"2024-01-19T14:23:42+00:00","og_image":[{"url":"https:\/\/pergola-agava.si\/wp-content\/uploads\/2024\/01\/servis-2024-de-1024x223.png"}],"twitter_card":"summary_large_image","twitter_misc":{"Gesch\u00e4tzte Lesezeit":"3\u00a0Minuten"},"schema":{"@context":"https:\/\/schema.org","@graph":[{"@type":"WebPage","@id":"https:\/\/pergola-agava.si\/de\/service\/","url":"https:\/\/pergola-agava.si\/de\/service\/","name":"Service - Bioklimatska pergola Agava","isPartOf":{"@id":"https:\/\/pergola-agava.si\/de\/#website"},"datePublished":"2021-05-11T11:25:09+00:00","dateModified":"2024-01-19T14:23:42+00:00","description":"Die regelm\u00e4\u00dfige Wartung von \u201eAgava outdoor living\u201c Produkten - Pergolen, feststehende \u00dcberdachungen und Zubeh\u00f6r - ist eine Voraussetzung f\u00fcr die","breadcrumb":{"@id":"https:\/\/pergola-agava.si\/de\/service\/#breadcrumb"},"inLanguage":"de","potentialAction":[{"@type":"ReadAction","target":["https:\/\/pergola-agava.si\/de\/service\/"]}]},{"@type":"BreadcrumbList","@id":"https:\/\/pergola-agava.si\/de\/service\/#breadcrumb","itemListElement":[{"@type":"ListItem","position":1,"name":"Home","item":"https:\/\/pergola-agava.si\/de\/"},{"@type":"ListItem","position":2,"name":"Service"}]},{"@type":"WebSite","@id":"https:\/\/pergola-agava.si\/de\/#website","url":"https:\/\/pergola-agava.si\/de\/","name":"Bioklimatska pergola Agava","description":"","potentialAction":[{"@type":"SearchAction","target":{"@type":"EntryPoint","urlTemplate":"https:\/\/pergola-agava.si\/de\/?s={search_term_string}"},"query-input":"required name=search_term_string"}],"inLanguage":"de"}]}},"_links":{"self":[{"href":"https:\/\/pergola-agava.si\/de\/wp-json\/wp\/v2\/pages\/15696"}],"collection":[{"href":"https:\/\/pergola-agava.si\/de\/wp-json\/wp\/v2\/pages"}],"about":[{"href":"https:\/\/pergola-agava.si\/de\/wp-json\/wp\/v2\/types\/page"}],"author":[{"embeddable":true,"href":"https:\/\/pergola-agava.si\/de\/wp-json\/wp\/v2\/users\/1"}],"replies":[{"embeddable":true,"href":"https:\/\/pergola-agava.si\/de\/wp-json\/wp\/v2\/comments?post=15696"}],"version-history":[{"count":9,"href":"https:\/\/pergola-agava.si\/de\/wp-json\/wp\/v2\/pages\/15696\/revisions"}],"predecessor-version":[{"id":18439,"href":"https:\/\/pergola-agava.si\/de\/wp-json\/wp\/v2\/pages\/15696\/revisions\/18439"}],"wp:attachment":[{"href":"https:\/\/pergola-agava.si\/de\/wp-json\/wp\/v2\/media?parent=15696"}],"curies":[{"name":"wp","href":"https:\/\/api.w.org\/{rel}","templated":true}]}}